{"id":83,"date":"2020-01-28T16:03:46","date_gmt":"2020-01-28T15:03:46","guid":{"rendered":"http:\/\/www.gebirgsverein-services.at\/neueweltwandern\/?page_id=83"},"modified":"2020-09-02T17:13:47","modified_gmt":"2020-09-02T15:13:47","slug":"die-einkehrmoglichkeiten","status":"publish","type":"page","link":"https:\/\/www.gebirgsverein-services.at\/neueweltwandern\/die-einkehrmoglichkeiten\/","title":{"rendered":"Die Einkehrm\u00f6glichkeiten"},"content":{"rendered":"\n<p>Der <strong>Neue-Welt-Rundwanderweg<\/strong> ist als Weitwanderweg angelegt und die beiden Tagesetappen sind kilometerm\u00e4\u00dfig dementsprechend lange ausgelegt. W\u00e4hrend am zweiten Tag zahlreiche Einkehrm\u00f6glichkeiten auf Wanderer warten, schaut es am ersten Tag sehr schlecht damit aus. Kein einziges Gasthaus auf der Strecke der ersten Etappe hat aktuell ge\u00f6ffnet. Nehmen Sie daher bitte ausreichend Jause und Fl\u00fcssigkeit mit auf den Weg. Wasser k\u00f6nnen Sie dabei an zwei Wegpunkten auff\u00fcllen (Netting, Oberh\u00f6flein).<\/p>\n\n\n\n<h5 class=\"wp-block-heading\">Auf der Hohen Wand<\/h5>\n\n\n\n<ul class=\"wp-block-list\"><li><a label=\" (\u00f6ffnet in neuem Tab)\" rel=\"noreferrer noopener\" href=\"http:\/\/www.naturpark-hohewand.at\/gasthaus-luf\/\" target=\"_blank\">Gasthaus Luf<\/a><\/li><li><a aria-label=\" (\u00f6ffnet in neuem Tab)\" rel=\"noreferrer noopener\" href=\"http:\/\/www.gasthof-postl.at\/\" target=\"_blank\">Gasthof Postl<\/a><\/li><li><a aria-label=\" (\u00f6ffnet in neuem Tab)\" rel=\"noreferrer noopener\" href=\"http:\/\/www.hohewand.at\/\" target=\"_blank\">Kohlr\u00f6serlhaus<\/a><\/li><\/ul>\n\n\n\n<h5 class=\"wp-block-heading\">Dreistetten<\/h5>\n\n\n\n<ul class=\"wp-block-list\"><li><a label=\" (\u00f6ffnet in neuem Tab)\" href=\"https:\/\/www.zitherwirt.at\/\" target=\"_blank\" rel=\"noreferrer noopener\" class=\"broken_link\">Zitherwirt<\/a><br><\/li><\/ul>\n","protected":false},"excerpt":{"rendered":"<p>Der Neue-Welt-Rundwanderweg ist als Weitwanderweg angelegt und die beiden Tagesetappen sind kilometerm\u00e4\u00dfig dementsprechend lange ausgelegt. W\u00e4hrend am zweiten Tag zahlreiche Einkehrm\u00f6glichkeiten auf Wanderer warten, schaut es am ersten Tag sehr schlecht damit aus. Kein einziges Gasthaus auf der Strecke der ersten Etappe hat aktuell ge\u00f6ffnet. Nehmen Sie daher bitte ausreichend Jause und Fl\u00fcssigkeit mit auf [&hellip;]<\/p>\n","protected":false},"author":1,"featured_media":84,"parent":0,"menu_order":0,"comment_status":"closed","ping_status":"closed","template":"","meta":{"ngg_post_thumbnail":0,"footnotes":""},"class_list":["post-83","page","type-page","status-publish","has-post-thumbnail","hentry"],"aioseo_notices":[],"amp_enabled":true,"_links":{"self":[{"href":"https:\/\/www.gebirgsverein-services.at\/neueweltwandern\/wp-json\/wp\/v2\/pages\/83","targetHints":{"allow":["GET"]}}],"collection":[{"href":"https:\/\/www.gebirgsverein-services.at\/neueweltwandern\/wp-json\/wp\/v2\/pages"}],"about":[{"href":"https:\/\/www.gebirgsverein-services.at\/neueweltwandern\/wp-json\/wp\/v2\/types\/page"}],"author":[{"embeddable":true,"href":"https:\/\/www.gebirgsverein-services.at\/neueweltwandern\/wp-json\/wp\/v2\/users\/1"}],"replies":[{"embeddable":true,"href":"https:\/\/www.gebirgsverein-services.at\/neueweltwandern\/wp-json\/wp\/v2\/comments?post=83"}],"version-history":[{"count":8,"href":"https:\/\/www.gebirgsverein-services.at\/neueweltwandern\/wp-json\/wp\/v2\/pages\/83\/revisions"}],"predecessor-version":[{"id":182,"href":"https:\/\/www.gebirgsverein-services.at\/neueweltwandern\/wp-json\/wp\/v2\/pages\/83\/revisions\/182"}],"wp:featuredmedia":[{"embeddable":true,"href":"https:\/\/www.gebirgsverein-services.at\/neueweltwandern\/wp-json\/wp\/v2\/media\/84"}],"wp:attachment":[{"href":"https:\/\/www.gebirgsverein-services.at\/neueweltwandern\/wp-json\/wp\/v2\/media?parent=83"}],"curies":[{"name":"wp","href":"https:\/\/api.w.org\/{rel}","templated":true}]}}