{"id":66,"date":"2017-03-09T15:29:42","date_gmt":"2017-03-09T14:29:42","guid":{"rendered":"http:\/\/www.gebirgsverein-services.at\/gruppen\/?page_id=66"},"modified":"2025-10-27T13:22:12","modified_gmt":"2025-10-27T12:22:12","slug":"jugend-und-familiengruppen","status":"publish","type":"page","link":"https:\/\/www.gebirgsverein-services.at\/gruppen\/jugend-und-familiengruppen\/","title":{"rendered":"Jugendgruppen"},"content":{"rendered":"<p>Du bis selbst jugendlich oder unternimmst gerne etwas mit deinen Kids gemeinsam? Schau rein!<\/p>\n<ul>\n<li><a href=\"http:\/\/www.gebirgsverein-services.at\/gruppen\/jugend-und-familiengruppen\/die-felsgeggis\/\">Die Felsgeggis<\/a><br \/>\nSpiel und Spa\u00df in der Natur f\u00fcr die J\u00fcngsten.<\/li>\n<li><a href=\"http:\/\/www.gebirgsverein-services.at\/gruppen\/jugend-und-familiengruppen\/gebirgsjugend\/\">Gebirgsjugend<\/a><br \/>\nDu willst raus in die Natur, um Spa\u00df und Action mit Gleichaltrigen zu haben? Dann ist die neue Gebirgsjugend-Gruppe das Richtige f\u00fcr dich. Jugendliche von 10-14 Jahren k\u00f6nnen sich uns anschlie\u00dfen und bei monatlichen Ausfl\u00fcgen verschiedenste Sportarten und Outdoor-Aktivit\u00e4ten ausprobieren. In Zukunft ist auch regelm\u00e4\u00dfiges Sportklettern geplant.<\/li>\n<li><a href=\"http:\/\/www.gebirgsverein-services.at\/gruppen\/jugend-und-familiengruppen\/familiegruppe-gebirgsverein\/\">Familiengruppe<\/a><br \/>\nDie Gruppe f\u00fcr Eltern und Kids im Altern von 15-20 Jahren.<\/li>\n<li><a href=\"http:\/\/www.gebirgsverein-services.at\/gruppen\/jugend-und-familiengruppen\/waldlaeuferbande\">Waldl\u00e4uferbande<\/a><br \/>\nEine Gruppe f\u00fcr Familien mit Kindern von 2-12 Jahren. Hier wird gewandert, geklettert und gerodelt nach dem Motto: Gemeinsam in der Natur unterwegs sein.<\/li>\n<li><a href=\"http:\/\/www.gebirgsverein-services.at\/gruppen\/out-of-range\/\">Out of Range<\/a><br \/>\nDie Gruppe f\u00fcr junge Erwachsene ab 18 Jahren, die so ziemlich allen Spielarten am Berg nachgeht.<\/li>\n<\/ul>\n","protected":false},"excerpt":{"rendered":"<p>Du bis selbst jugendlich oder unternimmst gerne etwas mit deinen Kids gemeinsam? Schau rein! Die Felsgeggis Spiel und Spa\u00df in der Natur f\u00fcr die J\u00fcngsten. Gebirgsjugend Du willst raus in die Natur, um Spa\u00df und Action mit Gleichaltrigen zu haben? Dann ist die neue Gebirgsjugend-Gruppe das Richtige f\u00fcr dich. Jugendliche von 10-14 Jahren k\u00f6nnen sich [&hellip;]<\/p>\n","protected":false},"author":1,"featured_media":97,"parent":0,"menu_order":0,"comment_status":"closed","ping_status":"closed","template":"","meta":{"_acf_changed":false,"ngg_post_thumbnail":0,"footnotes":""},"class_list":["post-66","page","type-page","status-publish","has-post-thumbnail","czr-hentry"],"acf":[],"amp_enabled":true,"_links":{"self":[{"href":"https:\/\/www.gebirgsverein-services.at\/gruppen\/wp-json\/wp\/v2\/pages\/66","targetHints":{"allow":["GET"]}}],"collection":[{"href":"https:\/\/www.gebirgsverein-services.at\/gruppen\/wp-json\/wp\/v2\/pages"}],"about":[{"href":"https:\/\/www.gebirgsverein-services.at\/gruppen\/wp-json\/wp\/v2\/types\/page"}],"author":[{"embeddable":true,"href":"https:\/\/www.gebirgsverein-services.at\/gruppen\/wp-json\/wp\/v2\/users\/1"}],"replies":[{"embeddable":true,"href":"https:\/\/www.gebirgsverein-services.at\/gruppen\/wp-json\/wp\/v2\/comments?post=66"}],"version-history":[{"count":0,"href":"https:\/\/www.gebirgsverein-services.at\/gruppen\/wp-json\/wp\/v2\/pages\/66\/revisions"}],"wp:featuredmedia":[{"embeddable":true,"href":"https:\/\/www.gebirgsverein-services.at\/gruppen\/wp-json\/wp\/v2\/media\/97"}],"wp:attachment":[{"href":"https:\/\/www.gebirgsverein-services.at\/gruppen\/wp-json\/wp\/v2\/media?parent=66"}],"curies":[{"name":"wp","href":"https:\/\/api.w.org\/{rel}","templated":true}]}}