{"id":113,"date":"2017-03-27T14:02:05","date_gmt":"2017-03-27T12:02:05","guid":{"rendered":"http:\/\/www.gebirgsverein-services.at\/gruppen\/?page_id=113"},"modified":"2018-10-05T12:21:34","modified_gmt":"2018-10-05T10:21:34","slug":"rueckblick","status":"publish","type":"page","link":"https:\/\/www.gebirgsverein-services.at\/gruppen\/jugend-und-familiengruppen\/familiegruppe-gebirgsverein\/rueckblick\/","title":{"rendered":"R\u00fcckblick"},"content":{"rendered":"<ul>\n<li>Unser Gro\u00dfvenediger-Trip im Sommer 2012: <a href=\"http:\/\/youtu.be\/ANEmqp-NO50\" target=\"_blank\" rel=\"noopener\">Video<\/a>\u00a0und <a href=\"http:\/\/youtu.be\/l8DVFYE3tWc\" target=\"_blank\" rel=\"noopener\">Video-Kidsview<\/a><\/li>\n<li>Das war unser <strong>Pfingst-Paddel-Trip 2011<\/strong> &#8211; Sazava: <a href=\"https:\/\/picasaweb.google.com\/Gebirgsverein\/SazavaPfingsten2011?authkey=Gv1sRgCKzur-ez2vmkQA&amp;feat=directlink\" target=\"_blank\" rel=\"noopener\">Web-Album<\/a>\u00a0und <a href=\"http:\/\/www.youtube.com\/user\/antiyasaro?blend=18&amp;ob=5#p\/u\/0\/Cp4s_ON9JqA\">Video<\/a><\/li>\n<li>Das war unser\u00a0<strong>Figl-Projekt<\/strong>: <a href=\"http:\/\/www.youtube.com\/watch?v=mANLNyGqudY\" target=\"_blank\" rel=\"noopener\">Video<\/a>, <a href=\"https:\/\/picasaweb.google.com\/Gebirgsverein\/FiglWorkshopMai2011?authkey=Gv1sRgCNjpwq_Ypvq3RA&amp;feat=directlink\" target=\"_blank\" rel=\"noopener\">Web-Album<\/a><\/li>\n<li>Jan. 2011: Skitourenwochenende Lungauer Nockberge -&gt; <a href=\"https:\/\/picasaweb.google.com\/Familiengruppe\/201101LungauerNockberge#\" target=\"_blank\" rel=\"noopener\">Webalbum<\/a><\/li>\n<li>Nov. 2010: Herbstlager auf der Neunkirchner H\u00fctte in den W\u00f6lzer Tauern &#8211; <a href=\"http:\/\/www.gebirgsverein.at\/OEAV-EVENTS\/news\/getNewsDetail.php?zv=106&amp;gr=121&amp;newsId=2137\" target=\"_self\">Bericht<\/a>, <a href=\"http:\/\/picasaweb.google.com\/Familiengruppe\/2010119KirchnerHutte?feat=directlink\" target=\"_blank\" rel=\"noopener\">Web-Album<\/a><\/li>\n<li><a href=\"http:\/\/www.youtube.com\/watch?v=IyL0TOv4f9k\" target=\"_blank\" rel=\"noopener\">Video vom Karnischen H\u00f6henweg<\/a> &#8211; von Silian zum Pl\u00f6ckenpass (28. August &#8211; 2. September 2010), <a href=\"https:\/\/picasaweb.google.com\/Gebirgsverein\/LuzniceSabineRoland?authkey=Gv1sRgCP3ar9TV05OcmQE&amp;feat=directlink\">Web-Album<\/a><\/li>\n<li>Pfingsten 2010 &#8211; Paddeln auf der Luznice <a href=\"http:\/\/www.youtube.com\/watch?v=0t0QLm5RiJ4\" target=\"_blank\" rel=\"noopener\">Video<\/a>, <a href=\"http:\/\/picasaweb.google.at\/Gebirgsverein\/LuzniceSabineRoland#\" target=\"_blank\" rel=\"noopener\">Web-Album<\/a>, <a href=\"http:\/\/jugend.alpenverein.at\/jugend\/ueber-uns\/landesteams\/wien\/sport-freizeit\/berichte\/20101029_oeag-familiengruppe.php\" target=\"_blank\" rel=\"noopener\">Bericht<\/a><\/li>\n<li><a href=\"http:\/\/www.gebirgsverein.at\/OEAV-EVENTS\/news\/getNewsDetail.php?zv=106&amp;gr=121&amp;newsId=2136\" target=\"_self\">Biwak-Nights in der Drachenh\u00f6hle<\/a><\/li>\n<li>Tanja und Yanick &#8211; zwei Familiengruppen-kids &#8211; interviewen die Vorst\u00e4nde der \u00d6sterreichischen Bundesforste: <a href=\"http:\/\/derstandard.at\/1271376451745\/Wir-haben-eine-Art-Generationenvertrag\" target=\"_blank\" rel=\"noopener\">Interview \u00d6BF<\/a><\/li>\n<\/ul>\n","protected":false},"excerpt":{"rendered":"<p>Unser Gro\u00dfvenediger-Trip im Sommer 2012: Video\u00a0und Video-Kidsview Das war unser Pfingst-Paddel-Trip 2011 &#8211; Sazava: Web-Album\u00a0und Video Das war unser\u00a0Figl-Projekt: Video, Web-Album Jan. 2011: Skitourenwochenende Lungauer Nockberge -&gt; Webalbum Nov. 2010: Herbstlager auf der Neunkirchner H\u00fctte in den W\u00f6lzer Tauern &#8211; Bericht, Web-Album Video vom Karnischen H\u00f6henweg &#8211; von Silian zum Pl\u00f6ckenpass (28. August &#8211; 2. [&hellip;]<\/p>\n","protected":false},"author":16,"featured_media":97,"parent":96,"menu_order":0,"comment_status":"closed","ping_status":"closed","template":"","meta":{"_acf_changed":false,"ngg_post_thumbnail":0,"footnotes":""},"class_list":["post-113","page","type-page","status-publish","has-post-thumbnail","czr-hentry"],"acf":[],"amp_enabled":true,"_links":{"self":[{"href":"https:\/\/www.gebirgsverein-services.at\/gruppen\/wp-json\/wp\/v2\/pages\/113","targetHints":{"allow":["GET"]}}],"collection":[{"href":"https:\/\/www.gebirgsverein-services.at\/gruppen\/wp-json\/wp\/v2\/pages"}],"about":[{"href":"https:\/\/www.gebirgsverein-services.at\/gruppen\/wp-json\/wp\/v2\/types\/page"}],"author":[{"embeddable":true,"href":"https:\/\/www.gebirgsverein-services.at\/gruppen\/wp-json\/wp\/v2\/users\/16"}],"replies":[{"embeddable":true,"href":"https:\/\/www.gebirgsverein-services.at\/gruppen\/wp-json\/wp\/v2\/comments?post=113"}],"version-history":[{"count":0,"href":"https:\/\/www.gebirgsverein-services.at\/gruppen\/wp-json\/wp\/v2\/pages\/113\/revisions"}],"up":[{"embeddable":true,"href":"https:\/\/www.gebirgsverein-services.at\/gruppen\/wp-json\/wp\/v2\/pages\/96"}],"wp:featuredmedia":[{"embeddable":true,"href":"https:\/\/www.gebirgsverein-services.at\/gruppen\/wp-json\/wp\/v2\/media\/97"}],"wp:attachment":[{"href":"https:\/\/www.gebirgsverein-services.at\/gruppen\/wp-json\/wp\/v2\/media?parent=113"}],"curies":[{"name":"wp","href":"https:\/\/api.w.org\/{rel}","templated":true}]}}