{"id":11012,"date":"2021-04-06T11:31:38","date_gmt":"2021-04-06T09:31:38","guid":{"rendered":"http:\/\/www.gebirgsverein-services.at\/gruppen\/?page_id=11012"},"modified":"2025-10-06T17:27:44","modified_gmt":"2025-10-06T15:27:44","slug":"naturschutzteam","status":"publish","type":"page","link":"https:\/\/www.gebirgsverein-services.at\/gruppen\/fachgruppen\/naturschutzteam\/","title":{"rendered":"Naturschutzteam"},"content":{"rendered":"<div id=\"meta-origin\" data-coolorigin=\"https%3A%2F%2Fnextcloud.gebirgsverein.at%3A9980%2Fcool%2Fclipboard%3FWOPISrc%3Dhttps%253A%252F%252Fnextcloud.gebirgsverein.at%253A4443%252Findex.php%252Fapps%252Frichdocuments%252Fwopi%252Ffiles%252F110704_ochfwrq8axiv%26ServerId%3Db3dc22ba%26ViewId%3D4%26Tag%3D6242013191c1e66a\">\n<p class=\"western\">Das Naturschutzteam des Gebirgsvereins besteht seit 2020. Im Mittelpunkt unserer Arbeit steht die Umsetzung der Ma\u00dfnahmen der <span style=\"color: #000000;\"><a style=\"color: #000000;\" href=\"https:\/\/www.alpenverein.at\/gebirgsverein\/natur-umwelt\/kimastrategie-klimabuendnis.php\" target=\"_blank\" rel=\"noopener\"><u>Klimab\u00fcndnis-Partnerschaft<\/u> sowie der <u>Klimastrategie 2033<\/u><\/a>.<\/span><\/p>\n<figure id=\"attachment_20888\" aria-describedby=\"caption-attachment-20888\" style=\"width: 235px\" class=\"wp-caption alignleft\"><img decoding=\"async\" class=\"wp-image-20888 lazyload\" data-src=\"http:\/\/www.gebirgsverein-services.at\/gruppen\/wp-content\/uploads\/2025\/10\/Landschaft_Monja-Fuerlinger_001-169x300.jpeg\" alt=\"\" width=\"235\" height=\"417\" data-srcset=\"https:\/\/www.gebirgsverein-services.at\/gruppen\/wp-content\/uploads\/2025\/10\/Landschaft_Monja-Fuerlinger_001-169x300.jpeg 169w, https:\/\/www.gebirgsverein-services.at\/gruppen\/wp-content\/uploads\/2025\/10\/Landschaft_Monja-Fuerlinger_001-576x1024.jpeg 576w, https:\/\/www.gebirgsverein-services.at\/gruppen\/wp-content\/uploads\/2025\/10\/Landschaft_Monja-Fuerlinger_001-768x1365.jpeg 768w, https:\/\/www.gebirgsverein-services.at\/gruppen\/wp-content\/uploads\/2025\/10\/Landschaft_Monja-Fuerlinger_001-864x1536.jpeg 864w, https:\/\/www.gebirgsverein-services.at\/gruppen\/wp-content\/uploads\/2025\/10\/Landschaft_Monja-Fuerlinger_001-1152x2048.jpeg 1152w, https:\/\/www.gebirgsverein-services.at\/gruppen\/wp-content\/uploads\/2025\/10\/Landschaft_Monja-Fuerlinger_001-570x1013.jpeg 570w, https:\/\/www.gebirgsverein-services.at\/gruppen\/wp-content\/uploads\/2025\/10\/Landschaft_Monja-Fuerlinger_001-scaled.jpeg 1440w\" data-sizes=\"(max-width: 235px) 100vw, 235px\" src=\"data:image\/svg+xml;base64,PHN2ZyB3aWR0aD0iMSIgaGVpZ2h0PSIxIiB4bWxucz0iaHR0cDovL3d3dy53My5vcmcvMjAwMC9zdmciPjwvc3ZnPg==\" style=\"--smush-placeholder-width: 235px; --smush-placeholder-aspect-ratio: 235\/417;\" \/><figcaption id=\"caption-attachment-20888\" class=\"wp-caption-text\">(c)Anna Praxmarer&nbsp;<\/figcaption><\/figure>\n<p class=\"western\">Wir beteiligen uns z.B. an der Erarbeitung von Richtlinien f\u00fcr klimafreundliche Dienstreisen, nachhaltige Beschaffung und Abfallmanagement, entwerfen&nbsp;digitale Hilfswerkzeuge f\u00fcr die Klimabilanzierung und tauschen uns kontinuierlich \u00fcber neue Ans\u00e4tze und Ideen aus.<\/p>\n<p class=\"western\">Dar\u00fcber hinaus setzen wir gemeinsam mit unseren Mitgliedern gezielte Aktionen zum Schutz der Bergwelt. Dazu z\u00e4hlen z.B. M\u00fcllsammelaktionen, Sensibilisierungskampagnen gegen das Liegenlassen von Abf\u00e4llen in den Bergen sowie die aktive Beteiligung an Landschaftspflegema\u00dfnahmen. Ein besonderes Anliegen ist uns die F\u00f6rderung klimafreundlicher Mobilit\u00e4t im Bergsport, denn hier liegt der gr\u00f6\u00dfte Hebel zur Reduzierung des CO2-Fu\u00dfabdruckes im alpinen Umfeld.<\/p>\n<p class=\"western\">Wir arbeiten engagiert und ehrenamtlich. Unser Team besteht zur Zeit aus folgenden Mitarbeiter:innen: Anna Karall, Gabriele Schwarz, Georg Hasen\u00f6hrl, Reinhard B\u00f6hm-Raffay, Rotraud Wieser und Sebastian Beiglb\u00f6ck.<\/p>\n<p class=\"western\">Kontakt: <span style=\"color: #467886;\"><u><a href=\"mailto:naturschutz@gebirgsverein.at\">naturschutz@gebirgsverein.at<\/a><\/u><\/span><\/p>\n<\/div>\n","protected":false},"excerpt":{"rendered":"<p>Das Naturschutzteam des Gebirgsvereins besteht seit 2020. Im Mittelpunkt unserer Arbeit steht die Umsetzung der Ma\u00dfnahmen der Klimab\u00fcndnis-Partnerschaft sowie der Klimastrategie 2033. Wir beteiligen uns z.B. an der Erarbeitung von Richtlinien f\u00fcr klimafreundliche Dienstreisen, nachhaltige Beschaffung und Abfallmanagement, entwerfen&nbsp;digitale Hilfswerkzeuge f\u00fcr die Klimabilanzierung und tauschen uns kontinuierlich \u00fcber neue Ans\u00e4tze und Ideen aus. Dar\u00fcber hinaus [&hellip;]<\/p>\n","protected":false},"author":1,"featured_media":11885,"parent":60,"menu_order":0,"comment_status":"closed","ping_status":"closed","template":"","meta":{"_acf_changed":false,"ngg_post_thumbnail":0,"footnotes":""},"class_list":["post-11012","page","type-page","status-publish","has-post-thumbnail","czr-hentry"],"acf":[],"amp_enabled":true,"_links":{"self":[{"href":"https:\/\/www.gebirgsverein-services.at\/gruppen\/wp-json\/wp\/v2\/pages\/11012","targetHints":{"allow":["GET"]}}],"collection":[{"href":"https:\/\/www.gebirgsverein-services.at\/gruppen\/wp-json\/wp\/v2\/pages"}],"about":[{"href":"https:\/\/www.gebirgsverein-services.at\/gruppen\/wp-json\/wp\/v2\/types\/page"}],"author":[{"embeddable":true,"href":"https:\/\/www.gebirgsverein-services.at\/gruppen\/wp-json\/wp\/v2\/users\/1"}],"replies":[{"embeddable":true,"href":"https:\/\/www.gebirgsverein-services.at\/gruppen\/wp-json\/wp\/v2\/comments?post=11012"}],"version-history":[{"count":0,"href":"https:\/\/www.gebirgsverein-services.at\/gruppen\/wp-json\/wp\/v2\/pages\/11012\/revisions"}],"up":[{"embeddable":true,"href":"https:\/\/www.gebirgsverein-services.at\/gruppen\/wp-json\/wp\/v2\/pages\/60"}],"wp:featuredmedia":[{"embeddable":true,"href":"https:\/\/www.gebirgsverein-services.at\/gruppen\/wp-json\/wp\/v2\/media\/11885"}],"wp:attachment":[{"href":"https:\/\/www.gebirgsverein-services.at\/gruppen\/wp-json\/wp\/v2\/media?parent=11012"}],"curies":[{"name":"wp","href":"https:\/\/api.w.org\/{rel}","templated":true}]}}