{"id":5571,"date":"2022-11-26T16:37:08","date_gmt":"2022-11-26T15:37:08","guid":{"rendered":"https:\/\/www.gebirgsverein-services.at\/bergsteigergruppe\/?page_id=5571"},"modified":"2022-11-26T22:41:48","modified_gmt":"2022-11-26T21:41:48","slug":"archiv-neu-test","status":"publish","type":"page","link":"https:\/\/www.gebirgsverein-services.at\/bergsteigergruppe\/archiv-neu-test\/","title":{"rendered":"Archiv"},"content":{"rendered":"\t\t<div data-elementor-type=\"wp-page\" data-elementor-id=\"5571\" class=\"elementor elementor-5571\">\n\t\t\t\t\t\t<section class=\"elementor-section elementor-top-section elementor-element elementor-element-1b2dcd96 envato-background-fix elementor-section-height-min-height elementor-section-content-middle elementor-section-items-bottom elementor-section-full_width elementor-section-height-default\" data-id=\"1b2dcd96\" data-element_type=\"section\" data-e-type=\"section\" data-settings=\"{&quot;background_background&quot;:&quot;classic&quot;,&quot;shape_divider_bottom&quot;:&quot;pyramids&quot;,&quot;shape_divider_bottom_negative&quot;:&quot;yes&quot;}\">\n\t\t\t\t\t\t\t<div class=\"elementor-background-overlay\"><\/div>\n\t\t\t\t\t\t<div class=\"elementor-shape elementor-shape-bottom\" aria-hidden=\"true\" data-negative=\"true\">\n\t\t\t<svg xmlns=\"http:\/\/www.w3.org\/2000\/svg\" viewBox=\"0 0 1000 100\" preserveAspectRatio=\"none\">\n\t<path class=\"elementor-shape-fill\" d=\"M761.9,40.6L643.1,24L333.9,93.8L0.1,1H0v99h1000V1\"\/>\n<\/svg>\t\t<\/div>\n\t\t\t\t\t<div class=\"elementor-container elementor-column-gap-no\">\n\t\t\t\t\t<div class=\"elementor-column elementor-col-33 elementor-top-column elementor-element elementor-element-70204b4 envato-background-fix\" data-id=\"70204b4\" data-element_type=\"column\" data-e-type=\"column\" data-settings=\"{&quot;background_background&quot;:&quot;gradient&quot;}\">\n\t\t\t<div class=\"elementor-widget-wrap elementor-element-populated\">\n\t\t\t\t\t<div class=\"elementor-background-overlay\"><\/div>\n\t\t\t\t\t\t<div class=\"elementor-element elementor-element-53b7972e elementor-widget__width-initial elementor-widget-tablet__width-initial elementor-widget elementor-widget-heading\" data-id=\"53b7972e\" data-element_type=\"widget\" data-e-type=\"widget\" data-widget_type=\"heading.default\">\n\t\t\t\t<div class=\"elementor-widget-container\">\n\t\t\t\t\t<h1 class=\"elementor-heading-title elementor-size-default\">Archiv<\/h1>\t\t\t\t<\/div>\n\t\t\t\t<\/div>\n\t\t\t\t\t<\/div>\n\t\t<\/div>\n\t\t\t\t<div class=\"elementor-column elementor-col-33 elementor-top-column elementor-element elementor-element-79882ff2 envato-background-fix\" data-id=\"79882ff2\" data-element_type=\"column\" data-e-type=\"column\" data-settings=\"{&quot;background_background&quot;:&quot;gradient&quot;}\">\n\t\t\t<div class=\"elementor-widget-wrap\">\n\t\t\t\t\t<div class=\"elementor-background-overlay\"><\/div>\n\t\t\t\t\t\t\t<\/div>\n\t\t<\/div>\n\t\t\t\t<div class=\"elementor-column elementor-col-33 elementor-top-column elementor-element elementor-element-7faa5dd7 envato-background-fix\" data-id=\"7faa5dd7\" data-element_type=\"column\" data-e-type=\"column\" data-settings=\"{&quot;background_background&quot;:&quot;gradient&quot;}\">\n\t\t\t<div class=\"elementor-widget-wrap\">\n\t\t\t\t\t<div class=\"elementor-background-overlay\"><\/div>\n\t\t\t\t\t\t\t<\/div>\n\t\t<\/div>\n\t\t\t\t\t<\/div>\n\t\t<\/section>\n\t\t\t\t<section class=\"elementor-section elementor-top-section elementor-element elementor-element-7b60629e envato-background-fix elementor-section-boxed elementor-section-height-default elementor-section-height-default elementor-invisible\" data-id=\"7b60629e\" data-element_type=\"section\" data-e-type=\"section\" data-settings=\"{&quot;animation&quot;:&quot;fadeIn&quot;,&quot;background_background&quot;:&quot;classic&quot;,&quot;shape_divider_top&quot;:&quot;pyramids&quot;,&quot;shape_divider_bottom&quot;:&quot;pyramids&quot;,&quot;shape_divider_bottom_negative&quot;:&quot;yes&quot;}\">\n\t\t\t\t\t\t\t<div class=\"elementor-background-overlay\"><\/div>\n\t\t\t\t\t\t<div class=\"elementor-shape elementor-shape-top\" aria-hidden=\"true\" data-negative=\"false\">\n\t\t\t<svg xmlns=\"http:\/\/www.w3.org\/2000\/svg\" viewBox=\"0 0 1000 100\" preserveAspectRatio=\"none\">\n\t<path class=\"elementor-shape-fill\" d=\"M761.9,44.1L643.1,27.2L333.8,98L0,3.8V0l1000,0v3.9\"\/>\n<\/svg>\t\t<\/div>\n\t\t\t\t<div class=\"elementor-shape elementor-shape-bottom\" aria-hidden=\"true\" data-negative=\"true\">\n\t\t\t<svg xmlns=\"http:\/\/www.w3.org\/2000\/svg\" viewBox=\"0 0 1000 100\" preserveAspectRatio=\"none\">\n\t<path class=\"elementor-shape-fill\" d=\"M761.9,40.6L643.1,24L333.9,93.8L0.1,1H0v99h1000V1\"\/>\n<\/svg>\t\t<\/div>\n\t\t\t\t\t<div class=\"elementor-container elementor-column-gap-default\">\n\t\t\t\t\t<div class=\"elementor-column elementor-col-100 elementor-top-column elementor-element elementor-element-7bde3e08\" data-id=\"7bde3e08\" data-element_type=\"column\" data-e-type=\"column\">\n\t\t\t<div class=\"elementor-widget-wrap elementor-element-populated\">\n\t\t\t\t\t\t<section class=\"elementor-section elementor-inner-section elementor-element elementor-element-43d651e9 elementor-section-boxed elementor-section-height-default elementor-section-height-default\" data-id=\"43d651e9\" data-element_type=\"section\" data-e-type=\"section\">\n\t\t\t\t\t\t<div class=\"elementor-container elementor-column-gap-default\">\n\t\t\t\t\t<div class=\"elementor-column elementor-col-100 elementor-inner-column elementor-element elementor-element-5afd9933\" data-id=\"5afd9933\" data-element_type=\"column\" data-e-type=\"column\" data-settings=\"{&quot;background_background&quot;:&quot;classic&quot;}\">\n\t\t\t<div class=\"elementor-widget-wrap elementor-element-populated\">\n\t\t\t\t\t\t<div class=\"elementor-element elementor-element-27b38a9e elementor-widget__width-initial elementor-widget elementor-widget-text-editor\" data-id=\"27b38a9e\" data-element_type=\"widget\" data-e-type=\"widget\" data-widget_type=\"text-editor.default\">\n\t\t\t\t<div class=\"elementor-widget-container\">\n\t\t\t\t\t\t\t\t\t<p>Hier sind einige Texte, Webseiten und wichtige Artikel aus unserem Archiv gesammelt.<\/p>\t\t\t\t\t\t\t\t<\/div>\n\t\t\t\t<\/div>\n\t\t\t\t\t<\/div>\n\t\t<\/div>\n\t\t\t\t\t<\/div>\n\t\t<\/section>\n\t\t\t\t<section class=\"elementor-section elementor-inner-section elementor-element elementor-element-291adc78 elementor-section-boxed elementor-section-height-default elementor-section-height-default\" data-id=\"291adc78\" data-element_type=\"section\" data-e-type=\"section\">\n\t\t\t\t\t\t<div class=\"elementor-container elementor-column-gap-default\">\n\t\t\t\t\t<div class=\"elementor-column elementor-col-100 elementor-inner-column elementor-element elementor-element-21d7867e\" data-id=\"21d7867e\" data-element_type=\"column\" data-e-type=\"column\">\n\t\t\t<div class=\"elementor-widget-wrap elementor-element-populated\">\n\t\t\t\t\t\t<div class=\"elementor-element elementor-element-324046f9 elementor-widget elementor-widget-text-editor\" data-id=\"324046f9\" data-element_type=\"widget\" data-e-type=\"widget\" data-widget_type=\"text-editor.default\">\n\t\t\t\t<div class=\"elementor-widget-container\">\n\t\t\t\t\t\t\t\t\t<ul><li>1945-60, <a href=\"http:\/\/www.gebirgsverein-services.at\/bergsteigergruppe\/wp-content\/uploads\/2022\/11\/lukan-BG-nach-1945-1.pdf\">Bergsteigergruppe 1945-60, Karl Lukan<\/a><\/li><li>1950, <a href=\"http:\/\/www.gebirgsverein-services.at\/bergsteigergruppe\/wp-content\/uploads\/2022\/11\/schuster.brenvaflanke-1.pdf\">Der wei\u00dfe Berg &#8211; Sentinelle Rouge, Ernst Schuster<\/a><\/li><li>1960-1970, <a href=\"http:\/\/www.gebirgsverein-services.at\/bergsteigergruppe\/wp-content\/uploads\/2022\/11\/klausbrucknerBG-Expeditionen-der-Sechziger-und-siebziger-1.pdf\">Die BG-Expeditionen der Sechziger und Siebziger Jahre, Bruno Klausbruckner<\/a><\/li><li>1984, <a href=\"http:\/\/www.gebirgsverein-services.at\/bergsteigergruppe\/wp-content\/uploads\/2022\/11\/Aukarex-1984-Harry-Gruen-4.pdf\">Aukarex 1984 &#8211; Von Hindernissen und Verwandlungen, Harry Gr\u00fcn<\/a><\/li><li>1987, <a href=\"http:\/\/www.gebirgsverein-services.at\/bergsteigergruppe\/wp-content\/uploads\/2022\/11\/ranet-Aukatrip1987-1.pdf\">Aukatrip 1987 &#8211; Austrian Karakorum Trip. Andreas Ranet<\/a><\/li><li>2002, <a href=\"http:\/\/www.gebirgsverein-services.at\/bergsteigergruppe\/kuchenspitze-nordwand-peter-mayer-martin-rossmann\/\">Kuchenspitze Nordwand, Peter Mayer, Martin Rossmann<\/a><\/li><li>2002, <a href=\"http:\/\/www.gebirgsverein-services.at\/bergsteigergruppe\/schareck-nordrinne-peter-mayer-alex-dobias\/\">Schareck Nordrinne, Peter Mayer<\/a><\/li><li>2002, <a href=\"http:\/\/www.gebirgsverein-services.at\/bergsteigergruppe\/wp-content\/uploads\/2022\/11\/gruen-peru2002-1.pdf\">Wild, (relativ) jung und f\u00fchrerlos &#8211; Bericht \u00fcber die Jubil\u00e4umsfahrt 2002 nach Peru, Harry Gr\u00fcn<\/a><\/li><li>2002, <a href=\"http:\/\/www.gebirgsverein-services.at\/bergsteigergruppe\/nordwestkante-des-grossen-oedsteins-christin-faltin\/\">Am Eckpfeiler des Ges\u00e4usekammes- Eine Begehung der Nordwestkante des gro\u00dfen \u00d6dsteins, Christin Faltin<\/a><\/li><li>2003, <a href=\"http:\/\/www.gebirgsverein-services.at\/bergsteigergruppe\/schitourenwoche-andermatt-klaus-adler\/\">Schitourenwoche in Andermatt, Klaus Adler<\/a><\/li><li>2003, <a href=\"http:\/\/www.gebirgsverein-services.at\/bergsteigergruppe\/kletterlager-bergell\/\">Sommerkletterlager 2003 auf der Albignah\u00fctte im Bergell, Christian Faltin, Klaus Adler<\/a><\/li><li>2004, <a href=\"http:\/\/www.gebirgsverein-services.at\/bergsteigergruppe\/schitouren-heidelbergerhuette-silvaretta-christian-faltin\/\">Schitourenwoche auf der Heidelbergerh\u00fctte, Christian Faltin<\/a><\/li><li>2004, <a href=\"http:\/\/www.gebirgsverein-services.at\/bergsteigergruppe\/unterwegs-am-gasherbrum-2-8035m-im-karakorum\/\">Unterwegs m Gasherbrum II, Peter Mayer, Oliver K\u00f6nig, Thomas Deininger<\/a><\/li><li>2005, <a href=\"http:\/\/www.gebirgsverein-services.at\/bergsteigergruppe\/kleiner-oedstein\/\">Kleiner \u00d6dstein S\u00fcdostwand, Christian Faltin<\/a><\/li><li>2005, <a href=\"http:\/\/www.gebirgsverein-services.at\/bergsteigergruppe\/ortler-nordwand-2005-bonazza\/\">Ortler Nordwand, Klaus Bonazza<\/a><\/li><li>2006, <a href=\"http:\/\/www.gebirgsverein-services.at\/bergsteigergruppe\/12-viertausender-14-tage-klaus-adler\/\">12 Viertausender im Wallis in 14 Tagen, Klaus Adler<\/a><\/li><li>2007, <a href=\"http:\/\/www.gebirgsverein-services.at\/bergsteigergruppe\/manaslu-2007-oliver-koenig\/\">Nepal-Manaslu, Sieben Wochen in Nepal-ein Kaleidoskop, Oliver K\u00f6nig<\/a><\/li><li>2008, <a href=\"http:\/\/www.gebirgsverein-services.at\/bergsteigergruppe\/wp-content\/uploads\/2022\/11\/20081200_gerbirgsfreund119_nangaparbat_01-1.pdf\">Drei \u00d6sterreicher auf den Spuren von Mummery am Nanga Parbat, ein Bericht von der Diama Expedition, Clara Kulich, Markus Gschwendt\u00a0<\/a><\/li><li>2009, <a href=\"http:\/\/www.gebirgsverein-services.at\/bergsteigergruppe\/wp-content\/uploads\/2022\/11\/2009_dolomiten_pdf-3.pdf\">Im steilen Fels- zwei Kletterwochen in den Dolomiten, Klaus Adler<\/a><\/li><li>2011, <a href=\"http:\/\/www.gebirgsverein-services.at\/bergsteigergruppe\/wp-content\/uploads\/2022\/11\/2011_EigerNord__Jakob-Karner_pdf-1.pdf\">Eiger Nordwand im April 2011\u00a0 Heckmair-Route, Jakob Karner<\/a><\/li><li>2018 <a href=\"http:\/\/www.gebirgsverein-services.at\/bergsteigergruppe\/wp-content\/uploads\/2022\/11\/Afrika-Matthias-1.pdf\">Ruwenzori und Mt. Kenya, Matthias Hutter<\/a><\/li><li><a href=\"http:\/\/www.gebirgsverein-services.at\/bergsteigergruppe\/wp-content\/uploads\/2022\/11\/end-erstbegehungen-1.pdf\">Ausgew\u00e4hlte Erstbegehungen von BG-Mitgliedern, Willi End<\/a><\/li><li><a href=\"http:\/\/www.gebirgsverein-services.at\/bergsteigergruppe\/wp-content\/uploads\/2022\/11\/gruen-das-Ende-der-heroischen-Zeiten-1.pdf\">Das &#8222;Ende&#8220; der heroischen Zeiten, Harry Gr\u00fcn<\/a><\/li><li><a href=\"http:\/\/www.gebirgsverein-services.at\/bergsteigergruppe\/wp-content\/uploads\/2022\/11\/schall-sportklettern-in-Ostoesterreich-2.pdf\">BG und die Entwicklung des Sportkletterns in Ost\u00f6sterreich, Kurt Schall<\/a><\/li><li><a href=\"http:\/\/www.gebirgsverein-services.at\/bergsteigergruppe\/wp-content\/uploads\/2022\/11\/hutter.pdf\">75-Jahre Bergsteigergruppe, Matthias Hutter<\/a><\/li><li><a href=\"http:\/\/www.gebirgsverein-services.at\/bergsteigergruppe\/wp-content\/uploads\/2022\/11\/schmoltner-festrede-1.pdf\">75Jahre Bergsteigergruppe, Festrede, Horst Schmoltner<\/a><\/li><li><a href=\"http:\/\/www.gebirgsverein-services.at\/bergsteigergruppe\/wp-content\/uploads\/2022\/11\/100-Jahre-peterka-Matthias-Hutter-1.pdf\">100 Jahre Hubert Peterka, Matthias Hutter<\/a><\/li><li><a href=\"http:\/\/www.gebirgsverein-services.at\/bergsteigergruppe\/wp-content\/uploads\/2022\/11\/matzingerJung-Alt-1.pdf\">Jung und Alt &#8211; das verbindende Element des Alpinismus, Robert Matzinger<\/a><\/li><\/ul>\t\t\t\t\t\t\t\t<\/div>\n\t\t\t\t<\/div>\n\t\t\t\t\t<\/div>\n\t\t<\/div>\n\t\t\t\t\t<\/div>\n\t\t<\/section>\n\t\t\t\t\t<\/div>\n\t\t<\/div>\n\t\t\t\t\t<\/div>\n\t\t<\/section>\n\t\t\t\t<section class=\"elementor-section elementor-top-section elementor-element elementor-element-1ffd9881 elementor-section-height-min-height elementor-section-boxed elementor-section-height-default elementor-section-items-middle\" data-id=\"1ffd9881\" data-element_type=\"section\" data-e-type=\"section\" data-settings=\"{&quot;background_background&quot;:&quot;classic&quot;,&quot;shape_divider_top&quot;:&quot;pyramids&quot;}\">\n\t\t\t\t\t<div class=\"elementor-shape elementor-shape-top\" aria-hidden=\"true\" data-negative=\"false\">\n\t\t\t<svg xmlns=\"http:\/\/www.w3.org\/2000\/svg\" viewBox=\"0 0 1000 100\" preserveAspectRatio=\"none\">\n\t<path class=\"elementor-shape-fill\" d=\"M761.9,44.1L643.1,27.2L333.8,98L0,3.8V0l1000,0v3.9\"\/>\n<\/svg>\t\t<\/div>\n\t\t\t\t\t<div class=\"elementor-container elementor-column-gap-default\">\n\t\t\t\t\t<div class=\"elementor-column elementor-col-100 elementor-top-column elementor-element elementor-element-be4a776\" data-id=\"be4a776\" data-element_type=\"column\" data-e-type=\"column\">\n\t\t\t<div class=\"elementor-widget-wrap elementor-element-populated\">\n\t\t\t\t\t\t<div class=\"elementor-element elementor-element-2b3e8e80 elementor-widget elementor-widget-heading\" data-id=\"2b3e8e80\" data-element_type=\"widget\" data-e-type=\"widget\" data-widget_type=\"heading.default\">\n\t\t\t\t<div class=\"elementor-widget-container\">\n\t\t\t\t\t<h2 class=\"elementor-heading-title elementor-size-default\">Melde dich f\u00fcr unseren Newsletter an<br><\/h2>\t\t\t\t<\/div>\n\t\t\t\t<\/div>\n\t\t\t\t<div class=\"elementor-element elementor-element-10bab45 elementor-align-center elementor-widget-tablet__width-initial elementor-tablet-align-right elementor-mobile-align-center elementor-widget elementor-widget-button\" data-id=\"10bab45\" data-element_type=\"widget\" data-e-type=\"widget\" data-widget_type=\"button.default\">\n\t\t\t\t<div class=\"elementor-widget-container\">\n\t\t\t\t\t\t\t\t\t<div class=\"elementor-button-wrapper\">\n\t\t\t\t\t<a class=\"elementor-button elementor-button-link elementor-size-md\" href=\"https:\/\/confirmsubscription.com\/h\/d\/7BA765508D937732\" target=\"_blank\">\n\t\t\t\t\t\t<span class=\"elementor-button-content-wrapper\">\n\t\t\t\t\t\t\t\t\t<span class=\"elementor-button-text\">zur Anmeldung<\/span>\n\t\t\t\t\t<\/span>\n\t\t\t\t\t<\/a>\n\t\t\t\t<\/div>\n\t\t\t\t\t\t\t\t<\/div>\n\t\t\t\t<\/div>\n\t\t\t\t<section class=\"elementor-section elementor-inner-section elementor-element elementor-element-2c3fb204 elementor-section-height-min-height elementor-section-full_width elementor-section-height-default\" data-id=\"2c3fb204\" data-element_type=\"section\" data-e-type=\"section\">\n\t\t\t\t\t\t<div class=\"elementor-container elementor-column-gap-no\">\n\t\t\t\t\t<div class=\"elementor-column elementor-col-25 elementor-inner-column elementor-element elementor-element-1fbfa923\" data-id=\"1fbfa923\" data-element_type=\"column\" data-e-type=\"column\">\n\t\t\t<div class=\"elementor-widget-wrap elementor-element-populated\">\n\t\t\t\t\t\t<div class=\"elementor-element elementor-element-1c1bf645 elementor-mobile-align-center elementor-widget-tablet__width-auto elementor-tablet-align-center elementor-widget elementor-widget-button\" data-id=\"1c1bf645\" data-element_type=\"widget\" data-e-type=\"widget\" data-widget_type=\"button.default\">\n\t\t\t\t<div class=\"elementor-widget-container\">\n\t\t\t\t\t\t\t\t\t<div class=\"elementor-button-wrapper\">\n\t\t\t\t\t<a class=\"elementor-button elementor-button-link elementor-size-xs\" href=\"https:\/\/www.alpenverein.at\/gebirgsverein\/index.php\">\n\t\t\t\t\t\t<span class=\"elementor-button-content-wrapper\">\n\t\t\t\t\t\t\t\t\t<span class=\"elementor-button-text\">Gebirgsverein<\/span>\n\t\t\t\t\t<\/span>\n\t\t\t\t\t<\/a>\n\t\t\t\t<\/div>\n\t\t\t\t\t\t\t\t<\/div>\n\t\t\t\t<\/div>\n\t\t\t\t\t<\/div>\n\t\t<\/div>\n\t\t\t\t<div class=\"elementor-column elementor-col-25 elementor-inner-column elementor-element elementor-element-2f8cab54\" data-id=\"2f8cab54\" data-element_type=\"column\" data-e-type=\"column\">\n\t\t\t<div class=\"elementor-widget-wrap elementor-element-populated\">\n\t\t\t\t\t\t<div class=\"elementor-element elementor-element-4e39386b elementor-tablet-align-center elementor-widget-tablet__width-auto elementor-mobile-align-center elementor-widget elementor-widget-button\" data-id=\"4e39386b\" data-element_type=\"widget\" data-e-type=\"widget\" data-widget_type=\"button.default\">\n\t\t\t\t<div class=\"elementor-widget-container\">\n\t\t\t\t\t\t\t\t\t<div class=\"elementor-button-wrapper\">\n\t\t\t\t\t<a class=\"elementor-button elementor-button-link elementor-size-xs\" href=\"http:\/\/www.gebirgsverein-services.at\/bergsteigergruppe\/kontakt-2\/\">\n\t\t\t\t\t\t<span class=\"elementor-button-content-wrapper\">\n\t\t\t\t\t\t\t\t\t<span class=\"elementor-button-text\">Kontakt<\/span>\n\t\t\t\t\t<\/span>\n\t\t\t\t\t<\/a>\n\t\t\t\t<\/div>\n\t\t\t\t\t\t\t\t<\/div>\n\t\t\t\t<\/div>\n\t\t\t\t\t<\/div>\n\t\t<\/div>\n\t\t\t\t<div class=\"elementor-column elementor-col-25 elementor-inner-column elementor-element elementor-element-675753fb\" data-id=\"675753fb\" data-element_type=\"column\" data-e-type=\"column\">\n\t\t\t<div class=\"elementor-widget-wrap elementor-element-populated\">\n\t\t\t\t\t\t<div class=\"elementor-element elementor-element-57710051 elementor-mobile-align-center elementor-widget-tablet__width-auto elementor-tablet-align-center elementor-widget elementor-widget-button\" data-id=\"57710051\" data-element_type=\"widget\" data-e-type=\"widget\" data-widget_type=\"button.default\">\n\t\t\t\t<div class=\"elementor-widget-container\">\n\t\t\t\t\t\t\t\t\t<div class=\"elementor-button-wrapper\">\n\t\t\t\t\t<a class=\"elementor-button elementor-button-link elementor-size-xs\" href=\"http:\/\/www.gebirgsverein-services.at\/bergsteigergruppe\/impressum\/\">\n\t\t\t\t\t\t<span class=\"elementor-button-content-wrapper\">\n\t\t\t\t\t\t\t\t\t<span class=\"elementor-button-text\">Impressum<\/span>\n\t\t\t\t\t<\/span>\n\t\t\t\t\t<\/a>\n\t\t\t\t<\/div>\n\t\t\t\t\t\t\t\t<\/div>\n\t\t\t\t<\/div>\n\t\t\t\t\t<\/div>\n\t\t<\/div>\n\t\t\t\t<div class=\"elementor-column elementor-col-25 elementor-inner-column elementor-element elementor-element-3f8cc2f5\" data-id=\"3f8cc2f5\" data-element_type=\"column\" data-e-type=\"column\">\n\t\t\t<div class=\"elementor-widget-wrap elementor-element-populated\">\n\t\t\t\t\t\t<div class=\"elementor-element elementor-element-2794883d elementor-mobile-align-center elementor-widget-tablet__width-auto elementor-tablet-align-center elementor-widget elementor-widget-button\" data-id=\"2794883d\" data-element_type=\"widget\" data-e-type=\"widget\" data-widget_type=\"button.default\">\n\t\t\t\t<div class=\"elementor-widget-container\">\n\t\t\t\t\t\t\t\t\t<div class=\"elementor-button-wrapper\">\n\t\t\t\t\t<a class=\"elementor-button elementor-button-link elementor-size-xs\" href=\"http:\/\/www.gebirgsverein-services.at\/bergsteigergruppe\/datenschutzerklaerung\/\">\n\t\t\t\t\t\t<span class=\"elementor-button-content-wrapper\">\n\t\t\t\t\t\t\t\t\t<span class=\"elementor-button-text\">Datenschutz<\/span>\n\t\t\t\t\t<\/span>\n\t\t\t\t\t<\/a>\n\t\t\t\t<\/div>\n\t\t\t\t\t\t\t\t<\/div>\n\t\t\t\t<\/div>\n\t\t\t\t\t<\/div>\n\t\t<\/div>\n\t\t\t\t\t<\/div>\n\t\t<\/section>\n\t\t\t\t\t<\/div>\n\t\t<\/div>\n\t\t\t\t\t<\/div>\n\t\t<\/section>\n\t\t\t\t<\/div>\n\t\t","protected":false},"excerpt":{"rendered":"<p>Archiv Hier sind einige Texte, Webseiten und wichtige Artikel aus unserem Archiv gesammelt. 1945-60, Bergsteigergruppe 1945-60, Karl Lukan 1950, Der wei\u00dfe Berg &#8211; Sentinelle Rouge, Ernst Schuster 1960-1970, Die BG-Expeditionen [&hellip;]<\/p>\n","protected":false},"author":1,"featured_media":0,"parent":0,"menu_order":0,"comment_status":"closed","ping_status":"closed","template":"","meta":{"ocean_post_layout":"full-screen","ocean_both_sidebars_style":"","ocean_both_sidebars_content_width":0,"ocean_both_sidebars_sidebars_width":0,"ocean_sidebar":"0","ocean_second_sidebar":"0","ocean_disable_margins":"on","ocean_add_body_class":"","ocean_shortcode_before_top_bar":"","ocean_shortcode_after_top_bar":"","ocean_shortcode_before_header":"","ocean_shortcode_after_header":"","ocean_has_shortcode":"","ocean_shortcode_after_title":"","ocean_shortcode_before_footer_widgets":"","ocean_shortcode_after_footer_widgets":"","ocean_shortcode_before_footer_bottom":"","ocean_shortcode_after_footer_bottom":"","ocean_display_top_bar":"default","ocean_display_header":"default","ocean_header_style":"","ocean_center_header_left_menu":"0","ocean_custom_header_template":"0","ocean_custom_logo":0,"ocean_custom_retina_logo":0,"ocean_custom_logo_max_width":0,"ocean_custom_logo_tablet_max_width":0,"ocean_custom_logo_mobile_max_width":0,"ocean_custom_logo_max_height":0,"ocean_custom_logo_tablet_max_height":0,"ocean_custom_logo_mobile_max_height":0,"ocean_header_custom_menu":"0","ocean_menu_typo_font_family":"0","ocean_menu_typo_font_subset":"","ocean_menu_typo_font_size":0,"ocean_menu_typo_font_size_tablet":0,"ocean_menu_typo_font_size_mobile":0,"ocean_menu_typo_font_size_unit":"px","ocean_menu_typo_font_weight":"","ocean_menu_typo_font_weight_tablet":"","ocean_menu_typo_font_weight_mobile":"","ocean_menu_typo_transform":"","ocean_menu_typo_transform_tablet":"","ocean_menu_typo_transform_mobile":"","ocean_menu_typo_line_height":0,"ocean_menu_typo_line_height_tablet":0,"ocean_menu_typo_line_height_mobile":0,"ocean_menu_typo_line_height_unit":"","ocean_menu_typo_spacing":0,"ocean_menu_typo_spacing_tablet":0,"ocean_menu_typo_spacing_mobile":0,"ocean_menu_typo_spacing_unit":"","ocean_menu_link_color":"","ocean_menu_link_color_hover":"","ocean_menu_link_color_active":"","ocean_menu_link_background":"","ocean_menu_link_hover_background":"","ocean_menu_link_active_background":"","ocean_menu_social_links_bg":"","ocean_menu_social_hover_links_bg":"","ocean_menu_social_links_color":"","ocean_menu_social_hover_links_color":"","ocean_disable_title":"default","ocean_disable_heading":"default","ocean_post_title":"","ocean_post_subheading":"","ocean_post_title_style":"","ocean_post_title_background_color":"","ocean_post_title_background":0,"ocean_post_title_bg_image_position":"","ocean_post_title_bg_image_attachment":"","ocean_post_title_bg_image_repeat":"","ocean_post_title_bg_image_size":"","ocean_post_title_height":0,"ocean_post_title_bg_overlay":0.5,"ocean_post_title_bg_overlay_color":"","ocean_disable_breadcrumbs":"default","ocean_breadcrumbs_color":"","ocean_breadcrumbs_separator_color":"","ocean_breadcrumbs_links_color":"","ocean_breadcrumbs_links_hover_color":"","ocean_display_footer_widgets":"default","ocean_display_footer_bottom":"default","ocean_custom_footer_template":"0","footnotes":""},"class_list":["post-5571","page","type-page","status-publish","hentry","entry"],"_links":{"self":[{"href":"https:\/\/www.gebirgsverein-services.at\/bergsteigergruppe\/wp-json\/wp\/v2\/pages\/5571","targetHints":{"allow":["GET"]}}],"collection":[{"href":"https:\/\/www.gebirgsverein-services.at\/bergsteigergruppe\/wp-json\/wp\/v2\/pages"}],"about":[{"href":"https:\/\/www.gebirgsverein-services.at\/bergsteigergruppe\/wp-json\/wp\/v2\/types\/page"}],"author":[{"embeddable":true,"href":"https:\/\/www.gebirgsverein-services.at\/bergsteigergruppe\/wp-json\/wp\/v2\/users\/1"}],"replies":[{"embeddable":true,"href":"https:\/\/www.gebirgsverein-services.at\/bergsteigergruppe\/wp-json\/wp\/v2\/comments?post=5571"}],"version-history":[{"count":24,"href":"https:\/\/www.gebirgsverein-services.at\/bergsteigergruppe\/wp-json\/wp\/v2\/pages\/5571\/revisions"}],"predecessor-version":[{"id":5725,"href":"https:\/\/www.gebirgsverein-services.at\/bergsteigergruppe\/wp-json\/wp\/v2\/pages\/5571\/revisions\/5725"}],"wp:attachment":[{"href":"https:\/\/www.gebirgsverein-services.at\/bergsteigergruppe\/wp-json\/wp\/v2\/media?parent=5571"}],"curies":[{"name":"wp","href":"https:\/\/api.w.org\/{rel}","templated":true}]}}