{"id":234,"date":"2017-06-29T16:42:35","date_gmt":"2017-06-29T14:42:35","guid":{"rendered":"http:\/\/www.gebirgsverein-services.at\/wegdersonne\/?page_id=234"},"modified":"2017-06-29T16:42:35","modified_gmt":"2017-06-29T14:42:35","slug":"die-ausruestung","status":"publish","type":"page","link":"http:\/\/www.gebirgsverein-services.at\/wegdersonne\/die-ausruestung\/","title":{"rendered":"Die Ausr\u00fcstung"},"content":{"rendered":"<p>Der Weg der Sonne ist ein doch recht anspruchsvoller Weg. Daher ist es ratsam, den Rucksack nicht allzu schwer zu packen. Denn alles, was du unn\u00f6tig tr\u00e4gst, kostet unn\u00f6tige Energie.<\/p>\n<p>Wir empfehlen, folgendes einzupacken:<\/p>\n<ul>\n<li>Geld &amp; Alpenvereins-Mitgliedsausweis<br \/>\nAls Mitglied des Alpenvereins-Gebirgsverein (oder Vereinen mit Gegenseitigkeitsrecht) n\u00e4chtigst du auf unseren H\u00fctten g\u00fcnstiger. Falls du noch nicht Mitglied bist, kannst du eine Mitgliedschaft unter <a href=\"https:\/\/www.mitgliedwerden.at\" target=\"_blank\" rel=\"noopener\">www.mitgliedwerden.at<\/a> abschlie\u00dfen. Wir freuen uns auf dich!&nbsp;<\/li>\n<li>Funktionsw\u00e4sche zum Wechseln<\/li>\n<li>Handtuch, Zahnb\u00fcrste, Zahnpasta und Seife<\/li>\n<li>H\u00fcttenschlafsack<\/li>\n<li>Wasser oder Tee<\/li>\n<li>Helm und Klettersteigset<br \/>\nAm zweiten Tag erklimmst du die Rax \u00fcber einen versicherten Weg auf das Gamseck &#8211; n\u00e4mlich das &#8222;Zahme Gamseck&#8220;. Obwohl die Schwierigkeiten \u00fcberschaubar sind, handelt es sich doch um einen Weg mit ausgesetzten Stellen und Leitern. Daher empfehlen wir hier das Anlegen einer entsprechenden Klettersteigausr\u00fcstung.<\/li>\n<li>Regenschutz<\/li>\n<li>Sonnenschutz<\/li>\n<li>Kapperl oder Schlauchtuch (um einem Sonnenstich vorzubeugen)<\/li>\n<\/ul>\n","protected":false},"excerpt":{"rendered":"<p>Der Weg der Sonne ist ein doch recht anspruchsvoller Weg. Daher ist es ratsam, den Rucksack nicht allzu schwer zu packen. Denn alles, was du unn\u00f6tig tr\u00e4gst, kostet unn\u00f6tige Energie. Wir empfehlen, folgendes einzupacken: Geld &amp; Alpenvereins-Mitgliedsausweis Als Mitglied des Alpenvereins-Gebirgsverein (oder Vereinen mit Gegenseitigkeitsrecht) n\u00e4chtigst du auf unseren H\u00fctten g\u00fcnstiger. Falls du noch nicht [&hellip;]<\/p>\n","protected":false},"author":1,"featured_media":186,"parent":0,"menu_order":0,"comment_status":"closed","ping_status":"closed","template":"","meta":{"ngg_post_thumbnail":0,"footnotes":""},"class_list":["post-234","page","type-page","status-publish","has-post-thumbnail","hentry"],"aioseo_notices":[],"amp_enabled":true,"_links":{"self":[{"href":"http:\/\/www.gebirgsverein-services.at\/wegdersonne\/wp-json\/wp\/v2\/pages\/234","targetHints":{"allow":["GET"]}}],"collection":[{"href":"http:\/\/www.gebirgsverein-services.at\/wegdersonne\/wp-json\/wp\/v2\/pages"}],"about":[{"href":"http:\/\/www.gebirgsverein-services.at\/wegdersonne\/wp-json\/wp\/v2\/types\/page"}],"author":[{"embeddable":true,"href":"http:\/\/www.gebirgsverein-services.at\/wegdersonne\/wp-json\/wp\/v2\/users\/1"}],"replies":[{"embeddable":true,"href":"http:\/\/www.gebirgsverein-services.at\/wegdersonne\/wp-json\/wp\/v2\/comments?post=234"}],"version-history":[{"count":1,"href":"http:\/\/www.gebirgsverein-services.at\/wegdersonne\/wp-json\/wp\/v2\/pages\/234\/revisions"}],"predecessor-version":[{"id":235,"href":"http:\/\/www.gebirgsverein-services.at\/wegdersonne\/wp-json\/wp\/v2\/pages\/234\/revisions\/235"}],"wp:featuredmedia":[{"embeddable":true,"href":"http:\/\/www.gebirgsverein-services.at\/wegdersonne\/wp-json\/wp\/v2\/media\/186"}],"wp:attachment":[{"href":"http:\/\/www.gebirgsverein-services.at\/wegdersonne\/wp-json\/wp\/v2\/media?parent=234"}],"curies":[{"name":"wp","href":"https:\/\/api.w.org\/{rel}","templated":true}]}}