{"id":215,"date":"2017-06-29T12:48:17","date_gmt":"2017-06-29T10:48:17","guid":{"rendered":"http:\/\/www.gebirgsverein-services.at\/wegdersonne\/?page_id=215"},"modified":"2021-03-16T16:14:19","modified_gmt":"2021-03-16T15:14:19","slug":"die-einkehrmoeglichkeiten","status":"publish","type":"page","link":"http:\/\/www.gebirgsverein-services.at\/wegdersonne\/die-einkehrmoeglichkeiten\/","title":{"rendered":"Die Einkehrm\u00f6glichkeiten"},"content":{"rendered":"<p>Die Etappen am ersten und zweiten Tag des <a href=\"http:\/\/www.gebirgsverein-services.at\/wegdersonne\/der-weg\/\">Weges der Sonne<\/a> mit den Etappenzielen Schneealpenhaus und Habsburghaus sind lang und erfordern eine gute Grundkondition. Oder man nimmt eine Abk\u00fcrzung. Jedenfalls aber empfehlen wir die Mitnahme von gen\u00fcgend Fl\u00fcssigkeit (z.B: Wasser oder Tee). Und nat\u00fcrlich folgende Einkehrm\u00f6glichkeiten:<\/p>\n<h5>Auf der Schneealpe<\/h5>\n<ul>\n<li><a href=\"http:\/\/www.lurgikas.at\/\" target=\"_blank\" rel=\"noopener noreferrer\">Lurgbauerh\u00fctte<\/a><br \/>\nGe\u00f6ffnet von Mai \u2013 Oktober, kein Ruhetag.<br \/>\nGanzt\u00e4gig warme und regionale Speisen mit Produkten aus Bio-Landwirtschaft.<\/li>\n<li><a href=\"https:\/\/www.ich-informiere.de\/michlbauerhuette\/\" target=\"_blank\" rel=\"noopener noreferrer\">Michlbauerh\u00fctte<\/a><br \/>\nGe\u00f6ffnet von Ende Mai &#8211; Ende Oktober.<br \/>\nRegionale Speisen und Getr\u00e4nke.<\/li>\n<\/ul>\n<h5>Auf der Rax<\/h5>\n<ul>\n<li><a href=\"http:\/\/www.karlludwighaus.at\/\" target=\"_blank\" rel=\"noopener noreferrer\">Karl-Ludwig-Haus<\/a><br \/>\nGe\u00f6ffnet von Ende April bis Anfang November, kein Ruhetag.<br \/>\nSpeisen aus biologischer Landwirtschaft (bio-zertifiziert).<\/li>\n<\/ul>\n","protected":false},"excerpt":{"rendered":"<p>Die Etappen am ersten und zweiten Tag des Weges der Sonne mit den Etappenzielen Schneealpenhaus und Habsburghaus sind lang und erfordern eine gute Grundkondition. Oder man nimmt eine Abk\u00fcrzung. Jedenfalls aber empfehlen wir die Mitnahme von gen\u00fcgend Fl\u00fcssigkeit (z.B: Wasser oder Tee). Und nat\u00fcrlich folgende Einkehrm\u00f6glichkeiten: Auf der Schneealpe Lurgbauerh\u00fctte Ge\u00f6ffnet von Mai \u2013 Oktober, [&hellip;]<\/p>\n","protected":false},"author":1,"featured_media":223,"parent":0,"menu_order":0,"comment_status":"closed","ping_status":"closed","template":"","meta":{"ngg_post_thumbnail":0,"footnotes":""},"class_list":["post-215","page","type-page","status-publish","has-post-thumbnail","hentry"],"aioseo_notices":[],"amp_enabled":true,"_links":{"self":[{"href":"http:\/\/www.gebirgsverein-services.at\/wegdersonne\/wp-json\/wp\/v2\/pages\/215","targetHints":{"allow":["GET"]}}],"collection":[{"href":"http:\/\/www.gebirgsverein-services.at\/wegdersonne\/wp-json\/wp\/v2\/pages"}],"about":[{"href":"http:\/\/www.gebirgsverein-services.at\/wegdersonne\/wp-json\/wp\/v2\/types\/page"}],"author":[{"embeddable":true,"href":"http:\/\/www.gebirgsverein-services.at\/wegdersonne\/wp-json\/wp\/v2\/users\/1"}],"replies":[{"embeddable":true,"href":"http:\/\/www.gebirgsverein-services.at\/wegdersonne\/wp-json\/wp\/v2\/comments?post=215"}],"version-history":[{"count":12,"href":"http:\/\/www.gebirgsverein-services.at\/wegdersonne\/wp-json\/wp\/v2\/pages\/215\/revisions"}],"predecessor-version":[{"id":377,"href":"http:\/\/www.gebirgsverein-services.at\/wegdersonne\/wp-json\/wp\/v2\/pages\/215\/revisions\/377"}],"wp:featuredmedia":[{"embeddable":true,"href":"http:\/\/www.gebirgsverein-services.at\/wegdersonne\/wp-json\/wp\/v2\/media\/223"}],"wp:attachment":[{"href":"http:\/\/www.gebirgsverein-services.at\/wegdersonne\/wp-json\/wp\/v2\/media?parent=215"}],"curies":[{"name":"wp","href":"https:\/\/api.w.org\/{rel}","templated":true}]}}