{"id":2,"date":"2017-06-08T18:17:23","date_gmt":"2017-06-08T16:17:23","guid":{"rendered":"http:\/\/www.gebirgsverein-services.at\/wegdersonne\/?page_id=2"},"modified":"2019-07-17T17:06:12","modified_gmt":"2019-07-17T15:06:12","slug":"der-weg","status":"publish","type":"page","link":"http:\/\/www.gebirgsverein-services.at\/wegdersonne\/der-weg\/","title":{"rendered":"Der Weg"},"content":{"rendered":"<h5>Von Hinternasswald auf das Schneealpenhaus<\/h5>\n<p><iframe loading=\"lazy\" src=\"https:\/\/www.komoot.de\/tour\/14519133\/embed\" marginwidth=\"0\" marginheight=\"0\" scrolling=\"no\" width=\"100%\" height=\"350\" frameborder=\"0\"><\/iframe><br \/>\nDer <strong>Weg der Sonne<\/strong> beginnt im auch \u00f6ffentlich recht gut erreichbaren Hinternasswald am Fu\u00dfe der Rax. Die erste Tagesetappe steht dabei im Zeichen des Aufstiegs auf die Schneealpe und erfordert etwas Kondition. Immerhin werden auf 12 km rund 1.270 H\u00f6henmeter in ca. 6,5 Stunden \u00fcberwunden. Der Aufstieg erfolgt recht steil und direkt durch Wald, den man kurz vor dem Ochsenboden verl\u00e4sst. Ab nun gilt es f\u00fcr den Rest des Tages die wunderbare Aussicht zu genie\u00dfen. Nach einer ordentlichen Mittagspause bei der Lurgbauerh\u00fctte geht es weiter \u2013 vorbei am Almgraben \u2013 durch das N\u00f6lltal, bis zur Abzweigung zum Schneealpenhaus. Wer schon m\u00fcde ist, kann sich nun eine Stunde Gehzeit ersparen und direkt zur Schutzh\u00fctte spazieren. Empfohlen und erlebnisreich ist aber ein Abstecher zum Gipfel des Windbergs mit seinem wunderbaren Panorama. Die Nacht wird am Schneealpenhaus verbracht und der Wecker am besten auf knapp vor 5:00 Uhr gestellt. Dann geht n\u00e4mlich die Sonne auf der Schneealm auf und man startet so mit einem sehr intensiven, ber\u00fchrenden Moment in einen anstrengenden, aber romantischen zweiten Tag.<\/p>\n<p>&nbsp;<\/p>\n<h5>Vom Schneealpenhaus \u00fcber das Zahme Gamseck zum Habsburghaus<\/h5>\n<p><iframe loading=\"lazy\" src=\"https:\/\/www.komoot.de\/tour\/14519359\/embed?profile=1\" scrolling=\"no\" width=\"100%\" height=\"350\" frameborder=\"0\"><\/iframe>Die zweite Tagesetappe f\u00fchrt zun\u00e4chst ein St\u00fcck zur\u00fcck durch das N\u00f6lltal. Knapp vor der Lurgbauerh\u00fctte w\u00e4hlt man aber den Abstecher zur Schauerwand samt Gipfelkreuz. Weiter geht es \u2013 zuerst bergab, sp\u00e4ter leicht bergauf \u2013 \u00fcber die bereits bekannte Lurgbauerh\u00fctte \u00fcber den sch\u00f6nen, aber nicht unschwierigen Na\u00dfkamm zum Fu\u00dfe des Grabnergupfs. Ambitionierten Wanderern sei ein Abstecher auf den sehr aussichtsreichen Gipfel dieses Berges, der sich frech zwischen Schneealpe und Raxalpe reingesetzt hat, empfohlen. Dieser dauert ca. 30 Minuten \u00fcber wegloses, steiles, aber ungef\u00e4hrliches Gel\u00e4nde. Der Weg der Sonne f\u00fchrt weiter \u00fcber das Zahme Gamseck, ein \u00e4u\u00dferst sch\u00f6ner, einfacher Klettersteig (A\/B). Daf\u00fcr sollte man Helm und Klettersteigset mithaben. Der Steig f\u00fchrt durch eine ruhige, schroffe, beeindruckende Felsszenerie und war 1875 der erste touristische Felsenpfad auf die Rax.<\/p>\n<hr>\n<p><em>Umgehungsm\u00f6glichkeit des &#8222;Zahmen Gamseck&#8220;<\/em><br \/>\nWer sich das Zahme Gamseck nicht zutraut, der kann \u00fcber den Schutzsteig zum Altenbergsteig queren und diesen zur Heukuppe aufsteigen. Allerdings dauert diese Etappe dann 2 Stunden l\u00e4nger und man muss rund 150 Hm mehr im Aufstieg gehen.<\/p>\n<hr>\n<p>Am Ende des Steiges hat man die M\u00f6glichkeit gleich nach links zum Habsburghaus abzubiegen und die gesamte Etappe so um rund eine Stunde zu verk\u00fcrzen. Empfohlen sei aber ein Abbiegen nach rechts, um \u00fcber die Heukuppe \u2013 dem h\u00f6chsten Punkt der Rax \u2013 \u00fcber das Raxkirchlein zum Karl-Ludwig-Haus vorzudringen. Dieses erreicht man am Nachmittag und eine Kaffeejause oder ein sp\u00e4teres Mittagessen bietet sich an, bevor es in rund einer weiteren Stunde Gehzeit zum Ziel des Tages, dem Habsburghaus geht. Dort angekommen hat man rund 16 km Weg und 920 H\u00f6henmeter im Auf- und Abstieg hinter sich gebracht.<\/p>\n<p>Auch die Sonne war nicht faul. Sie war aber in die andere Richtung unterwegs und lacht uns nun in Form des wohl sch\u00f6nsten Sonnenuntergangs der Wiener Alpen von der Schneealm entgegen. Sp\u00e4testens jetzt wei\u00df man, tief ergriffen, warum wir diese kleine Weitwanderung \u201eWeg der Sonne\u201c getauft haben.<\/p>\n<p>&nbsp;<\/p>\n<h5>\u00dcber den Kaisersteig nach Hinternasswald<\/h5>\n<p><iframe loading=\"lazy\" src=\"https:\/\/www.komoot.de\/tour\/14519407\/embed\" marginwidth=\"0\" marginheight=\"0\" scrolling=\"no\" width=\"100%\" height=\"350\" frameborder=\"0\"><\/iframe><br \/>\nAm dritten Tag hei\u00dft es ausschlafen. Denn die letzte Etappe des Weges f\u00fchrt \u00fcber den Kaisersteig zur\u00fcck nach Hinternasswald und erfordert keine Eile. Rund 3,5 Stunden und 7 km ist man \u2013 nur bergab \u2013 unterwegs und kann so nochmal die Erlebnisse der letzten beiden Tage revue passieren lassen, bevor es wieder zur\u00fcck in die Hektik des Alltags geht.<\/p>\n<p>&nbsp;<\/p>\n<p>Die Tour ist von Anfang Juni bis Ende Oktober gut begehbar. Die Tagesetappen sind ambitioniert, erfordern eine gute Grundkondition und k\u00f6nnen je nach Lust und Wetter auch variiert werden. Belohnt wird der Wanderer mit herrlicher Natur und unvergesslichen Fern- und Ausblicken.<\/p>\n<p><em>Gesamtstrecke: ca. 35 Kilometer, 2.190 H\u00f6henmeter im Aufstieg. Helm und Klettersteigset f\u00fcr die zweite Tagesetappe empfohlen.<\/em><\/p>\n","protected":false},"excerpt":{"rendered":"<p>Von Hinternasswald auf das Schneealpenhaus Der Weg der Sonne beginnt im auch \u00f6ffentlich recht gut erreichbaren Hinternasswald am Fu\u00dfe der Rax. Die erste Tagesetappe steht dabei im Zeichen des Aufstiegs auf die Schneealpe und erfordert etwas Kondition. Immerhin werden auf 12 km rund 1.270 H\u00f6henmeter in ca. 6,5 Stunden \u00fcberwunden. Der Aufstieg erfolgt recht steil [&hellip;]<\/p>\n","protected":false},"author":1,"featured_media":196,"parent":0,"menu_order":0,"comment_status":"closed","ping_status":"closed","template":"","meta":{"ngg_post_thumbnail":0,"footnotes":""},"class_list":["post-2","page","type-page","status-publish","has-post-thumbnail","hentry"],"aioseo_notices":[],"amp_enabled":true,"_links":{"self":[{"href":"http:\/\/www.gebirgsverein-services.at\/wegdersonne\/wp-json\/wp\/v2\/pages\/2","targetHints":{"allow":["GET"]}}],"collection":[{"href":"http:\/\/www.gebirgsverein-services.at\/wegdersonne\/wp-json\/wp\/v2\/pages"}],"about":[{"href":"http:\/\/www.gebirgsverein-services.at\/wegdersonne\/wp-json\/wp\/v2\/types\/page"}],"author":[{"embeddable":true,"href":"http:\/\/www.gebirgsverein-services.at\/wegdersonne\/wp-json\/wp\/v2\/users\/1"}],"replies":[{"embeddable":true,"href":"http:\/\/www.gebirgsverein-services.at\/wegdersonne\/wp-json\/wp\/v2\/comments?post=2"}],"version-history":[{"count":17,"href":"http:\/\/www.gebirgsverein-services.at\/wegdersonne\/wp-json\/wp\/v2\/pages\/2\/revisions"}],"predecessor-version":[{"id":362,"href":"http:\/\/www.gebirgsverein-services.at\/wegdersonne\/wp-json\/wp\/v2\/pages\/2\/revisions\/362"}],"wp:featuredmedia":[{"embeddable":true,"href":"http:\/\/www.gebirgsverein-services.at\/wegdersonne\/wp-json\/wp\/v2\/media\/196"}],"wp:attachment":[{"href":"http:\/\/www.gebirgsverein-services.at\/wegdersonne\/wp-json\/wp\/v2\/media?parent=2"}],"curies":[{"name":"wp","href":"https:\/\/api.w.org\/{rel}","templated":true}]}}