{"id":65,"date":"2020-01-22T15:12:24","date_gmt":"2020-01-22T14:12:24","guid":{"rendered":"http:\/\/www.gebirgsverein-services.at\/neueweltwandern\/?page_id=65"},"modified":"2020-02-12T11:16:23","modified_gmt":"2020-02-12T10:16:23","slug":"die-hutte","status":"publish","type":"page","link":"http:\/\/www.gebirgsverein-services.at\/neueweltwandern\/die-hutte\/","title":{"rendered":"Die H\u00fctte"},"content":{"rendered":"\n<p>Unterwegs am <strong>Neue-Welt-Rundwanderweg<\/strong> n\u00e4chtigen Sie auf einer Schutzh\u00fctte des <a aria-label=\" (\u00f6ffnet in neuem Tab)\" rel=\"noreferrer noopener\" href=\"https:\/\/www.alpenverein.at\/gebirgsverein\/\" target=\"_blank\">Alpenverein-Gebirgsverein<\/a>. Unser engagiertes Wirte-Team freut sich auf Ihren Besuch!<\/p>\n\n\n\n<h3 class=\"wp-block-heading\">Hubertushaus<\/h3>\n\n\n\n<figure class=\"wp-block-image size-medium\"><img loading=\"lazy\" decoding=\"async\" width=\"300\" height=\"169\" src=\"http:\/\/www.gebirgsverein-services.at\/neueweltwandern\/wp-content\/uploads\/2020\/01\/48787455603_45b12c655a_k-300x169.jpg\" alt=\"\" class=\"wp-image-69\" srcset=\"http:\/\/www.gebirgsverein-services.at\/neueweltwandern\/wp-content\/uploads\/2020\/01\/48787455603_45b12c655a_k-300x169.jpg 300w, http:\/\/www.gebirgsverein-services.at\/neueweltwandern\/wp-content\/uploads\/2020\/01\/48787455603_45b12c655a_k-1024x576.jpg 1024w, http:\/\/www.gebirgsverein-services.at\/neueweltwandern\/wp-content\/uploads\/2020\/01\/48787455603_45b12c655a_k-768x432.jpg 768w, http:\/\/www.gebirgsverein-services.at\/neueweltwandern\/wp-content\/uploads\/2020\/01\/48787455603_45b12c655a_k-1536x864.jpg 1536w, http:\/\/www.gebirgsverein-services.at\/neueweltwandern\/wp-content\/uploads\/2020\/01\/48787455603_45b12c655a_k.jpg 2048w\" sizes=\"auto, (max-width: 300px) 100vw, 300px\" \/><\/figure>\n\n\n\n<p>Das Hubertushaus auf der Hohen Wand trennt von den steilen Abbr\u00fcchen der Hochfallw\u00e4nde nur eine Wiese, die von Wanderern im Sommer gerne auch dazu verwendet wird, um einfach nur im Gras zu liegen und die Seele baumeln zu lassen. Der Blick schweift dabei \u00fcber die Neue Welt weit hinaus bis hin zum Hochwechsel.<\/p>\n\n\n\n<p>Als St\u00fctzpunkt der <a aria-label=\"Alpinschule Peilstein (\u00f6ffnet in neuem Tab)\" href=\"https:\/\/www.alpenverein.at\/gebirgsverein\/alpinschule\/index.php\" target=\"_blank\" rel=\"noreferrer noopener\">Alpinschule Peilstein<\/a> hat dieses Schutzhaus gro\u00dfe Bedeutung f\u00fcr den Kursbetrieb des Alpenverein-Gebirgsverein. So finden Klettersteigaspiranten direkt vor der Haust\u00fcr einen \u00dcbungsklettergarten ebenso eingerichtet wie den sehr beliebten Klettersteig &#8222;Steirerspur&#8220; (B\/C). Wer alpin zum Hubertushaus aufsteigen will, tut dies \u00fcber den Hubertusgrat (II. &#8211; IV. Klettergrad). Die Mehrheit der Besucher wird aber von Oberh\u00f6flein \u00fcber den beliebten Springlessteig aufsteigen oder von der Kleinen Kanzel aus gem\u00fctlich und fast eben durch den Wald zum Schutzhaus spazieren.<\/p>\n\n\n\n<p>Betrieben wird das Hubertushaus von einem sehr engagierten P\u00e4chterpaar. Chefin Andrea Steinschauer freut sich, ihren G\u00e4sten bodenst\u00e4ndige Schmankerl aus der Region anzubieten. Viele Zutaten stammen dabei aus eigener Erzeugung. <br><br>Tipp der Redaktion: die Bauernkrapfen wollen ebenso probiert werden, wie der Honig aus eigener Erzeugung!<\/p>\n\n\n\n<p>Einer ruhigen Nacht am <a aria-label=\" (\u00f6ffnet in neuem Tab)\" rel=\"noreferrer noopener\" href=\"https:\/\/www.alpenverein.at\/hubertushaus\/\" target=\"_blank\">Hubertushaus<\/a> folgt ein reichhaltiges Fr\u00fchst\u00fcck &#8211; bei gutem Wetter auf der Terrasse des Hauses. Mit etwas Gl\u00fcck fr\u00fchst\u00fccken gerade auch die Steinb\u00f6cke auf der Wiese und sorgen dabei f\u00fcr reichlich hochalpines Feeling. <\/p>\n","protected":false},"excerpt":{"rendered":"<p>Unterwegs am Neue-Welt-Rundwanderweg n\u00e4chtigen Sie auf einer Schutzh\u00fctte des Alpenverein-Gebirgsverein. Unser engagiertes Wirte-Team freut sich auf Ihren Besuch! Hubertushaus Das Hubertushaus auf der Hohen Wand trennt von den steilen Abbr\u00fcchen der Hochfallw\u00e4nde nur eine Wiese, die von Wanderern im Sommer gerne auch dazu verwendet wird, um einfach nur im Gras zu liegen und die Seele [&hellip;]<\/p>\n","protected":false},"author":1,"featured_media":69,"parent":0,"menu_order":0,"comment_status":"closed","ping_status":"closed","template":"","meta":{"ngg_post_thumbnail":0,"footnotes":""},"class_list":["post-65","page","type-page","status-publish","has-post-thumbnail","hentry"],"aioseo_notices":[],"amp_enabled":true,"_links":{"self":[{"href":"http:\/\/www.gebirgsverein-services.at\/neueweltwandern\/wp-json\/wp\/v2\/pages\/65","targetHints":{"allow":["GET"]}}],"collection":[{"href":"http:\/\/www.gebirgsverein-services.at\/neueweltwandern\/wp-json\/wp\/v2\/pages"}],"about":[{"href":"http:\/\/www.gebirgsverein-services.at\/neueweltwandern\/wp-json\/wp\/v2\/types\/page"}],"author":[{"embeddable":true,"href":"http:\/\/www.gebirgsverein-services.at\/neueweltwandern\/wp-json\/wp\/v2\/users\/1"}],"replies":[{"embeddable":true,"href":"http:\/\/www.gebirgsverein-services.at\/neueweltwandern\/wp-json\/wp\/v2\/comments?post=65"}],"version-history":[{"count":11,"href":"http:\/\/www.gebirgsverein-services.at\/neueweltwandern\/wp-json\/wp\/v2\/pages\/65\/revisions"}],"predecessor-version":[{"id":164,"href":"http:\/\/www.gebirgsverein-services.at\/neueweltwandern\/wp-json\/wp\/v2\/pages\/65\/revisions\/164"}],"wp:featuredmedia":[{"embeddable":true,"href":"http:\/\/www.gebirgsverein-services.at\/neueweltwandern\/wp-json\/wp\/v2\/media\/69"}],"wp:attachment":[{"href":"http:\/\/www.gebirgsverein-services.at\/neueweltwandern\/wp-json\/wp\/v2\/media?parent=65"}],"curies":[{"name":"wp","href":"https:\/\/api.w.org\/{rel}","templated":true}]}}