{"id":51,"date":"2020-01-13T16:39:34","date_gmt":"2020-01-13T15:39:34","guid":{"rendered":"http:\/\/www.gebirgsverein-services.at\/neueweltwandern\/?page_id=51"},"modified":"2020-09-24T15:54:09","modified_gmt":"2020-09-24T13:54:09","slug":"der-weg","status":"publish","type":"page","link":"http:\/\/www.gebirgsverein-services.at\/neueweltwandern\/der-weg\/","title":{"rendered":"Der Weg"},"content":{"rendered":"\n<h4 class=\"wp-block-heading\">Von W\u00f6llersdorf \u00fcber den Gr\u00f6\u00dfenberg und weiter \u00fcber den Springlessteig zum Hubertushaus<\/h4>\n\n\n\n<iframe loading=\"lazy\" width=\"100%\" height=\"350\" src=\"https:\/\/www.komoot.de\/tour\/109669207\/embed\" frameborder=\"0\" scrolling=\"no\"><\/iframe>\n\n\n\n<p>Der <strong>Neue-Welt-Rundwanderweg<\/strong> startet in W\u00f6llersdorf, wobei sich der Einstieg in den Weg bei der Tankstelle vis-a-vis des Bahnhofes W\u00f6llersdorf befindet. Man kann also entweder per Bahn oder per Auto anreisen. In letzterem Fall parkt man am nahen P&amp;R-Parkplatz.<\/p>\n\n\n\n<p>Schon bald f\u00fchrt der Weg in einen f\u00fcr diese Gegend so typischen F\u00f6hren-Mischwald und folgt nur teilweise vorhandenen Markierungen.<\/p>\n\n\n\n<p>Nach einer guten Stunde wird das ehemalige Waldwirtshaus erreicht, das man aber rechts liegen l\u00e4sst. Ein kurzer, steiler Aufstieg f\u00fchrt auf den Weg zum Sattel zwischen Burgstall und Zimsesberg, von wo aus der Aufstieg auf den Gr\u00f6\u00dfenberg beginnt. <\/p>\n\n\n\n<p>Vom Gipfel des Gr\u00f6\u00dfenberges (bitte jedenfalls auch den Vorgipfel mit seinem Gipfelkreuz und seiner grandiosen Aussicht beachten) geht es nun weiter auf den Engelsberg, wo ein kleiner Abstecher zu einem sch\u00f6nen Aussichtspunkt auf die Neue Welt f\u00fchrt.<\/p>\n\n\n\n<p>Vorbei an der (gesperrten) Ruine Emmerberg wird schlie\u00dflich der Ort Netting und etwas sp\u00e4ter &#8211; \u00fcber den Kienberg mit seiner wunderbaren Aussicht &#8211; der Ort Oberh\u00f6flein erreicht, von wo aus der steile Aufstieg zum Tagesziel, dem Hubertushaus beginnt. Dieses wird \u00fcber den versicherten Springlessteig erreicht, auf dem auch eine kleine Leiter zu \u00fcberwinden ist.<\/p>\n\n\n\n<h4 class=\"wp-block-heading\">Vom Hubertushaus entlang der Hohen Wand und \u00fcber den Drobilsteig nach W\u00f6llersdorf<\/h4>\n\n\n\n<iframe loading=\"lazy\" width=\"100%\" height=\"350\" src=\"https:\/\/www.komoot.de\/tour\/109671138\/embed\" frameborder=\"0\" scrolling=\"no\"><\/iframe>\n\n\n\n<p>Tag zwei des aussichtsreichen Rundwanderwegs f\u00fchrt uns sehr lange entlang der Abbr\u00fcche der Hohen Wand und ist damit gepr\u00e4gt von fantastischen Ausblicken, eindrucksvollen Tiefblicken und sehr viel urspr\u00fcnglichem Naturerlebnis im Naturpark Hohe Wand.<\/p>\n\n\n\n<p>Nach dem ausgiebigen Fr\u00fchst\u00fcck am Hubertushaus wird zuerst mal der Leitergraben durchschritten, ein Einschnitt im Plateau der Hohen Wand. Steil bergab geht es bis zum Grund des Grabens mit seiner beeindruckenden H\u00f6hle, um gleich darauf steil wieder das urspr\u00fcngliche Plateauniveau zu erreichen. Dort wartet ein aussichtsreiches Bankerl, das zum Verschnaufen einl\u00e4dt.<\/p>\n\n\n\n<p>Nun geht es \u2013 vorbei am Hochkogelhaus und dem Gasthaus Luf durch sch\u00f6nen Wald zum GH Postl und weiter zum naheliegenden Skywalk. Dieser bietet wundersch\u00f6ne Ausblicke weit \u00fcber die Neue Welt hinaus \u2013 bis nach Ungarn auf der einen Seite und den Schneeberg auf der anderen Seite. Und nat\u00fcrlich kann man von hier auch die Neue Welt, diesen wundersch\u00f6nen und weitl\u00e4ufigen Kessel genau unter die Lupe nehmen.<\/p>\n\n\n\n<p>Weiter entlang den Wandabbr\u00fcchen wird der Almfrieden \u2013 fr\u00fcher Gasthaus, jetzt Wohnanlage \u2013 erreicht, von wo kaum merkbar der etwas verwilderte Leiterlsteig abzweigt, dem der Weg bis zum Felsenpfad folgt. Dieser ist eine k\u00fcnstliche, beeindruckende Anlage im Fels.<\/p>\n\n\n\n<p>Folgt man weiter den Wandabbr\u00fcchen wird schlie\u00dflich das Herrgottschnitzerhaus erreicht, wo die Hohe Wand endet. Der Abstieg erfolgt nun \u00fcber den versicherten Drobilsteig.<\/p>\n\n\n\n<p>Vorbei an Dreistetten f\u00fchren gute Waldwege nun zur\u00fcck nach W\u00f6llersdorf und damit zum Ausgangspunkt der Wanderung.<\/p>\n\n\n\n<hr class=\"wp-block-separator\"\/>\n\n\n\n<p><strong>Achtung: GPS n\u00f6tig!<\/strong><br>Der Neue-Welt-Rundwanderweg ist bewusst nicht extra als solcher markiert und folgt vor allem auf der ersten Etappe nur streckenweise markierten Wanderwegen. Oft werden diese verlassen, um \u00fcber unmarkierte Waldwege zu anderen Markierungen zu wechseln. Daher ist die Mitnahme eines GPS-Ger\u00e4tes samt angebotenem Track unerl\u00e4sslich. An besonders un\u00fcbersichtlichen Stellen im Bereich zwischen W\u00f6llersdorf und Emmerberg haben wir testhalber sehr sp\u00e4rlich Behelfsmarkierungen angebracht. Diese beinhalten folgende Elemente: &#8222;N&#8220; und &#8222;&gt;&#8220;. <\/p>\n\n\n\nngg_shortcode_0_placeholder\n","protected":false},"excerpt":{"rendered":"<p>Von W\u00f6llersdorf \u00fcber den Gr\u00f6\u00dfenberg und weiter \u00fcber den Springlessteig zum Hubertushaus Der Neue-Welt-Rundwanderweg startet in W\u00f6llersdorf, wobei sich der Einstieg in den Weg bei der Tankstelle vis-a-vis des Bahnhofes W\u00f6llersdorf befindet. Man kann also entweder per Bahn oder per Auto anreisen. In letzterem Fall parkt man am nahen P&amp;R-Parkplatz. Schon bald f\u00fchrt der Weg [&hellip;]<\/p>\n","protected":false},"author":1,"featured_media":34,"parent":0,"menu_order":0,"comment_status":"closed","ping_status":"closed","template":"","meta":{"ngg_post_thumbnail":0,"footnotes":""},"class_list":["post-51","page","type-page","status-publish","has-post-thumbnail","hentry"],"aioseo_notices":[],"amp_enabled":true,"_links":{"self":[{"href":"http:\/\/www.gebirgsverein-services.at\/neueweltwandern\/wp-json\/wp\/v2\/pages\/51","targetHints":{"allow":["GET"]}}],"collection":[{"href":"http:\/\/www.gebirgsverein-services.at\/neueweltwandern\/wp-json\/wp\/v2\/pages"}],"about":[{"href":"http:\/\/www.gebirgsverein-services.at\/neueweltwandern\/wp-json\/wp\/v2\/types\/page"}],"author":[{"embeddable":true,"href":"http:\/\/www.gebirgsverein-services.at\/neueweltwandern\/wp-json\/wp\/v2\/users\/1"}],"replies":[{"embeddable":true,"href":"http:\/\/www.gebirgsverein-services.at\/neueweltwandern\/wp-json\/wp\/v2\/comments?post=51"}],"version-history":[{"count":9,"href":"http:\/\/www.gebirgsverein-services.at\/neueweltwandern\/wp-json\/wp\/v2\/pages\/51\/revisions"}],"predecessor-version":[{"id":184,"href":"http:\/\/www.gebirgsverein-services.at\/neueweltwandern\/wp-json\/wp\/v2\/pages\/51\/revisions\/184"}],"wp:featuredmedia":[{"embeddable":true,"href":"http:\/\/www.gebirgsverein-services.at\/neueweltwandern\/wp-json\/wp\/v2\/media\/34"}],"wp:attachment":[{"href":"http:\/\/www.gebirgsverein-services.at\/neueweltwandern\/wp-json\/wp\/v2\/media?parent=51"}],"curies":[{"name":"wp","href":"https:\/\/api.w.org\/{rel}","templated":true}]}}