{"id":42,"date":"2020-01-13T16:29:03","date_gmt":"2020-01-13T15:29:03","guid":{"rendered":"http:\/\/www.gebirgsverein-services.at\/neueweltwandern\/?page_id=42"},"modified":"2020-02-12T11:22:21","modified_gmt":"2020-02-12T10:22:21","slug":"die-ausrustung","status":"publish","type":"page","link":"http:\/\/www.gebirgsverein-services.at\/neueweltwandern\/die-ausrustung\/","title":{"rendered":"Die Ausr\u00fcstung"},"content":{"rendered":"\n<p>Der <strong>Neue-Welt-Rundwanderweg<\/strong> ist ein gr\u00f6\u00dftenteils einfacher Weg durch wunderbare, aussichtsreiche Landschaft. An beiden Tagen ist je ein kurzer, sehr einfacher mit Leitern und Drahtseilen versicherter Wegabschnitt zu \u00fcberwinden. F\u00fcr beide Abschnitte bzw. Steige ist in der Regel f\u00fcr Erwachsene kein Klettersteigset n\u00f6tig.<\/p>\n\n\n\n<p>Der Weg nutzt gr\u00f6\u00dftenteils bereits markierte Wege. Dort, wo man sich verirren k\u00f6nnte, haben wir Orientierungsmarken angebracht.<\/p>\n\n\n\n<p>Wir empfehlen, folgendes einzupacken:<\/p>\n\n\n\n<ul class=\"wp-block-list\"><li>Geld &amp; Alpenvereins-Mitgliedsausweis<br> Als Mitglied des Alpenverein-Gebirgsverein (oder Vereinen mit Gegenseitigkeitsrecht) n\u00e4chtigst du auf unseren H\u00fctten g\u00fcnstiger. Falls du noch nicht Mitglied bist, kannst du eine Mitgliedschaft unter <a rel=\"noreferrer noopener\" href=\"https:\/\/www.mitgliedwerden.at\/\" target=\"_blank\">www.mitgliedwerden.at<\/a> abschlie\u00dfen. Wir freuen uns auf dich!<\/li><li>Funktionsw\u00e4sche zum Wechseln<\/li><li>Handtuch, Zahnb\u00fcrste, Zahnpasta und Seife<\/li><li>H\u00fcttenschlafsack<\/li><li>Reichlich Wasser oder Tee (mind. 2 Liter)<\/li><li>Reichlich Jause f\u00fcr den ersten Tag (keine Einkehrm\u00f6glichkeit am Weg)<\/li><li>Regenschutz<\/li><li>Sonnenschutz<\/li><li>Kapperl oder Schlauchtuch<\/li><li>GPS oder Wanderkarte der Region und Wegbeschreibung<\/li><\/ul>\n","protected":false},"excerpt":{"rendered":"<p>Der Neue-Welt-Rundwanderweg ist ein gr\u00f6\u00dftenteils einfacher Weg durch wunderbare, aussichtsreiche Landschaft. An beiden Tagen ist je ein kurzer, sehr einfacher mit Leitern und Drahtseilen versicherter Wegabschnitt zu \u00fcberwinden. F\u00fcr beide Abschnitte bzw. Steige ist in der Regel f\u00fcr Erwachsene kein Klettersteigset n\u00f6tig. Der Weg nutzt gr\u00f6\u00dftenteils bereits markierte Wege. Dort, wo man sich verirren k\u00f6nnte, [&hellip;]<\/p>\n","protected":false},"author":1,"featured_media":43,"parent":0,"menu_order":0,"comment_status":"closed","ping_status":"closed","template":"","meta":{"ngg_post_thumbnail":0,"footnotes":""},"class_list":["post-42","page","type-page","status-publish","has-post-thumbnail","hentry"],"aioseo_notices":[],"amp_enabled":true,"_links":{"self":[{"href":"http:\/\/www.gebirgsverein-services.at\/neueweltwandern\/wp-json\/wp\/v2\/pages\/42","targetHints":{"allow":["GET"]}}],"collection":[{"href":"http:\/\/www.gebirgsverein-services.at\/neueweltwandern\/wp-json\/wp\/v2\/pages"}],"about":[{"href":"http:\/\/www.gebirgsverein-services.at\/neueweltwandern\/wp-json\/wp\/v2\/types\/page"}],"author":[{"embeddable":true,"href":"http:\/\/www.gebirgsverein-services.at\/neueweltwandern\/wp-json\/wp\/v2\/users\/1"}],"replies":[{"embeddable":true,"href":"http:\/\/www.gebirgsverein-services.at\/neueweltwandern\/wp-json\/wp\/v2\/comments?post=42"}],"version-history":[{"count":2,"href":"http:\/\/www.gebirgsverein-services.at\/neueweltwandern\/wp-json\/wp\/v2\/pages\/42\/revisions"}],"predecessor-version":[{"id":167,"href":"http:\/\/www.gebirgsverein-services.at\/neueweltwandern\/wp-json\/wp\/v2\/pages\/42\/revisions\/167"}],"wp:featuredmedia":[{"embeddable":true,"href":"http:\/\/www.gebirgsverein-services.at\/neueweltwandern\/wp-json\/wp\/v2\/media\/43"}],"wp:attachment":[{"href":"http:\/\/www.gebirgsverein-services.at\/neueweltwandern\/wp-json\/wp\/v2\/media?parent=42"}],"curies":[{"name":"wp","href":"https:\/\/api.w.org\/{rel}","templated":true}]}}