{"id":208,"date":"2018-06-15T11:58:54","date_gmt":"2018-06-15T09:58:54","guid":{"rendered":"http:\/\/www.gebirgsverein-services.at\/kulturweg\/?page_id=208"},"modified":"2018-06-26T15:24:44","modified_gmt":"2018-06-26T13:24:44","slug":"die-huetten","status":"publish","type":"page","link":"http:\/\/www.gebirgsverein-services.at\/kulturweg\/die-huetten\/","title":{"rendered":"Die H\u00fctten"},"content":{"rendered":"<p>Mit zwei Schutzh\u00fctten des <a href=\"http:\/\/www.gebirgsverein.at\" target=\"_blank\" rel=\"noopener\">Alpenverein-Gebirgsverein<\/a> kommen Sie am <strong>Kulturweg Wienerwald<\/strong> in Kontakt. Unsere engagierten Wirt_innen freuen sich auf Ihren Besuch!<\/p>\n<h3>Peilsteinhaus<\/h3>\n<p><img loading=\"lazy\" decoding=\"async\" width=\"300\" height=\"200\" class=\"alignnone size-medium wp-image-213\" alt=\"\" src=\"http:\/\/www.gebirgsverein-services.at\/kulturweg\/wp-content\/uploads\/2018\/06\/IMG_2351-300x200.jpg\" srcset=\"http:\/\/www.gebirgsverein-services.at\/kulturweg\/wp-content\/uploads\/2018\/06\/IMG_2351-300x200.jpg 300w, http:\/\/www.gebirgsverein-services.at\/kulturweg\/wp-content\/uploads\/2018\/06\/IMG_2351-768x512.jpg 768w, http:\/\/www.gebirgsverein-services.at\/kulturweg\/wp-content\/uploads\/2018\/06\/IMG_2351-1024x683.jpg 1024w, http:\/\/www.gebirgsverein-services.at\/kulturweg\/wp-content\/uploads\/2018\/06\/IMG_2351-275x184.jpg 275w, http:\/\/www.gebirgsverein-services.at\/kulturweg\/wp-content\/uploads\/2018\/06\/IMG_2351-293x195.jpg 293w\" sizes=\"auto, (max-width: 300px) 100vw, 300px\" \/><\/p>\n<p>Das Peilsteinhaus ist nicht nur das Ziel der ersten Etappe des Weges, sondern auch wesentlicher St\u00fctzpunkt der Alpinschule Peilstein. Bieten sich doch die zahlreichen Kletterfelsen des Peilsteins als Kurs- und \u00dcbungsgel\u00e4nde f\u00fcr Kletteraspiranten f\u00f6rmlich an! Da das Haus auch bei Pilgern sehr beliebt ist, empfiehlt sich eine Zimmerreservierung f\u00fcr die N\u00e4chtigung.<\/p>\n<p>Das K\u00fcchenteam des <a href=\"https:\/\/www.alpenverein.at\/peilsteinhaus\/\" target=\"_blank\" rel=\"noopener\">Peilsteinhauses<\/a> verw\u00f6hnt seine G\u00e4ste mit einer Vielzahl an regionalen Schmankerln und auch internationale K\u00fcche mischt sich manchmal kulinarisch ein. Hausgemachte Marmeladen und S\u00e4fte sowie Produkte der Region runden das Verw\u00f6hn-Angebot ab.<\/p>\n<p>Das nahe Gipfelkreuz des Peilsteins bietet eine ebenso gute Aussicht wie die Aussichtsplattform der H\u00fctte, die einen Rundumblick \u00fcber den Wienerwald gew\u00e4hrt.&nbsp;<\/p>\n<p><strong>Rudolf-Proksch-H\u00fctte<\/strong><\/p>\n<p><img loading=\"lazy\" decoding=\"async\" width=\"300\" height=\"200\" class=\"alignnone size-medium wp-image-215\" alt=\"\" src=\"http:\/\/www.gebirgsverein-services.at\/kulturweg\/wp-content\/uploads\/2018\/06\/IMG_2586-300x200.jpg\" srcset=\"http:\/\/www.gebirgsverein-services.at\/kulturweg\/wp-content\/uploads\/2018\/06\/IMG_2586-300x200.jpg 300w, http:\/\/www.gebirgsverein-services.at\/kulturweg\/wp-content\/uploads\/2018\/06\/IMG_2586-768x512.jpg 768w, http:\/\/www.gebirgsverein-services.at\/kulturweg\/wp-content\/uploads\/2018\/06\/IMG_2586-1024x683.jpg 1024w, http:\/\/www.gebirgsverein-services.at\/kulturweg\/wp-content\/uploads\/2018\/06\/IMG_2586-275x184.jpg 275w, http:\/\/www.gebirgsverein-services.at\/kulturweg\/wp-content\/uploads\/2018\/06\/IMG_2586-293x195.jpg 293w\" sizes=\"auto, (max-width: 300px) 100vw, 300px\" \/><\/p>\n<p>Dieses Schutzhaus wird von der Ortsgruppe Baden des Alpenverein-Gebirgsverein betrieben. Entscheidet man sich am <strong>Kulturweg Wienerwald<\/strong> beim Rudolfshof dazu, nicht zum Casino Baden abzusteigen, sondern \u00fcber die Ein\u00f6de auf den Pfaffst\u00e4ttner Kogel weiterzuwandern, so erreicht man bald die <a href=\"https:\/\/www.alpenverein.at\/rudolfprokschhuette\/\" target=\"_blank\" rel=\"noopener\">Rudolf-Proksch-H\u00fctte<\/a> auf dessen Gipfel.<\/p>\n<p>Beste K\u00fcche und ein gro\u00dfer Kinderspielplatz erwarten die G\u00e4ste. Auch dieses Haus ist mit einer Aussichtwarte best\u00fcckt, die eine wunderbare Aussicht \u00fcber das Wiener Becken erm\u00f6glicht.<\/p>\n","protected":false},"excerpt":{"rendered":"<p>Mit zwei Schutzh\u00fctten des Alpenverein-Gebirgsverein kommen Sie am Kulturweg Wienerwald in Kontakt. Unsere engagierten Wirt_innen freuen sich auf Ihren Besuch! Peilsteinhaus Das Peilsteinhaus ist nicht nur das Ziel der ersten Etappe des Weges, sondern auch wesentlicher St\u00fctzpunkt der Alpinschule Peilstein. Bieten sich doch die zahlreichen Kletterfelsen des Peilsteins als Kurs- und \u00dcbungsgel\u00e4nde f\u00fcr Kletteraspiranten f\u00f6rmlich [&hellip;]<\/p>\n","protected":false},"author":1,"featured_media":240,"parent":0,"menu_order":0,"comment_status":"closed","ping_status":"closed","template":"","meta":{"ngg_post_thumbnail":0,"footnotes":""},"class_list":["post-208","page","type-page","status-publish","has-post-thumbnail","hentry"],"aioseo_notices":[],"amp_enabled":true,"_links":{"self":[{"href":"http:\/\/www.gebirgsverein-services.at\/kulturweg\/wp-json\/wp\/v2\/pages\/208","targetHints":{"allow":["GET"]}}],"collection":[{"href":"http:\/\/www.gebirgsverein-services.at\/kulturweg\/wp-json\/wp\/v2\/pages"}],"about":[{"href":"http:\/\/www.gebirgsverein-services.at\/kulturweg\/wp-json\/wp\/v2\/types\/page"}],"author":[{"embeddable":true,"href":"http:\/\/www.gebirgsverein-services.at\/kulturweg\/wp-json\/wp\/v2\/users\/1"}],"replies":[{"embeddable":true,"href":"http:\/\/www.gebirgsverein-services.at\/kulturweg\/wp-json\/wp\/v2\/comments?post=208"}],"version-history":[{"count":7,"href":"http:\/\/www.gebirgsverein-services.at\/kulturweg\/wp-json\/wp\/v2\/pages\/208\/revisions"}],"predecessor-version":[{"id":247,"href":"http:\/\/www.gebirgsverein-services.at\/kulturweg\/wp-json\/wp\/v2\/pages\/208\/revisions\/247"}],"wp:featuredmedia":[{"embeddable":true,"href":"http:\/\/www.gebirgsverein-services.at\/kulturweg\/wp-json\/wp\/v2\/media\/240"}],"wp:attachment":[{"href":"http:\/\/www.gebirgsverein-services.at\/kulturweg\/wp-json\/wp\/v2\/media?parent=208"}],"curies":[{"name":"wp","href":"https:\/\/api.w.org\/{rel}","templated":true}]}}