{"id":204,"date":"2018-06-15T11:21:40","date_gmt":"2018-06-15T09:21:40","guid":{"rendered":"http:\/\/www.gebirgsverein-services.at\/kulturweg\/?page_id=204"},"modified":"2023-08-24T14:22:25","modified_gmt":"2023-08-24T12:22:25","slug":"der-weg","status":"publish","type":"page","link":"http:\/\/www.gebirgsverein-services.at\/kulturweg\/der-weg\/","title":{"rendered":"Der Weg"},"content":{"rendered":"<h3>Von Heiligenkreuz auf das Peilsteinhaus<\/h3>\n<p><iframe loading=\"lazy\" src=\"https:\/\/www.komoot.de\/tour\/35509716\/embed?profile=1\" width=\"100%\" height=\"350\" frameborder=\"0\" scrolling=\"no\">&amp;amp;amp;amp;amp;amp;amp;lt;span class=&#8220;mce_SELRES_start&#8220; style=&#8220;width: 0px; line-height: 0; overflow: hidden; display: inline-block;&#8220; data-mce-type=&#8220;bookmark&#8220;&amp;amp;amp;amp;amp;amp;amp;gt;\ufeff&amp;amp;amp;amp;amp;amp;amp;lt;\/span&amp;amp;amp;amp;amp;amp;amp;gt;<\/iframe><\/p>\n<p>Am ersten Tag startet man am besten bei der Bushaltestelle \u201ehinter\u201c dem Stift Heiligenkreuz, wo sich auch der \u201eGipfel\u201c des Kreuzwegs befindet. Den Kreuzweg entlang kann man in den Stiftshof spazieren, wo es laufend sehr interessante F\u00fchrungen gibt. Die Anreise ist hier beschrieben: <a href=\"https:\/\/www.stift-heiligenkreuz.org\/anfahrt\/\" target=\"_blank\" rel=\"noopener noreferrer\">Stift Heiligenkreuz<\/a>. Wir empfehlen eine Anreise mit \u00f6ffentlichen Verkehrsmitteln!<\/p>\n<p>Nun folgen wir der Via Sacra nach Mayerling. Durch sch\u00f6nen Wald wandert man ein St\u00fcck entlang des Kulturweges \u201eBaden &#8211; Mayerling &#8211; Alland\u201c. Die Infotafeln dieses Weges erz\u00e4hlen gut Wissenswertes \u00fcber die Region. In Mayerling angekommen, wartet das <a href=\"http:\/\/karmel-mayerling.org\" target=\"_blank\" rel=\"noopener noreferrer\">ehemalige Jagdschloss<\/a> des Kronzprinzen Rudolf auf einen Besuch.<\/p>\n<p>Weiter geht es ein St\u00fcck auf asphaltierten Wegen Richtung Maria Raisenmarkt. Um ein gutes St\u00fcck Stra\u00dfenweg zu umgehen, empfiehlt sich ein Umweg \u00fcber den \u201eVia Sacra Rundwanderweg\u201c, der an dieser Stelle unmarkiert ist. Der Weg zweigt bei einer Informationstafel nach links ab und m\u00fcndet in einer Wiese, an deren Ende man einfach nach links quert. Bald st\u00f6\u00dft man auf einen gelb markierten Waldweg, der den Wanderer \u00fcber Untermaierhof in den Wallfahrtsort Maria Raisenmarkt bringt. Vorbei an der <a href=\"http:\/\/www.via-sacra.at\/Kirchen\/Raisenmarkt.php\" target=\"_blank\" rel=\"nofollow noopener noreferrer\">Wallfahrtskirche Maria Raisenmarkt<\/a> folgt man der Via&nbsp;Sacra in Richtung Peilstein. Bei einem markanten Felsblock im Wald teilt sich der Weg und wir nehmen den linken Ast, der bergauf f\u00fchrt. Man folgt nun bis zum Tagesziel (Peilsteinhaus und Peilsteingipfelkreuz) dem markierten Weg.<\/p>\n<p>Zweimal gilt es dabei die Augen offen zu halten: an der Stelle am Fu\u00dfe des Arnsteinfelsens, wo ein Pfad nach rechts zur besuchenswerten Arnsteinh\u00f6hle f\u00fchrt. Und zum zweiten Mal da, wo der Weg an der <a href=\"https:\/\/de.wikipedia.org\/wiki\/Burgruine_Arnstein\" target=\"_blank\" rel=\"noopener noreferrer\">Burgruine Arnstein<\/a> vorbeif\u00fchrt. Hier gelangt man auch zur aussichtsreichen und spektakul\u00e4ren Arnsteinnadel.<\/p>\n<h3>Vom Peilsteinhaus in den Kurpark Baden<\/h3>\n<p><iframe loading=\"lazy\" src=\"https:\/\/www.komoot.de\/tour\/35510871\/embed?profile=1\" width=\"100%\" height=\"350\" frameborder=\"0\" scrolling=\"no\">&amp;amp;amp;amp;amp;lt;span class=&#8220;mce_SELRES_start&#8220; style=&#8220;width: 0px; line-height: 0; overflow: hidden; display: inline-block;&#8220; data-mce-type=&#8220;bookmark&#8220;&amp;amp;amp;amp;amp;gt;\ufeff&amp;amp;amp;amp;amp;lt;\/span&amp;amp;amp;amp;amp;gt;<\/iframe><\/p>\n<p>Diese Etappe startet bergab, dem (4)04er-Wanderweg folgend nach Schwarzensee. Der Weiterweg von Schwarzensee erreicht bald eine Asphaltstra\u00dfe, der man eine Zeit lang folgt bis die Abzweigung zum Obermeierhof erreicht wird. Wir gehen weiter auf dem 04er-Weg \u00fcber den sch\u00f6nen Zobelhof und sp\u00e4ter etwas steiler durch typischen Wienerwald-Wald auf den Gipfel des Hohen Lindkogels. Hier wartet nicht nur eine verdiente Erfrischung im Schutzhaus, sondern auch die historische <a href=\"https:\/\/www.wienerwald.info\/ausflug\/a-sina-warte\" target=\"_blank\" rel=\"noopener noreferrer\">Sina-Warte<\/a>, die bestiegen werden will.<\/p>\n<p>Nun durchschreitet man das Eiserne Tor und startet so einen langen Weg bergab. Wir folgen dabei wieder dem (4)04-er, passieren einen wunderbaren Aussichtsplatz samt Hochstand und dann die Karlsruhe. Von dort aus verl\u00e4sst man den 04-er und folgt der gelben Markierung zur Augustinerh\u00fctte und sp\u00e4ter zur Cholerakapelle.<\/p>\n<p>Der gelbe Weg erreicht im Tal das historische und romantische Wegerl im Helenental, \u00fcber das hier auch der Beethovenweg f\u00fchrt. Diesem folgen wir nun &#8211; stets entlang der Schwechat und vorbei am Beethovenstein und am Urteilsstein &#8211; bis zum Hotel Sacher, wo man wieder auf den 04-er, der uns rauf zur <a href=\"https:\/\/de.wikipedia.org\/wiki\/Burgruine_Rauhenstein\" target=\"_blank\" rel=\"noopener noreferrer\">Ruine Rauhenstein<\/a> f\u00fchrt, trifft. Der gr\u00fcnen Markierung folgend erreichen wir den oberen Badener Kurpark beim Pavillon Faberh\u00f6he samt sch\u00f6ner Aussicht.<\/p>\n<p>Im Badener Kurpark wird der Weg nun etwas un\u00fcbersichtlich und wir empfehlen, einfach dem GPS-Track zu folgen. Talw\u00e4rts geht es nun zum <a href=\"https:\/\/www.kaiser-franz-josef-museum-baden.at\/\" target=\"_blank\" rel=\"noopener noreferrer\">Kaiser-Franz-Josef-Museum<\/a>, dessen Besuch lohnt. Die Theresienwarte &#8211; unser n\u00e4chstes Ziel &#8211; muss nat\u00fcrlich der Aussicht wegen bestiegen werden. Vorbei am sch\u00f6nen Rudolfshof und der Karolinen-H\u00f6he steigen wir \u00fcber den steilen, eindrucksvollen Felsenweg zum Casion Baden und den unteren Kurpark ab, wo die Tour in Bahnhofsn\u00e4he endet.<\/p>\n","protected":false},"excerpt":{"rendered":"<p>Von Heiligenkreuz auf das Peilsteinhaus &amp;amp;amp;amp;amp;amp;amp;lt;span class=&#8220;mce_SELRES_start&#8220; style=&#8220;width: 0px; line-height: 0; overflow: hidden; display: inline-block;&#8220; data-mce-type=&#8220;bookmark&#8220;&amp;amp;amp;amp;amp;amp;amp;gt;\ufeff&amp;amp;amp;amp;amp;amp;amp;lt;\/span&amp;amp;amp;amp;amp;amp;amp;gt; Am ersten Tag startet man am besten bei der Bushaltestelle \u201ehinter\u201c dem Stift Heiligenkreuz, wo sich auch der \u201eGipfel\u201c des Kreuzwegs befindet. Den Kreuzweg entlang kann man in den Stiftshof spazieren, wo es laufend sehr interessante F\u00fchrungen gibt. Die [&hellip;]<\/p>\n","protected":false},"author":1,"featured_media":228,"parent":0,"menu_order":0,"comment_status":"closed","ping_status":"closed","template":"","meta":{"ngg_post_thumbnail":0,"footnotes":""},"class_list":["post-204","page","type-page","status-publish","has-post-thumbnail","hentry"],"aioseo_notices":[],"amp_enabled":true,"_links":{"self":[{"href":"http:\/\/www.gebirgsverein-services.at\/kulturweg\/wp-json\/wp\/v2\/pages\/204","targetHints":{"allow":["GET"]}}],"collection":[{"href":"http:\/\/www.gebirgsverein-services.at\/kulturweg\/wp-json\/wp\/v2\/pages"}],"about":[{"href":"http:\/\/www.gebirgsverein-services.at\/kulturweg\/wp-json\/wp\/v2\/types\/page"}],"author":[{"embeddable":true,"href":"http:\/\/www.gebirgsverein-services.at\/kulturweg\/wp-json\/wp\/v2\/users\/1"}],"replies":[{"embeddable":true,"href":"http:\/\/www.gebirgsverein-services.at\/kulturweg\/wp-json\/wp\/v2\/comments?post=204"}],"version-history":[{"count":16,"href":"http:\/\/www.gebirgsverein-services.at\/kulturweg\/wp-json\/wp\/v2\/pages\/204\/revisions"}],"predecessor-version":[{"id":288,"href":"http:\/\/www.gebirgsverein-services.at\/kulturweg\/wp-json\/wp\/v2\/pages\/204\/revisions\/288"}],"wp:featuredmedia":[{"embeddable":true,"href":"http:\/\/www.gebirgsverein-services.at\/kulturweg\/wp-json\/wp\/v2\/media\/228"}],"wp:attachment":[{"href":"http:\/\/www.gebirgsverein-services.at\/kulturweg\/wp-json\/wp\/v2\/media?parent=204"}],"curies":[{"name":"wp","href":"https:\/\/api.w.org\/{rel}","templated":true}]}}