{"id":18,"date":"2018-06-14T17:36:42","date_gmt":"2018-06-14T15:36:42","guid":{"rendered":"http:\/\/www.gebirgsverein-services.at\/kulturweg\/?page_id=18"},"modified":"2020-12-01T14:26:23","modified_gmt":"2020-12-01T13:26:23","slug":"die-ausruestung","status":"publish","type":"page","link":"http:\/\/www.gebirgsverein-services.at\/kulturweg\/die-ausruestung\/","title":{"rendered":"Die Ausr\u00fcstung"},"content":{"rendered":"<p>Der <strong>Kulturweg Wienerwald<\/strong> ist ein einfacher Weg durch wunderbare Landschaft. Die zweite Etappe ist in ihrer L\u00e4nge jedoch nicht zu untersch\u00e4tzen und daher raten wir dazu, den Rucksack nicht allzu schwer zu packen.<\/p>\n<p>Der Weg orientiert sich an bereits bestehenden und sehr gut markierten Wanderwegen. Wir haben uns daher entschlossen, den Kulturweg nicht noch zus\u00e4tzlich zu markieren. Ein GPS oder eine Karte, sowie die Wegbeschreibung von dieser Website erleichtern die Orientierung vor Ort.<\/p>\n<p>Wir empfehlen, folgendes einzupacken:<\/p>\n<ul>\n<li>Geld &amp; Alpenvereins-Mitgliedsausweis<br \/>\nAls Mitglied des Alpenvereins-Gebirgsverein (oder Vereinen mit Gegenseitigkeitsrecht) n\u00e4chtigst du auf unseren H\u00fctten g\u00fcnstiger. Falls du noch nicht Mitglied bist, kannst du eine Mitgliedschaft unter <a href=\"https:\/\/www.mitgliedwerden.at\/\" target=\"_blank\" rel=\"noopener noreferrer\">www.mitgliedwerden.at<\/a> abschlie\u00dfen. Wir freuen uns auf dich!<\/li>\n<li>Funktionsw\u00e4sche zum Wechseln<\/li>\n<li>Handtuch, Zahnb\u00fcrste, Zahnpasta und Seife<\/li>\n<li>H\u00fcttenschlafsack<\/li>\n<li>Wasser oder Tee<\/li>\n<li>Regenschutz<\/li>\n<li>Sonnenschutz<\/li>\n<li>Kapperl oder Schlauchtuch<\/li>\n<li>GPS oder Wanderkarte der Region und Wegbeschreibung<\/li>\n<\/ul>\n","protected":false},"excerpt":{"rendered":"<p>Der Kulturweg Wienerwald ist ein einfacher Weg durch wunderbare Landschaft. Die zweite Etappe ist in ihrer L\u00e4nge jedoch nicht zu untersch\u00e4tzen und daher raten wir dazu, den Rucksack nicht allzu schwer zu packen. Der Weg orientiert sich an bereits bestehenden und sehr gut markierten Wanderwegen. Wir haben uns daher entschlossen, den Kulturweg nicht noch zus\u00e4tzlich [&hellip;]<\/p>\n","protected":false},"author":1,"featured_media":243,"parent":0,"menu_order":0,"comment_status":"closed","ping_status":"closed","template":"","meta":{"ngg_post_thumbnail":0,"footnotes":""},"class_list":["post-18","page","type-page","status-publish","has-post-thumbnail","hentry"],"aioseo_notices":[],"amp_enabled":true,"_links":{"self":[{"href":"http:\/\/www.gebirgsverein-services.at\/kulturweg\/wp-json\/wp\/v2\/pages\/18","targetHints":{"allow":["GET"]}}],"collection":[{"href":"http:\/\/www.gebirgsverein-services.at\/kulturweg\/wp-json\/wp\/v2\/pages"}],"about":[{"href":"http:\/\/www.gebirgsverein-services.at\/kulturweg\/wp-json\/wp\/v2\/types\/page"}],"author":[{"embeddable":true,"href":"http:\/\/www.gebirgsverein-services.at\/kulturweg\/wp-json\/wp\/v2\/users\/1"}],"replies":[{"embeddable":true,"href":"http:\/\/www.gebirgsverein-services.at\/kulturweg\/wp-json\/wp\/v2\/comments?post=18"}],"version-history":[{"count":5,"href":"http:\/\/www.gebirgsverein-services.at\/kulturweg\/wp-json\/wp\/v2\/pages\/18\/revisions"}],"predecessor-version":[{"id":278,"href":"http:\/\/www.gebirgsverein-services.at\/kulturweg\/wp-json\/wp\/v2\/pages\/18\/revisions\/278"}],"wp:featuredmedia":[{"embeddable":true,"href":"http:\/\/www.gebirgsverein-services.at\/kulturweg\/wp-json\/wp\/v2\/media\/243"}],"wp:attachment":[{"href":"http:\/\/www.gebirgsverein-services.at\/kulturweg\/wp-json\/wp\/v2\/media?parent=18"}],"curies":[{"name":"wp","href":"https:\/\/api.w.org\/{rel}","templated":true}]}}