{"id":575,"date":"2023-08-29T10:59:13","date_gmt":"2023-08-29T08:59:13","guid":{"rendered":"https:\/\/www.gebirgsverein-services.at\/hauptversammlung\/?page_id=575"},"modified":"2025-10-29T15:46:44","modified_gmt":"2025-10-29T14:46:44","slug":"hauptversammlung-2025","status":"publish","type":"page","link":"http:\/\/www.gebirgsverein-services.at\/hauptversammlung\/hauptversammlung-2025\/","title":{"rendered":"Hauptversammlung 2025"},"content":{"rendered":"\n<p>Die Hauptversammlung 2025 des Alpenverein-Gebirgsverein steht allen Mitgliedern offen.<\/p>\n\n\n\n<blockquote class=\"wp-block-quote is-layout-flow wp-block-quote-is-layout-flow\">\n<p>Der Alpenverein-Gebirgsverein l\u00e4dt seine Mitglieder herzlich ein zur<\/p>\n\n\n\n<p><strong>Hauptversammlung 2025<br>Freitag, 21. November 2025, 17:00 Uhr<\/strong><\/p>\n\n\n\n<p>Vereinshaus, Lerchenfelder Str. 28, 1080 Wien<\/p>\n<\/blockquote>\n\n\n\n<p>Die&nbsp;<strong>Antragsfrist<\/strong>&nbsp;f\u00fcr Antr\u00e4ge, die jedermann einbringen kann, die jedoch bereits zum Zeitpunkt der Einbringung jeweils von mindestens 5 weiteren Mitgliedern unterst\u00fctzt werden m\u00fcssen, ist der&nbsp;<strong>10. Oktober 2025, 12:00 Uhr.&nbsp;<\/strong>Die Antr\u00e4ge sind per eMail an&nbsp;<a href=\"mailto:management@gebirgsverein.at\">management@gebirgsverein.at<\/a>&nbsp;einzubringen.<\/p>\n\n\n\n<p>Die Antr\u00e4ge werden sp\u00e4testens am 31. Oktober 2025 zur allgemeinen Einsichtnahme auf dieser Website ver\u00f6ffentlicht. Um Antr\u00e4ge im Vorfeld der Hauptversammlung einsehen zu k\u00f6nnen, ist es notwendig, sich mit Name, Vorname, eMail-Adresse und Mitgliedsnummer zu&nbsp;<a href=\"http:\/\/www.gebirgsverein-services.at\/hauptversammlung\/register\/\">registrieren<\/a>. Mitglieder, die sich mit Klarname und Mitgliedsnummer registriert haben, werden nach \u00dcberpr\u00fcfung der Daten freigeschaltet und k\u00f6nnen eingebrachte Antr\u00e4ge lesen, kommentieren und ein Meinungsbild dar\u00fcber abgeben. Dieses Meinungsbild ersetzt nicht die Stimmabgabe im Zuge der Hauptversammlung, sondern dient einzig der Erstellung eines Stimmungsbildes.<\/p>\n\n\n\n<p>Die hier ersichtliche vorl\u00e4ufige Tagesordnung wird jeweils um eingelangte Antr\u00e4ge erweitert, sobald diese entsprechend der&nbsp;<a href=\"http:\/\/www.gebirgsverein-services.at\/downloads\/Gebirgsverein_Satzung_2019.pdf\" target=\"_blank\" rel=\"noreferrer noopener\">Satzungen<\/a>&nbsp;gepr\u00fcft wurden. Sie wird am 31. Oktober 2025 zur endg\u00fcltigen Tagesordnung.<\/p>\n\n\n\n<h3 class=\"wp-block-heading\">Tagesordnung<\/h3>\n\n\n\n<ol class=\"wp-block-list\">\n<li>Begr\u00fc\u00dfung durch den 1. Vorsitzenden, Er\u00f6ffnung der Sitzung<\/li>\n\n\n\n<li>Genehmigung des letzten Protokolls<\/li>\n\n\n\n<li>Bericht \u00fcber die Jahre 2024 und 2025<\/li>\n\n\n\n<li>Gesch\u00e4ftsbericht 2024<\/li>\n\n\n\n<li>Bericht der Rechnungspr\u00fcfer und Entlastung des Vorstandes<\/li>\n\n\n\n<li>Wahl der Rechnungspr\u00fcfer<\/li>\n\n\n\n<li>Voranschlag 2026<\/li>\n\n\n\n<li>Antr\u00e4ge\n<ul class=\"wp-block-list\">\n<li><a href=\"https:\/\/www.gebirgsverein-services.at\/hauptversammlung\/2025\/10\/29\/antrag-nachtraeglich-erhoehung-der-mitgliedsbeitraege-2026\/\" data-type=\"post\" data-id=\"758\">Erh\u00f6hung der Mitgliedsbeitr\u00e4ge 2026<\/a><\/li>\n\n\n\n<li><a href=\"https:\/\/www.gebirgsverein-services.at\/hauptversammlung\/2025\/10\/29\/antrag-erneute-bekundung-sanierung-habsburghaus\/\" data-type=\"post\" data-id=\"761\">Sanierung Habsburghaus<\/a><\/li>\n\n\n\n<li><a href=\"https:\/\/www.gebirgsverein-services.at\/hauptversammlung\/2025\/10\/29\/antrag-statutenaenderung-%c2%a711\/\" data-type=\"post\" data-id=\"763\">Statuten\u00e4nderung<\/a><\/li>\n<\/ul>\n<\/li>\n\n\n\n<li>Allf\u00e4lliges<\/li>\n<\/ol>\n\n\n\n<p><\/p>\n\n\n\n<p>Die statutarisch vorgesehene <strong>Gruppenausschusssitzung<\/strong> fand am 10.9 statt. <\/p>\n","protected":false},"excerpt":{"rendered":"<p>Die Hauptversammlung 2025 des Alpenverein-Gebirgsverein steht allen Mitgliedern offen. Der Alpenverein-Gebirgsverein l\u00e4dt seine Mitglieder herzlich ein zur Hauptversammlung 2025Freitag, 21.\u2026<\/p>\n","protected":false},"author":1,"featured_media":100,"parent":0,"menu_order":0,"comment_status":"closed","ping_status":"closed","template":"","meta":{"footnotes":""},"simple-restrict-permission":[],"class_list":["post-575","page","type-page","status-publish","has-post-thumbnail","hentry"],"_links":{"self":[{"href":"http:\/\/www.gebirgsverein-services.at\/hauptversammlung\/wp-json\/wp\/v2\/pages\/575","targetHints":{"allow":["GET"]}}],"collection":[{"href":"http:\/\/www.gebirgsverein-services.at\/hauptversammlung\/wp-json\/wp\/v2\/pages"}],"about":[{"href":"http:\/\/www.gebirgsverein-services.at\/hauptversammlung\/wp-json\/wp\/v2\/types\/page"}],"author":[{"embeddable":true,"href":"http:\/\/www.gebirgsverein-services.at\/hauptversammlung\/wp-json\/wp\/v2\/users\/1"}],"replies":[{"embeddable":true,"href":"http:\/\/www.gebirgsverein-services.at\/hauptversammlung\/wp-json\/wp\/v2\/comments?post=575"}],"version-history":[{"count":16,"href":"http:\/\/www.gebirgsverein-services.at\/hauptversammlung\/wp-json\/wp\/v2\/pages\/575\/revisions"}],"predecessor-version":[{"id":766,"href":"http:\/\/www.gebirgsverein-services.at\/hauptversammlung\/wp-json\/wp\/v2\/pages\/575\/revisions\/766"}],"wp:featuredmedia":[{"embeddable":true,"href":"http:\/\/www.gebirgsverein-services.at\/hauptversammlung\/wp-json\/wp\/v2\/media\/100"}],"wp:attachment":[{"href":"http:\/\/www.gebirgsverein-services.at\/hauptversammlung\/wp-json\/wp\/v2\/media?parent=575"}],"wp:term":[{"taxonomy":"simple-restrict-permission","embeddable":true,"href":"http:\/\/www.gebirgsverein-services.at\/hauptversammlung\/wp-json\/wp\/v2\/simple-restrict-permission?post=575"}],"curies":[{"name":"wp","href":"https:\/\/api.w.org\/{rel}","templated":true}]}}