{"id":2,"date":"2018-07-31T14:56:26","date_gmt":"2018-07-31T12:56:26","guid":{"rendered":"http:\/\/www.gebirgsverein-services.at\/hauptversammlung\/?page_id=2"},"modified":"2022-08-25T14:04:35","modified_gmt":"2022-08-25T12:04:35","slug":"ao-hauptversammlung-2022","status":"publish","type":"page","link":"http:\/\/www.gebirgsverein-services.at\/hauptversammlung\/ao-hauptversammlung-2022\/","title":{"rendered":"a.o. Hauptversammlung 2022 &#8211; Vereinshaus Neu"},"content":{"rendered":"<p>Die a.o. Hauptversammlung 2022 des Alpenverein-Gebirgsverein steht allen Mitgliedern offen.<\/p>\n<blockquote>\n<p>Der Alpenverein-Gebirgsverein l\u00e4dt seine Mitglieder herzlich ein zur<\/p>\n<h4>a.o. Hauptversammlung 2022 &#8211; Vereinshaus Neu<br>Freitag, 16. September 2022, 17:00 Uhr<\/h4>\n<h5>Vereinshaus, Lerchenfelder Str. 28, 1080 Wien<\/h5>\n<h6><strong>Der Gruppenausschuss tagt am 18.8., 18:30 Uhr, Festsaal (Lerchenfelder Str. 28, 4. Stock).<\/strong><\/h6>\n<\/blockquote>\n<p><span style=\"color: #999999;\">Die <strong>Antragsfrist<\/strong> f\u00fcr Antr\u00e4ge, die jedermann einbringen kann, die jedoch bereits zum Zeitpunkt der Einbringung jeweils von mindestens 5 weiteren Mitgliedern unterst\u00fctzt werden m\u00fcssen, ist der <strong>5. August 2022, 12:00 Uhr. <\/strong>Die Antr\u00e4ge sind per eMail an <a style=\"color: #999999;\" href=\"mailto:management@gebirgsverein.at\">management@gebirgsverein.at<\/a> einzubringen.<\/span><\/p>\n<p><span style=\"color: #999999;\">Die Antr\u00e4ge werden sp\u00e4testens am 26. August 2022 zur allgemeinen Einsichtnahme auf dieser Website ver\u00f6ffentlicht. Um Antr\u00e4ge im Vorfeld der Hauptversammlung einsehen zu k\u00f6nnen, ist es notwendig, sich mit Name, Vorname, eMail-Adresse und Mitgliedsnummer zu <a style=\"color: #999999;\" href=\"http:\/\/www.gebirgsverein-services.at\/hauptversammlung\/register\/\">registrieren<\/a>. Mitglieder, die sich mit Klarname und Mitgliedsnummer registriert haben, werden nach \u00dcberpr\u00fcfung der Daten freigeschaltet und k\u00f6nnen eingebrachte Antr\u00e4ge lesen, kommentieren und ein Meinungsbild dar\u00fcber abgeben. Dieses Meinungsbild ersetzt nicht die Stimmabgabe im Zuge der Hauptversammlung, sondern dient einzig der Erstellung eines Stimmungsbildes.<\/span><\/p>\n<p><span style=\"color: #999999;\">Die hier ersichtliche vorl\u00e4ufige Tagesordnung wird jeweils um eingelangte Antr\u00e4ge erweitert, sobald diese entsprechend der <a style=\"color: #999999;\" href=\"http:\/\/www.gebirgsverein-services.at\/downloads\/Gebirgsverein_Satzung_2019.pdf\" target=\"_blank\" rel=\"noopener noreferrer\">Satzungen<\/a> gepr\u00fcft wurden. Sie wird am 26. August 2022 zur endg\u00fcltigen Tagesordnung.<\/span><\/p>\n<h3><span style=\"color: #999999;\">Tagesordnung<\/span><\/h3>\n<ol>\n<li><span style=\"color: #999999;\">Begr\u00fc\u00dfung durch den 1. Vorsitzenden, Er\u00f6ffnung der Sitzung<\/span><\/li>\n<li><span style=\"color: #999999;\">Vorstellung des Projekt &#8220;Vereinshaus Neu &#8211; Kobingergasse&#8221;<\/span><\/li>\n<li><span style=\"color: #999999;\">Diskussion<\/span><\/li>\n<li><span style=\"color: #999999;\">Beschlussfassung<\/span><del><\/del><\/li>\n<li><span style=\"color: #999999;\">Allf\u00e4lliges<\/span><\/li>\n<\/ol>\n\n\n<hr class=\"wp-block-separator has-alpha-channel-opacity is-style-wide\"\/>\n\n\n\n<div style=\"height:49px\" aria-hidden=\"true\" class=\"wp-block-spacer\"><\/div>\n\n\n\n<p>An dieser Stelle stellen wir Ihnen \u00fcber die n\u00e4chsten Wochen wichtige Informationen zum geplanten neuen Standort zur Verf\u00fcgung. <br>Bei Detailfragen wenden Sie sich bitte an <a href=\"mailto:vereinshaus@gebirgsverein.at\">vereinshaus@gebirgsverein.at<\/a>. <\/p>\n\n\n\n<p><sub>Stand: 22. August 2022<\/sub><\/p>\n\n\n\n<p><sup>Um nachfolgende Punkte einsehen zu k\u00f6nnen, ist es notwendig, sich mit Name, Vorname, eMail-Adresse und Mitgliedsnummer zu <a href=\"http:\/\/www.gebirgsverein-services.at\/hauptversammlung\/register\/\">registrieren<\/a>.<\/sup><\/p>\n\n\n\n<div class=\"wp-block-buttons is-layout-flex wp-block-buttons-is-layout-flex\">\n<div class=\"wp-block-button\"><a class=\"wp-block-button__link\" href=\"http:\/\/www.gebirgsverein-services.at\/hauptversammlung\/2022\/07\/21\/vereinshaus-neu-faq\/\">FAQ zum Projekt &#8230;<\/a><\/div>\n\n\n\n<div class=\"wp-block-button\"><a class=\"wp-block-button__link\" href=\"http:\/\/www.gebirgsverein-services.at\/hauptversammlung\/2022\/07\/21\/plaene-mehr-zum-vereinshaus-neu\/\">Pl\u00e4ne und mehr &#8230;<\/a><\/div>\n<\/div>\n\n\n\n<h1 class=\"wp-block-heading\">Ein neues Vereinshaus f\u00fcr den Alpenverein-Gebirgsverein<br>Vereinshaus Neu \u2013 Kobingergasse<\/h1>\n\n\n\n<h2 class=\"wp-block-heading\">Das Projekt<\/h2>\n\n\n\n<p>2018 hat der Vorstand unseres Vereins im Zuge einer Klausur damit begonnen, die Zukunftstauglichkeit unseres Vereinshauses in der Lerchenfelder Stra\u00dfe 28 in 1080 Wien zu evaluieren. Das historische Geb\u00e4ude, das unsere Vereinsgeschichte und unser Gruppenleben bisher gepr\u00e4gt hat, ist mittlerweile in die Jahre gekommen. Ziel war die Aufstellung der Anforderungen ein ideales Vereinshaus und Pr\u00fcfung unterschiedlicher Szenarien, um diese Anforderungen f\u00fcr uns als Verein zu verwirklichen.<\/p>\n\n\n\n<p>Im Juni 2018 ist im ersten Schritt schlie\u00dflich gemeinsam mit den Vertreter*innen der Gruppen, den Mitarbeiter*innen in der Gesch\u00e4ftsstelle und den Kursleiter*innen eine Aufstellung erfolgt, welche Nutzung im Haus derzeit besteht und was aus operativer Sicht ein optimal zu nutzendes Haus ausmachen w\u00fcrde. Aus diesen Stakeholdern hat sich eine engagierte Arbeitsgruppe etabliert. Es folgte ein entsprechender Workshop im Zuge eines Orts- und Fachgruppentages und damit eine breite Diskussion mit den direkt betroffenen Nutzern des Hauses. Schlie\u00dflich beschloss die Hauptversammlung des Alpenverein-Gebirgsverein noch im selben Jahr die Erstellung eines Nutzungskonzeptes inkl. Variantenstudien zwecks Sanierung\/Revitalisierung unseres Vereinshauses.<\/p>\n\n\n\n<p>Im Folgejahr 2019 musste j\u00e4h unterbrochen werden. Denn im Zuge dieser Studien stellte sich heraus, dass wichtige Widmungen und Brandschutzvorkehrungen des 1901 erbauten Hauses gar nicht vorliegen. Folge waren die Sperre des Kletterzentrums, Einstellung und Auslagerung des Kursbetriebs sowie von Veranstaltungen. Priorit\u00e4t hatten nun bautechnische Ma\u00dfnahmen zur Erf\u00fcllung der Anforderung insbesondere in die Statik und Brandschutz. Zwar konnte diese Sanierung trotz der Coronazeit 2021 fertiggestellt werden, eine vollst\u00e4ndige R\u00fcckkehr zum \u00fcblichen Betrieb war jedoch aufgrund der nunmehrigen Corona-Ma\u00dfnahmen blo\u00df eingeschr\u00e4nkt m\u00f6glich.<\/p>\n\n\n\n<p>W\u00e4hrend der Sperre gingen die Planungen hinsichtlich einer Haussanierung weiter. Bei s\u00e4mtlichen Berechnungen und Planungen zeigte sich, dass trotz unterschiedlichster Varianten der Umbau unseres Altbaus in ein modernes Vereinszentrum schlichtweg unfinanzierbar bleibt. Au\u00dferdem stellt auch der Grundriss unseres Hauses, das als Wohnhaus und nicht als Vereinshaus konzipiert ist, eine gro\u00dfe H\u00fcrde dar. Es folgte daher schlie\u00dflich der Beschluss des Vorstandes, auch andere M\u00f6glichkeiten zu sondieren \u2013 insbesondere den Umzug in eine andere Immobilie und der Verkauf der Liegenschaft Lerchenfelder Str. 28.<\/p>\n\n\n\n<p>Es folgte die diesbez\u00fcgliche Sondierung zahlreicher Projekte und Angebote. Viele davon erschienen bei n\u00e4herer Betrachtung weniger geeignet, zwei davon sehr geeignet. Schlie\u00dflich manifestierte sich eine sehr gute M\u00f6glichkeit, an einem Neubau mitzuwirken und durch den Verkauf unseres Hauses in ein nigelnagelneues Vereinshaus, das voll unseren Anspr\u00fcchen gen\u00fcgt, kostenneutral umzuziehen.<\/p>\n\n\n\n<h2 class=\"wp-block-heading\">Vereinshaus Neu<\/h2>\n\n\n\n<p>Der Vorstand hat nach sorgf\u00e4ltiger Abw\u00e4gung aller F\u00fcr und Wider den einstimmigen Beschluss gefasst, dieses Projekt zu verfolgen und einen Umzug in neu zu errichtendes Eigentum in der Kobingergasse (U-Bahn-Station U6\/U4 L\u00e4ngenfeldgasse) vorbehaltlich eines positiven Beschlusses der Hauptversammlung zu forcieren. Dies umso mehr, als dass durch den Verkauf des aktuellen Vereinshauses ein solcher ohne wesentlichem Fl\u00e4chenverlust weitgehend kostenneutral bzw. im g\u00fcnstigsten Fall sogar mit Gewinn m\u00f6glich ist.<\/p>\n\n\n\n<p>Bei der anberaumten a.o. Hauptversammlung am 16.9.2022 stellt der Vorstand das Projekt zur Diskussion und Beschlussfassung, sodass die Errichtung und in weiterer Folge der Umzug in ein Geb\u00e4ude, das die Anforderungen moderner Vereinsarbeit optimal abdeckt, erm\u00f6glicht wird. Der Termin dieser a.o. Hauptversammlung wurde so gew\u00e4hlt, um im Falle der positiven Beschlussfassung im Zeitplan den Projektbeginn sicherstellen zu k\u00f6nnen.<\/p>\n\n\n\n<p>Viele engagierte Mitglieder haben uns in den vergangenen Jahren in der Arbeitsgruppe begleitet. Um im Vorfeld der Hauptversammlung s\u00e4mtliche Fragen beantworten zu k\u00f6nnen, findet im August ein Gruppenausschuss statt. F\u00fcr alle interessierte Mitglieder besteht die M\u00f6glichkeit, sich \u00fcber <a href=\"mailto:vereinshaus@gebirgsverein.at\">vereinshaus@gebirgsverein.at<\/a> an den Vorstand und Gesch\u00e4ftsstelle f\u00fcr n\u00e4here Details zu wenden.<\/p>\n\n\n\n<p>Wir wollen unseren Verein und das Angebot an alle Mitglieder f\u00fcr die Zukunft fit machen. Nichts zu tun, w\u00fcrde unseren Verein langfristig stagnieren lassen. Wir freuen uns, eine Perspektive pr\u00e4sentieren zu k\u00f6nnen, wie wir unseren Verein und unser Vereinshaus wieder zu einem Ort der Begegnung und zu einem Leuchtturm des Alpenvereins im Wiener Raum machen k\u00f6nnen!<\/p>\n\n\n\n<div style=\"height:66px\" aria-hidden=\"true\" class=\"wp-block-spacer\"><\/div>\n\n\n\n<figure class=\"wp-block-table\"><table><tbody><tr><td><\/td><td><\/td><\/tr><tr><td>Philipp Graf<\/td><td>Christian Schreiter<\/td><\/tr><tr><td><em>1. Vorsitzender<\/em><\/td><td><em>Vereinsmanager<\/em><\/td><\/tr><\/tbody><\/table><\/figure>\n","protected":false},"excerpt":{"rendered":"<p>Die a.o. Hauptversammlung 2022 des Alpenverein-Gebirgsverein steht allen Mitgliedern offen. Der Alpenverein-Gebirgsverein l\u00e4dt seine Mitglieder herzlich ein zur a.o. Hauptversammlung\u2026<\/p>\n","protected":false},"author":1,"featured_media":410,"parent":0,"menu_order":0,"comment_status":"closed","ping_status":"closed","template":"","meta":{"footnotes":""},"simple-restrict-permission":[],"class_list":["post-2","page","type-page","status-publish","has-post-thumbnail","hentry"],"_links":{"self":[{"href":"http:\/\/www.gebirgsverein-services.at\/hauptversammlung\/wp-json\/wp\/v2\/pages\/2","targetHints":{"allow":["GET"]}}],"collection":[{"href":"http:\/\/www.gebirgsverein-services.at\/hauptversammlung\/wp-json\/wp\/v2\/pages"}],"about":[{"href":"http:\/\/www.gebirgsverein-services.at\/hauptversammlung\/wp-json\/wp\/v2\/types\/page"}],"author":[{"embeddable":true,"href":"http:\/\/www.gebirgsverein-services.at\/hauptversammlung\/wp-json\/wp\/v2\/users\/1"}],"replies":[{"embeddable":true,"href":"http:\/\/www.gebirgsverein-services.at\/hauptversammlung\/wp-json\/wp\/v2\/comments?post=2"}],"version-history":[{"count":73,"href":"http:\/\/www.gebirgsverein-services.at\/hauptversammlung\/wp-json\/wp\/v2\/pages\/2\/revisions"}],"predecessor-version":[{"id":517,"href":"http:\/\/www.gebirgsverein-services.at\/hauptversammlung\/wp-json\/wp\/v2\/pages\/2\/revisions\/517"}],"wp:featuredmedia":[{"embeddable":true,"href":"http:\/\/www.gebirgsverein-services.at\/hauptversammlung\/wp-json\/wp\/v2\/media\/410"}],"wp:attachment":[{"href":"http:\/\/www.gebirgsverein-services.at\/hauptversammlung\/wp-json\/wp\/v2\/media?parent=2"}],"wp:term":[{"taxonomy":"simple-restrict-permission","embeddable":true,"href":"http:\/\/www.gebirgsverein-services.at\/hauptversammlung\/wp-json\/wp\/v2\/simple-restrict-permission?post=2"}],"curies":[{"name":"wp","href":"https:\/\/api.w.org\/{rel}","templated":true}]}}