{"id":89,"date":"2017-03-27T12:23:44","date_gmt":"2017-03-27T10:23:44","guid":{"rendered":"http:\/\/www.gebirgsverein-services.at\/gruppen\/?page_id=89"},"modified":"2025-11-17T15:41:02","modified_gmt":"2025-11-17T14:41:02","slug":"out-of-range","status":"publish","type":"page","link":"http:\/\/www.gebirgsverein-services.at\/gruppen\/out-of-range\/","title":{"rendered":"Out of Range"},"content":{"rendered":"<div class=\"elementIncludeGroup\">\n<p>Gruppe f\u00fcr junge Erwachsene (ab 18 Jahren)<\/p>\n<p>Out of Range ist eine Gruppe junger und sich jung f\u00fchlender Menschen, die gerne so ziemlich allen Spielarten am Berg nachgehen. Von Bouldern, Sport- und Alpinklettern \u00fcber Ski-und Hochtouren bis Bikepacken ist alles dabei.<\/p>\n<p>Unser Programm ist auf alle K\u00f6nnensstufen abgestimmt. Das Wichtigste ist uns, gemeinsam drau\u00dfen zu sein.<\/p>\n<p>&nbsp;<\/p>\n<\/div>\n<p style=\"text-align: right;\"><strong>Wir freuen uns jederzeit \u00fcber Neuzug\u00e4nge:<\/strong><\/p>\n<p style=\"text-align: right;\">oor@gebirgsverein.at<br \/>\n+43 650 2734581<\/p>\n<h2>Kommende Aktionen<\/h2>\n<p><strong>18. bis 26.10. <\/strong><br \/>\nGot Boulder &#8211; Boulderreise in Europa \u2013 An den einen regenfreien Ort<\/p>\n<p><strong>18. bis 25.01.2026 <\/strong><br \/>\nGot Powder \u2013 Skitour und Freeride-Wochenende<\/p>\n<p>&nbsp;<\/p>\n<h2><span style=\"font-family: Sintony;\">Gruppenleitung<\/span><\/h2>\n<p>David Stuckey<br \/>\nKatrin Kraus<br \/>\nMoritz Siegel<br \/>\nRobin Schneemeyer<br \/>\nSophie L\u00fccking<\/p>\n<p>&nbsp;<\/p>\n","protected":false},"excerpt":{"rendered":"<p>Gruppe f\u00fcr junge Erwachsene (ab 18 Jahren) Out of Range ist eine Gruppe junger und sich jung f\u00fchlender Menschen, die gerne so ziemlich allen Spielarten am Berg nachgehen. Von Bouldern, Sport- und Alpinklettern \u00fcber Ski-und Hochtouren bis Bikepacken ist alles dabei. Unser Programm ist auf alle K\u00f6nnensstufen abgestimmt. Das Wichtigste ist uns, gemeinsam drau\u00dfen zu [&hellip;]<\/p>\n","protected":false},"author":18,"featured_media":640,"parent":0,"menu_order":0,"comment_status":"closed","ping_status":"closed","template":"","meta":{"_acf_changed":false,"ngg_post_thumbnail":0,"footnotes":""},"class_list":["post-89","page","type-page","status-publish","has-post-thumbnail","czr-hentry"],"acf":[],"amp_enabled":true,"_links":{"self":[{"href":"http:\/\/www.gebirgsverein-services.at\/gruppen\/wp-json\/wp\/v2\/pages\/89","targetHints":{"allow":["GET"]}}],"collection":[{"href":"http:\/\/www.gebirgsverein-services.at\/gruppen\/wp-json\/wp\/v2\/pages"}],"about":[{"href":"http:\/\/www.gebirgsverein-services.at\/gruppen\/wp-json\/wp\/v2\/types\/page"}],"author":[{"embeddable":true,"href":"http:\/\/www.gebirgsverein-services.at\/gruppen\/wp-json\/wp\/v2\/users\/18"}],"replies":[{"embeddable":true,"href":"http:\/\/www.gebirgsverein-services.at\/gruppen\/wp-json\/wp\/v2\/comments?post=89"}],"version-history":[{"count":0,"href":"http:\/\/www.gebirgsverein-services.at\/gruppen\/wp-json\/wp\/v2\/pages\/89\/revisions"}],"wp:featuredmedia":[{"embeddable":true,"href":"http:\/\/www.gebirgsverein-services.at\/gruppen\/wp-json\/wp\/v2\/media\/640"}],"wp:attachment":[{"href":"http:\/\/www.gebirgsverein-services.at\/gruppen\/wp-json\/wp\/v2\/media?parent=89"}],"curies":[{"name":"wp","href":"https:\/\/api.w.org\/{rel}","templated":true}]}}