{"id":6191,"date":"2019-11-18T12:55:51","date_gmt":"2019-11-18T11:55:51","guid":{"rendered":"http:\/\/www.gebirgsverein-services.at\/gruppen\/?page_id=6191"},"modified":"2022-06-01T15:07:48","modified_gmt":"2022-06-01T13:07:48","slug":"ilja-auersperg","status":"publish","type":"page","link":"http:\/\/www.gebirgsverein-services.at\/gruppen\/fachgruppen\/climbing-team\/erwachsene\/ilja-auersperg\/","title":{"rendered":"Ilja Auersperg"},"content":{"rendered":"<p><img decoding=\"async\" class=\"size-medium wp-image-6170 alignright lazyload\" data-src=\"http:\/\/www.gebirgsverein-services.at\/gruppen\/wp-content\/uploads\/2019\/11\/Ilja-7-300x225.jpg\" alt=\"\" width=\"300\" height=\"225\" data-srcset=\"http:\/\/www.gebirgsverein-services.at\/gruppen\/wp-content\/uploads\/2019\/11\/Ilja-7-300x225.jpg 300w, http:\/\/www.gebirgsverein-services.at\/gruppen\/wp-content\/uploads\/2019\/11\/Ilja-7-1024x768.jpg 1024w, http:\/\/www.gebirgsverein-services.at\/gruppen\/wp-content\/uploads\/2019\/11\/Ilja-7-768x576.jpg 768w, http:\/\/www.gebirgsverein-services.at\/gruppen\/wp-content\/uploads\/2019\/11\/Ilja-7-1536x1152.jpg 1536w, http:\/\/www.gebirgsverein-services.at\/gruppen\/wp-content\/uploads\/2019\/11\/Ilja-7-2048x1536.jpg 2048w, http:\/\/www.gebirgsverein-services.at\/gruppen\/wp-content\/uploads\/2019\/11\/Ilja-7-570x428.jpg 570w\" data-sizes=\"(max-width: 300px) 100vw, 300px\" src=\"data:image\/svg+xml;base64,PHN2ZyB3aWR0aD0iMSIgaGVpZ2h0PSIxIiB4bWxucz0iaHR0cDovL3d3dy53My5vcmcvMjAwMC9zdmciPjwvc3ZnPg==\" style=\"--smush-placeholder-width: 300px; --smush-placeholder-aspect-ratio: 300\/225;\" \/><\/p>\n<p><strong>Jahrgang<\/strong>: 2006<\/p>\n<p>&nbsp;<\/p>\n<p><strong>So bin ich zum Klettern\/zum Climbing Team gekommen &#8230;<\/strong><\/p>\n<p>2017 begann ich im marswiesen Team regelm\u00e4\u00dfig zu trainieren (2x pro Woche), dies war mir zu wenig darum wechselte ich 2018 ins Climbingteam.<\/p>\n<p>&nbsp;<\/p>\n<p><img decoding=\"async\" class=\"wp-image-13597 alignleft lazyload\" data-src=\"http:\/\/www.gebirgsverein-services.at\/gruppen\/wp-content\/uploads\/2022\/06\/bernhardfiedlerfoto-8442-200x300.jpeg\" alt=\"\" width=\"233\" height=\"350\" data-srcset=\"http:\/\/www.gebirgsverein-services.at\/gruppen\/wp-content\/uploads\/2022\/06\/bernhardfiedlerfoto-8442-200x300.jpeg 200w, http:\/\/www.gebirgsverein-services.at\/gruppen\/wp-content\/uploads\/2022\/06\/bernhardfiedlerfoto-8442-683x1024.jpeg 683w, http:\/\/www.gebirgsverein-services.at\/gruppen\/wp-content\/uploads\/2022\/06\/bernhardfiedlerfoto-8442-768x1152.jpeg 768w, http:\/\/www.gebirgsverein-services.at\/gruppen\/wp-content\/uploads\/2022\/06\/bernhardfiedlerfoto-8442-1024x1536.jpeg 1024w, http:\/\/www.gebirgsverein-services.at\/gruppen\/wp-content\/uploads\/2022\/06\/bernhardfiedlerfoto-8442-1365x2048.jpeg 1365w, http:\/\/www.gebirgsverein-services.at\/gruppen\/wp-content\/uploads\/2022\/06\/bernhardfiedlerfoto-8442-570x855.jpeg 570w, http:\/\/www.gebirgsverein-services.at\/gruppen\/wp-content\/uploads\/2022\/06\/bernhardfiedlerfoto-8442-scaled.jpeg 1706w\" data-sizes=\"(max-width: 233px) 100vw, 233px\" src=\"data:image\/svg+xml;base64,PHN2ZyB3aWR0aD0iMSIgaGVpZ2h0PSIxIiB4bWxucz0iaHR0cDovL3d3dy53My5vcmcvMjAwMC9zdmciPjwvc3ZnPg==\" style=\"--smush-placeholder-width: 233px; --smush-placeholder-aspect-ratio: 233\/350;\" \/><\/p>\n<p>&nbsp;<\/p>\n<p><strong>Das gef\u00e4llt mir am Klettern\/am Climbing Team:<\/strong><\/p>\n<p>Am Klettern gef\u00e4llt mir, dass ich mich frei bewegen kann und \u00a0dass K\u00f6rper und Psyche speziell gefordert werden.<br \/>\nAm Climbingteam gef\u00e4llt mir dass die KollegInnen und TrainerInnen nett sind und die gegenseitige Unterst\u00fctzung.<\/p>\n<p><strong>Meine liebsten Klettergebiete sind&#8230;<\/strong><br \/>\nFontainebleau, Wachau, \u00a0Furkapass\/Gotthartpass (Schweiz) und Silvapark\/Silvretta<\/p>\n<p>&nbsp;<\/p>\n<p><img decoding=\"async\" class=\"wp-image-13599 alignright lazyload\" data-src=\"http:\/\/www.gebirgsverein-services.at\/gruppen\/wp-content\/uploads\/2022\/06\/IMG_8410-300x200.jpeg\" alt=\"\" width=\"410\" height=\"273\" data-srcset=\"http:\/\/www.gebirgsverein-services.at\/gruppen\/wp-content\/uploads\/2022\/06\/IMG_8410-300x200.jpeg 300w, http:\/\/www.gebirgsverein-services.at\/gruppen\/wp-content\/uploads\/2022\/06\/IMG_8410-1024x681.jpeg 1024w, http:\/\/www.gebirgsverein-services.at\/gruppen\/wp-content\/uploads\/2022\/06\/IMG_8410-768x511.jpeg 768w, http:\/\/www.gebirgsverein-services.at\/gruppen\/wp-content\/uploads\/2022\/06\/IMG_8410-1536x1022.jpeg 1536w, http:\/\/www.gebirgsverein-services.at\/gruppen\/wp-content\/uploads\/2022\/06\/IMG_8410-570x379.jpeg 570w, http:\/\/www.gebirgsverein-services.at\/gruppen\/wp-content\/uploads\/2022\/06\/IMG_8410.jpeg 2000w\" data-sizes=\"(max-width: 410px) 100vw, 410px\" src=\"data:image\/svg+xml;base64,PHN2ZyB3aWR0aD0iMSIgaGVpZ2h0PSIxIiB4bWxucz0iaHR0cDovL3d3dy53My5vcmcvMjAwMC9zdmciPjwvc3ZnPg==\" style=\"--smush-placeholder-width: 410px; --smush-placeholder-aspect-ratio: 410\/273;\" \/><\/p>\n<p>&nbsp;<\/p>\n<p><strong>Mein gr\u00f6\u00dfter Erfolg bisher war<\/strong><\/p>\n<p><em>Wettkampf<\/em>:<\/p>\n<p>\u00d6sterreichischer Meister Bouldern 2020 in Innsbruck<\/p>\n<p>EYC Silber Bouldern 2021 Soure (Portugal)<\/p>\n<p>Europameisterschaft Bouldern 2021 Perm (Russland) 4ter,<\/p>\n<p>A-Cup AK Dornbirn 5ter (Gold in der Klasse U18)<\/p>\n<p><img decoding=\"async\" class=\"wp-image-13600 alignleft lazyload\" data-src=\"http:\/\/www.gebirgsverein-services.at\/gruppen\/wp-content\/uploads\/2022\/06\/IMG_8426-300x200.jpeg\" alt=\"\" width=\"404\" height=\"269\" data-srcset=\"http:\/\/www.gebirgsverein-services.at\/gruppen\/wp-content\/uploads\/2022\/06\/IMG_8426-300x200.jpeg 300w, http:\/\/www.gebirgsverein-services.at\/gruppen\/wp-content\/uploads\/2022\/06\/IMG_8426-1024x681.jpeg 1024w, http:\/\/www.gebirgsverein-services.at\/gruppen\/wp-content\/uploads\/2022\/06\/IMG_8426-768x511.jpeg 768w, http:\/\/www.gebirgsverein-services.at\/gruppen\/wp-content\/uploads\/2022\/06\/IMG_8426-1536x1022.jpeg 1536w, http:\/\/www.gebirgsverein-services.at\/gruppen\/wp-content\/uploads\/2022\/06\/IMG_8426-570x379.jpeg 570w, http:\/\/www.gebirgsverein-services.at\/gruppen\/wp-content\/uploads\/2022\/06\/IMG_8426.jpeg 2000w\" data-sizes=\"(max-width: 404px) 100vw, 404px\" src=\"data:image\/svg+xml;base64,PHN2ZyB3aWR0aD0iMSIgaGVpZ2h0PSIxIiB4bWxucz0iaHR0cDovL3d3dy53My5vcmcvMjAwMC9zdmciPjwvc3ZnPg==\" style=\"--smush-placeholder-width: 404px; --smush-placeholder-aspect-ratio: 404\/269;\" \/><\/p>\n<p><em>Lead<\/em>:<\/p>\n<p>Ein paar 8bs<\/p>\n<p>&nbsp;<\/p>\n<p><em>Bouldern:<\/em><\/p>\n<p>8b FA (Paper dreams) und einige 8as (in Bleau)\u2026<\/p>\n<p>&nbsp;<\/p>\n<p><img decoding=\"async\" class=\"wp-image-6171 alignright lazyload\" data-src=\"http:\/\/www.gebirgsverein-services.at\/gruppen\/wp-content\/uploads\/2019\/11\/Ilja-8-300x225.jpg\" alt=\"\" width=\"340\" height=\"255\" data-srcset=\"http:\/\/www.gebirgsverein-services.at\/gruppen\/wp-content\/uploads\/2019\/11\/Ilja-8-300x225.jpg 300w, http:\/\/www.gebirgsverein-services.at\/gruppen\/wp-content\/uploads\/2019\/11\/Ilja-8-1024x768.jpg 1024w, http:\/\/www.gebirgsverein-services.at\/gruppen\/wp-content\/uploads\/2019\/11\/Ilja-8-768x576.jpg 768w, http:\/\/www.gebirgsverein-services.at\/gruppen\/wp-content\/uploads\/2019\/11\/Ilja-8-1536x1152.jpg 1536w, http:\/\/www.gebirgsverein-services.at\/gruppen\/wp-content\/uploads\/2019\/11\/Ilja-8-2048x1536.jpg 2048w, http:\/\/www.gebirgsverein-services.at\/gruppen\/wp-content\/uploads\/2019\/11\/Ilja-8-570x428.jpg 570w\" data-sizes=\"(max-width: 340px) 100vw, 340px\" src=\"data:image\/svg+xml;base64,PHN2ZyB3aWR0aD0iMSIgaGVpZ2h0PSIxIiB4bWxucz0iaHR0cDovL3d3dy53My5vcmcvMjAwMC9zdmciPjwvc3ZnPg==\" style=\"--smush-placeholder-width: 340px; --smush-placeholder-aspect-ratio: 340\/255;\" \/><\/p>\n<p>&nbsp;<\/p>\n<p><em>Mehrseill\u00e4ngen:<\/em><br \/>\nKassasturz 6c (Furka)<br \/>\nMummery 6c+ (10sl. 6b+) (Handegg)<\/p>\n<p>&nbsp;<\/p>\n<p><strong>Meine beste Klettererfahrung war&#8230;<\/strong><br \/>\nzu merken das was weitergeht und sich das Training auszahlt<\/p>\n<figure id=\"attachment_13596\" aria-describedby=\"caption-attachment-13596\" style=\"width: 237px\" class=\"wp-caption alignleft\"><img decoding=\"async\" class=\"wp-image-13596 lazyload\" data-src=\"http:\/\/www.gebirgsverein-services.at\/gruppen\/wp-content\/uploads\/2022\/06\/bernhardfiedlerfoto-0524-200x300.jpeg\" alt=\"\" width=\"237\" height=\"356\" data-srcset=\"http:\/\/www.gebirgsverein-services.at\/gruppen\/wp-content\/uploads\/2022\/06\/bernhardfiedlerfoto-0524-200x300.jpeg 200w, http:\/\/www.gebirgsverein-services.at\/gruppen\/wp-content\/uploads\/2022\/06\/bernhardfiedlerfoto-0524-683x1024.jpeg 683w, http:\/\/www.gebirgsverein-services.at\/gruppen\/wp-content\/uploads\/2022\/06\/bernhardfiedlerfoto-0524-768x1152.jpeg 768w, http:\/\/www.gebirgsverein-services.at\/gruppen\/wp-content\/uploads\/2022\/06\/bernhardfiedlerfoto-0524-1024x1536.jpeg 1024w, http:\/\/www.gebirgsverein-services.at\/gruppen\/wp-content\/uploads\/2022\/06\/bernhardfiedlerfoto-0524-1365x2048.jpeg 1365w, http:\/\/www.gebirgsverein-services.at\/gruppen\/wp-content\/uploads\/2022\/06\/bernhardfiedlerfoto-0524-570x855.jpeg 570w, http:\/\/www.gebirgsverein-services.at\/gruppen\/wp-content\/uploads\/2022\/06\/bernhardfiedlerfoto-0524-scaled.jpeg 1706w\" data-sizes=\"(max-width: 237px) 100vw, 237px\" src=\"data:image\/svg+xml;base64,PHN2ZyB3aWR0aD0iMSIgaGVpZ2h0PSIxIiB4bWxucz0iaHR0cDovL3d3dy53My5vcmcvMjAwMC9zdmciPjwvc3ZnPg==\" style=\"--smush-placeholder-width: 237px; --smush-placeholder-aspect-ratio: 237\/356;\" \/><figcaption id=\"caption-attachment-13596\" class=\"wp-caption-text\">Toastaky 8a<\/figcaption><\/figure>\n<p>&nbsp;<\/p>\n<p>&nbsp;<\/p>\n<p><strong>Was mache ich sonst gerne:<\/strong><\/p>\n<p>mich mit Freunden treffen, Musik h\u00f6ren und schlafen\u2026<\/p>\n<p>&nbsp;<\/p>\n<p><strong>Ein Leben ohne Klettern w\u00e4re&#8230;<\/strong><br \/>\nSo wie ein leben ohne Freunde (schrecklich)<\/p>\n<p>&nbsp;<\/p>\n<p>&nbsp;<\/p>\n<p>&nbsp;<\/p>\n<p>&nbsp;<\/p>\n","protected":false},"excerpt":{"rendered":"<p>Jahrgang: 2006 &nbsp; So bin ich zum Klettern\/zum Climbing Team gekommen &#8230; 2017 begann ich im marswiesen Team regelm\u00e4\u00dfig zu trainieren (2x pro Woche), dies war mir zu wenig darum wechselte ich 2018 ins Climbingteam. &nbsp; &nbsp; Das gef\u00e4llt mir am Klettern\/am Climbing Team: Am Klettern gef\u00e4llt mir, dass ich mich frei bewegen kann und [&hellip;]<\/p>\n","protected":false},"author":43,"featured_media":0,"parent":4767,"menu_order":6,"comment_status":"closed","ping_status":"closed","template":"","meta":{"_acf_changed":false,"ngg_post_thumbnail":0,"footnotes":""},"class_list":["post-6191","page","type-page","status-publish","czr-hentry"],"acf":[],"amp_enabled":true,"_links":{"self":[{"href":"http:\/\/www.gebirgsverein-services.at\/gruppen\/wp-json\/wp\/v2\/pages\/6191","targetHints":{"allow":["GET"]}}],"collection":[{"href":"http:\/\/www.gebirgsverein-services.at\/gruppen\/wp-json\/wp\/v2\/pages"}],"about":[{"href":"http:\/\/www.gebirgsverein-services.at\/gruppen\/wp-json\/wp\/v2\/types\/page"}],"author":[{"embeddable":true,"href":"http:\/\/www.gebirgsverein-services.at\/gruppen\/wp-json\/wp\/v2\/users\/43"}],"replies":[{"embeddable":true,"href":"http:\/\/www.gebirgsverein-services.at\/gruppen\/wp-json\/wp\/v2\/comments?post=6191"}],"version-history":[{"count":0,"href":"http:\/\/www.gebirgsverein-services.at\/gruppen\/wp-json\/wp\/v2\/pages\/6191\/revisions"}],"up":[{"embeddable":true,"href":"http:\/\/www.gebirgsverein-services.at\/gruppen\/wp-json\/wp\/v2\/pages\/4767"}],"wp:attachment":[{"href":"http:\/\/www.gebirgsverein-services.at\/gruppen\/wp-json\/wp\/v2\/media?parent=6191"}],"curies":[{"name":"wp","href":"https:\/\/api.w.org\/{rel}","templated":true}]}}