{"id":5949,"date":"2019-11-11T12:46:23","date_gmt":"2019-11-11T11:46:23","guid":{"rendered":"http:\/\/www.gebirgsverein-services.at\/gruppen\/?page_id=5949"},"modified":"2022-05-31T17:50:48","modified_gmt":"2022-05-31T15:50:48","slug":"phibie-vidic","status":"publish","type":"page","link":"http:\/\/www.gebirgsverein-services.at\/gruppen\/fachgruppen\/climbing-team\/erwachsene\/phibie-vidic\/","title":{"rendered":"Phibie Vidic"},"content":{"rendered":"<p><img decoding=\"async\" class=\"size-medium wp-image-6161 alignright lazyload\" data-src=\"http:\/\/www.gebirgsverein-services.at\/gruppen\/wp-content\/uploads\/2019\/11\/Phibie-2-291x300.jpg\" alt=\"\" width=\"291\" height=\"300\" data-srcset=\"http:\/\/www.gebirgsverein-services.at\/gruppen\/wp-content\/uploads\/2019\/11\/Phibie-2-291x300.jpg 291w, http:\/\/www.gebirgsverein-services.at\/gruppen\/wp-content\/uploads\/2019\/11\/Phibie-2-992x1024.jpg 992w, http:\/\/www.gebirgsverein-services.at\/gruppen\/wp-content\/uploads\/2019\/11\/Phibie-2-768x793.jpg 768w, http:\/\/www.gebirgsverein-services.at\/gruppen\/wp-content\/uploads\/2019\/11\/Phibie-2-1488x1536.jpg 1488w, http:\/\/www.gebirgsverein-services.at\/gruppen\/wp-content\/uploads\/2019\/11\/Phibie-2-1984x2048.jpg 1984w, http:\/\/www.gebirgsverein-services.at\/gruppen\/wp-content\/uploads\/2019\/11\/Phibie-2-570x588.jpg 570w\" data-sizes=\"(max-width: 291px) 100vw, 291px\" src=\"data:image\/svg+xml;base64,PHN2ZyB3aWR0aD0iMSIgaGVpZ2h0PSIxIiB4bWxucz0iaHR0cDovL3d3dy53My5vcmcvMjAwMC9zdmciPjwvc3ZnPg==\" style=\"--smush-placeholder-width: 291px; --smush-placeholder-aspect-ratio: 291\/300;\" \/><\/p>\n<p><strong>Wer bin ich, wie bin ich zum Klettern gekommen?<\/strong><\/p>\n<p>Ich wurde 2005 in Wien geboren und war von klein auf ein \u201eKlettermaxl\u201c. Mit 5 habe ich dann mit Kletterkursen angefangen und wurde mit 9 Jahren gefragt, ob ich in die Leistungsgruppe wechseln will. So entwickelte ich langsam aus einer Liebe zum Klettern die Begeisterung f\u00fcr den Kletterwettkampfsport.<\/p>\n<p>Mein bestes Ergebnis war 2018 der Vizemeistertitel bei der \u00d6sterreichischen Meisterschaft. Das Jahr 2018 schloss ich als 6. im \u00f6sterreichischen Ranking ab (Lead).<\/p>\n<p>Seitdem ich in die Oberstufe eines Sportleistungsgymnasium gehe, kann ich mich voll auf meine Leidenschaft Klettern konzentrieren und 7x in der Woche trainiere<strong>n<\/strong><\/p>\n<p><strong>Was Klettern f\u00fcr mich bedeutet<\/strong><\/p>\n<p>Ein Leben ohne Klettern w\u00e4re f\u00fcr mich unvorstellbar. Klettern geh\u00f6rt einfach zu meinem Leben dazu und mittlerweile klettere ich auch sehr oft. Ich klettere leidenschaftlich gerne am Fels und meine schwerste Route dort war bislang eine 7a+. Auch Klettersteige finde ich spannend. Dennoch geh\u00f6rt dem Sportklettern in der Halle eindeutig mein Herz.<\/p>\n<p>Das Climbingteam ist wie eine zweite Familie und die Sommer-Camps bedeuten jedes Mal im Sommer sehr viel Spa\u00df. In der Zukunft versuche ich auf jeden Fall weiterhin immer besser zu werden, und mein ganz gro\u00dfes Ziel ist es, bei internationalen Wettk\u00e4mpfen dabei zu sein.<\/p>\n<p>&nbsp;<\/p>\n<p><img decoding=\"async\" class=\"wp-image-6160 aligncenter lazyload\" data-src=\"http:\/\/www.gebirgsverein-services.at\/gruppen\/wp-content\/uploads\/2019\/11\/Phibie-1-1-300x283.jpg\" alt=\"\" width=\"322\" height=\"304\" data-srcset=\"http:\/\/www.gebirgsverein-services.at\/gruppen\/wp-content\/uploads\/2019\/11\/Phibie-1-1-300x283.jpg 300w, http:\/\/www.gebirgsverein-services.at\/gruppen\/wp-content\/uploads\/2019\/11\/Phibie-1-1-1024x967.jpg 1024w, http:\/\/www.gebirgsverein-services.at\/gruppen\/wp-content\/uploads\/2019\/11\/Phibie-1-1-768x725.jpg 768w, http:\/\/www.gebirgsverein-services.at\/gruppen\/wp-content\/uploads\/2019\/11\/Phibie-1-1-1536x1451.jpg 1536w, http:\/\/www.gebirgsverein-services.at\/gruppen\/wp-content\/uploads\/2019\/11\/Phibie-1-1-570x538.jpg 570w, http:\/\/www.gebirgsverein-services.at\/gruppen\/wp-content\/uploads\/2019\/11\/Phibie-1-1.jpg 1836w\" data-sizes=\"(max-width: 322px) 100vw, 322px\" src=\"data:image\/svg+xml;base64,PHN2ZyB3aWR0aD0iMSIgaGVpZ2h0PSIxIiB4bWxucz0iaHR0cDovL3d3dy53My5vcmcvMjAwMC9zdmciPjwvc3ZnPg==\" style=\"--smush-placeholder-width: 322px; --smush-placeholder-aspect-ratio: 322\/304;\" \/><\/p>\n","protected":false},"excerpt":{"rendered":"<p>Wer bin ich, wie bin ich zum Klettern gekommen? Ich wurde 2005 in Wien geboren und war von klein auf ein \u201eKlettermaxl\u201c. Mit 5 habe ich dann mit Kletterkursen angefangen und wurde mit 9 Jahren gefragt, ob ich in die Leistungsgruppe wechseln will. So entwickelte ich langsam aus einer Liebe zum Klettern die Begeisterung f\u00fcr [&hellip;]<\/p>\n","protected":false},"author":43,"featured_media":0,"parent":4767,"menu_order":12,"comment_status":"closed","ping_status":"closed","template":"","meta":{"_acf_changed":false,"ngg_post_thumbnail":0,"footnotes":""},"class_list":["post-5949","page","type-page","status-publish","czr-hentry"],"acf":[],"amp_enabled":true,"_links":{"self":[{"href":"http:\/\/www.gebirgsverein-services.at\/gruppen\/wp-json\/wp\/v2\/pages\/5949","targetHints":{"allow":["GET"]}}],"collection":[{"href":"http:\/\/www.gebirgsverein-services.at\/gruppen\/wp-json\/wp\/v2\/pages"}],"about":[{"href":"http:\/\/www.gebirgsverein-services.at\/gruppen\/wp-json\/wp\/v2\/types\/page"}],"author":[{"embeddable":true,"href":"http:\/\/www.gebirgsverein-services.at\/gruppen\/wp-json\/wp\/v2\/users\/43"}],"replies":[{"embeddable":true,"href":"http:\/\/www.gebirgsverein-services.at\/gruppen\/wp-json\/wp\/v2\/comments?post=5949"}],"version-history":[{"count":0,"href":"http:\/\/www.gebirgsverein-services.at\/gruppen\/wp-json\/wp\/v2\/pages\/5949\/revisions"}],"up":[{"embeddable":true,"href":"http:\/\/www.gebirgsverein-services.at\/gruppen\/wp-json\/wp\/v2\/pages\/4767"}],"wp:attachment":[{"href":"http:\/\/www.gebirgsverein-services.at\/gruppen\/wp-json\/wp\/v2\/media?parent=5949"}],"curies":[{"name":"wp","href":"https:\/\/api.w.org\/{rel}","templated":true}]}}