{"id":5876,"date":"2019-11-08T12:38:00","date_gmt":"2019-11-08T11:38:00","guid":{"rendered":"http:\/\/www.gebirgsverein-services.at\/gruppen\/?page_id=5876"},"modified":"2019-11-14T11:33:29","modified_gmt":"2019-11-14T10:33:29","slug":"nati-knotek","status":"publish","type":"page","link":"http:\/\/www.gebirgsverein-services.at\/gruppen\/fachgruppen\/climbing-team\/erwachsene\/nati-knotek\/","title":{"rendered":"Nati Knotek"},"content":{"rendered":"<p><img decoding=\"async\" class=\"wp-image-5877 alignleft lazyload\" data-src=\"http:\/\/www.gebirgsverein-services.at\/gruppen\/wp-content\/uploads\/2019\/11\/Nathi-Profil-1-200x300.jpg\" alt=\"\" width=\"161\" height=\"242\" data-srcset=\"http:\/\/www.gebirgsverein-services.at\/gruppen\/wp-content\/uploads\/2019\/11\/Nathi-Profil-1-200x300.jpg 200w, http:\/\/www.gebirgsverein-services.at\/gruppen\/wp-content\/uploads\/2019\/11\/Nathi-Profil-1-768x1153.jpg 768w, http:\/\/www.gebirgsverein-services.at\/gruppen\/wp-content\/uploads\/2019\/11\/Nathi-Profil-1-682x1024.jpg 682w, http:\/\/www.gebirgsverein-services.at\/gruppen\/wp-content\/uploads\/2019\/11\/Nathi-Profil-1-570x856.jpg 570w, http:\/\/www.gebirgsverein-services.at\/gruppen\/wp-content\/uploads\/2019\/11\/Nathi-Profil-1.jpg 1066w\" data-sizes=\"(max-width: 161px) 100vw, 161px\" src=\"data:image\/svg+xml;base64,PHN2ZyB3aWR0aD0iMSIgaGVpZ2h0PSIxIiB4bWxucz0iaHR0cDovL3d3dy53My5vcmcvMjAwMC9zdmciPjwvc3ZnPg==\" style=\"--smush-placeholder-width: 161px; --smush-placeholder-aspect-ratio: 161\/242;\" \/><\/p>\n<p>&nbsp;<\/p>\n<p><strong>Wie bin ich zum Klettern gekommen?<\/strong><\/p>\n<p>Mit 8 Jahren habe ich mich zum ersten Mal in Kletterschuhe gezw\u00e4ngt und meinen ersten Boulder bezwungen. Damals wurde ich von ehemalige Klassenkollegen gefragt, ob ich nicht auch einmal an einem Kletterkurs im Gebirgsverein teilnehmen m\u00f6chte. Der mir zu der Zeit noch vollkommen neue Sport faszinierte mich so sehr, dass ich bis heute nicht wieder davon abgekommen bin.<\/p>\n<p>&nbsp;<\/p>\n<p>&nbsp;<\/p>\n<p><strong><img decoding=\"async\" class=\"wp-image-5841 alignright lazyload\" data-src=\"http:\/\/www.gebirgsverein-services.at\/gruppen\/wp-content\/uploads\/2019\/11\/Nati-Burg-225x300.jpg\" alt=\"\" width=\"308\" height=\"410\" data-srcset=\"http:\/\/www.gebirgsverein-services.at\/gruppen\/wp-content\/uploads\/2019\/11\/Nati-Burg-225x300.jpg 225w, http:\/\/www.gebirgsverein-services.at\/gruppen\/wp-content\/uploads\/2019\/11\/Nati-Burg-768x1024.jpg 768w, http:\/\/www.gebirgsverein-services.at\/gruppen\/wp-content\/uploads\/2019\/11\/Nati-Burg-570x760.jpg 570w, http:\/\/www.gebirgsverein-services.at\/gruppen\/wp-content\/uploads\/2019\/11\/Nati-Burg.jpg 1200w\" data-sizes=\"(max-width: 308px) 100vw, 308px\" src=\"data:image\/svg+xml;base64,PHN2ZyB3aWR0aD0iMSIgaGVpZ2h0PSIxIiB4bWxucz0iaHR0cDovL3d3dy53My5vcmcvMjAwMC9zdmciPjwvc3ZnPg==\" style=\"--smush-placeholder-width: 308px; --smush-placeholder-aspect-ratio: 308\/410;\" \/>Warum klettere ich?<\/strong><\/p>\n<p>Das Wichtigste ist wahrscheinlich, weil mir dieser Sport einen irrsinnigen Spa\u00df macht. Das Klettern hilft mir mich zu konzentrieren, da ich, um zum Beispiel Schl\u00fcsselstellen in Routen zu l\u00f6sen, hohe Konzentration aufbringen muss. Andererseits ich kann mich auch einfach nach einem anstrengenden Tag komplett auspowern, sodass ich am Abend m\u00fcde und zufrieden ins Bett falle. Au\u00dferdem kann ich meine Grenzen kennenlernen, sie m\u00f6glicherweise erweitern, und mir Ziele setzten um diese so gut wie m\u00f6glich zu erreichen. Ein weiterer, sehr wichtiger Aspekt, warum ich das Klettern so sehr mag, sind die Leute auf die man im Laufe der Zeit trifft. So habe ich gute Freundschaften geschlossen die heute wohlm\u00f6glich gar nicht mehr wegzudenken w\u00e4ren. Im Training kann ich mit Hilfe meiner TrainerInnen meinen Zielen n\u00e4herkommen und zusammen mit meinen Team-KollegInnen eine leiwande Zeit verbringen.<\/p>\n<p><img decoding=\"async\" class=\"alignleft lazyload\" data-src=\"http:\/\/nessy-edv.at\/oeav\/avAssets\/img\/_gebirgsverein\/Kletterzentrum\/Climbing%20Team%20GV\/Profile\/Nathi%201.jpg\" alt=\"\" width=\"307\" height=\"461\" data-cke-saved-src=\"\/oeav\/avAssets\/img\/_gebirgsverein\/Kletterzentrum\/Climbing%20Team%20GV\/Profile\/Nathi%201.jpg\" src=\"data:image\/svg+xml;base64,PHN2ZyB3aWR0aD0iMSIgaGVpZ2h0PSIxIiB4bWxucz0iaHR0cDovL3d3dy53My5vcmcvMjAwMC9zdmciPjwvc3ZnPg==\" style=\"--smush-placeholder-width: 307px; --smush-placeholder-aspect-ratio: 307\/461;\" \/><\/p>\n<p>&nbsp;<\/p>\n<p><strong>Sonstiges\u2026<\/strong><\/p>\n<p>Durch das Klettern kommt man herum. Sei es durch Wettk\u00e4mpfe, oder Kletterurlaube, man lernt sch\u00f6ne Orte und interessante Menschen kennen. \u00a0Durch die Trainingslager der vergangenen Jahre konnte ich schon mehrmals in Fontainebleau bouldern, und in Omi\u0161 sowie auf Hvar in meine ersten schwereren Routen am Fels einsteigen. . Au\u00dferdem hatte ich schon das Vergn\u00fcgen unter anderem in Italien, Deutschland Kroatien und Slowenien zu klettern. Auch innerhalb \u00d6sterreichs lernt man sch\u00f6ne Gebiete kennen, in denen man klettern kann.<\/p>\n<p>Was mir am Klettern sehr gef\u00e4llt ist, dass man so viele M\u00f6glichkeiten hat, den Sport auszu\u00fcben. Man kann selbst entscheiden ob man zum Beispiel lieber Wettk\u00e4mpfe klettert, sich eher auf das Hallen- oder Felsklettern spezialisiert, das Klettern als Leistungssport oder aber eher als Freizeitbesch\u00e4ftigung sieht, jede\/r kann den Sport auf seine oder ihre pers\u00f6nliche Weise ausleben und Spa\u00df daran haben.<\/p>\n<p><strong>\u00a0 \u00a0 \u00a0 \u00a0 \u00a0 \u00a0 \u00a0 \u00a0 \u00a0 \u00a0 \u00a0 \u00a0 \u00a0 \u00a0 \u00a0 \u00a0 \u00a0 \u00a0 \u00a0 \u00a0 \u00a0 \u00a0 \u00a0 \u00a0 \u00a0 \u00a0 <\/strong><\/p>\n<p><img decoding=\"async\" class=\"aligncenter lazyload\" data-src=\"http:\/\/nessy-edv.at\/oeav\/avAssets\/img\/_gebirgsverein\/Kletterzentrum\/Climbing%20Team%20GV\/Profile\/Nathi%202.jpg\" alt=\"\" width=\"607\" height=\"228\" data-cke-saved-src=\"\/oeav\/avAssets\/img\/_gebirgsverein\/Kletterzentrum\/Climbing%20Team%20GV\/Profile\/Nathi%202.jpg\" src=\"data:image\/svg+xml;base64,PHN2ZyB3aWR0aD0iMSIgaGVpZ2h0PSIxIiB4bWxucz0iaHR0cDovL3d3dy53My5vcmcvMjAwMC9zdmciPjwvc3ZnPg==\" style=\"--smush-placeholder-width: 607px; --smush-placeholder-aspect-ratio: 607\/228;\" \/><\/p>\n<p style=\"text-align: center;\">Fontainebleau 2015<\/p>\n","protected":false},"excerpt":{"rendered":"<p>&nbsp; Wie bin ich zum Klettern gekommen? Mit 8 Jahren habe ich mich zum ersten Mal in Kletterschuhe gezw\u00e4ngt und meinen ersten Boulder bezwungen. Damals wurde ich von ehemalige Klassenkollegen gefragt, ob ich nicht auch einmal an einem Kletterkurs im Gebirgsverein teilnehmen m\u00f6chte. Der mir zu der Zeit noch vollkommen neue Sport faszinierte mich so [&hellip;]<\/p>\n","protected":false},"author":43,"featured_media":0,"parent":4767,"menu_order":0,"comment_status":"closed","ping_status":"closed","template":"","meta":{"_acf_changed":false,"ngg_post_thumbnail":0,"footnotes":""},"class_list":["post-5876","page","type-page","status-publish","czr-hentry"],"acf":[],"amp_enabled":true,"_links":{"self":[{"href":"http:\/\/www.gebirgsverein-services.at\/gruppen\/wp-json\/wp\/v2\/pages\/5876","targetHints":{"allow":["GET"]}}],"collection":[{"href":"http:\/\/www.gebirgsverein-services.at\/gruppen\/wp-json\/wp\/v2\/pages"}],"about":[{"href":"http:\/\/www.gebirgsverein-services.at\/gruppen\/wp-json\/wp\/v2\/types\/page"}],"author":[{"embeddable":true,"href":"http:\/\/www.gebirgsverein-services.at\/gruppen\/wp-json\/wp\/v2\/users\/43"}],"replies":[{"embeddable":true,"href":"http:\/\/www.gebirgsverein-services.at\/gruppen\/wp-json\/wp\/v2\/comments?post=5876"}],"version-history":[{"count":0,"href":"http:\/\/www.gebirgsverein-services.at\/gruppen\/wp-json\/wp\/v2\/pages\/5876\/revisions"}],"up":[{"embeddable":true,"href":"http:\/\/www.gebirgsverein-services.at\/gruppen\/wp-json\/wp\/v2\/pages\/4767"}],"wp:attachment":[{"href":"http:\/\/www.gebirgsverein-services.at\/gruppen\/wp-json\/wp\/v2\/media?parent=5876"}],"curies":[{"name":"wp","href":"https:\/\/api.w.org\/{rel}","templated":true}]}}