{"id":5871,"date":"2019-11-08T12:28:51","date_gmt":"2019-11-08T11:28:51","guid":{"rendered":"http:\/\/www.gebirgsverein-services.at\/gruppen\/?page_id=5871"},"modified":"2019-11-14T11:29:49","modified_gmt":"2019-11-14T10:29:49","slug":"angi-vondracek","status":"publish","type":"page","link":"http:\/\/www.gebirgsverein-services.at\/gruppen\/fachgruppen\/climbing-team\/erwachsene\/angi-vondracek\/","title":{"rendered":"Angi Vondracek"},"content":{"rendered":"<p><img decoding=\"async\" class=\"size-medium wp-image-5713 alignright lazyload\" data-src=\"http:\/\/www.gebirgsverein-services.at\/gruppen\/wp-content\/uploads\/2019\/11\/Angi-Baby-210x300.png\" alt=\"\" width=\"210\" height=\"300\" data-srcset=\"http:\/\/www.gebirgsverein-services.at\/gruppen\/wp-content\/uploads\/2019\/11\/Angi-Baby-210x300.png 210w, http:\/\/www.gebirgsverein-services.at\/gruppen\/wp-content\/uploads\/2019\/11\/Angi-Baby.png 384w\" data-sizes=\"(max-width: 210px) 100vw, 210px\" src=\"data:image\/svg+xml;base64,PHN2ZyB3aWR0aD0iMSIgaGVpZ2h0PSIxIiB4bWxucz0iaHR0cDovL3d3dy53My5vcmcvMjAwMC9zdmciPjwvc3ZnPg==\" style=\"--smush-placeholder-width: 210px; --smush-placeholder-aspect-ratio: 210\/300;\" \/><\/p>\n<p>Seit wann ich eigentlich klettere? &#8230; Es ist so lange her, dass ich mich gar nicht mehr daran erinnern kann. Die ersten Kletterfotos von mir gibt es, als ich ca. 2 Jahre alt war. Ich habe einen zwei Jahre \u00e4lteren Bruder, der mit 4 Jahren schon selbstst\u00e4ndig \u00fcber die Leitern von leichten Klettersteigen klettern durfte. Ich hingegen musste im R\u00fcckentragerl sitzen und durfte nur dabei zuschauen. Damals habe ich riesige Aufst\u00e4nde gemacht, bis ich dann endlich auch meinen eigenen Gurt bekommen habe und endlich selber aktiv werden konnte. Von da an war ich immer wieder mit meiner Familie am Felsen klettern.<\/p>\n<p>&nbsp;<\/p>\n<p>Als ich ca. 8 Jahre alt war, hab ich an den damaligen Kinderbewerben teilgenommen und dort die Leidenschaft f\u00fcr das Hallenklettern entdeckt. 2006 wurde ich dann in das \u00d6GV-Climbingteam aufgenommen.<\/p>\n<p><img decoding=\"async\" class=\"wp-image-6099 alignleft lazyload\" data-src=\"http:\/\/www.gebirgsverein-services.at\/gruppen\/wp-content\/uploads\/2019\/11\/Angi-Bleau-300x200.jpg\" alt=\"\" width=\"332\" height=\"221\" data-srcset=\"http:\/\/www.gebirgsverein-services.at\/gruppen\/wp-content\/uploads\/2019\/11\/Angi-Bleau-300x200.jpg 300w, http:\/\/www.gebirgsverein-services.at\/gruppen\/wp-content\/uploads\/2019\/11\/Angi-Bleau-768x512.jpg 768w, http:\/\/www.gebirgsverein-services.at\/gruppen\/wp-content\/uploads\/2019\/11\/Angi-Bleau-570x380.jpg 570w, http:\/\/www.gebirgsverein-services.at\/gruppen\/wp-content\/uploads\/2019\/11\/Angi-Bleau.jpg 859w\" data-sizes=\"(max-width: 332px) 100vw, 332px\" src=\"data:image\/svg+xml;base64,PHN2ZyB3aWR0aD0iMSIgaGVpZ2h0PSIxIiB4bWxucz0iaHR0cDovL3d3dy53My5vcmcvMjAwMC9zdmciPjwvc3ZnPg==\" style=\"--smush-placeholder-width: 332px; --smush-placeholder-aspect-ratio: 332\/221;\" \/><\/p>\n<p>&nbsp;<\/p>\n<p>Von Anfang an stand mir beim Klettern der Spa\u00df im Vordergrund und dies hat bis heute angehalten.<\/p>\n<p>2015 habe ich den \u00dcbungsleiter Sportklettern gemacht und leite nun auch Kurs und Sommercamps in der Halle und am Fels.<\/p>\n<p>&nbsp;<\/p>\n<p>&nbsp;<\/p>\n<p><img decoding=\"async\" class=\"wp-image-5715 alignright lazyload\" data-src=\"http:\/\/www.gebirgsverein-services.at\/gruppen\/wp-content\/uploads\/2019\/11\/Angi-Hohe-Wand-Sonnenschlange-15-300x200.png\" alt=\"\" width=\"367\" height=\"244\" data-srcset=\"http:\/\/www.gebirgsverein-services.at\/gruppen\/wp-content\/uploads\/2019\/11\/Angi-Hohe-Wand-Sonnenschlange-15-300x200.png 300w, http:\/\/www.gebirgsverein-services.at\/gruppen\/wp-content\/uploads\/2019\/11\/Angi-Hohe-Wand-Sonnenschlange-15-768x512.png 768w, http:\/\/www.gebirgsverein-services.at\/gruppen\/wp-content\/uploads\/2019\/11\/Angi-Hohe-Wand-Sonnenschlange-15-570x380.png 570w, http:\/\/www.gebirgsverein-services.at\/gruppen\/wp-content\/uploads\/2019\/11\/Angi-Hohe-Wand-Sonnenschlange-15.png 945w\" data-sizes=\"(max-width: 367px) 100vw, 367px\" src=\"data:image\/svg+xml;base64,PHN2ZyB3aWR0aD0iMSIgaGVpZ2h0PSIxIiB4bWxucz0iaHR0cDovL3d3dy53My5vcmcvMjAwMC9zdmciPjwvc3ZnPg==\" style=\"--smush-placeholder-width: 367px; --smush-placeholder-aspect-ratio: 367\/244;\" \/>Ich habe meine Matura an der Bildungsanstalt f\u00fcr Elemantarp\u00e4dagogik (BAFEP) abgeschlossen (2017) und habe mich dann dazu entschlossen zu studieren. Ich bin jetzt an der Universit\u00e4t Wien und studiere auf Lehramt Bewegung &amp; Sport und Haushalts\u00f6konomie &amp; Ern\u00e4hrung.<\/p>\n<p style=\"text-align: left;\">Neben dem Wettkampfklettern bin ich auch begeisterte Outdoor-Kletterin, aber nicht im Klettergarten, sondern am liebsten im alpinen Gel\u00e4nde mit meinem Vater.<\/p>\n<p><img decoding=\"async\" class=\"wp-image-6100 alignleft lazyload\" data-src=\"http:\/\/www.gebirgsverein-services.at\/gruppen\/wp-content\/uploads\/2019\/11\/Angi-Kalymnos-300x200.jpg\" alt=\"\" width=\"367\" height=\"244\" data-srcset=\"http:\/\/www.gebirgsverein-services.at\/gruppen\/wp-content\/uploads\/2019\/11\/Angi-Kalymnos-300x200.jpg 300w, http:\/\/www.gebirgsverein-services.at\/gruppen\/wp-content\/uploads\/2019\/11\/Angi-Kalymnos-768x512.jpg 768w, http:\/\/www.gebirgsverein-services.at\/gruppen\/wp-content\/uploads\/2019\/11\/Angi-Kalymnos-570x380.jpg 570w, http:\/\/www.gebirgsverein-services.at\/gruppen\/wp-content\/uploads\/2019\/11\/Angi-Kalymnos.jpg 976w\" data-sizes=\"(max-width: 367px) 100vw, 367px\" src=\"data:image\/svg+xml;base64,PHN2ZyB3aWR0aD0iMSIgaGVpZ2h0PSIxIiB4bWxucz0iaHR0cDovL3d3dy53My5vcmcvMjAwMC9zdmciPjwvc3ZnPg==\" style=\"--smush-placeholder-width: 367px; --smush-placeholder-aspect-ratio: 367\/244;\" \/><\/p>\n<p>&nbsp;<\/p>\n<p>2019 war f\u00fcr mich ein sehr erfolgreiches Outdoor Jahr. Ich bin am Fels meinen ersten 7B\/+ Boulder (\u201eMagic Bus\u201c in Fontainebleau) geklettert und auch beim Leadklettern ist mir meine erste 7C (\u201eErso\u201c auf Kalymnos) gelungen.<\/p>\n<p>&nbsp;<\/p>\n<p>&nbsp;<\/p>\n<p><img decoding=\"async\" class=\"wp-image-6102 alignright lazyload\" data-src=\"http:\/\/www.gebirgsverein-services.at\/gruppen\/wp-content\/uploads\/2019\/11\/Angi-VBT-240x300.jpg\" alt=\"\" width=\"274\" height=\"343\" data-srcset=\"http:\/\/www.gebirgsverein-services.at\/gruppen\/wp-content\/uploads\/2019\/11\/Angi-VBT-240x300.jpg 240w, http:\/\/www.gebirgsverein-services.at\/gruppen\/wp-content\/uploads\/2019\/11\/Angi-VBT-819x1024.jpg 819w, http:\/\/www.gebirgsverein-services.at\/gruppen\/wp-content\/uploads\/2019\/11\/Angi-VBT-768x960.jpg 768w, http:\/\/www.gebirgsverein-services.at\/gruppen\/wp-content\/uploads\/2019\/11\/Angi-VBT-570x713.jpg 570w, http:\/\/www.gebirgsverein-services.at\/gruppen\/wp-content\/uploads\/2019\/11\/Angi-VBT.jpg 864w\" data-sizes=\"(max-width: 274px) 100vw, 274px\" src=\"data:image\/svg+xml;base64,PHN2ZyB3aWR0aD0iMSIgaGVpZ2h0PSIxIiB4bWxucz0iaHR0cDovL3d3dy53My5vcmcvMjAwMC9zdmciPjwvc3ZnPg==\" style=\"--smush-placeholder-width: 274px; --smush-placeholder-aspect-ratio: 274\/343;\" \/><\/p>\n<p>&nbsp;<\/p>\n<p>Ebenso mache ich leidenschaftlich gerne Musik mit meiner Mittelalterband \u201eSalamanda\u201c.<\/p>\n<p>&nbsp;<\/p>\n<p>Jedoch wenn man mich fragen w\u00fcrde, was ich in meinem Leben nicht missen m\u00f6chte, br\u00e4uchte ich keine Sekunde um eine Antwort zu finden. Das Klettern ist es!<\/p>\n<p>&nbsp;<\/p>\n<p>F\u00fcr mich ist die Trainingsgruppe eine zweite Familie und ich kann wirklich sagen, dass es wenige Gruppen gibt, bei denen der Zusammenhalt so gro\u00df ist wie bei unserer.<\/p>\n<p>&nbsp;<\/p>\n<p>&nbsp;<\/p>\n<p><img decoding=\"async\" class=\"wp-image-6101 aligncenter lazyload\" data-src=\"http:\/\/www.gebirgsverein-services.at\/gruppen\/wp-content\/uploads\/2019\/11\/Angi-Kanzianiberg-200x300.jpg\" alt=\"\" width=\"251\" height=\"377\" data-srcset=\"http:\/\/www.gebirgsverein-services.at\/gruppen\/wp-content\/uploads\/2019\/11\/Angi-Kanzianiberg-200x300.jpg 200w, http:\/\/www.gebirgsverein-services.at\/gruppen\/wp-content\/uploads\/2019\/11\/Angi-Kanzianiberg-683x1024.jpg 683w, http:\/\/www.gebirgsverein-services.at\/gruppen\/wp-content\/uploads\/2019\/11\/Angi-Kanzianiberg-768x1152.jpg 768w, http:\/\/www.gebirgsverein-services.at\/gruppen\/wp-content\/uploads\/2019\/11\/Angi-Kanzianiberg-1024x1536.jpg 1024w, http:\/\/www.gebirgsverein-services.at\/gruppen\/wp-content\/uploads\/2019\/11\/Angi-Kanzianiberg-570x855.jpg 570w, http:\/\/www.gebirgsverein-services.at\/gruppen\/wp-content\/uploads\/2019\/11\/Angi-Kanzianiberg.jpg 1040w\" data-sizes=\"(max-width: 251px) 100vw, 251px\" src=\"data:image\/svg+xml;base64,PHN2ZyB3aWR0aD0iMSIgaGVpZ2h0PSIxIiB4bWxucz0iaHR0cDovL3d3dy53My5vcmcvMjAwMC9zdmciPjwvc3ZnPg==\" style=\"--smush-placeholder-width: 251px; --smush-placeholder-aspect-ratio: 251\/377;\" \/><\/p>\n<p style=\"text-align: center;\">\n","protected":false},"excerpt":{"rendered":"<p>Seit wann ich eigentlich klettere? &#8230; Es ist so lange her, dass ich mich gar nicht mehr daran erinnern kann. Die ersten Kletterfotos von mir gibt es, als ich ca. 2 Jahre alt war. Ich habe einen zwei Jahre \u00e4lteren Bruder, der mit 4 Jahren schon selbstst\u00e4ndig \u00fcber die Leitern von leichten Klettersteigen klettern durfte. [&hellip;]<\/p>\n","protected":false},"author":43,"featured_media":0,"parent":4767,"menu_order":0,"comment_status":"closed","ping_status":"closed","template":"","meta":{"_acf_changed":false,"ngg_post_thumbnail":0,"footnotes":""},"class_list":["post-5871","page","type-page","status-publish","czr-hentry"],"acf":[],"amp_enabled":true,"_links":{"self":[{"href":"http:\/\/www.gebirgsverein-services.at\/gruppen\/wp-json\/wp\/v2\/pages\/5871","targetHints":{"allow":["GET"]}}],"collection":[{"href":"http:\/\/www.gebirgsverein-services.at\/gruppen\/wp-json\/wp\/v2\/pages"}],"about":[{"href":"http:\/\/www.gebirgsverein-services.at\/gruppen\/wp-json\/wp\/v2\/types\/page"}],"author":[{"embeddable":true,"href":"http:\/\/www.gebirgsverein-services.at\/gruppen\/wp-json\/wp\/v2\/users\/43"}],"replies":[{"embeddable":true,"href":"http:\/\/www.gebirgsverein-services.at\/gruppen\/wp-json\/wp\/v2\/comments?post=5871"}],"version-history":[{"count":0,"href":"http:\/\/www.gebirgsverein-services.at\/gruppen\/wp-json\/wp\/v2\/pages\/5871\/revisions"}],"up":[{"embeddable":true,"href":"http:\/\/www.gebirgsverein-services.at\/gruppen\/wp-json\/wp\/v2\/pages\/4767"}],"wp:attachment":[{"href":"http:\/\/www.gebirgsverein-services.at\/gruppen\/wp-json\/wp\/v2\/media?parent=5871"}],"curies":[{"name":"wp","href":"https:\/\/api.w.org\/{rel}","templated":true}]}}