{"id":5865,"date":"2019-11-08T12:18:41","date_gmt":"2019-11-08T11:18:41","guid":{"rendered":"http:\/\/www.gebirgsverein-services.at\/gruppen\/?page_id=5865"},"modified":"2019-11-18T11:35:34","modified_gmt":"2019-11-18T10:35:34","slug":"heli-marchl","status":"publish","type":"page","link":"http:\/\/www.gebirgsverein-services.at\/gruppen\/fachgruppen\/climbing-team\/erwachsene\/heli-marchl\/","title":{"rendered":"Heli Marchl"},"content":{"rendered":"<p><img decoding=\"async\" class=\"wp-image-5743 alignright lazyload\" data-src=\"http:\/\/www.gebirgsverein-services.at\/gruppen\/wp-content\/uploads\/2019\/11\/Heli-Profilbild-300x200.jpg\" alt=\"\" width=\"347\" height=\"231\" data-srcset=\"http:\/\/www.gebirgsverein-services.at\/gruppen\/wp-content\/uploads\/2019\/11\/Heli-Profilbild-300x200.jpg 300w, http:\/\/www.gebirgsverein-services.at\/gruppen\/wp-content\/uploads\/2019\/11\/Heli-Profilbild-768x511.jpg 768w, http:\/\/www.gebirgsverein-services.at\/gruppen\/wp-content\/uploads\/2019\/11\/Heli-Profilbild-570x379.jpg 570w, http:\/\/www.gebirgsverein-services.at\/gruppen\/wp-content\/uploads\/2019\/11\/Heli-Profilbild.jpg 960w\" data-sizes=\"(max-width: 347px) 100vw, 347px\" src=\"data:image\/svg+xml;base64,PHN2ZyB3aWR0aD0iMSIgaGVpZ2h0PSIxIiB4bWxucz0iaHR0cDovL3d3dy53My5vcmcvMjAwMC9zdmciPjwvc3ZnPg==\" style=\"--smush-placeholder-width: 347px; --smush-placeholder-aspect-ratio: 347\/231;\" \/>Als ich mit f\u00fcnf Jahren zum ersten Mal einen Kletterturm auf einem Stadtfest entdeckte, wussten weder meine Eltern, noch ich selber welche gro\u00dfe Rolle klettern in meinem sp\u00e4teren Leben spielen w\u00fcrde. Nach diesem Tag bestand ich darauf klettern gehen zu d\u00fcrfen und meine ganze Familie schloss sich mir an. Mit sieben Jahren kletterte ich meinen ersten Wettkampf und wurde in die Trainingsgruppe des \u00d6GV eingeladen. Zu diesem Zeitpunkt ging ich vielen anderen Freizeitbesch\u00e4ftigungen nach, wie beispielsweise Fl\u00f6ten spielen, Zirkusturnen, Ger\u00e4teturnen und Reiten. Im Laufe der Zeit gab ich immer mehr von ihnen auf um mehr Klettern zu k\u00f6nnen, auch nahm die Schule viel Zeit in Anspruch bis schlie\u00dflich nur noch klettern \u00fcbrig blieb. Ich entschloss mich eine Oberstufe f\u00fcr Leistungssportler zu besuchen, diese Entscheidung erlaubte es mir meinem Sport w\u00e4hrend der Schulzeit uneingeschr\u00e4nkt nachgehen zu k\u00f6nnen.<\/p>\n<p><img decoding=\"async\" class=\"size-medium wp-image-5868 alignleft lazyload\" data-src=\"http:\/\/www.gebirgsverein-services.at\/gruppen\/wp-content\/uploads\/2019\/11\/LMBHeliKathi\u00a9-1-300x236.jpg\" alt=\"\" width=\"300\" height=\"236\" data-srcset=\"http:\/\/www.gebirgsverein-services.at\/gruppen\/wp-content\/uploads\/2019\/11\/LMBHeliKathi\u00a9-1-300x236.jpg 300w, http:\/\/www.gebirgsverein-services.at\/gruppen\/wp-content\/uploads\/2019\/11\/LMBHeliKathi\u00a9-1-768x604.jpg 768w, http:\/\/www.gebirgsverein-services.at\/gruppen\/wp-content\/uploads\/2019\/11\/LMBHeliKathi\u00a9-1-1024x805.jpg 1024w, http:\/\/www.gebirgsverein-services.at\/gruppen\/wp-content\/uploads\/2019\/11\/LMBHeliKathi\u00a9-1-570x448.jpg 570w\" data-sizes=\"(max-width: 300px) 100vw, 300px\" src=\"data:image\/svg+xml;base64,PHN2ZyB3aWR0aD0iMSIgaGVpZ2h0PSIxIiB4bWxucz0iaHR0cDovL3d3dy53My5vcmcvMjAwMC9zdmciPjwvc3ZnPg==\" style=\"--smush-placeholder-width: 300px; --smush-placeholder-aspect-ratio: 300\/236;\" \/><\/p>\n<p>&nbsp;<\/p>\n<p>Nach meiner Matura sorgte ich mich zun\u00e4chst, durch das hohe Arbeitspensum des Chemie Studiums, nicht mehr regelm\u00e4\u00dfig zum Klettern zu kommen, jedoch funktioniert die Kombination gut, da der Sport, vor allem in stressigen Wochen, einen Ausgleich bietet. Besonders dankbar bin\u00a0 ich, dass es sich immer noch ausgeht, einen gemeinsame Trainingseinheit in der Woche zu besuchen, da so der Kontakt Teammitgliedern und TrainerInnen gehalten wird.<\/p>\n<p>&nbsp;<\/p>\n<p><img decoding=\"async\" class=\"size-medium wp-image-5867 alignright lazyload\" data-src=\"http:\/\/www.gebirgsverein-services.at\/gruppen\/wp-content\/uploads\/2019\/11\/Heli-7bA-1-300x300.jpg\" alt=\"\" width=\"300\" height=\"300\" data-srcset=\"http:\/\/www.gebirgsverein-services.at\/gruppen\/wp-content\/uploads\/2019\/11\/Heli-7bA-1-300x300.jpg 300w, http:\/\/www.gebirgsverein-services.at\/gruppen\/wp-content\/uploads\/2019\/11\/Heli-7bA-1-150x150.jpg 150w, http:\/\/www.gebirgsverein-services.at\/gruppen\/wp-content\/uploads\/2019\/11\/Heli-7bA-1-768x766.jpg 768w, http:\/\/www.gebirgsverein-services.at\/gruppen\/wp-content\/uploads\/2019\/11\/Heli-7bA-1-1024x1022.jpg 1024w, http:\/\/www.gebirgsverein-services.at\/gruppen\/wp-content\/uploads\/2019\/11\/Heli-7bA-1-570x569.jpg 570w, http:\/\/www.gebirgsverein-services.at\/gruppen\/wp-content\/uploads\/2019\/11\/Heli-7bA-1-510x510.jpg 510w, http:\/\/www.gebirgsverein-services.at\/gruppen\/wp-content\/uploads\/2019\/11\/Heli-7bA-1.jpg 1654w\" data-sizes=\"(max-width: 300px) 100vw, 300px\" src=\"data:image\/svg+xml;base64,PHN2ZyB3aWR0aD0iMSIgaGVpZ2h0PSIxIiB4bWxucz0iaHR0cDovL3d3dy53My5vcmcvMjAwMC9zdmciPjwvc3ZnPg==\" style=\"--smush-placeholder-width: 300px; --smush-placeholder-aspect-ratio: 300\/300;\" \/><\/p>\n<p>Ein Aspekt, den ich am Klettern besonders sch\u00e4tze, sind die Menschen. Ich habe durch die Trainingsgruppe Freunde gefunden, die mich schon seit vielen Jahren begleiten und ein wichtiger Teil meines Lebens sind. Auch unsere TrainerInnen sind einzigartig und ein Grund warum ich immer noch so gerne zum Training gehe. Unsere gemeinsamen Trainingslager (sie glichen eher Kletterurlauben) sind mir besonders gut in Erinnerung geblieben. Meist war unser Ziel Fontainebleau, dort machte ich meine ersten Erfahrungen mit Bouldern am Fels, jedoch war auch die Reise nach Kroatien zum Lead klettern toll, da ich dort meine erste 7b am Fels kletterte.<\/p>\n<p>&nbsp;<\/p>\n<p><img decoding=\"async\" class=\"wp-image-5866 alignleft lazyload\" data-src=\"http:\/\/www.gebirgsverein-services.at\/gruppen\/wp-content\/uploads\/2019\/11\/Heli-7bC-1-200x300.jpg\" alt=\"\" width=\"220\" height=\"330\" data-srcset=\"http:\/\/www.gebirgsverein-services.at\/gruppen\/wp-content\/uploads\/2019\/11\/Heli-7bC-1-200x300.jpg 200w, http:\/\/www.gebirgsverein-services.at\/gruppen\/wp-content\/uploads\/2019\/11\/Heli-7bC-1-768x1152.jpg 768w, http:\/\/www.gebirgsverein-services.at\/gruppen\/wp-content\/uploads\/2019\/11\/Heli-7bC-1-683x1024.jpg 683w, http:\/\/www.gebirgsverein-services.at\/gruppen\/wp-content\/uploads\/2019\/11\/Heli-7bC-1-570x855.jpg 570w, http:\/\/www.gebirgsverein-services.at\/gruppen\/wp-content\/uploads\/2019\/11\/Heli-7bC-1.jpg 1100w\" data-sizes=\"(max-width: 220px) 100vw, 220px\" src=\"data:image\/svg+xml;base64,PHN2ZyB3aWR0aD0iMSIgaGVpZ2h0PSIxIiB4bWxucz0iaHR0cDovL3d3dy53My5vcmcvMjAwMC9zdmciPjwvc3ZnPg==\" style=\"--smush-placeholder-width: 220px; --smush-placeholder-aspect-ratio: 220\/330;\" \/><\/p>\n<p>&nbsp;<\/p>\n<p>Mittlerweile werden beinahe alle Urlaube im Hinblick auf interessante Klettergebiete geplant, beispielsweise nach Magic Wood in die Schweiz oder nach Kalymnos, oder nach Frankreich, nach Ceuse oder nat\u00fcrlich Fontainebleau. Man merkt vielleicht, dass es mir unm\u00f6hlich ist, ein liebstes Klettergebiet zu nennen, vor allem, da ich noch so viele zu entdecken habe.<\/p>\n<p>Wenn ich nachdenke was mir am Klettern so gut gef\u00e4llt, f\u00e4llt mir sofort ein, dass ich vor allem die Vielfalt sch\u00e4tze. Jede Route, jeder Boulder ist anders als der andere, somit wird es niemals langweilig. Man f\u00e4hrt an sch\u00f6ne Orte, lernt interessante Menschen kennen und kann immer wieder an seine Grenzen gehen.<\/p>\n","protected":false},"excerpt":{"rendered":"<p>Als ich mit f\u00fcnf Jahren zum ersten Mal einen Kletterturm auf einem Stadtfest entdeckte, wussten weder meine Eltern, noch ich selber welche gro\u00dfe Rolle klettern in meinem sp\u00e4teren Leben spielen w\u00fcrde. Nach diesem Tag bestand ich darauf klettern gehen zu d\u00fcrfen und meine ganze Familie schloss sich mir an. Mit sieben Jahren kletterte ich meinen [&hellip;]<\/p>\n","protected":false},"author":43,"featured_media":0,"parent":4767,"menu_order":0,"comment_status":"closed","ping_status":"closed","template":"","meta":{"_acf_changed":false,"ngg_post_thumbnail":0,"footnotes":""},"class_list":["post-5865","page","type-page","status-publish","czr-hentry"],"acf":[],"amp_enabled":true,"_links":{"self":[{"href":"http:\/\/www.gebirgsverein-services.at\/gruppen\/wp-json\/wp\/v2\/pages\/5865","targetHints":{"allow":["GET"]}}],"collection":[{"href":"http:\/\/www.gebirgsverein-services.at\/gruppen\/wp-json\/wp\/v2\/pages"}],"about":[{"href":"http:\/\/www.gebirgsverein-services.at\/gruppen\/wp-json\/wp\/v2\/types\/page"}],"author":[{"embeddable":true,"href":"http:\/\/www.gebirgsverein-services.at\/gruppen\/wp-json\/wp\/v2\/users\/43"}],"replies":[{"embeddable":true,"href":"http:\/\/www.gebirgsverein-services.at\/gruppen\/wp-json\/wp\/v2\/comments?post=5865"}],"version-history":[{"count":0,"href":"http:\/\/www.gebirgsverein-services.at\/gruppen\/wp-json\/wp\/v2\/pages\/5865\/revisions"}],"up":[{"embeddable":true,"href":"http:\/\/www.gebirgsverein-services.at\/gruppen\/wp-json\/wp\/v2\/pages\/4767"}],"wp:attachment":[{"href":"http:\/\/www.gebirgsverein-services.at\/gruppen\/wp-json\/wp\/v2\/media?parent=5865"}],"curies":[{"name":"wp","href":"https:\/\/api.w.org\/{rel}","templated":true}]}}