{"id":5684,"date":"2019-11-06T12:13:17","date_gmt":"2019-11-06T11:13:17","guid":{"rendered":"http:\/\/www.gebirgsverein-services.at\/gruppen\/?page_id=5684"},"modified":"2022-05-31T18:11:01","modified_gmt":"2022-05-31T16:11:01","slug":"mia-glueck","status":"publish","type":"page","link":"http:\/\/www.gebirgsverein-services.at\/gruppen\/fachgruppen\/climbing-team\/erwachsene\/mia-glueck\/","title":{"rendered":"Mia Gl\u00fcck"},"content":{"rendered":"<p><img decoding=\"async\" class=\"size-medium wp-image-5835 alignright lazyload\" data-src=\"http:\/\/www.gebirgsverein-services.at\/gruppen\/wp-content\/uploads\/2019\/11\/Mia_Nati-Chalken-300x225.jpg\" alt=\"\" width=\"300\" height=\"225\" data-srcset=\"http:\/\/www.gebirgsverein-services.at\/gruppen\/wp-content\/uploads\/2019\/11\/Mia_Nati-Chalken-300x225.jpg 300w, http:\/\/www.gebirgsverein-services.at\/gruppen\/wp-content\/uploads\/2019\/11\/Mia_Nati-Chalken-768x576.jpg 768w, http:\/\/www.gebirgsverein-services.at\/gruppen\/wp-content\/uploads\/2019\/11\/Mia_Nati-Chalken-1024x768.jpg 1024w, http:\/\/www.gebirgsverein-services.at\/gruppen\/wp-content\/uploads\/2019\/11\/Mia_Nati-Chalken-570x428.jpg 570w\" data-sizes=\"(max-width: 300px) 100vw, 300px\" src=\"data:image\/svg+xml;base64,PHN2ZyB3aWR0aD0iMSIgaGVpZ2h0PSIxIiB4bWxucz0iaHR0cDovL3d3dy53My5vcmcvMjAwMC9zdmciPjwvc3ZnPg==\" style=\"--smush-placeholder-width: 300px; --smush-placeholder-aspect-ratio: 300\/225;\" \/>geboren 2003<\/p>\n<p>Mit drei oder Vier Jahren haben meine Eltern mich zum ersten Mal zum Klettern mitgenommen. Allerdings musste ich erst doppelt so alt werden, um die Faszination an diesem Sport zu verstehen.<br \/>\nMit sieben Jahren habe ich meinen ersten Kletterkurs besucht, woraufhin ich mit acht in die Trainingsgruppe gekommen bin. Seit meiner Zeit im Climbing-Team nehme ich regelm\u00e4\u00dfig an Wettk\u00e4mpfen teil.<\/p>\n<p><img decoding=\"async\" class=\"size-medium wp-image-6110 alignleft lazyload\" data-src=\"http:\/\/www.gebirgsverein-services.at\/gruppen\/wp-content\/uploads\/2019\/11\/Mia-Bouldern-300x200.jpg\" alt=\"\" width=\"300\" height=\"200\" data-srcset=\"http:\/\/www.gebirgsverein-services.at\/gruppen\/wp-content\/uploads\/2019\/11\/Mia-Bouldern-300x200.jpg 300w, http:\/\/www.gebirgsverein-services.at\/gruppen\/wp-content\/uploads\/2019\/11\/Mia-Bouldern-768x513.jpg 768w, http:\/\/www.gebirgsverein-services.at\/gruppen\/wp-content\/uploads\/2019\/11\/Mia-Bouldern-570x380.jpg 570w, http:\/\/www.gebirgsverein-services.at\/gruppen\/wp-content\/uploads\/2019\/11\/Mia-Bouldern.jpg 794w\" data-sizes=\"(max-width: 300px) 100vw, 300px\" src=\"data:image\/svg+xml;base64,PHN2ZyB3aWR0aD0iMSIgaGVpZ2h0PSIxIiB4bWxucz0iaHR0cDovL3d3dy53My5vcmcvMjAwMC9zdmciPjwvc3ZnPg==\" style=\"--smush-placeholder-width: 300px; --smush-placeholder-aspect-ratio: 300\/200;\" \/><\/p>\n<p>Bis 2016 hat sich meine bevorzugte Disziplin oft ge\u00e4ndert. In diesem Jahr h\u00e4tte ich nach meinem Sieg bei den \u00f6sterreichischen Meisterschaften im Bouldern diese Disziplin garantiert als meinen Favoriten genannt. Das hat sich allerdings mit meiner Verletzung im gleichen Jahr ge\u00e4ndert.<\/p>\n<p><img decoding=\"async\" class=\"size-medium wp-image-6111 alignright lazyload\" data-src=\"http:\/\/www.gebirgsverein-services.at\/gruppen\/wp-content\/uploads\/2019\/11\/Mia-Lead-211x300.jpg\" alt=\"\" width=\"211\" height=\"300\" data-srcset=\"http:\/\/www.gebirgsverein-services.at\/gruppen\/wp-content\/uploads\/2019\/11\/Mia-Lead-211x300.jpg 211w, http:\/\/www.gebirgsverein-services.at\/gruppen\/wp-content\/uploads\/2019\/11\/Mia-Lead.jpg 516w\" data-sizes=\"(max-width: 211px) 100vw, 211px\" src=\"data:image\/svg+xml;base64,PHN2ZyB3aWR0aD0iMSIgaGVpZ2h0PSIxIiB4bWxucz0iaHR0cDovL3d3dy53My5vcmcvMjAwMC9zdmciPjwvc3ZnPg==\" style=\"--smush-placeholder-width: 211px; --smush-placeholder-aspect-ratio: 211\/300;\" \/><\/p>\n<p>Seither konzentriere ich mich mehr auf Lead und habe es in dieser Disziplin 2019 sogar zu einem 15. Platz beim Europa-Cup in Imst geschafft. An diesem Wettkampf durfte ich teilnehmen, da ich in der A-Cup Gesamtwertung 3. geworden bin.<\/p>\n<p>Im Jahr 2019 haben sich meine Leistungen stark gesteigert. Sowohl in Bezug auf Wettkampfergebnisse, als auch auf Schwierigkeiten der von mir am Fels und in der Halle gekletterten Routen, habe ich mich deutlich verbessert.<\/p>\n<p>&nbsp;<\/p>\n<p>&nbsp;<\/p>\n<p style=\"text-align: center;\">\n","protected":false},"excerpt":{"rendered":"<p>geboren 2003 Mit drei oder Vier Jahren haben meine Eltern mich zum ersten Mal zum Klettern mitgenommen. Allerdings musste ich erst doppelt so alt werden, um die Faszination an diesem Sport zu verstehen. Mit sieben Jahren habe ich meinen ersten Kletterkurs besucht, woraufhin ich mit acht in die Trainingsgruppe gekommen bin. Seit meiner Zeit im [&hellip;]<\/p>\n","protected":false},"author":43,"featured_media":0,"parent":4767,"menu_order":3,"comment_status":"closed","ping_status":"closed","template":"","meta":{"_acf_changed":false,"ngg_post_thumbnail":0,"footnotes":""},"class_list":["post-5684","page","type-page","status-publish","czr-hentry"],"acf":[],"amp_enabled":true,"_links":{"self":[{"href":"http:\/\/www.gebirgsverein-services.at\/gruppen\/wp-json\/wp\/v2\/pages\/5684","targetHints":{"allow":["GET"]}}],"collection":[{"href":"http:\/\/www.gebirgsverein-services.at\/gruppen\/wp-json\/wp\/v2\/pages"}],"about":[{"href":"http:\/\/www.gebirgsverein-services.at\/gruppen\/wp-json\/wp\/v2\/types\/page"}],"author":[{"embeddable":true,"href":"http:\/\/www.gebirgsverein-services.at\/gruppen\/wp-json\/wp\/v2\/users\/43"}],"replies":[{"embeddable":true,"href":"http:\/\/www.gebirgsverein-services.at\/gruppen\/wp-json\/wp\/v2\/comments?post=5684"}],"version-history":[{"count":0,"href":"http:\/\/www.gebirgsverein-services.at\/gruppen\/wp-json\/wp\/v2\/pages\/5684\/revisions"}],"up":[{"embeddable":true,"href":"http:\/\/www.gebirgsverein-services.at\/gruppen\/wp-json\/wp\/v2\/pages\/4767"}],"wp:attachment":[{"href":"http:\/\/www.gebirgsverein-services.at\/gruppen\/wp-json\/wp\/v2\/media?parent=5684"}],"curies":[{"name":"wp","href":"https:\/\/api.w.org\/{rel}","templated":true}]}}