{"id":4767,"date":"2019-06-19T18:08:46","date_gmt":"2019-06-19T16:08:46","guid":{"rendered":"http:\/\/www.gebirgsverein-services.at\/gruppen\/?page_id=4767"},"modified":"2024-06-18T14:23:17","modified_gmt":"2024-06-18T12:23:17","slug":"erwachsene","status":"publish","type":"page","link":"http:\/\/www.gebirgsverein-services.at\/gruppen\/fachgruppen\/climbing-team\/erwachsene\/","title":{"rendered":"Erwachsene"},"content":{"rendered":"<p>Anna Bolius<\/p>\n<p>Paul \u00d6ckher<\/p>\n<p>Jonas M\u00fcller-Doblies<\/p>\n<p><a href=\"http:\/\/www.gebirgsverein-services.at\/gruppen\/?page_id=5684&amp;preview=true\">Mia Gl\u00fcck<\/a><\/p>\n<p><a href=\"http:\/\/www.gebirgsverein-services.at\/gruppen\/?page_id=5876&amp;preview=true\">Natalie Knotek<\/a><\/p>\n<p><a href=\"http:\/\/www.gebirgsverein-services.at\/gruppen\/?page_id=5865&amp;preview=true\">Helena Marchl<\/a><\/p>\n<p><a href=\"http:\/\/www.gebirgsverein-services.at\/gruppen\/?page_id=5643&amp;preview=true\">Klara Vollenwyder<\/a><\/p>\n<p><a href=\"http:\/\/www.gebirgsverein-services.at\/gruppen\/?page_id=5871&amp;preview=true\">Angela Vondracek<\/a><\/p>\n<p><a href=\"http:\/\/www.gebirgsverein-services.at\/gruppen\/fachgruppen\/climbing-team\/erwachsene\/ilja-auersperg\/\">Ilja Auersperg<\/a><\/p>\n<p><a href=\"http:\/\/www.gebirgsverein-services.at\/gruppen\/fachgruppen\/climbing-team\/erwachsene\/jonas-biack\/\">Jonas Biack<\/a><\/p>\n<p><a href=\"http:\/\/www.gebirgsverein-services.at\/gruppen\/fachgruppen\/climbing-team\/erwachsene\/phibie-vidic\/\">Phibie Vidic<\/a><\/p>\n<p><a href=\"http:\/\/www.gebirgsverein-services.at\/gruppen\/fachgruppen\/climbing-team\/erwachsene\/matthias-voggenberger\/\">Matthias Voggenberger<\/a><\/p>\n<p><a href=\"http:\/\/www.gebirgsverein-services.at\/gruppen\/fachgruppen\/climbing-team\/erwachsene\/isa-lurf\/\">Isa Lurf<\/a><\/p>\n<p>&nbsp;<\/p>\n<p>&nbsp;<\/p>\n<p>&nbsp;<\/p>\n<p>&nbsp;<\/p>\n","protected":false},"excerpt":{"rendered":"<p>Anna Bolius Paul \u00d6ckher Jonas M\u00fcller-Doblies Mia Gl\u00fcck Natalie Knotek Helena Marchl Klara Vollenwyder Angela Vondracek Ilja Auersperg Jonas Biack Phibie Vidic Matthias Voggenberger Isa Lurf &nbsp; &nbsp; &nbsp; &nbsp;<\/p>\n","protected":false},"author":43,"featured_media":5696,"parent":4758,"menu_order":0,"comment_status":"closed","ping_status":"closed","template":"","meta":{"_acf_changed":false,"ngg_post_thumbnail":0,"footnotes":""},"class_list":["post-4767","page","type-page","status-publish","has-post-thumbnail","czr-hentry"],"acf":[],"amp_enabled":true,"_links":{"self":[{"href":"http:\/\/www.gebirgsverein-services.at\/gruppen\/wp-json\/wp\/v2\/pages\/4767","targetHints":{"allow":["GET"]}}],"collection":[{"href":"http:\/\/www.gebirgsverein-services.at\/gruppen\/wp-json\/wp\/v2\/pages"}],"about":[{"href":"http:\/\/www.gebirgsverein-services.at\/gruppen\/wp-json\/wp\/v2\/types\/page"}],"author":[{"embeddable":true,"href":"http:\/\/www.gebirgsverein-services.at\/gruppen\/wp-json\/wp\/v2\/users\/43"}],"replies":[{"embeddable":true,"href":"http:\/\/www.gebirgsverein-services.at\/gruppen\/wp-json\/wp\/v2\/comments?post=4767"}],"version-history":[{"count":0,"href":"http:\/\/www.gebirgsverein-services.at\/gruppen\/wp-json\/wp\/v2\/pages\/4767\/revisions"}],"up":[{"embeddable":true,"href":"http:\/\/www.gebirgsverein-services.at\/gruppen\/wp-json\/wp\/v2\/pages\/4758"}],"wp:featuredmedia":[{"embeddable":true,"href":"http:\/\/www.gebirgsverein-services.at\/gruppen\/wp-json\/wp\/v2\/media\/5696"}],"wp:attachment":[{"href":"http:\/\/www.gebirgsverein-services.at\/gruppen\/wp-json\/wp\/v2\/media?parent=4767"}],"curies":[{"name":"wp","href":"https:\/\/api.w.org\/{rel}","templated":true}]}}