{"id":4758,"date":"2019-06-19T17:57:20","date_gmt":"2019-06-19T15:57:20","guid":{"rendered":"http:\/\/www.gebirgsverein-services.at\/gruppen\/?page_id=4758"},"modified":"2019-11-14T11:27:33","modified_gmt":"2019-11-14T10:27:33","slug":"climbing-team","status":"publish","type":"page","link":"http:\/\/www.gebirgsverein-services.at\/gruppen\/fachgruppen\/climbing-team\/","title":{"rendered":"Climbing Team"},"content":{"rendered":"<p><img decoding=\"async\" class=\"wp-image-4759 size-medium alignleft lazyload\" data-src=\"http:\/\/www.gebirgsverein-services.at\/gruppen\/wp-content\/uploads\/2019\/06\/IMG_1856\u00a9-207x300.jpg\" alt=\"\" width=\"207\" height=\"300\" data-srcset=\"http:\/\/www.gebirgsverein-services.at\/gruppen\/wp-content\/uploads\/2019\/06\/IMG_1856\u00a9-207x300.jpg 207w, http:\/\/www.gebirgsverein-services.at\/gruppen\/wp-content\/uploads\/2019\/06\/IMG_1856\u00a9-768x1111.jpg 768w, http:\/\/www.gebirgsverein-services.at\/gruppen\/wp-content\/uploads\/2019\/06\/IMG_1856\u00a9-708x1024.jpg 708w, http:\/\/www.gebirgsverein-services.at\/gruppen\/wp-content\/uploads\/2019\/06\/IMG_1856\u00a9-570x824.jpg 570w, http:\/\/www.gebirgsverein-services.at\/gruppen\/wp-content\/uploads\/2019\/06\/IMG_1856\u00a9.jpg 1141w\" data-sizes=\"(max-width: 207px) 100vw, 207px\" src=\"data:image\/svg+xml;base64,PHN2ZyB3aWR0aD0iMSIgaGVpZ2h0PSIxIiB4bWxucz0iaHR0cDovL3d3dy53My5vcmcvMjAwMC9zdmciPjwvc3ZnPg==\" style=\"--smush-placeholder-width: 207px; --smush-placeholder-aspect-ratio: 207\/300;\" \/>Das Climbing-Team Alpenverein-Gebirgsverein wurde 1996 von Herta Gauster und Pascal Olivera ins Leben gerufen. Zur Zeit trainieren in der Gruppe 32 Athletinnen und Athleten im Alter von 7 &#8211; 20 Jahren f\u00fcr die Teilnahme an Wettk\u00e4mpfen.<\/p>\n<p>Die Kinder und Jugendlichen trainieren drei bis f\u00fcnf Einheiten pro Woche, drei bis vier davon unter Betreuung unseren Trainer_innen Ingrid und Herta Gauster und Markus Karner. Je nach Alter und Niveau nehmen sie an lokalen, nationalen und internationalen Wettbewerben teil.<\/p>\n<p>Unsere Athletinnen und Athleten sollen aber nicht nur stark klettern, sondern diesen Sport auch lieben und leben lernen. Daher versuchen wir sie zumindest ein Mal im Jahr an den Felsen zu bekommen, mit ihnen zu Reisen und auch Abseits der Wettk\u00e4mpfe als Gruppe Spa\u00df zu haben.<\/p>\n<p>Kontakt:\u00a0<a href=\"mailto:climbing-team@gebirgsverein.at\">climbing-team@gebirgsverein.at<\/a><\/p>\n","protected":false},"excerpt":{"rendered":"<p>Das Climbing-Team Alpenverein-Gebirgsverein wurde 1996 von Herta Gauster und Pascal Olivera ins Leben gerufen. Zur Zeit trainieren in der Gruppe 32 Athletinnen und Athleten im Alter von 7 &#8211; 20 Jahren f\u00fcr die Teilnahme an Wettk\u00e4mpfen. Die Kinder und Jugendlichen trainieren drei bis f\u00fcnf Einheiten pro Woche, drei bis vier davon unter Betreuung unseren Trainer_innen [&hellip;]<\/p>\n","protected":false},"author":43,"featured_media":6074,"parent":60,"menu_order":0,"comment_status":"closed","ping_status":"closed","template":"","meta":{"_acf_changed":false,"ngg_post_thumbnail":0,"footnotes":""},"class_list":["post-4758","page","type-page","status-publish","has-post-thumbnail","czr-hentry"],"acf":[],"amp_enabled":true,"_links":{"self":[{"href":"http:\/\/www.gebirgsverein-services.at\/gruppen\/wp-json\/wp\/v2\/pages\/4758","targetHints":{"allow":["GET"]}}],"collection":[{"href":"http:\/\/www.gebirgsverein-services.at\/gruppen\/wp-json\/wp\/v2\/pages"}],"about":[{"href":"http:\/\/www.gebirgsverein-services.at\/gruppen\/wp-json\/wp\/v2\/types\/page"}],"author":[{"embeddable":true,"href":"http:\/\/www.gebirgsverein-services.at\/gruppen\/wp-json\/wp\/v2\/users\/43"}],"replies":[{"embeddable":true,"href":"http:\/\/www.gebirgsverein-services.at\/gruppen\/wp-json\/wp\/v2\/comments?post=4758"}],"version-history":[{"count":0,"href":"http:\/\/www.gebirgsverein-services.at\/gruppen\/wp-json\/wp\/v2\/pages\/4758\/revisions"}],"up":[{"embeddable":true,"href":"http:\/\/www.gebirgsverein-services.at\/gruppen\/wp-json\/wp\/v2\/pages\/60"}],"wp:featuredmedia":[{"embeddable":true,"href":"http:\/\/www.gebirgsverein-services.at\/gruppen\/wp-json\/wp\/v2\/media\/6074"}],"wp:attachment":[{"href":"http:\/\/www.gebirgsverein-services.at\/gruppen\/wp-json\/wp\/v2\/media?parent=4758"}],"curies":[{"name":"wp","href":"https:\/\/api.w.org\/{rel}","templated":true}]}}