{"id":3944,"date":"2018-01-14T17:41:00","date_gmt":"2018-01-14T16:41:00","guid":{"rendered":"http:\/\/www.gebirgsverein-services.at\/gruppen\/klettern\/kinderklettern-2018\/"},"modified":"2024-05-03T12:15:13","modified_gmt":"2024-05-03T10:15:13","slug":"kinderklettern","status":"publish","type":"page","link":"http:\/\/www.gebirgsverein-services.at\/gruppen\/ortsgruppen\/neulengbach\/klettern\/kinderklettern\/","title":{"rendered":"Kinderklettern"},"content":{"rendered":"<p><strong><img decoding=\"async\" class=\"size-medium wp-image-3976 alignleft lazyload\" data-src=\"http:\/\/www.gebirgsverein-services.at\/gruppen\/wp-content\/uploads\/2019\/03\/p1040028-300x225.jpg\" alt=\"\" width=\"300\" height=\"225\" data-srcset=\"http:\/\/www.gebirgsverein-services.at\/gruppen\/wp-content\/uploads\/2019\/03\/p1040028-300x225.jpg 300w, http:\/\/www.gebirgsverein-services.at\/gruppen\/wp-content\/uploads\/2019\/03\/p1040028-768x576.jpg 768w, http:\/\/www.gebirgsverein-services.at\/gruppen\/wp-content\/uploads\/2019\/03\/p1040028-1024x768.jpg 1024w, http:\/\/www.gebirgsverein-services.at\/gruppen\/wp-content\/uploads\/2019\/03\/p1040028-570x428.jpg 570w, http:\/\/www.gebirgsverein-services.at\/gruppen\/wp-content\/uploads\/2019\/03\/p1040028.jpg 1600w\" data-sizes=\"(max-width: 300px) 100vw, 300px\" src=\"data:image\/svg+xml;base64,PHN2ZyB3aWR0aD0iMSIgaGVpZ2h0PSIxIiB4bWxucz0iaHR0cDovL3d3dy53My5vcmcvMjAwMC9zdmciPjwvc3ZnPg==\" style=\"--smush-placeholder-width: 300px; --smush-placeholder-aspect-ratio: 300\/225;\" \/><\/strong><\/p>\n<p><strong><span style=\"color: #ff0000;\">AUSGEBUCHT!<\/span><br \/>\nKursinhalte:<\/strong><\/p>\n<p>Dieser Kurs richtet sich an Kinder in der Volkssschule.<br \/>\nNach Aufw\u00e4rmspielen wird mit unterschiedlichen Kletterspielen das Klettern intuitiv erprobt und jeder kann sich an einer kleinen Kletterwand austesten. Ein bisschen Seilkunde, Knotentechnik und Klettergrundregeln stehen zwischendurch auch am Programm.<\/p>\n<p>Highlight* ist ein Nach-\/Vormittag im Freien bzw. in der Kletterhalle (wetterabh\u00e4ngig)<\/p>\n<p><strong>Ort<\/strong>: Gymnastikraum des Sportvereins Maria Anzbach (1. Stock)<\/p>\n<p><strong>Termine<\/strong> (zwei 5er Bl\u00f6cke):<br \/>\nEs gibt jedes Semester zwei Altersgruppen, aktuelle Termine siehe <a href=\"http:\/\/www.gebirgsverein-services.at\/gruppen\/neulengbach\/news\/\">News<\/a><\/p>\n<p><strong>Unkostenbeitrag<\/strong> (Klettersaalmiete, Leihmaterial):<br \/>\nF\u00fcr einen 5er Block:<br \/>\n\u20ac 48,- \/Kind bzw.<br \/>\n\u20ac 30,- \/Kind (f\u00fcr Alpenvereinsmitglieder, bzw. <a href=\"https:\/\/www.alpenverein.at\/portal\/mitgliedwerden\/mw.php?sid=cc0319d9-ae26-4a1f-8044-9d925d65f26a\">werde Mitglied<\/a>)<\/p>\n<p>Anmeldung unbedingt notwendig (begrenzte Pl\u00e4tze)!<br \/>\nWeitere Infos und Anmeldung bei: <a href=\"mailto:chagalla.geier@gmail.com\" target=\"_blank\" rel=\"noopener noreferrer\">Katharina Wagner<\/a><\/p>\n<p><strong>Termine und Zeit:<\/strong><br \/>\n15:45 \u2013 16:45 Uhr<br \/>\n(60 Minuten) Bitte p\u00fcnktlich bringen und abholen!<\/p>\n<p><strong>Verhalten w\u00e4hrend des Kurses:<\/strong><br \/>\nAus Sicherheitsgr\u00fcnden m\u00fcssen verschiedene Regeln von den Kindern eingehalten werden, die den Kindern zu Beginn des Kurses erkl\u00e4rt werden (z.B. die rote Linie darf ungesichert nicht \u00fcberklettert werden; Kein unbeaufsichtigtes Klettern)<br \/>\nVon folgenden Grundregeln wird ausgegangen:<br \/>\n&#8211; bei der Gruppe bleiben<br \/>\n&#8211; den Anordnungen der Aufsichtsperson ist unbedingt Folge zu leisten.<br \/>\nBei Nichteinhaltung der Regeln wird gegebenenfalls R\u00fccksprache mit den Eltern gehalten um die weitere Vorgehensweise zu besprechen.<\/p>\n<p>Von Mitte Mai bis September gibt es an der Park&amp;Ride Anlage Neulengbach die M\u00f6glichkeit jeden Freitag (bei trockenem Wetter) von 18:00 bis 20:00 Uhr gemeinsam mit den Kindern die Kletterwand (gegen einen Unkostenbeitrag) zu benutzen. Kinder m\u00fcssen in Begleitung sein, f\u00fcr Seilsicherung ist aber gesorgt. Bitte weitersagen, wir freuen uns \u00fcber viele kleine Kletterbegeisterte (und auch \u00fcber gr\u00f6\u00dfere). Dar\u00fcber hinaus bietet die Ortgruppe Neulengbach auch einzelne Termine f\u00fcrs Klettern am Fels f\u00fcr Kinder an.<\/p>\n<div id='gallery-1' class='czr-gallery row flex-row czr-gallery-style gallery galleryid-3944 gallery-columns-6 gallery-size-thumbnail'><figure class='gallery-item col col-auto'>\r\n                        <div class='gallery-icon landscape czr-gallery-icon'>\r\n                              <img decoding=\"async\" width=\"150\" height=\"150\" data-src=\"http:\/\/www.gebirgsverein-services.at\/gruppen\/wp-content\/uploads\/2019\/03\/p1040022-150x150.jpg\" class=\"attachment-thumbnail size-thumbnail no-lazy lazyload\" alt=\"\" data-sizes=\"(min-width: 1200px) 160px, (min-width: 992px) 130px, (min-width: 768px) 90px, (min-width: 576px) 105px, calc( 50vw - 30px )\" data-srcset=\"http:\/\/www.gebirgsverein-services.at\/gruppen\/wp-content\/uploads\/2019\/03\/p1040022-150x150.jpg 150w, http:\/\/www.gebirgsverein-services.at\/gruppen\/wp-content\/uploads\/2019\/03\/p1040022-510x510.jpg 510w\" src=\"data:image\/svg+xml;base64,PHN2ZyB3aWR0aD0iMSIgaGVpZ2h0PSIxIiB4bWxucz0iaHR0cDovL3d3dy53My5vcmcvMjAwMC9zdmciPjwvc3ZnPg==\" style=\"--smush-placeholder-width: 150px; --smush-placeholder-aspect-ratio: 150\/150;\" \/><div class=\"post-action btn btn-skin-dark-shaded inverted\"><a href=\"http:\/\/www.gebirgsverein-services.at\/gruppen\/wp-content\/uploads\/2019\/03\/p1040022.jpg\" class=\"icn-expand\" data-lb-type=\"grouped-gallery\"><\/a><\/div>\r\n                        <\/div><\/figure><figure class='gallery-item col col-auto'>\r\n                        <div class='gallery-icon portrait czr-gallery-icon'>\r\n                              <img decoding=\"async\" width=\"150\" height=\"150\" data-src=\"http:\/\/www.gebirgsverein-services.at\/gruppen\/wp-content\/uploads\/2019\/03\/p1040024-e1552493689589-150x150.jpg\" class=\"attachment-thumbnail size-thumbnail no-lazy lazyload\" alt=\"\" data-sizes=\"(min-width: 1200px) 160px, (min-width: 992px) 130px, (min-width: 768px) 90px, (min-width: 576px) 105px, calc( 50vw - 30px )\" data-srcset=\"http:\/\/www.gebirgsverein-services.at\/gruppen\/wp-content\/uploads\/2019\/03\/p1040024-e1552493689589-150x150.jpg 150w, http:\/\/www.gebirgsverein-services.at\/gruppen\/wp-content\/uploads\/2019\/03\/p1040024-e1552493689589-510x510.jpg 510w\" src=\"data:image\/svg+xml;base64,PHN2ZyB3aWR0aD0iMSIgaGVpZ2h0PSIxIiB4bWxucz0iaHR0cDovL3d3dy53My5vcmcvMjAwMC9zdmciPjwvc3ZnPg==\" style=\"--smush-placeholder-width: 150px; --smush-placeholder-aspect-ratio: 150\/150;\" \/><div class=\"post-action btn btn-skin-dark-shaded inverted\"><a href=\"http:\/\/www.gebirgsverein-services.at\/gruppen\/wp-content\/uploads\/2019\/03\/p1040024-e1552493689589.jpg\" class=\"icn-expand\" data-lb-type=\"grouped-gallery\"><\/a><\/div>\r\n                        <\/div><\/figure><figure class='gallery-item col col-auto'>\r\n                        <div class='gallery-icon landscape czr-gallery-icon'>\r\n                              <img decoding=\"async\" width=\"150\" height=\"150\" data-src=\"http:\/\/www.gebirgsverein-services.at\/gruppen\/wp-content\/uploads\/2019\/03\/p1040028-1-150x150.jpg\" class=\"attachment-thumbnail size-thumbnail no-lazy lazyload\" alt=\"\" data-sizes=\"(min-width: 1200px) 160px, (min-width: 992px) 130px, (min-width: 768px) 90px, (min-width: 576px) 105px, calc( 50vw - 30px )\" data-srcset=\"http:\/\/www.gebirgsverein-services.at\/gruppen\/wp-content\/uploads\/2019\/03\/p1040028-1-150x150.jpg 150w, http:\/\/www.gebirgsverein-services.at\/gruppen\/wp-content\/uploads\/2019\/03\/p1040028-1-510x510.jpg 510w\" src=\"data:image\/svg+xml;base64,PHN2ZyB3aWR0aD0iMSIgaGVpZ2h0PSIxIiB4bWxucz0iaHR0cDovL3d3dy53My5vcmcvMjAwMC9zdmciPjwvc3ZnPg==\" style=\"--smush-placeholder-width: 150px; --smush-placeholder-aspect-ratio: 150\/150;\" \/><div class=\"post-action btn btn-skin-dark-shaded inverted\"><a href=\"http:\/\/www.gebirgsverein-services.at\/gruppen\/wp-content\/uploads\/2019\/03\/p1040028-1.jpg\" class=\"icn-expand\" data-lb-type=\"grouped-gallery\"><\/a><\/div>\r\n                        <\/div><\/figure><figure class='gallery-item col col-auto'>\r\n                        <div class='gallery-icon landscape czr-gallery-icon'>\r\n                              <img decoding=\"async\" width=\"150\" height=\"150\" data-src=\"http:\/\/www.gebirgsverein-services.at\/gruppen\/wp-content\/uploads\/2019\/03\/p1040029-150x150.jpg\" class=\"attachment-thumbnail size-thumbnail no-lazy lazyload\" alt=\"\" data-sizes=\"(min-width: 1200px) 160px, (min-width: 992px) 130px, (min-width: 768px) 90px, (min-width: 576px) 105px, calc( 50vw - 30px )\" data-srcset=\"http:\/\/www.gebirgsverein-services.at\/gruppen\/wp-content\/uploads\/2019\/03\/p1040029-150x150.jpg 150w, http:\/\/www.gebirgsverein-services.at\/gruppen\/wp-content\/uploads\/2019\/03\/p1040029-510x510.jpg 510w\" src=\"data:image\/svg+xml;base64,PHN2ZyB3aWR0aD0iMSIgaGVpZ2h0PSIxIiB4bWxucz0iaHR0cDovL3d3dy53My5vcmcvMjAwMC9zdmciPjwvc3ZnPg==\" style=\"--smush-placeholder-width: 150px; --smush-placeholder-aspect-ratio: 150\/150;\" \/><div class=\"post-action btn btn-skin-dark-shaded inverted\"><a href=\"http:\/\/www.gebirgsverein-services.at\/gruppen\/wp-content\/uploads\/2019\/03\/p1040029.jpg\" class=\"icn-expand\" data-lb-type=\"grouped-gallery\"><\/a><\/div>\r\n                        <\/div><\/figure><figure class='gallery-item col col-auto'>\r\n                        <div class='gallery-icon landscape czr-gallery-icon'>\r\n                              <img decoding=\"async\" width=\"150\" height=\"150\" data-src=\"http:\/\/www.gebirgsverein-services.at\/gruppen\/wp-content\/uploads\/2019\/03\/p1040002-150x150.jpg\" class=\"attachment-thumbnail size-thumbnail no-lazy lazyload\" alt=\"\" data-sizes=\"(min-width: 1200px) 160px, (min-width: 992px) 130px, (min-width: 768px) 90px, (min-width: 576px) 105px, calc( 50vw - 30px )\" data-srcset=\"http:\/\/www.gebirgsverein-services.at\/gruppen\/wp-content\/uploads\/2019\/03\/p1040002-150x150.jpg 150w, http:\/\/www.gebirgsverein-services.at\/gruppen\/wp-content\/uploads\/2019\/03\/p1040002-510x510.jpg 510w\" src=\"data:image\/svg+xml;base64,PHN2ZyB3aWR0aD0iMSIgaGVpZ2h0PSIxIiB4bWxucz0iaHR0cDovL3d3dy53My5vcmcvMjAwMC9zdmciPjwvc3ZnPg==\" style=\"--smush-placeholder-width: 150px; --smush-placeholder-aspect-ratio: 150\/150;\" \/><div class=\"post-action btn btn-skin-dark-shaded inverted\"><a href=\"http:\/\/www.gebirgsverein-services.at\/gruppen\/wp-content\/uploads\/2019\/03\/p1040002.jpg\" class=\"icn-expand\" data-lb-type=\"grouped-gallery\"><\/a><\/div>\r\n                        <\/div><\/figure><figure class='gallery-item col col-auto'>\r\n                        <div class='gallery-icon landscape czr-gallery-icon'>\r\n                              <img decoding=\"async\" width=\"150\" height=\"150\" data-src=\"http:\/\/www.gebirgsverein-services.at\/gruppen\/wp-content\/uploads\/2019\/03\/p1040007-150x150.jpg\" class=\"attachment-thumbnail size-thumbnail no-lazy lazyload\" alt=\"\" data-sizes=\"(min-width: 1200px) 160px, (min-width: 992px) 130px, (min-width: 768px) 90px, (min-width: 576px) 105px, calc( 50vw - 30px )\" data-srcset=\"http:\/\/www.gebirgsverein-services.at\/gruppen\/wp-content\/uploads\/2019\/03\/p1040007-150x150.jpg 150w, http:\/\/www.gebirgsverein-services.at\/gruppen\/wp-content\/uploads\/2019\/03\/p1040007-510x510.jpg 510w\" src=\"data:image\/svg+xml;base64,PHN2ZyB3aWR0aD0iMSIgaGVpZ2h0PSIxIiB4bWxucz0iaHR0cDovL3d3dy53My5vcmcvMjAwMC9zdmciPjwvc3ZnPg==\" style=\"--smush-placeholder-width: 150px; --smush-placeholder-aspect-ratio: 150\/150;\" \/><div class=\"post-action btn btn-skin-dark-shaded inverted\"><a href=\"http:\/\/www.gebirgsverein-services.at\/gruppen\/wp-content\/uploads\/2019\/03\/p1040007.jpg\" class=\"icn-expand\" data-lb-type=\"grouped-gallery\"><\/a><\/div>\r\n                        <\/div><\/figure><figure class='gallery-item col col-auto'>\r\n                        <div class='gallery-icon landscape czr-gallery-icon'>\r\n                              <img decoding=\"async\" width=\"150\" height=\"150\" data-src=\"http:\/\/www.gebirgsverein-services.at\/gruppen\/wp-content\/uploads\/2019\/03\/p1040008-150x150.jpg\" class=\"attachment-thumbnail size-thumbnail no-lazy lazyload\" alt=\"\" data-sizes=\"(min-width: 1200px) 160px, (min-width: 992px) 130px, (min-width: 768px) 90px, (min-width: 576px) 105px, calc( 50vw - 30px )\" data-srcset=\"http:\/\/www.gebirgsverein-services.at\/gruppen\/wp-content\/uploads\/2019\/03\/p1040008-150x150.jpg 150w, http:\/\/www.gebirgsverein-services.at\/gruppen\/wp-content\/uploads\/2019\/03\/p1040008-510x510.jpg 510w\" src=\"data:image\/svg+xml;base64,PHN2ZyB3aWR0aD0iMSIgaGVpZ2h0PSIxIiB4bWxucz0iaHR0cDovL3d3dy53My5vcmcvMjAwMC9zdmciPjwvc3ZnPg==\" style=\"--smush-placeholder-width: 150px; --smush-placeholder-aspect-ratio: 150\/150;\" \/><div class=\"post-action btn btn-skin-dark-shaded inverted\"><a href=\"http:\/\/www.gebirgsverein-services.at\/gruppen\/wp-content\/uploads\/2019\/03\/p1040008.jpg\" class=\"icn-expand\" data-lb-type=\"grouped-gallery\"><\/a><\/div>\r\n                        <\/div><\/figure><figure class='gallery-item col col-auto'>\r\n                        <div class='gallery-icon landscape czr-gallery-icon'>\r\n                              <img decoding=\"async\" width=\"150\" height=\"150\" data-src=\"http:\/\/www.gebirgsverein-services.at\/gruppen\/wp-content\/uploads\/2019\/03\/p1040011-150x150.jpg\" class=\"attachment-thumbnail size-thumbnail no-lazy lazyload\" alt=\"\" data-sizes=\"(min-width: 1200px) 160px, (min-width: 992px) 130px, (min-width: 768px) 90px, (min-width: 576px) 105px, calc( 50vw - 30px )\" data-srcset=\"http:\/\/www.gebirgsverein-services.at\/gruppen\/wp-content\/uploads\/2019\/03\/p1040011-150x150.jpg 150w, http:\/\/www.gebirgsverein-services.at\/gruppen\/wp-content\/uploads\/2019\/03\/p1040011-510x510.jpg 510w\" src=\"data:image\/svg+xml;base64,PHN2ZyB3aWR0aD0iMSIgaGVpZ2h0PSIxIiB4bWxucz0iaHR0cDovL3d3dy53My5vcmcvMjAwMC9zdmciPjwvc3ZnPg==\" style=\"--smush-placeholder-width: 150px; --smush-placeholder-aspect-ratio: 150\/150;\" \/><div class=\"post-action btn btn-skin-dark-shaded inverted\"><a href=\"http:\/\/www.gebirgsverein-services.at\/gruppen\/wp-content\/uploads\/2019\/03\/p1040011.jpg\" class=\"icn-expand\" data-lb-type=\"grouped-gallery\"><\/a><\/div>\r\n                        <\/div><\/figure><figure class='gallery-item col col-auto'>\r\n                        <div class='gallery-icon landscape czr-gallery-icon'>\r\n                              <img decoding=\"async\" width=\"150\" height=\"150\" data-src=\"http:\/\/www.gebirgsverein-services.at\/gruppen\/wp-content\/uploads\/2019\/03\/p1040014-150x150.jpg\" class=\"attachment-thumbnail size-thumbnail no-lazy lazyload\" alt=\"\" data-sizes=\"(min-width: 1200px) 160px, (min-width: 992px) 130px, (min-width: 768px) 90px, (min-width: 576px) 105px, calc( 50vw - 30px )\" data-srcset=\"http:\/\/www.gebirgsverein-services.at\/gruppen\/wp-content\/uploads\/2019\/03\/p1040014-150x150.jpg 150w, http:\/\/www.gebirgsverein-services.at\/gruppen\/wp-content\/uploads\/2019\/03\/p1040014-510x510.jpg 510w\" src=\"data:image\/svg+xml;base64,PHN2ZyB3aWR0aD0iMSIgaGVpZ2h0PSIxIiB4bWxucz0iaHR0cDovL3d3dy53My5vcmcvMjAwMC9zdmciPjwvc3ZnPg==\" style=\"--smush-placeholder-width: 150px; --smush-placeholder-aspect-ratio: 150\/150;\" \/><div class=\"post-action btn btn-skin-dark-shaded inverted\"><a href=\"http:\/\/www.gebirgsverein-services.at\/gruppen\/wp-content\/uploads\/2019\/03\/p1040014.jpg\" class=\"icn-expand\" data-lb-type=\"grouped-gallery\"><\/a><\/div>\r\n                        <\/div><\/figure>\r\n                  <\/div>\n\n","protected":false},"excerpt":{"rendered":"<p>AUSGEBUCHT! Kursinhalte: Dieser Kurs richtet sich an Kinder in der Volkssschule. Nach Aufw\u00e4rmspielen wird mit unterschiedlichen Kletterspielen das Klettern intuitiv erprobt und jeder kann sich an einer kleinen Kletterwand austesten. Ein bisschen Seilkunde, Knotentechnik und Klettergrundregeln stehen zwischendurch auch am Programm. Highlight* ist ein Nach-\/Vormittag im Freien bzw. in der Kletterhalle (wetterabh\u00e4ngig) Ort: Gymnastikraum des [&hellip;]<\/p>\n","protected":false},"author":23,"featured_media":3976,"parent":3924,"menu_order":4,"comment_status":"closed","ping_status":"closed","template":"","meta":{"_acf_changed":false,"ngg_post_thumbnail":0,"footnotes":""},"class_list":["post-3944","page","type-page","status-publish","has-post-thumbnail","czr-hentry"],"acf":[],"amp_enabled":true,"_links":{"self":[{"href":"http:\/\/www.gebirgsverein-services.at\/gruppen\/wp-json\/wp\/v2\/pages\/3944","targetHints":{"allow":["GET"]}}],"collection":[{"href":"http:\/\/www.gebirgsverein-services.at\/gruppen\/wp-json\/wp\/v2\/pages"}],"about":[{"href":"http:\/\/www.gebirgsverein-services.at\/gruppen\/wp-json\/wp\/v2\/types\/page"}],"author":[{"embeddable":true,"href":"http:\/\/www.gebirgsverein-services.at\/gruppen\/wp-json\/wp\/v2\/users\/23"}],"replies":[{"embeddable":true,"href":"http:\/\/www.gebirgsverein-services.at\/gruppen\/wp-json\/wp\/v2\/comments?post=3944"}],"version-history":[{"count":0,"href":"http:\/\/www.gebirgsverein-services.at\/gruppen\/wp-json\/wp\/v2\/pages\/3944\/revisions"}],"up":[{"embeddable":true,"href":"http:\/\/www.gebirgsverein-services.at\/gruppen\/wp-json\/wp\/v2\/pages\/3924"}],"wp:featuredmedia":[{"embeddable":true,"href":"http:\/\/www.gebirgsverein-services.at\/gruppen\/wp-json\/wp\/v2\/media\/3976"}],"wp:attachment":[{"href":"http:\/\/www.gebirgsverein-services.at\/gruppen\/wp-json\/wp\/v2\/media?parent=3944"}],"curies":[{"name":"wp","href":"https:\/\/api.w.org\/{rel}","templated":true}]}}