{"id":344,"date":"2017-03-29T11:57:45","date_gmt":"2017-03-29T09:57:45","guid":{"rendered":"http:\/\/www.gebirgsverein-services.at\/gruppen\/?page_id=344"},"modified":"2019-11-13T21:09:49","modified_gmt":"2019-11-13T20:09:49","slug":"vom-bbe-zum-enzian-unterwegs","status":"publish","type":"page","link":"http:\/\/www.gebirgsverein-services.at\/gruppen\/fachgruppen\/enzian-unterwegs\/vom-bbe-zum-enzian-unterwegs\/","title":{"rendered":"Vom BBE zum Enzian unterwegs"},"content":{"rendered":"<p><img decoding=\"async\" class=\"size-full wp-image-2441 lazyload\" data-src=\"http:\/\/www.gebirgsverein-services.at\/gruppen\/wp-content\/uploads\/2019\/03\/LOGO-BBE.png\" alt=\"\" width=\"110\" height=\"117\" src=\"data:image\/svg+xml;base64,PHN2ZyB3aWR0aD0iMSIgaGVpZ2h0PSIxIiB4bWxucz0iaHR0cDovL3d3dy53My5vcmcvMjAwMC9zdmciPjwvc3ZnPg==\" style=\"--smush-placeholder-width: 110px; --smush-placeholder-aspect-ratio: 110\/117;\" \/><\/p>\n<h1>DER ENZIAN UNTERWEGS \u2013 eine Gruppe des Gebirgsvereins<\/h1>\n<p>Unsere Gruppe ist unter der Bezeichnung &#8222;Bergsteigerbund Enzian&#8220;, kurz &#8222;BBE&#8220;, seit Beginn an bekannt. Die Geschichte und das Werden der Gruppe kann man im Internet nachlesen, treffend erz\u00e4hlt von Leo.<\/p>\n<p>Da mit dem Alter der Gruppe aber unvermeidlich das Alter der Gruppenmitglieder steigt, reziprok dazu jedoch deren Anzahl sinkt, haben wir uns Gedanken dar\u00fcber gemacht, wie man die Gruppe pr\u00e4gnanter und ansprechender pr\u00e4sentieren und so mit &#8222;j\u00fcngerem Blut&#8220; auffrischen k\u00f6nnte. &#8222;Facelifting&#8220; hei\u00dft das im modernen Deutsch; bzw. \u2013 ganz modern \u2013 &#8222;Pimp my BBE&#8220;.<\/p>\n<p>Das Problem f\u00e4ngt schon mit dem Namen an: Die gewohnte Bezeichnung beibehalten? oder ver\u00e4ndern? Vielleicht &#8222;Die jungen Alten&#8220; ? \u2013 Nein, ein Widerspruch in sich (Oxymoron nennt sich das in der Fachsprache); man sollte sich doch festlegen, ob man jung oder alt sein will. Oder aber ganz kurz und b\u00fcndig &#8222;Der Enzian&#8220;?<\/p>\n<p>Nach mehreren harten Diskussionen stand fest: Der Name soll ansprechend und pr\u00e4gnant sein, aber sich nicht allzu weit vom Gewohnten fortbewegen; die Wahl fiel schlie\u00dflich auf ENZIAN UNTERWEGS<\/p>\n<p>Durch das Beibehalten des vertrauten &#8222;Enzian&#8220; wollen wir die Kontinuit\u00e4t unterstreichen, und immerhin ziert der &#8222;Enzian&#8220; auch die Revers-Seite der feinsten und kleinsten unserer (derzeitigen) Umlaufm\u00fcnzen. Mit dem Zusatz &#8222;unterwegs&#8220; m\u00f6chten wir hingegen die Dynamik unserer Gruppe und das &#8222;Aktivsein&#8220; hervorheben; nebenbei gesagt hat dies den Vorteil, dass man uns nicht mit einer botanischen Abhandlung \u00fcber die Gentianaceae verwechselt, obwohl es ja auch eine Sektion namens &#8222;Edelwei\u00df&#8220; gibt; nur &#8222;Almrausch&#8220; ist uns als Sektions- oder Gruppenname noch nicht bekannt; w\u00e4re auch zu zweideutig.<\/p>\n<p>Der ENZIAN UNTERWEGS unterscheidet sich in seiner T\u00e4tigkeit und Zielsetzung nicht wesentlich vom &#8222;Bergsteigerbund Enzian&#8220;, der Name soll aber ein Zeichen sein f\u00fcr alle m\u00f6glichen Arten aktiver Freizeitgestaltung der Gruppenmitglieder. Dabei wollen wir vor Allem auch J\u00fcngere Personen und &#8222;Jung-Pensionisten&#8220; ansprechen und einladen, bei unserer Gruppe mitzumachen, und sich an unseren vielf\u00e4ltigen Freizeitaktivit\u00e4ten zu beteiligen.<\/p>\n<p>Was wir vor allem <strong>NICHT<\/strong> sind: ein verstaubtes Gr\u00fcppchen \u00e4lterer Leutchen. Was wir SIND, wof\u00fcr wir stehen und was wir bieten:<\/p>\n<p><strong>Wir sind:<\/strong> eine lose Gruppe von Personen verschiedenster sportlicher Neigungen (sieht man vom Extremsport ab, den wir lieber Anderen \u00fcberlassen), an deren Aktivit\u00e4ten sich jeder nach Lust, Laune und K\u00f6nnen beteiligen kann (ein erstes &#8222;Schnuppern&#8220; ist jederzeit m\u00f6glich, allerdings ist im Weiteren eine Mitgliedschaft beim &#8222;\u00d6sterreichischen Gebirgsverein&#8220; erforderlich, ein bisschen B\u00fcrokratie muss leider sein).<\/p>\n<p><strong>Wir stehen f\u00fcr<\/strong>: Weltoffenheit; Kameradschaft; Freude (an Natur; an Bewegung; an Sch\u00f6nem; am Erleben in der Gruppe, an gemeinsamen Aktivit\u00e4ten); wir freuen uns nat\u00fcrlich am Sonnenschein, sind aber auch gut gelaunt bei misslichem Wetter (gibt\u2019s das \u00fcberhaupt? es gibt doch kein schlechtes Wetter, sondern nur unangepasste Kleidung?)<\/p>\n<p><strong>Was wir bieten<\/strong>: Wenn auch das moderate Bergwandern an erster Stelle steht, sind unsere Aktivit\u00e4ten doch breit gestreut und reichen von Genussklettereien, Begehen von Klettersteigen, Bergsteigen, Rad fahren, Schitouren gehen bis zum Besuch kultureller Veranstaltungen; auch der Tratsch kommt nicht zu kurz (wenn auch manchmal altersbedingt medizinische Themen \u00fcberborden), und nat\u00fcrlich gibt&#8217;s auch Gasth\u00e4user und Heurige, die wir nicht verschm\u00e4hen, unterwegs als Belohnung f\u00fcr die Anstrengungen, aber auch gezielt angesteuert bei diversen Anl\u00e4ssen wie Vorweihnachtsfeiern, am Aschermittwoch, Geburtstagsfeiern usw. Die meisten Unternehmungen werden in der Sektionszeitung dem &#8222;Gebirgsfreund&#8220; bzw. im Internet ausgeschrieben, und finden in lockerer Folge an Sonn- oder Feiertagen statt, f\u00fcr die armen Nicht-mehr-Werkt\u00e4tigen auch an Wochentagen. Daneben gibt es monatliche Gruppenabende, die aber zugegebenerma\u00dfen, da nicht verbindlich, nur sp\u00e4rlich besucht werden. Es gibt aber ebenso spontane Unternehmungen au\u00dferhalb ausgeschriebener Touren, die kurzfristig verabredet werden.<\/p>\n<p>Wir sind offen f\u00fcr Vorschl\u00e4ge der Mitglieder; wenn jemand eine Idee hat, sucht er Gleichgesinnte und findet sicher einen oder mehrere Interessenten daf\u00fcr. Bei uns gibt&#8217;s keine &#8222;Alphatiere&#8220; \u2013 aber manchmal ist es schon gut, wenn jemand die Initiative ergreift (ob, was, und wenn ja wann und wie) und die passiv Aktiven (schon wieder ein Widerspruch) motiviert und mitrei\u00dft.<\/p>\n<p><strong>Also auf, Ihr Couch-Potatoes: melden und mitmachen!<\/strong><\/p>\n","protected":false},"excerpt":{"rendered":"<p>DER ENZIAN UNTERWEGS \u2013 eine Gruppe des Gebirgsvereins Unsere Gruppe ist unter der Bezeichnung &#8222;Bergsteigerbund Enzian&#8220;, kurz &#8222;BBE&#8220;, seit Beginn an bekannt. Die Geschichte und das Werden der Gruppe kann man im Internet nachlesen, treffend erz\u00e4hlt von Leo. Da mit dem Alter der Gruppe aber unvermeidlich das Alter der Gruppenmitglieder steigt, reziprok dazu jedoch deren [&hellip;]<\/p>\n","protected":false},"author":11,"featured_media":2309,"parent":272,"menu_order":0,"comment_status":"closed","ping_status":"closed","template":"","meta":{"_acf_changed":false,"ngg_post_thumbnail":0,"footnotes":""},"class_list":["post-344","page","type-page","status-publish","has-post-thumbnail","czr-hentry"],"acf":[],"amp_enabled":true,"_links":{"self":[{"href":"http:\/\/www.gebirgsverein-services.at\/gruppen\/wp-json\/wp\/v2\/pages\/344","targetHints":{"allow":["GET"]}}],"collection":[{"href":"http:\/\/www.gebirgsverein-services.at\/gruppen\/wp-json\/wp\/v2\/pages"}],"about":[{"href":"http:\/\/www.gebirgsverein-services.at\/gruppen\/wp-json\/wp\/v2\/types\/page"}],"author":[{"embeddable":true,"href":"http:\/\/www.gebirgsverein-services.at\/gruppen\/wp-json\/wp\/v2\/users\/11"}],"replies":[{"embeddable":true,"href":"http:\/\/www.gebirgsverein-services.at\/gruppen\/wp-json\/wp\/v2\/comments?post=344"}],"version-history":[{"count":0,"href":"http:\/\/www.gebirgsverein-services.at\/gruppen\/wp-json\/wp\/v2\/pages\/344\/revisions"}],"up":[{"embeddable":true,"href":"http:\/\/www.gebirgsverein-services.at\/gruppen\/wp-json\/wp\/v2\/pages\/272"}],"wp:featuredmedia":[{"embeddable":true,"href":"http:\/\/www.gebirgsverein-services.at\/gruppen\/wp-json\/wp\/v2\/media\/2309"}],"wp:attachment":[{"href":"http:\/\/www.gebirgsverein-services.at\/gruppen\/wp-json\/wp\/v2\/media?parent=344"}],"curies":[{"name":"wp","href":"https:\/\/api.w.org\/{rel}","templated":true}]}}