{"id":311,"date":"2017-03-28T14:21:25","date_gmt":"2017-03-28T12:21:25","guid":{"rendered":"http:\/\/www.gebirgsverein-services.at\/gruppen\/?page_id=311"},"modified":"2026-03-26T09:04:06","modified_gmt":"2026-03-26T08:04:06","slug":"seniorenwanderclub","status":"publish","type":"page","link":"http:\/\/www.gebirgsverein-services.at\/gruppen\/fachgruppen\/seniorenwanderclub\/","title":{"rendered":"Seniorenwanderclub"},"content":{"rendered":"<figure id=\"attachment_23392\" aria-describedby=\"caption-attachment-23392\" style=\"width: 300px\" class=\"wp-caption alignnone\"><img decoding=\"async\" class=\"size-medium wp-image-23392 lazyload\" data-src=\"http:\/\/www.gebirgsverein-services.at\/gruppen\/wp-content\/uploads\/2026\/03\/2026_03_25_12_05_39-300x225.jpg\" alt=\"Gruppenbild auf dem Braunsberg\" width=\"300\" height=\"225\" data-srcset=\"http:\/\/www.gebirgsverein-services.at\/gruppen\/wp-content\/uploads\/2026\/03\/2026_03_25_12_05_39-300x225.jpg 300w, http:\/\/www.gebirgsverein-services.at\/gruppen\/wp-content\/uploads\/2026\/03\/2026_03_25_12_05_39-1024x768.jpg 1024w, http:\/\/www.gebirgsverein-services.at\/gruppen\/wp-content\/uploads\/2026\/03\/2026_03_25_12_05_39-768x576.jpg 768w, http:\/\/www.gebirgsverein-services.at\/gruppen\/wp-content\/uploads\/2026\/03\/2026_03_25_12_05_39-1536x1152.jpg 1536w, http:\/\/www.gebirgsverein-services.at\/gruppen\/wp-content\/uploads\/2026\/03\/2026_03_25_12_05_39-2048x1536.jpg 2048w, http:\/\/www.gebirgsverein-services.at\/gruppen\/wp-content\/uploads\/2026\/03\/2026_03_25_12_05_39-570x428.jpg 570w\" data-sizes=\"(max-width: 300px) 100vw, 300px\" src=\"data:image\/svg+xml;base64,PHN2ZyB3aWR0aD0iMSIgaGVpZ2h0PSIxIiB4bWxucz0iaHR0cDovL3d3dy53My5vcmcvMjAwMC9zdmciPjwvc3ZnPg==\" style=\"--smush-placeholder-width: 300px; --smush-placeholder-aspect-ratio: 300\/225;\" \/><figcaption id=\"caption-attachment-23392\" class=\"wp-caption-text\">Braunsberg<\/figcaption><\/figure>\n<p>&nbsp;<\/p>\n<p>Es gibt viele \u00e4ltere Menschen, die noch sehr agil und interessiert an Ausfl\u00fcgen und Touren sind, aber doch schon&nbsp;moderatere Wanderungen mit angepasstem Tempo bevorzugen. Wichtig ist auch die gesellschaftliche Komponente, das gemeinsame Erleben und die Kontakte mit Anderen.<\/p>\n<div>\n<h3>Aktivit\u00e4ten<\/h3>\n<p>Wichtigste Aufgabe der <strong>Seniorenwanderclubs<\/strong> sind die w\u00f6chentlichen <strong>Tageswanderungen jeden Mittwoch<\/strong> in die sch\u00f6nsten Gegenden Nieder\u00f6sterreichs \u2013 von Falkenstein bis Rax und Schneeberg und vom Tirolerkogel bis auf den Wechsel \u2013 die bei jedem Wetter stattfinden und an denen manche Mitglieder bis zu 40-mal oder mehr im Jahr teilnehmen. Einen hohen Stellenwert hat auch das anschlie\u00dfende \u201eBeisammensitzen\u201c, das dem pers\u00f6nlichen Gedankenaustausch dient und zum besseren Kennenlernen f\u00fchrt.<\/p>\n<p>Was von den&nbsp;\u201eNeuen\u201c gesch\u00e4tzt wird, ist die rasche und herzliche Integration in die Gruppe, man braucht also keine \u201eSchwellenangst\u201c zu haben. Das <strong>Programm <\/strong>der Mittwoch-Wanderungen findet man in jeder Ausgabe im \u201e<strong>Gebirgsfreund\u201c<\/strong> und man kann auch hier die kommenden Wanderungen nachsehen (<a href=\"https:\/\/www.alpenverein.at\/gebirgsverein\/touren\/seniorenwanderungen.php\">Geplante Senioren-Wanderungen<\/a>), sowie bei der Gruppenleitung nachfragen.<\/p>\n<p><strong>Inklusion<\/strong><\/p>\n<p>Der Seniorenwanderclub unterst\u00fctzt auch die Fachgruppe &#8222;<a href=\"https:\/\/www.gebirgsverein-services.at\/gruppen\/fachgruppen\/blinde-und-sehschwache\/\">Blinde und Sehbehinderte Menschen<\/a>&#8220; durch Beistellen von ehrenamtlichen Begleiter*innen.<\/p>\n<h3>&nbsp;<\/h3>\n<h3>Leitung &amp; Kontakt<\/h3>\n<p><strong>Leitung:<\/strong><br \/>\nGertrude Hlatky<br \/>\nMobil: +43 (664) 2734755<br \/>\nE-Mail:&nbsp;<a href=\"mailto:gertrude.hlatky@gebirgsverein.at\">gertrude.hlatky@gebirgsverein.at<\/a><\/p>\n<p><strong>Stellvertretung:<\/strong><br \/>\nB\u00e4rbel Huber<br \/>\nMobil: +43 (664) 3161700<br \/>\nE-Mail: <a href=\"mailto:baerbel.huber@gebirgsverein.at\">baerbel.huber@gebirgsverein.at<\/a><\/p>\n<\/div>\n","protected":false},"excerpt":{"rendered":"<p>&nbsp; Es gibt viele \u00e4ltere Menschen, die noch sehr agil und interessiert an Ausfl\u00fcgen und Touren sind, aber doch schon&nbsp;moderatere Wanderungen mit angepasstem Tempo bevorzugen. Wichtig ist auch die gesellschaftliche Komponente, das gemeinsame Erleben und die Kontakte mit Anderen. Aktivit\u00e4ten Wichtigste Aufgabe der Seniorenwanderclubs sind die w\u00f6chentlichen Tageswanderungen jeden Mittwoch in die sch\u00f6nsten Gegenden Nieder\u00f6sterreichs [&hellip;]<\/p>\n","protected":false},"author":50,"featured_media":16151,"parent":60,"menu_order":0,"comment_status":"closed","ping_status":"closed","template":"","meta":{"_acf_changed":false,"ngg_post_thumbnail":0,"footnotes":""},"class_list":["post-311","page","type-page","status-publish","has-post-thumbnail","czr-hentry"],"acf":[],"amp_enabled":true,"_links":{"self":[{"href":"http:\/\/www.gebirgsverein-services.at\/gruppen\/wp-json\/wp\/v2\/pages\/311","targetHints":{"allow":["GET"]}}],"collection":[{"href":"http:\/\/www.gebirgsverein-services.at\/gruppen\/wp-json\/wp\/v2\/pages"}],"about":[{"href":"http:\/\/www.gebirgsverein-services.at\/gruppen\/wp-json\/wp\/v2\/types\/page"}],"author":[{"embeddable":true,"href":"http:\/\/www.gebirgsverein-services.at\/gruppen\/wp-json\/wp\/v2\/users\/50"}],"replies":[{"embeddable":true,"href":"http:\/\/www.gebirgsverein-services.at\/gruppen\/wp-json\/wp\/v2\/comments?post=311"}],"version-history":[{"count":0,"href":"http:\/\/www.gebirgsverein-services.at\/gruppen\/wp-json\/wp\/v2\/pages\/311\/revisions"}],"up":[{"embeddable":true,"href":"http:\/\/www.gebirgsverein-services.at\/gruppen\/wp-json\/wp\/v2\/pages\/60"}],"wp:featuredmedia":[{"embeddable":true,"href":"http:\/\/www.gebirgsverein-services.at\/gruppen\/wp-json\/wp\/v2\/media\/16151"}],"wp:attachment":[{"href":"http:\/\/www.gebirgsverein-services.at\/gruppen\/wp-json\/wp\/v2\/media?parent=311"}],"curies":[{"name":"wp","href":"https:\/\/api.w.org\/{rel}","templated":true}]}}