{"id":272,"date":"2017-03-28T12:17:17","date_gmt":"2017-03-28T10:17:17","guid":{"rendered":"http:\/\/www.gebirgsverein-services.at\/gruppen\/?page_id=272"},"modified":"2024-05-03T13:10:24","modified_gmt":"2024-05-03T11:10:24","slug":"enzian-unterwegs","status":"publish","type":"page","link":"http:\/\/www.gebirgsverein-services.at\/gruppen\/fachgruppen\/enzian-unterwegs\/","title":{"rendered":"Enzian Unterwegs"},"content":{"rendered":"<p><img decoding=\"async\" class=\"size-full wp-image-2441 alignleft lazyload\" data-src=\"http:\/\/www.gebirgsverein-services.at\/gruppen\/wp-content\/uploads\/2019\/03\/LOGO-BBE.png\" alt=\"\" width=\"110\" height=\"117\" src=\"data:image\/svg+xml;base64,PHN2ZyB3aWR0aD0iMSIgaGVpZ2h0PSIxIiB4bWxucz0iaHR0cDovL3d3dy53My5vcmcvMjAwMC9zdmciPjwvc3ZnPg==\" style=\"--smush-placeholder-width: 110px; --smush-placeholder-aspect-ratio: 110\/117;\"><\/p>\n<p>&nbsp;<\/p>\n<p>&nbsp;<\/p>\n<h1>Enzian Unterwegs<\/h1>\n<hr>\n<p>Wir sind eine offene, bergbegeisterte Gruppe mit vielseitigen Interessen.<br \/>\nUnsere Palette umfasst:<\/p>\n<ul>\n<li>Bergtouren im leichten und auch im hochalpinen Gel\u00e4nde<\/li>\n<li>Klettersteige<\/li>\n<li>Genussklettereien<\/li>\n<li>Wanderungen aller Art<\/li>\n<li>Schitouren<\/li>\n<li>Schneeschuhwanderungen<\/li>\n<li>Radausfl\u00fcge, Mountainbiken<\/li>\n<\/ul>\n<p>Auch die Kultur kommt bei uns nicht zu kurz.<\/p>\n<p>Die Fachgruppe&nbsp; Enzian unterwegs (fr\u00fcher Bergsteigerbund Enzian) besteht seit 1955, wurde von Absolventen der Bergsteigerschule gegr\u00fcndet und wir betreiben das eigenst\u00e4ndige, f\u00fchrerlose Bergsteigen.<\/p>\n<p>Wenn Dich unsere Aktivit\u00e4ten ansprechen, rufe uns an unter der Handynummer 0664 1803522&nbsp; oder sende ein Mail an <a href=\"mailto:enzian@gebirgsverein.at\">enzian@gebirgsverein.at <\/a><\/p>\n<p>Wir freuen uns auf Dich !<\/p>\n<p>Die Gruppenleitung<\/p>\n","protected":false},"excerpt":{"rendered":"<p>&nbsp; &nbsp; Enzian Unterwegs Wir sind eine offene, bergbegeisterte Gruppe mit vielseitigen Interessen. Unsere Palette umfasst: Bergtouren im leichten und auch im hochalpinen Gel\u00e4nde Klettersteige Genussklettereien Wanderungen aller Art Schitouren Schneeschuhwanderungen Radausfl\u00fcge, Mountainbiken Auch die Kultur kommt bei uns nicht zu kurz. Die Fachgruppe&nbsp; Enzian unterwegs (fr\u00fcher Bergsteigerbund Enzian) besteht seit 1955, wurde von Absolventen [&hellip;]<\/p>\n","protected":false},"author":11,"featured_media":2309,"parent":60,"menu_order":0,"comment_status":"closed","ping_status":"closed","template":"","meta":{"_acf_changed":false,"ngg_post_thumbnail":0,"footnotes":""},"class_list":["post-272","page","type-page","status-publish","has-post-thumbnail","czr-hentry"],"acf":[],"amp_enabled":true,"_links":{"self":[{"href":"http:\/\/www.gebirgsverein-services.at\/gruppen\/wp-json\/wp\/v2\/pages\/272","targetHints":{"allow":["GET"]}}],"collection":[{"href":"http:\/\/www.gebirgsverein-services.at\/gruppen\/wp-json\/wp\/v2\/pages"}],"about":[{"href":"http:\/\/www.gebirgsverein-services.at\/gruppen\/wp-json\/wp\/v2\/types\/page"}],"author":[{"embeddable":true,"href":"http:\/\/www.gebirgsverein-services.at\/gruppen\/wp-json\/wp\/v2\/users\/11"}],"replies":[{"embeddable":true,"href":"http:\/\/www.gebirgsverein-services.at\/gruppen\/wp-json\/wp\/v2\/comments?post=272"}],"version-history":[{"count":0,"href":"http:\/\/www.gebirgsverein-services.at\/gruppen\/wp-json\/wp\/v2\/pages\/272\/revisions"}],"up":[{"embeddable":true,"href":"http:\/\/www.gebirgsverein-services.at\/gruppen\/wp-json\/wp\/v2\/pages\/60"}],"wp:featuredmedia":[{"embeddable":true,"href":"http:\/\/www.gebirgsverein-services.at\/gruppen\/wp-json\/wp\/v2\/media\/2309"}],"wp:attachment":[{"href":"http:\/\/www.gebirgsverein-services.at\/gruppen\/wp-json\/wp\/v2\/media?parent=272"}],"curies":[{"name":"wp","href":"https:\/\/api.w.org\/{rel}","templated":true}]}}