{"id":2471,"date":"2019-03-04T12:38:14","date_gmt":"2019-03-04T11:38:14","guid":{"rendered":"http:\/\/www.gebirgsverein-services.at\/gruppen\/?page_id=2471"},"modified":"2019-04-11T14:36:36","modified_gmt":"2019-04-11T12:36:36","slug":"chronik","status":"publish","type":"page","link":"http:\/\/www.gebirgsverein-services.at\/gruppen\/fachgruppen\/forum-alpin\/bergsteigergruppe-forum-alpin\/chronik\/","title":{"rendered":"Chronik"},"content":{"rendered":"<div class=\"pt-cv-wrapper\"><div class=\"pt-cv-view pt-cv-grid pt-cv-colsys pt-cv-same-height pt-cv-sharp-buttons\" id=\"pt-cv-view-d2e7268izg\"><div data-id=\"pt-cv-page-1\" class=\"pt-cv-page\" data-cvc=\"4\" data-cvct=\"2\" data-cvcm=\"1\"><div class=\"col-md-3 col-sm-6 col-xs-12 pt-cv-content-item pt-cv-1-col\"  data-pid=\"2286\"><div class='pt-cv-ifield'><a href=\"http:\/\/www.gebirgsverein-services.at\/gruppen\/2019\/02\/19\/testbeitrag-4er-reihe\/\" class=\"_self pt-cv-href-thumbnail pt-cv-thumb-default cvplbd cvp-responsive-image img-none\" target=\"_self\" ><img decoding=\"async\" width=\"517\" height=\"235\" src=\"http:\/\/www.gebirgsverein-services.at\/gruppen\/wp-content\/uploads\/2019\/02\/31596063334_40b1df7da6_k-517x235.jpg\" class=\"pt-cv-thumbnail img-none no-lazy\" alt=\"Testbeitrag 4er-Reihe\" data-no-lazy=\"1\" \/><\/a>\n<h4 class=\"pt-cv-title\"><a href=\"http:\/\/www.gebirgsverein-services.at\/gruppen\/2019\/02\/19\/testbeitrag-4er-reihe\/\" class=\"_self cvplbd\" target=\"_self\" >Testbeitrag 4er-Reihe<\/a><\/h4>\n<div class=\"pt-cv-content\">lkjkljasdhflkjljk kjlhd lkjhf lkjahds flkjha lkjhf lkjahd lfkjha kdjhf lkajhf oiuaeh jhal kjhf ehlu lkjfhsk jf ...<br \/><div class=\"pt-cv-rmwrap\"><a href=\"http:\/\/www.gebirgsverein-services.at\/gruppen\/2019\/02\/19\/testbeitrag-4er-reihe\/\" class=\"_self pt-cv-readmore btn btn-success cvplbd\" target=\"_self\">Weiterlesen \u2026<\/a><\/div><\/div>\n<div class=\"pt-cv-social-buttons\"><a href=\"https:\/\/www.facebook.com\/sharer\/sharer.php?u=http:\/\/www.gebirgsverein-services.at\/gruppen\/2019\/02\/19\/testbeitrag-4er-reihe\/\" class=\"pt-cv-social-facebook\" target=\"_blank\"><\/a><a href=\"https:\/\/twitter.com\/intent\/tweet?url=http:\/\/www.gebirgsverein-services.at\/gruppen\/2019\/02\/19\/testbeitrag-4er-reihe\/&#038;text=Testbeitrag+4er-Reihe\" class=\"pt-cv-social-twitter\" target=\"_blank\"><\/a><a href=\"https:\/\/pinterest.com\/pin\/create\/bookmarklet\/?url=http:\/\/www.gebirgsverein-services.at\/gruppen\/2019\/02\/19\/testbeitrag-4er-reihe\/&#038;media=http:\/\/www.gebirgsverein-services.at\/gruppen\/wp-content\/uploads\/2019\/02\/31596063334_40b1df7da6_k-300x225.jpg&#038;description=Testbeitrag+4er-Reihe\" class=\"pt-cv-social-pinterest\" target=\"_blank\"><\/a><\/div><\/div><\/div>\n<div class=\"col-md-3 col-sm-6 col-xs-12 pt-cv-content-item pt-cv-1-col\"  data-pid=\"575\"><div class='pt-cv-ifield'><a href=\"http:\/\/www.gebirgsverein-services.at\/gruppen\/2017\/11\/28\/575\/\" class=\"_self pt-cv-href-thumbnail pt-cv-thumb-default cvplbd cvp-responsive-image img-none\" target=\"_self\" ><img decoding=\"async\" width=\"517\" height=\"235\" src=\"http:\/\/www.gebirgsverein-services.at\/gruppen\/wp-content\/uploads\/2019\/02\/25306328184_5f746da5bd_k-517x235.jpg\" class=\"pt-cv-thumbnail img-none no-lazy\" alt=\"Unser Biwak-Kurs am Annabergerhaus\" data-no-lazy=\"1\" \/><\/a>\n<h4 class=\"pt-cv-title\"><a href=\"http:\/\/www.gebirgsverein-services.at\/gruppen\/2017\/11\/28\/575\/\" class=\"_self cvplbd\" target=\"_self\" >Unser Biwak-Kurs am Annabergerhaus<\/a><\/h4>\n<div class=\"pt-cv-content\">Canalone Sud\/ S\u00fcdschlucht Ca. 400m Wandh\u00f6he. Grandioser alpiner Anstieg von \u00fcberw\u00e4ltigender landschaftlicher Sch\u00f6nheit - insges. sehr anspruchsvoll &amp; abenteuerlich, bis ...<br \/><div class=\"pt-cv-rmwrap\"><a href=\"http:\/\/www.gebirgsverein-services.at\/gruppen\/2017\/11\/28\/575\/\" class=\"_self pt-cv-readmore btn btn-success cvplbd\" target=\"_self\">Weiterlesen \u2026<\/a><\/div><\/div>\n<div class=\"pt-cv-social-buttons\"><a href=\"https:\/\/www.facebook.com\/sharer\/sharer.php?u=http:\/\/www.gebirgsverein-services.at\/gruppen\/2017\/11\/28\/575\/\" class=\"pt-cv-social-facebook\" target=\"_blank\"><\/a><a href=\"https:\/\/twitter.com\/intent\/tweet?url=http:\/\/www.gebirgsverein-services.at\/gruppen\/2017\/11\/28\/575\/&#038;text=Unser+Biwak-Kurs+am+Annabergerhaus\" class=\"pt-cv-social-twitter\" target=\"_blank\"><\/a><a href=\"https:\/\/pinterest.com\/pin\/create\/bookmarklet\/?url=http:\/\/www.gebirgsverein-services.at\/gruppen\/2017\/11\/28\/575\/&#038;media=http:\/\/www.gebirgsverein-services.at\/gruppen\/wp-content\/uploads\/2019\/02\/25306328184_5f746da5bd_k-300x169.jpg&#038;description=Unser+Biwak-Kurs+am+Annabergerhaus\" class=\"pt-cv-social-pinterest\" target=\"_blank\"><\/a><\/div><\/div><\/div>\n<div class=\"col-md-3 col-sm-6 col-xs-12 pt-cv-content-item pt-cv-1-col\"  data-pid=\"537\"><div class='pt-cv-ifield'><a href=\"http:\/\/www.gebirgsverein-services.at\/gruppen\/2017\/09\/12\/test-nummero-3\/\" class=\"_self pt-cv-href-thumbnail pt-cv-thumb-default cvplbd cvp-responsive-image img-none\" target=\"_self\" ><img decoding=\"async\" width=\"517\" height=\"235\" src=\"http:\/\/www.gebirgsverein-services.at\/gruppen\/wp-content\/uploads\/2019\/02\/12369490614_77e1928b30_k-517x235.jpg\" class=\"pt-cv-thumbnail img-none no-lazy\" alt=\"Test Nummero 3\" data-no-lazy=\"1\" \/><\/a>\n<h4 class=\"pt-cv-title\"><a href=\"http:\/\/www.gebirgsverein-services.at\/gruppen\/2017\/09\/12\/test-nummero-3\/\" class=\"_self cvplbd\" target=\"_self\" >Test Nummero 3<\/a><\/h4>\n<div class=\"pt-cv-content\">Zack, bumm, klesch ...<br \/><div class=\"pt-cv-rmwrap\"><a href=\"http:\/\/www.gebirgsverein-services.at\/gruppen\/2017\/09\/12\/test-nummero-3\/\" class=\"_self pt-cv-readmore btn btn-success cvplbd\" target=\"_self\">Weiterlesen \u2026<\/a><\/div><\/div>\n<div class=\"pt-cv-social-buttons\"><a href=\"https:\/\/www.facebook.com\/sharer\/sharer.php?u=http:\/\/www.gebirgsverein-services.at\/gruppen\/2017\/09\/12\/test-nummero-3\/\" class=\"pt-cv-social-facebook\" target=\"_blank\"><\/a><a href=\"https:\/\/twitter.com\/intent\/tweet?url=http:\/\/www.gebirgsverein-services.at\/gruppen\/2017\/09\/12\/test-nummero-3\/&#038;text=Test+Nummero+3\" class=\"pt-cv-social-twitter\" target=\"_blank\"><\/a><a href=\"https:\/\/pinterest.com\/pin\/create\/bookmarklet\/?url=http:\/\/www.gebirgsverein-services.at\/gruppen\/2017\/09\/12\/test-nummero-3\/&#038;media=http:\/\/www.gebirgsverein-services.at\/gruppen\/wp-content\/uploads\/2019\/02\/12369490614_77e1928b30_k-300x169.jpg&#038;description=Test+Nummero+3\" class=\"pt-cv-social-pinterest\" target=\"_blank\"><\/a><\/div><\/div><\/div>\n<div class=\"col-md-3 col-sm-6 col-xs-12 pt-cv-content-item pt-cv-1-col\"  data-pid=\"521\"><div class='pt-cv-ifield'><a href=\"http:\/\/www.gebirgsverein-services.at\/gruppen\/2017\/09\/12\/das-ist-ein-test-der-zweite-schaetze-ich\/\" class=\"_self pt-cv-href-thumbnail pt-cv-thumb-default cvplbd cvp-responsive-image img-none\" target=\"_self\" ><img decoding=\"async\" width=\"517\" height=\"235\" src=\"http:\/\/www.gebirgsverein-services.at\/gruppen\/wp-content\/uploads\/2019\/02\/23761367242_a460c1ce06_k-517x235.jpg\" class=\"pt-cv-thumbnail img-none no-lazy\" alt=\"Das ist ein Test. Der zweite, sch\u00e4tze ich.\" data-no-lazy=\"1\" \/><\/a>\n<h4 class=\"pt-cv-title\"><a href=\"http:\/\/www.gebirgsverein-services.at\/gruppen\/2017\/09\/12\/das-ist-ein-test-der-zweite-schaetze-ich\/\" class=\"_self cvplbd\" target=\"_self\" >Das ist ein Test. Der zweite, sch\u00e4tze ich.<\/a><\/h4>\n<div class=\"pt-cv-content\">Lorem ipsum dolor sit amet, consetetur sadipscing elitr, sed diam nonumy eirmod tempor invidunt ut labore et dolore magna aliquyam ...<br \/><div class=\"pt-cv-rmwrap\"><a href=\"http:\/\/www.gebirgsverein-services.at\/gruppen\/2017\/09\/12\/das-ist-ein-test-der-zweite-schaetze-ich\/\" class=\"_self pt-cv-readmore btn btn-success cvplbd\" target=\"_self\">Weiterlesen \u2026<\/a><\/div><\/div>\n<div class=\"pt-cv-social-buttons\"><a href=\"https:\/\/www.facebook.com\/sharer\/sharer.php?u=http:\/\/www.gebirgsverein-services.at\/gruppen\/2017\/09\/12\/das-ist-ein-test-der-zweite-schaetze-ich\/\" class=\"pt-cv-social-facebook\" target=\"_blank\"><\/a><a href=\"https:\/\/twitter.com\/intent\/tweet?url=http:\/\/www.gebirgsverein-services.at\/gruppen\/2017\/09\/12\/das-ist-ein-test-der-zweite-schaetze-ich\/&#038;text=Das+ist+ein+Test.+Der+zweite%2C+sch%C3%A4tze+ich.\" class=\"pt-cv-social-twitter\" target=\"_blank\"><\/a><a href=\"https:\/\/pinterest.com\/pin\/create\/bookmarklet\/?url=http:\/\/www.gebirgsverein-services.at\/gruppen\/2017\/09\/12\/das-ist-ein-test-der-zweite-schaetze-ich\/&#038;media=http:\/\/www.gebirgsverein-services.at\/gruppen\/wp-content\/uploads\/2019\/02\/23761367242_a460c1ce06_k-300x151.jpg&#038;description=Das+ist+ein+Test.+Der+zweite%2C+sch%C3%A4tze+ich.\" class=\"pt-cv-social-pinterest\" target=\"_blank\"><\/a><\/div><\/div><\/div><\/div><\/div><\/div>\t\t\t<style type=\"text\/css\" id=\"pt-cv-inline-style-30bc4bdx2w\">#pt-cv-view-d2e7268izg.pt-cv-post-border .pt-cv-content-item   { border-top-style: solid; border-left-style: solid; }\n#pt-cv-view-d2e7268izg .pt-cv-title a, #pt-cv-view-d2e7268izg  .panel-title { font-weight: 600 !important; }\n#pt-cv-view-d2e7268izg .pt-cv-readmore  { color: #ffffff !important; background-color: #00aeef !important; }\n#pt-cv-view-d2e7268izg .pt-cv-readmore:hover  { color: #ffffff !important; background-color: #00aeef !important; }\n#pt-cv-view-d2e7268izg  + .pt-cv-pagination-wrapper .pt-cv-more , #pt-cv-view-d2e7268izg  + .pt-cv-pagination-wrapper .pagination .active a { color: #ffffff !important; background-color: #00aeef !important; }\n#pt-cv-view-d2e7268izg .cvp-responsive-image { width: 517px; height: 235px; }<\/style>\r\n\t\t\t\n","protected":false},"excerpt":{"rendered":"","protected":false},"author":1,"featured_media":0,"parent":2459,"menu_order":0,"comment_status":"closed","ping_status":"closed","template":"","meta":{"_acf_changed":false,"ngg_post_thumbnail":0,"footnotes":""},"class_list":["post-2471","page","type-page","status-publish","czr-hentry"],"acf":[],"amp_enabled":true,"_links":{"self":[{"href":"http:\/\/www.gebirgsverein-services.at\/gruppen\/wp-json\/wp\/v2\/pages\/2471","targetHints":{"allow":["GET"]}}],"collection":[{"href":"http:\/\/www.gebirgsverein-services.at\/gruppen\/wp-json\/wp\/v2\/pages"}],"about":[{"href":"http:\/\/www.gebirgsverein-services.at\/gruppen\/wp-json\/wp\/v2\/types\/page"}],"author":[{"embeddable":true,"href":"http:\/\/www.gebirgsverein-services.at\/gruppen\/wp-json\/wp\/v2\/users\/1"}],"replies":[{"embeddable":true,"href":"http:\/\/www.gebirgsverein-services.at\/gruppen\/wp-json\/wp\/v2\/comments?post=2471"}],"version-history":[{"count":0,"href":"http:\/\/www.gebirgsverein-services.at\/gruppen\/wp-json\/wp\/v2\/pages\/2471\/revisions"}],"up":[{"embeddable":true,"href":"http:\/\/www.gebirgsverein-services.at\/gruppen\/wp-json\/wp\/v2\/pages\/2459"}],"wp:attachment":[{"href":"http:\/\/www.gebirgsverein-services.at\/gruppen\/wp-json\/wp\/v2\/media?parent=2471"}],"curies":[{"name":"wp","href":"https:\/\/api.w.org\/{rel}","templated":true}]}}