{"id":234,"date":"2017-03-28T11:21:56","date_gmt":"2017-03-28T09:21:56","guid":{"rendered":"http:\/\/www.gebirgsverein-services.at\/gruppen\/?page_id=234"},"modified":"2019-03-20T16:38:40","modified_gmt":"2019-03-20T15:38:40","slug":"die-geschichte-des-oegv","status":"publish","type":"page","link":"http:\/\/www.gebirgsverein-services.at\/gruppen\/ortsgruppen\/neulengbach\/die-geschichte-des-oegv\/","title":{"rendered":"Die Geschichte des Gebirgsvereins"},"content":{"rendered":"\n<div style=\"height:23px\" aria-hidden=\"true\" class=\"wp-block-spacer\"><\/div>\n\n\n\n<div class=\"wp-block-button alignright is-style-squared\"><a class=\"wp-block-button__link has-text-color has-very-light-gray-color has-background has-cyan-bluish-gray-background-color\" href=\"http:\/\/www.gebirgsverein-services.at\/gruppen\/ortsgruppen\/neulengbach\/die-geschichte-des-oegv\/\">Die Geschichte des Gebirgsvereins<\/a><\/div>\n\n\n\n<div class=\"wp-block-button is-style-squared\"><a class=\"wp-block-button__link has-text-color has-very-light-gray-color has-background has-vivid-cyan-blue-background-color\" href=\"http:\/\/www.gebirgsverein-services.at\/gruppen\/ortsgruppen\/neulengbach\/237-2\/\">Die Geschichte des \u00d6AV<\/a><\/div>\n\n\n\n<div style=\"height:23px\" aria-hidden=\"true\" class=\"wp-block-spacer\"><\/div>\n\n\n<div>\n<p><img decoding=\"async\" width=\"180\" height=\"180\" class=\"alignleft lazyload\" alt=\"Logo \u00d6GV\" data-src=\"http:\/\/neulengbach.gebirgsverein.at\/images\/stories\/oegv-alt.gif\" src=\"data:image\/svg+xml;base64,PHN2ZyB3aWR0aD0iMSIgaGVpZ2h0PSIxIiB4bWxucz0iaHR0cDovL3d3dy53My5vcmcvMjAwMC9zdmciPjwvc3ZnPg==\" style=\"--smush-placeholder-width: 180px; --smush-placeholder-aspect-ratio: 180\/180;\">Am 10.08.1890 erschien die erste Folge der Vereinszeitschrift &#8222;Der Gebirgsfreund&#8220;.<\/p>\n<p>1892 wurde das erste Bauwerk des Vereins errichtet, die Josefswarte im Wienerwald. Bald darauf wurden auch Schutzh\u00fctten in Angriff genommen wie die T\u00fcrnitzer H\u00fctte und das Habsburg-Haus.<\/p>\n<p>1904 wurde der Beschluss gefa\u00dft, den Verein in &#8222;\u00d6sterr. Gebirgsverein&#8220; umzutaufen. Der Verein wurde rasch gr\u00f6\u00dfer und z\u00e4hlte 1905 schon \u00fcber 5.000 Mitglieder. In diesem Jahr lege Hugo Gerbers seine T\u00e4tigkeit als Vorstand zur\u00fcck.<\/p>\n<p>1918 verstarb Hugo Gerbers im steirischen D\u00f6rfchen Aflenz, wo er auch begraben wurde<\/p>\n<p>1925 wurde eine Arbeitsgemeinschaft mit dem \u00d6sterr. Touristenklub gebildet und 1928 bekam der&nbsp;Gebirgsverein endlich ein eigenes Vereinshaus. Am 15. Nov. 1930 wurde der&nbsp;Gebirgsverein ein Glied des &#8222;Deutsch und \u00d6sterreichischen Alpenvereins&#8220; (D.u.\u00d6.AV), welche bereits 1873 fusionierten. Ab 1938 war er nur mehr dem &#8222;Deutschen Alpenverein&#8220; angeschlossen.<\/p>\n<p>1945 entstand der&nbsp;Gebirgsverein neu, nachdem das Magistrat Wien den Antrag genehmigte, &#8222;das Verm\u00f6gen der Sektion Ostm\u00e4rkischer Gebirgsverein des Deutschen Alpenvereines zu sichten und sicherzustellen&#8220;. Am 23. April 1954 entschied sich die Hauptversammlung des&nbsp;Gebirgsvereins f\u00fcr die Aufgabe der Selbstst\u00e4ndigkeit und f\u00fcr den Beitritt als Sektion zum \u00d6AV. Seit 1955 ist der&nbsp;Gebirgsverein nun eine Sektion des \u00d6sterreichischen Alpenvereins.<\/p>\n<p>Es folgten Jahre mit st\u00e4ndigem auf und ab bei den Mitgliederzahlen und auch finanziell. 1971 wurde \u00fcber eine Fusion aller Wiener Sektionen abgestimmt, die daf\u00fcr erforderliche Mehrheit konnte allerdings nicht erreicht werden.&nbsp;<\/p>\n<p>1990, zum 100-j\u00e4hrigen Jubil\u00e4um, wurde der&nbsp;Gebirgsverein die zweitgr\u00f6\u00dfte \u00f6sterreichische Sektion und z\u00e4hlt mittlerweile mehr als 20.000 Mitglieder<\/p>\n<p>&nbsp;<\/p>\n<\/div>","protected":false},"excerpt":{"rendered":"<p>Am 10.08.1890 erschien die erste Folge der Vereinszeitschrift &#8222;Der Gebirgsfreund&#8220;. 1892 wurde das erste Bauwerk des Vereins errichtet, die Josefswarte im Wienerwald. Bald darauf wurden auch Schutzh\u00fctten in Angriff genommen wie die T\u00fcrnitzer H\u00fctte und das Habsburg-Haus. 1904 wurde der Beschluss gefa\u00dft, den Verein in &#8222;\u00d6sterr. Gebirgsverein&#8220; umzutaufen. Der Verein wurde rasch gr\u00f6\u00dfer und z\u00e4hlte [&hellip;]<\/p>\n","protected":false},"author":23,"featured_media":786,"parent":225,"menu_order":0,"comment_status":"closed","ping_status":"closed","template":"","meta":{"_acf_changed":false,"ngg_post_thumbnail":0,"footnotes":""},"class_list":["post-234","page","type-page","status-publish","has-post-thumbnail","czr-hentry"],"acf":[],"amp_enabled":true,"_links":{"self":[{"href":"http:\/\/www.gebirgsverein-services.at\/gruppen\/wp-json\/wp\/v2\/pages\/234","targetHints":{"allow":["GET"]}}],"collection":[{"href":"http:\/\/www.gebirgsverein-services.at\/gruppen\/wp-json\/wp\/v2\/pages"}],"about":[{"href":"http:\/\/www.gebirgsverein-services.at\/gruppen\/wp-json\/wp\/v2\/types\/page"}],"author":[{"embeddable":true,"href":"http:\/\/www.gebirgsverein-services.at\/gruppen\/wp-json\/wp\/v2\/users\/23"}],"replies":[{"embeddable":true,"href":"http:\/\/www.gebirgsverein-services.at\/gruppen\/wp-json\/wp\/v2\/comments?post=234"}],"version-history":[{"count":0,"href":"http:\/\/www.gebirgsverein-services.at\/gruppen\/wp-json\/wp\/v2\/pages\/234\/revisions"}],"up":[{"embeddable":true,"href":"http:\/\/www.gebirgsverein-services.at\/gruppen\/wp-json\/wp\/v2\/pages\/225"}],"wp:featuredmedia":[{"embeddable":true,"href":"http:\/\/www.gebirgsverein-services.at\/gruppen\/wp-json\/wp\/v2\/media\/786"}],"wp:attachment":[{"href":"http:\/\/www.gebirgsverein-services.at\/gruppen\/wp-json\/wp\/v2\/media?parent=234"}],"curies":[{"name":"wp","href":"https:\/\/api.w.org\/{rel}","templated":true}]}}