{"id":1024,"date":"2018-09-27T16:43:46","date_gmt":"2018-09-27T14:43:46","guid":{"rendered":"http:\/\/www.gebirgsverein-services.at\/gruppen\/?page_id=1024"},"modified":"2018-09-27T18:07:44","modified_gmt":"2018-09-27T16:07:44","slug":"tuernitzer-huette-st-poelten","status":"publish","type":"page","link":"http:\/\/www.gebirgsverein-services.at\/gruppen\/ortsgruppen\/st-poelten\/tuernitzer-huette-st-poelten\/","title":{"rendered":"T\u00fcrnitzer H\u00fctte &#8211; St. P\u00f6lten"},"content":{"rendered":"<h2 align=\"center\" class=\"Stil1\">T\u00fcrnitzer H\u00fctte<\/h2>\n<table width=\"811\" align=\"center\">\n<tbody>\n<tr>\n<td width=\"170\" valign=\"top\"><span class=\"Stil2\"><strong>Errichtung:<\/strong><\/span><\/td>\n<td width=\"629\"><span class=\"Stil2\">1895. Die damalige Bausubstanz ist im Wesentlichen erhalten geblieben.<br \/>\nSeither zahlreiche Zubauten (Keller, Schlafr\u00e4ume, Sanit\u00e4ranlagen mit biologischer Kl\u00e4ranlage). Neues H\u00fcttendach und Au\u00dfenverschindelung.<\/span><\/td>\n<\/tr>\n<tr>\n<td valign=\"top\"><span class=\"Stil2\"><strong>Eigent\u00fcmer:<\/strong><\/span><\/td>\n<td><span class=\"Stil2\">\u00d6AV, Sektion \u00d6sterr. Gebirgsverein, Ortsgruppe St.P\u00f6lten<\/span><\/td>\n<\/tr>\n<tr>\n<td valign=\"top\"><span class=\"Stil2\"><strong>Seeh\u00f6he:<\/strong><\/span><\/td>\n<td><span class=\"Stil2\">1372 m, knapp unterhalb des T\u00fcrnitzer H\u00f6gers in den T\u00fcrnitzer Alpen<\/span><\/td>\n<\/tr>\n<tr>\n<td valign=\"top\"><span class=\"Stil2\"><strong>Koordinaten:<\/strong><\/span><\/td>\n<td class=\"Stil2\">geografisch: 15 \u00b0 33 &#8218; 23 &#8220; Ost, 45 \u00b0 55 &#8217;10 &#8220; Nord<br \/>\nUTM: 33T 541582 mE 5307492 mN, \u00d6K NL 33-02-05 &#8211; Sankt Aegyd am Neuwalde<\/td>\n<\/tr>\n<tr>\n<td valign=\"top\"><span class=\"Stil2\"><strong>Ausstattung:<\/strong><\/span><\/td>\n<td valign=\"top\">\n<p class=\"Stil2\">3 Schlafr\u00e4ume mit 28 Betten, 1 K\u00fcche, 1 Schankraum, Sonnenterrasse,<br \/>\n2 Gastr\u00e4ume, Herren- und Damentoilette, 1 Winterraum mit 2 Notlager<\/p>\n<\/td>\n<\/tr>\n<tr>\n<td valign=\"top\"><span class=\"Stil2\"><strong>H\u00fcttenkategorie:<\/strong><\/span><\/td>\n<td><span class=\"Stil2\">Nach der H\u00fcttenordnung des \u00d6AV ist die T\u00fcrnitzer H\u00fctte eine H\u00fctte der Kategorie I (Schutzh\u00fctte, die ihren urspr\u00fcnglichen Charakter als St\u00fctzpunkt f\u00fcr den Bergsteiger und Bergwanderer bewahren muss)<\/span><\/td>\n<\/tr>\n<tr>\n<td valign=\"top\"><span class=\"Stil2\"><strong>Adresse:<\/strong><\/span><\/td>\n<td><span class=\"Stil2\">3184 T\u00fcrnitz, Traisenbachstra\u00dfe 81<\/span><\/td>\n<\/tr>\n<tr>\n<td valign=\"top\"><span class=\"Stil2\"><strong>Telefon H\u00fctte mobil:<\/strong><\/span><\/td>\n<td><span class=\"Stil2\">0664\/5717697<\/span><\/td>\n<\/tr>\n<tr>\n<td valign=\"top\"><span class=\"Stil2\"><strong>Telefon Tal:<\/strong><\/span><\/td>\n<td>&nbsp;<\/td>\n<\/tr>\n<tr>\n<td valign=\"top\"><span class=\"Stil2\"><strong>Bewirtschaftungsart:<\/strong><\/span><\/td>\n<td><span class=\"Stil2\">einfache Bewirtschaftung durch Mitglieder der Gruppe St. P\u00f6lten des \u00d6GV, kein H\u00fcttenp\u00e4chter. Die H\u00fcttenversorgung erfolgt \u00fcber eine Materialseilbahn aus dem Kr\u00e4uterbachgraben bei Lehenrotte.<\/span><\/td>\n<\/tr>\n<tr>\n<td valign=\"top\"><span class=\"Stil2\"><strong>Bewirtschaftungszeit:<\/strong><\/span><\/td>\n<td><span class=\"Stil2\">1. Mai bis 1. November an Wochenenden und Feiertagen.<br \/>\nIn den Wintermonaten gesperrt.<\/span><\/td>\n<\/tr>\n<tr>\n<td valign=\"top\"><span class=\"Stil2\"><strong>Erreichbarkeit:<\/strong><\/span><\/td>\n<td><span class=\"Stil2\">\u00dcber insgesamt f\u00fcnf Wanderwege in einer Zeit von 2 bis 4,5 Stunden.<br \/>\nKeine Fahrtm\u00f6glichkeit bis zur H\u00fctte. Das umliegende rund 40 km lange Wegenetz wird ebenfalls von der Ortsgruppe St. P\u00f6lten instand gehalten und markiert.<\/span><\/td>\n<\/tr>\n<\/tbody>\n<\/table>\n<p align=\"center\" class=\"Stil2\"><a href=\"http:\/\/stpoelten.gebirgsverein.at\/PDF\/Beschreibung%20Tuernitzer%20Huette%20und%20Wege.pdf\" target=\"_blank\" rel=\"noopener\">Beschreibung T\u00fcrnitzer H\u00fctte und Wege (zum ausdrucken)<\/a><\/p>\n<p align=\"center\" class=\"Stil2\" style=\"text-align: center;\"><a href=\"http:\/\/stpoelten.gebirgsverein.at\/PDF\/Folder%202015%20WEB.pdf\" target=\"_blank\" rel=\"noopener\">Folder T\u00fcrnitzer H\u00fctte (zum selbst herstellen)<\/a><\/p>\nngg_shortcode_0_placeholder\n","protected":false},"excerpt":{"rendered":"<p>T\u00fcrnitzer H\u00fctte Errichtung: 1895. Die damalige Bausubstanz ist im Wesentlichen erhalten geblieben. Seither zahlreiche Zubauten (Keller, Schlafr\u00e4ume, Sanit\u00e4ranlagen mit biologischer Kl\u00e4ranlage). Neues H\u00fcttendach und Au\u00dfenverschindelung. Eigent\u00fcmer: \u00d6AV, Sektion \u00d6sterr. Gebirgsverein, Ortsgruppe St.P\u00f6lten Seeh\u00f6he: 1372 m, knapp unterhalb des T\u00fcrnitzer H\u00f6gers in den T\u00fcrnitzer Alpen Koordinaten: geografisch: 15 \u00b0 33 &#8218; 23 &#8220; Ost, 45 \u00b0 [&hellip;]<\/p>\n","protected":false},"author":25,"featured_media":1000,"parent":39,"menu_order":0,"comment_status":"closed","ping_status":"closed","template":"","meta":{"_acf_changed":false,"ngg_post_thumbnail":0,"footnotes":""},"class_list":["post-1024","page","type-page","status-publish","has-post-thumbnail","czr-hentry"],"acf":[],"amp_enabled":true,"_links":{"self":[{"href":"http:\/\/www.gebirgsverein-services.at\/gruppen\/wp-json\/wp\/v2\/pages\/1024","targetHints":{"allow":["GET"]}}],"collection":[{"href":"http:\/\/www.gebirgsverein-services.at\/gruppen\/wp-json\/wp\/v2\/pages"}],"about":[{"href":"http:\/\/www.gebirgsverein-services.at\/gruppen\/wp-json\/wp\/v2\/types\/page"}],"author":[{"embeddable":true,"href":"http:\/\/www.gebirgsverein-services.at\/gruppen\/wp-json\/wp\/v2\/users\/25"}],"replies":[{"embeddable":true,"href":"http:\/\/www.gebirgsverein-services.at\/gruppen\/wp-json\/wp\/v2\/comments?post=1024"}],"version-history":[{"count":0,"href":"http:\/\/www.gebirgsverein-services.at\/gruppen\/wp-json\/wp\/v2\/pages\/1024\/revisions"}],"up":[{"embeddable":true,"href":"http:\/\/www.gebirgsverein-services.at\/gruppen\/wp-json\/wp\/v2\/pages\/39"}],"wp:featuredmedia":[{"embeddable":true,"href":"http:\/\/www.gebirgsverein-services.at\/gruppen\/wp-json\/wp\/v2\/media\/1000"}],"wp:attachment":[{"href":"http:\/\/www.gebirgsverein-services.at\/gruppen\/wp-json\/wp\/v2\/media?parent=1024"}],"curies":[{"name":"wp","href":"https:\/\/api.w.org\/{rel}","templated":true}]}}