{"id":3062,"date":"2022-11-18T18:51:49","date_gmt":"2022-11-18T17:51:49","guid":{"rendered":"https:\/\/www.gebirgsverein-services.at\/bergsteigergruppe\/?page_id=3062"},"modified":"2022-11-18T21:59:46","modified_gmt":"2022-11-18T20:59:46","slug":"ortler-nordwand-2005-bonazza","status":"publish","type":"page","link":"http:\/\/www.gebirgsverein-services.at\/bergsteigergruppe\/ortler-nordwand-2005-bonazza\/","title":{"rendered":"Ortler Nordwand 2005, Bonazza"},"content":{"rendered":"\t\t<div data-elementor-type=\"wp-page\" data-elementor-id=\"3062\" class=\"elementor elementor-3062\">\n\t\t\t\t\t\t<section class=\"elementor-section elementor-top-section elementor-element elementor-element-1f00302 elementor-section-boxed elementor-section-height-default elementor-section-height-default\" data-id=\"1f00302\" data-element_type=\"section\" data-e-type=\"section\">\n\t\t\t\t\t\t<div class=\"elementor-container elementor-column-gap-default\">\n\t\t\t\t\t<div class=\"elementor-column elementor-col-100 elementor-top-column elementor-element elementor-element-2635e00\" data-id=\"2635e00\" data-element_type=\"column\" data-e-type=\"column\">\n\t\t\t<div class=\"elementor-widget-wrap elementor-element-populated\">\n\t\t\t\t\t\t<div class=\"elementor-element elementor-element-d0ecf9f elementor-widget elementor-widget-heading\" data-id=\"d0ecf9f\" data-element_type=\"widget\" data-e-type=\"widget\" data-widget_type=\"heading.default\">\n\t\t\t\t<div class=\"elementor-widget-container\">\n\t\t\t\t\t<h1 class=\"elementor-heading-title elementor-size-default\">Ortler Nordwand<\/h1>\t\t\t\t<\/div>\n\t\t\t\t<\/div>\n\t\t\t\t<div class=\"elementor-element elementor-element-e202e0d elementor-widget elementor-widget-heading\" data-id=\"e202e0d\" data-element_type=\"widget\" data-e-type=\"widget\" data-widget_type=\"heading.default\">\n\t\t\t\t<div class=\"elementor-widget-container\">\n\t\t\t\t\t<h4 class=\"elementor-heading-title elementor-size-default\">Klaus Bonazza<\/h4>\t\t\t\t<\/div>\n\t\t\t\t<\/div>\n\t\t\t\t\t<\/div>\n\t\t<\/div>\n\t\t\t\t\t<\/div>\n\t\t<\/section>\n\t\t\t\t<section class=\"elementor-section elementor-top-section elementor-element elementor-element-be972b4 elementor-section-boxed elementor-section-height-default elementor-section-height-default\" data-id=\"be972b4\" data-element_type=\"section\" data-e-type=\"section\">\n\t\t\t\t\t\t<div class=\"elementor-container elementor-column-gap-default\">\n\t\t\t\t\t<div class=\"elementor-column elementor-col-100 elementor-top-column elementor-element elementor-element-d0732b0\" data-id=\"d0732b0\" data-element_type=\"column\" data-e-type=\"column\">\n\t\t\t<div class=\"elementor-widget-wrap elementor-element-populated\">\n\t\t\t\t\t\t<section class=\"elementor-section elementor-inner-section elementor-element elementor-element-c3d1639 elementor-section-boxed elementor-section-height-default elementor-section-height-default\" data-id=\"c3d1639\" data-element_type=\"section\" data-e-type=\"section\">\n\t\t\t\t\t\t<div class=\"elementor-container elementor-column-gap-default\">\n\t\t\t\t\t<div class=\"elementor-column elementor-col-50 elementor-inner-column elementor-element elementor-element-50b6950\" data-id=\"50b6950\" data-element_type=\"column\" data-e-type=\"column\">\n\t\t\t<div class=\"elementor-widget-wrap elementor-element-populated\">\n\t\t\t\t\t\t<div class=\"elementor-element elementor-element-f31aba6 elementor-widget elementor-widget-text-editor\" data-id=\"f31aba6\" data-element_type=\"widget\" data-e-type=\"widget\" data-widget_type=\"text-editor.default\">\n\t\t\t\t<div class=\"elementor-widget-container\">\n\t\t\t\t\t\t\t\t\t<p><span style=\"font-family: Calibri, serif; font-size: 16px; color: #000000;\">Seit ich bei einer meiner ersten Schitouren als Kind die Nordseite des Ortlers zu Gesicht bekommen hatte, war mir dieses gigantische Bollwerk aus Fels und Eis nicht mehr aus dem Kopf gegangen. Damals erschien mir die Wand als unbesteigbar oder &#8222;Reinhold Messner und so \u00e4hnlichen Leuten vorbehalten&#8220;. Dass ich jemals eine Besteigung ernsthaft in Erw\u00e4gung ziehen w\u00fcrde, hielt ich damals f\u00fcr ausgeschlossen.<\/span><\/p>\t\t\t\t\t\t\t\t<\/div>\n\t\t\t\t<\/div>\n\t\t\t\t\t<\/div>\n\t\t<\/div>\n\t\t\t\t<div class=\"elementor-column elementor-col-50 elementor-inner-column elementor-element elementor-element-0d9d6f5\" data-id=\"0d9d6f5\" data-element_type=\"column\" data-e-type=\"column\">\n\t\t\t<div class=\"elementor-widget-wrap elementor-element-populated\">\n\t\t\t\t\t\t<div class=\"elementor-element elementor-element-2951ce1 elementor-widget elementor-widget-image\" data-id=\"2951ce1\" data-element_type=\"widget\" data-e-type=\"widget\" data-widget_type=\"image.default\">\n\t\t\t\t<div class=\"elementor-widget-container\">\n\t\t\t\t\t\t\t\t\t\t\t\t\t\t\t<img fetchpriority=\"high\" decoding=\"async\" width=\"599\" height=\"450\" src=\"http:\/\/www.gebirgsverein-services.at\/bergsteigergruppe\/wp-content\/uploads\/2022\/11\/BG_2005-11_Ortler-Nordwand_KlausBonazza_Gesamtansicht.jpg\" class=\"attachment-large size-large wp-image-3073\" alt=\"\" srcset=\"http:\/\/www.gebirgsverein-services.at\/bergsteigergruppe\/wp-content\/uploads\/2022\/11\/BG_2005-11_Ortler-Nordwand_KlausBonazza_Gesamtansicht.jpg 599w, http:\/\/www.gebirgsverein-services.at\/bergsteigergruppe\/wp-content\/uploads\/2022\/11\/BG_2005-11_Ortler-Nordwand_KlausBonazza_Gesamtansicht-300x225.jpg 300w\" sizes=\"(max-width: 599px) 100vw, 599px\" \/>\t\t\t\t\t\t\t\t\t\t\t\t\t\t\t<\/div>\n\t\t\t\t<\/div>\n\t\t\t\t\t<\/div>\n\t\t<\/div>\n\t\t\t\t\t<\/div>\n\t\t<\/section>\n\t\t\t\t<div class=\"elementor-element elementor-element-a0f4448 elementor-widget elementor-widget-text-editor\" data-id=\"a0f4448\" data-element_type=\"widget\" data-e-type=\"widget\" data-widget_type=\"text-editor.default\">\n\t\t\t\t<div class=\"elementor-widget-container\">\n\t\t\t\t\t\t\t\t\t<p class=\"western\" lang=\"de-DE\">\u00a0<\/p><p align=\"LEFT\"><span style=\"font-size: medium;\"><span style=\"color: #000000;\"><span style=\"font-family: Calibri, serif;\">Als ich Jahre sp\u00e4ter selber begann, Firn- und Eisw\u00e4nde zu besteigen, sah ich das Ganze schon aus einem anderen Blickwinkel, die Tour schien mir aber noch &#8222;eine Nummer zu gro\u00df&#8220; zu sein. Von einem Freund aus Brixen, mit dem ich immer wieder Eis- und Hochtouren unternehme und der die Wand schon bestiegen hatte, h\u00f6rte ich Horrorgeschichten. Erfahrene Bergsteiger waren in der Ortler Nordwand t\u00f6dlich abgest\u00fcrzt, von Lawinen erfasst worden, oder hatten sich beim Wettersturz die Zehen abgefroren. Andererseits klang die Durchschnittssteigung von 55\u00b0 eher harmlos, und ich beobachtete in den letzten Jahren ein deutliches Abschmelzen der gef\u00fcrchteten &#8222;Eisbalkone&#8220; im oberen Wandteil. Ich beschloss, die Wand in Angriff zu nehmen, fand aber anfangs keinen Partner f\u00fcr mein Unternehmen. Es vergingen zwei Jahre, eine lange Zeit, in der ich viele andere Touren unternahm, die teilweise technisch viel schwieriger waren als die eher flache Ortler Nordwand.<\/span><\/span><\/span><\/p><p align=\"LEFT\"><span style=\"font-size: medium;\"><span style=\"color: #000000;\"><span style=\"font-family: Calibri, serif;\">So verlor die Wand viel von ihrem Schrecken. Ich begann, unkonventionelle Pl\u00e4ne zu schmieden, dachte an einen Alleingang oder eine Winterbesteigung, die Traumwand aus der Kindheit durfte mir nicht zu leicht ins K\u00f6rbchen fallen.<\/span><\/span><\/span><\/p><p align=\"LEFT\"><span style=\"font-size: medium;\"><span style=\"color: #000000;\"><span style=\"font-family: Calibri, serif;\">Dann lernte ich Markus Gschwendt kennen, ich erz\u00e4hlte ihm von meinem Vorhaben, gemeinsam packte uns die Abenteuerlust, und wir brachen schlie\u00dflich am 20. November 2005 zum Ortler auf.<\/span><\/span><\/span><\/p><p align=\"LEFT\"><span style=\"font-size: medium;\"><span style=\"color: #000000;\"><span style=\"font-family: Calibri, serif;\">Das Wetter war nicht stabil, aber die Alpens\u00fcdseite war durch Nordf\u00f6hn wetterbeg\u00fcnstigt. Es lag frischer Pulverschnee, nur die Wand pr\u00e4sentierte sich fast v\u00f6llig blank. Die Verh\u00e4ltnisse waren also winterlich, obwohl laut Kalender der Winter noch nicht angefangen hatte. Markus und ich waren hoch motiviert und fest entschlossen.<\/span><\/span><\/span><\/p><p align=\"LEFT\"><span style=\"font-size: medium;\"><span style=\"color: #000000;\"><span style=\"font-family: Calibri, serif;\">Der Weg zur Tabarettah\u00fctte war gro\u00dfteils schneefrei, bei bitterer K\u00e4lte und Sonnenschein stiegen wir gem\u00fctlich hoch, um es uns im Winterraum bequem zu machen. Kritisch beobachteten wir die Verh\u00e4ltnisse in der Wand, und besonders die etwas flacheren H\u00e4nge oberhalb der Wand, wo sich Triebschnee angesammelt hatte, waren mir ein Dorn im Auge. Wir diskutierten gerade dar\u00fcber, ob wir bei dieser Lawinensituation nicht doch besser verzichten sollten, da kl\u00e4rte sich die Frage pl\u00f6tzlich von selbst: Eine gro\u00dfe Pulverschneelawine donnerte von ganz oben zu Tal und h\u00fcllte die gesamte Nordwand minutenlang in eine Schneewolke.<\/span><\/span><\/span><\/p><p align=\"LEFT\"><span style=\"font-size: medium;\"><span style=\"color: #000000;\"><span style=\"font-family: Calibri, serif;\">Nun war alles unten, der Weg war frei.<\/span><\/span><\/span><\/p><p align=\"LEFT\"><span style=\"font-size: medium;\"><span style=\"color: #000000;\"><span style=\"font-family: Calibri, serif;\">Die Nacht war kalt. Beim Aufbruch von der H\u00fctte um 3.30 Uhr sch\u00e4tzten wir -25\u00b0, es sollte auch tags\u00fcber nicht w\u00e4rmer werden. Der Zustieg begann mit einer Querung durch felsiges Gel\u00e4nde. Wir verloren kurz den Weg, wodurch wir uns eine kurze Kletterstelle einhandelten, die im Nachhinein gesehen vermeidbar gewesen w\u00e4re. Von dort an ging ich vor, denn mir lag viel daran, noch vor Tagesanbruch den &#8222;Flaschenhals&#8220;, eine ber\u00fcchtigte Engstelle, wo man dem Eisschlag und den Lawinen besonders stark ausgesetzt ist, hinter mich zu bringen. Kurz bevor es hell wurde befand ich mich oberhalb der kritischen Stelle und baute einen soliden Stand. Ich wartete lange. Inzwischen hatte der eiskalte Nordwind lebhaft aufgefrischt und auf den Graten waren Schneefahnen zu sehen, ein wundersch\u00f6ner Anblick &#8211; wenn es nur nicht so kalt gewesen w\u00e4re! W\u00e4hrend ich mir frierend die Gegend ansah, Sulden tief unter uns, gegen\u00fcber die Vertainspitze, deren rassige Nordwand ich ein Jahr zuvor bestiegen hatte, in der Ferne der Alpenhauptkamm mit einer markanten F\u00f6nmauer, von der sich von Zeit zu Zeit kleine Wolkenfetzen abl\u00f6sten und f\u00fcr einige Minuten den Ortler einh\u00fcllten, das alles nat\u00fcrlich im Rot des Sonnenaufgangs, und w\u00e4hrend ich vergeblich versuchte, die Batterien\u00a0 meines Fotoapparates aufzuw\u00e4rmen, um wieder fotografieren zu k\u00f6nnen, gingen mir auch andere Gedanken durch den Kopf: Herrscht im oberen Wandteil Lawinengefahr? Ist es nicht schon ganz sch\u00f6n sp\u00e4t? Sollen wir \u00fcber den Hintergrat oder \u00fcber die Payerh\u00fctte absteigen? Als dann auch Markus daherkam, lie\u00df ich ihm das Ende des Seils hinunter, damit er sich einbinden konnte. Von nun an gingen wir angeseilt in Wechself\u00fchrung. Langsam kehrte das Gef\u00fchl in meine tauben Zehen zur\u00fcck. An einigen Stellen war das Eis \u00fcberraschend gut, meist aber brutal hart und spr\u00f6de. Das Setzen einer Eisschraube war meist ein minutenlanger Kampf und noch schlimmer war das Entfernen des Eispfropfens nach dem m\u00fchsamen Herausdrehen. Deshalb setzten wir nur sehr wenige Zwischensicherungen, meist nur eine pro Seill\u00e4nge. Wir kamen nur langsam voran. Die Eisoberfl\u00e4che l\u00f6ste sich bei jedem Pickelschlag in gro\u00dfen Schollen, was das Klettern ziemlich heikel gestaltete. Eine Seill\u00e4nge fand ich besonders kraftraubend, weil sie 70\u00b0 steil und besonders spr\u00f6de war. Hier machte ich den Vorstieg und brach dabei mit Sicherheit keinen Geschwindigkeitsrekord. Zuvor hatte Markus in einer flachen Seill\u00e4nge mit unangenehmem Pulverschnee viel Zeit verloren, sodass es nun wirklich sp\u00e4t war. Ich machte den Vorschlag, ab jetzt nur mehr am laufenden Seil mit Zwischensicherungen zu gehen, um Zeit zu sparen, doch diese Idee kam nicht so richtig an. Der schwierigste Teil lag jetzt hinter uns, wir kletterten noch 3 Seill\u00e4ngen in 50\u00b0-55\u00b0 steilem Gel\u00e4nde, dann wurde es flacher. Zu meiner gro\u00dfen Erleichterung herrschte hier keine Lawinengefahr und der windgepresste Schnee erm\u00f6glichte uns ein z\u00fcgiges Vorankommen.<\/span><\/span><\/span><\/p><p align=\"LEFT\"><span style=\"font-size: medium;\"><span style=\"color: #000000;\"><span style=\"font-family: Calibri, serif;\">Kurz darauf erreichten wir den Gipfel. Welch ein Moment! Wir hatten es geschafft, f\u00fcr mich war ein Traum in Erf\u00fcllung gegangen!<\/span><\/span><\/span><\/p><p align=\"LEFT\"><span style=\"font-size: medium;\"><span style=\"color: #000000;\"><span style=\"font-family: Calibri, serif;\">Inzwischen war es 14.30 Uhr, die K\u00e4lte machte uns zu schaffen und starkes Schneetreiben schr\u00e4nkte die Sicht ein. Bei diesem Sturm verzichtete ich sogar auf einen Eintrag ins Gipfelbuch, schnell entschieden wir uns f\u00fcr den Abstieg \u00fcber den Normalweg. Dieser ist zwar im Winter weniger leicht zu finden als der Hintergrat, doch liegt eine Biwakschachtel am Weg. Wir mussten spuren, was aber abw\u00e4rts recht schnell ging. Je tiefer wir kamen, desto h\u00e4ufiger wurden die Sichtfenster und so fanden wir den richtigen Weg zwischen den offenen Spalten hindurch zum Grat, auf dem die Biwakschachtel steht. Ohne Pause ging es weiter, denn das letzte Tageslicht musste ausgenutzt werden. Erst ging es einen einfachen Grat entlang, dann eine klettersteig\u00e4hnliche Kette, das so genannte &#8222;Wandl&#8220;,\u00a0hinunter. Hier mussten wir uns abseilen, da die Ketten unter dem Schnee versteckt waren. Jetzt wurde es dunkel. Gl\u00fccklicherweise fanden wir immer wieder alte Spuren im Schnee und manchmal entdeckte ich an abgeblasenen Stellen auch rote Markierungen. Trotzdem verloren wir immer wieder den kompliziert verwinkelten Weg. Die meiste Zeit gingen wir am &#8222;Kurzen Seil&#8220;, nur einmal musste ich Markus am eingerammten Pickel sichern. Zahlreiche Minischneebretter forderten gr\u00f6\u00dfte Vorsicht im Absturzgel\u00e4nde und letztendlich erreichten wir die Payerh\u00fctte von einer nicht vorgesehenen Seite. Von dort an war eine durchgehend erkennbare Spur vorhanden, die wir bis zur Tabarettah\u00fctte hinunter verfolgten. Dort schmolzen wir uns noch ein Wasser mit unserem Gaskocher und setzten bald danach den Abstieg fort. Um 10.30 Uhr erreichten wir m\u00fcde aber gl\u00fccklich das Auto.<\/span><\/span><\/span><\/p><p align=\"LEFT\"><span style=\"font-size: medium;\"><span style=\"color: #000000;\"><span style=\"font-family: Calibri, serif;\">In einem Punkt waren wir uns einig: Die M\u00fche hat sich gelohnt.<\/span><\/span><\/span><\/p>\t\t\t\t\t\t\t\t<\/div>\n\t\t\t\t<\/div>\n\t\t\t\t\t<\/div>\n\t\t<\/div>\n\t\t\t\t\t<\/div>\n\t\t<\/section>\n\t\t\t\t<section class=\"elementor-section elementor-top-section elementor-element elementor-element-f65f495 elementor-section-boxed elementor-section-height-default elementor-section-height-default\" data-id=\"f65f495\" data-element_type=\"section\" data-e-type=\"section\">\n\t\t\t\t\t\t<div class=\"elementor-container elementor-column-gap-default\">\n\t\t\t\t\t<div class=\"elementor-column elementor-col-100 elementor-top-column elementor-element elementor-element-b04e00f\" data-id=\"b04e00f\" data-element_type=\"column\" data-e-type=\"column\">\n\t\t\t<div class=\"elementor-widget-wrap elementor-element-populated\">\n\t\t\t\t\t\t<div class=\"elementor-element elementor-element-9888806 elementor-widget elementor-widget-image\" data-id=\"9888806\" data-element_type=\"widget\" data-e-type=\"widget\" data-widget_type=\"image.default\">\n\t\t\t\t<div class=\"elementor-widget-container\">\n\t\t\t\t\t\t\t\t\t\t\t\t\t\t\t<img decoding=\"async\" width=\"601\" height=\"451\" src=\"http:\/\/www.gebirgsverein-services.at\/bergsteigergruppe\/wp-content\/uploads\/2022\/11\/BG_2005-11_Ortler-Nordwand_KlausBonazza_Lawine.jpg\" class=\"attachment-medium_large size-medium_large wp-image-3074\" alt=\"\" srcset=\"http:\/\/www.gebirgsverein-services.at\/bergsteigergruppe\/wp-content\/uploads\/2022\/11\/BG_2005-11_Ortler-Nordwand_KlausBonazza_Lawine.jpg 601w, http:\/\/www.gebirgsverein-services.at\/bergsteigergruppe\/wp-content\/uploads\/2022\/11\/BG_2005-11_Ortler-Nordwand_KlausBonazza_Lawine-300x225.jpg 300w\" sizes=\"(max-width: 601px) 100vw, 601px\" \/>\t\t\t\t\t\t\t\t\t\t\t\t\t\t\t<\/div>\n\t\t\t\t<\/div>\n\t\t\t\t\t<\/div>\n\t\t<\/div>\n\t\t\t\t\t<\/div>\n\t\t<\/section>\n\t\t\t\t<section class=\"elementor-section elementor-top-section elementor-element elementor-element-3b12c02 elementor-section-boxed elementor-section-height-default elementor-section-height-default\" data-id=\"3b12c02\" data-element_type=\"section\" data-e-type=\"section\">\n\t\t\t\t\t\t<div class=\"elementor-container elementor-column-gap-default\">\n\t\t\t\t\t<div class=\"elementor-column elementor-col-100 elementor-top-column elementor-element elementor-element-2215660\" data-id=\"2215660\" data-element_type=\"column\" data-e-type=\"column\">\n\t\t\t<div class=\"elementor-widget-wrap elementor-element-populated\">\n\t\t\t\t\t\t<div class=\"elementor-element elementor-element-2eb461e elementor-widget elementor-widget-text-editor\" data-id=\"2eb461e\" data-element_type=\"widget\" data-e-type=\"widget\" data-widget_type=\"text-editor.default\">\n\t\t\t\t<div class=\"elementor-widget-container\">\n\t\t\t\t\t\t\t\t\t<p>Text, Fotos :Klaus Bonazza 2005<br \/>Update Layout 2022\u00a0\u00a0<a href=\"http:\/\/bg.gebirgsverein.at\/wbadr.htm\" target=\"_blank\" rel=\"noopener\">U<\/a>lli Fechter<br \/><a href=\"https:\/\/www.gebirgsverein-services.at\/Web_FA\/berichte\/2005_ortler_nordwand\/\">Link zur original Webseite<\/a><\/p>\t\t\t\t\t\t\t\t<\/div>\n\t\t\t\t<\/div>\n\t\t\t\t\t<\/div>\n\t\t<\/div>\n\t\t\t\t\t<\/div>\n\t\t<\/section>\n\t\t\t\t<\/div>\n\t\t","protected":false},"excerpt":{"rendered":"<p>Ortler Nordwand Klaus Bonazza Seit ich bei einer meiner ersten Schitouren als Kind die Nordseite des Ortlers zu Gesicht bekommen hatte, war mir dieses gigantische Bollwerk aus Fels und Eis [&hellip;]<\/p>\n","protected":false},"author":1,"featured_media":0,"parent":0,"menu_order":0,"comment_status":"closed","ping_status":"closed","template":"","meta":{"ocean_post_layout":"full-screen","ocean_both_sidebars_style":"","ocean_both_sidebars_content_width":0,"ocean_both_sidebars_sidebars_width":0,"ocean_sidebar":"0","ocean_second_sidebar":"0","ocean_disable_margins":"enable","ocean_add_body_class":"","ocean_shortcode_before_top_bar":"","ocean_shortcode_after_top_bar":"","ocean_shortcode_before_header":"","ocean_shortcode_after_header":"","ocean_has_shortcode":"","ocean_shortcode_after_title":"","ocean_shortcode_before_footer_widgets":"","ocean_shortcode_after_footer_widgets":"","ocean_shortcode_before_footer_bottom":"","ocean_shortcode_after_footer_bottom":"","ocean_display_top_bar":"default","ocean_display_header":"default","ocean_header_style":"","ocean_center_header_left_menu":"0","ocean_custom_header_template":"0","ocean_custom_logo":0,"ocean_custom_retina_logo":0,"ocean_custom_logo_max_width":0,"ocean_custom_logo_tablet_max_width":0,"ocean_custom_logo_mobile_max_width":0,"ocean_custom_logo_max_height":0,"ocean_custom_logo_tablet_max_height":0,"ocean_custom_logo_mobile_max_height":0,"ocean_header_custom_menu":"0","ocean_menu_typo_font_family":"0","ocean_menu_typo_font_subset":"","ocean_menu_typo_font_size":0,"ocean_menu_typo_font_size_tablet":0,"ocean_menu_typo_font_size_mobile":0,"ocean_menu_typo_font_size_unit":"px","ocean_menu_typo_font_weight":"","ocean_menu_typo_font_weight_tablet":"","ocean_menu_typo_font_weight_mobile":"","ocean_menu_typo_transform":"","ocean_menu_typo_transform_tablet":"","ocean_menu_typo_transform_mobile":"","ocean_menu_typo_line_height":0,"ocean_menu_typo_line_height_tablet":0,"ocean_menu_typo_line_height_mobile":0,"ocean_menu_typo_line_height_unit":"","ocean_menu_typo_spacing":0,"ocean_menu_typo_spacing_tablet":0,"ocean_menu_typo_spacing_mobile":0,"ocean_menu_typo_spacing_unit":"","ocean_menu_link_color":"","ocean_menu_link_color_hover":"","ocean_menu_link_color_active":"","ocean_menu_link_background":"","ocean_menu_link_hover_background":"","ocean_menu_link_active_background":"","ocean_menu_social_links_bg":"","ocean_menu_social_hover_links_bg":"","ocean_menu_social_links_color":"","ocean_menu_social_hover_links_color":"","ocean_disable_title":"default","ocean_disable_heading":"default","ocean_post_title":"","ocean_post_subheading":"","ocean_post_title_style":"","ocean_post_title_background_color":"","ocean_post_title_background":0,"ocean_post_title_bg_image_position":"","ocean_post_title_bg_image_attachment":"","ocean_post_title_bg_image_repeat":"","ocean_post_title_bg_image_size":"","ocean_post_title_height":0,"ocean_post_title_bg_overlay":0.5,"ocean_post_title_bg_overlay_color":"","ocean_disable_breadcrumbs":"default","ocean_breadcrumbs_color":"","ocean_breadcrumbs_separator_color":"","ocean_breadcrumbs_links_color":"","ocean_breadcrumbs_links_hover_color":"","ocean_display_footer_widgets":"default","ocean_display_footer_bottom":"default","ocean_custom_footer_template":"0","footnotes":""},"class_list":["post-3062","page","type-page","status-publish","hentry","entry"],"_links":{"self":[{"href":"http:\/\/www.gebirgsverein-services.at\/bergsteigergruppe\/wp-json\/wp\/v2\/pages\/3062","targetHints":{"allow":["GET"]}}],"collection":[{"href":"http:\/\/www.gebirgsverein-services.at\/bergsteigergruppe\/wp-json\/wp\/v2\/pages"}],"about":[{"href":"http:\/\/www.gebirgsverein-services.at\/bergsteigergruppe\/wp-json\/wp\/v2\/types\/page"}],"author":[{"embeddable":true,"href":"http:\/\/www.gebirgsverein-services.at\/bergsteigergruppe\/wp-json\/wp\/v2\/users\/1"}],"replies":[{"embeddable":true,"href":"http:\/\/www.gebirgsverein-services.at\/bergsteigergruppe\/wp-json\/wp\/v2\/comments?post=3062"}],"version-history":[{"count":39,"href":"http:\/\/www.gebirgsverein-services.at\/bergsteigergruppe\/wp-json\/wp\/v2\/pages\/3062\/revisions"}],"predecessor-version":[{"id":3123,"href":"http:\/\/www.gebirgsverein-services.at\/bergsteigergruppe\/wp-json\/wp\/v2\/pages\/3062\/revisions\/3123"}],"wp:attachment":[{"href":"http:\/\/www.gebirgsverein-services.at\/bergsteigergruppe\/wp-json\/wp\/v2\/media?parent=3062"}],"curies":[{"name":"wp","href":"https:\/\/api.w.org\/{rel}","templated":true}]}}