{"id":2419,"date":"2022-11-16T21:14:51","date_gmt":"2022-11-16T20:14:51","guid":{"rendered":"https:\/\/www.gebirgsverein-services.at\/bergsteigergruppe\/?page_id=2419"},"modified":"2022-11-17T10:28:48","modified_gmt":"2022-11-17T09:28:48","slug":"schareck-nordrinne-peter-mayer-alex-dobias","status":"publish","type":"page","link":"http:\/\/www.gebirgsverein-services.at\/bergsteigergruppe\/schareck-nordrinne-peter-mayer-alex-dobias\/","title":{"rendered":"Schareck Nordrinne, Peter Mayer, Alex Dobias"},"content":{"rendered":"\t\t<div data-elementor-type=\"wp-page\" data-elementor-id=\"2419\" class=\"elementor elementor-2419\">\n\t\t\t\t\t\t<section class=\"elementor-section elementor-top-section elementor-element elementor-element-637a3504 elementor-section-boxed elementor-section-height-default elementor-section-height-default\" data-id=\"637a3504\" data-element_type=\"section\" data-e-type=\"section\">\n\t\t\t\t\t\t<div class=\"elementor-container elementor-column-gap-default\">\n\t\t\t\t\t<div class=\"elementor-column elementor-col-100 elementor-top-column elementor-element elementor-element-206a15d9\" data-id=\"206a15d9\" data-element_type=\"column\" data-e-type=\"column\">\n\t\t\t<div class=\"elementor-widget-wrap elementor-element-populated\">\n\t\t\t\t\t\t<div class=\"elementor-element elementor-element-1567baed elementor-widget elementor-widget-heading\" data-id=\"1567baed\" data-element_type=\"widget\" data-e-type=\"widget\" data-widget_type=\"heading.default\">\n\t\t\t\t<div class=\"elementor-widget-container\">\n\t\t\t\t\t<h2 class=\"elementor-heading-title elementor-size-default\">Schareck, mittlere Nordrinne<\/h2>\t\t\t\t<\/div>\n\t\t\t\t<\/div>\n\t\t\t\t<div class=\"elementor-element elementor-element-a817727 elementor-widget elementor-widget-heading\" data-id=\"a817727\" data-element_type=\"widget\" data-e-type=\"widget\" data-widget_type=\"heading.default\">\n\t\t\t\t<div class=\"elementor-widget-container\">\n\t\t\t\t\t<h5 class=\"elementor-heading-title elementor-size-default\">Peter Mayer<\/h5>\t\t\t\t<\/div>\n\t\t\t\t<\/div>\n\t\t\t\t\t<\/div>\n\t\t<\/div>\n\t\t\t\t\t<\/div>\n\t\t<\/section>\n\t\t\t\t<section class=\"elementor-section elementor-top-section elementor-element elementor-element-4aceb29e elementor-section-boxed elementor-section-height-default elementor-section-height-default\" data-id=\"4aceb29e\" data-element_type=\"section\" data-e-type=\"section\">\n\t\t\t\t\t\t<div class=\"elementor-container elementor-column-gap-default\">\n\t\t\t\t\t<div class=\"elementor-column elementor-col-100 elementor-top-column elementor-element elementor-element-219fc400\" data-id=\"219fc400\" data-element_type=\"column\" data-e-type=\"column\">\n\t\t\t<div class=\"elementor-widget-wrap elementor-element-populated\">\n\t\t\t\t\t\t<div class=\"elementor-element elementor-element-5e3bae49 elementor-widget elementor-widget-text-editor\" data-id=\"5e3bae49\" data-element_type=\"widget\" data-e-type=\"widget\" data-widget_type=\"text-editor.default\">\n\t\t\t\t<div class=\"elementor-widget-container\">\n\t\t\t\t\t\t\t\t\t<table border=\"0\" width=\"100%\" cellspacing=\"0\" cellpadding=\"10\"><tbody><tr><td colspan=\"2\" align=\"left\" valign=\"top\"><p>M\u00f6lltal, Ostermontag 2002<\/p><p>Nach einer Ski\u00fcberschreitung von Ankogel, Hochalmspitze und S\u00e4uleck reist der Grossteil unserer Gruppe ab. Nachdem Alex und ich wegen vermeintlich schlechter Verh\u00e4ltnisse in die Gussenbauerrinne nicht eingestiegen sind, m\u00f6chten wir noch eine Schareck-Nordrinne versuchen.<\/p><\/td><\/tr><tr><td align=\"left\" valign=\"top\"><p>Dienstag nach Ostern 2002<\/p><p>Fr\u00fchst\u00fcck, Kartenstudium, GPS-Programmierung, Auffahrt mit Schareck-Bahn und liften auf den Gipfel, Skidepot am Gipfel. Da wir zwar den Startpunkt der Aufstiegsrinne, nicht jedoch die Abstiegsroute im GPS programmiert haben, m\u00fcssen wir uns erst mal verlaufen, dann konventionell orientieren; nach einer kurzen Gegensteigung finden wir dann eine Abstiegsrinne.<\/p><\/td><\/tr><\/tbody><\/table>\t\t\t\t\t\t\t\t<\/div>\n\t\t\t\t<\/div>\n\t\t\t\t<section class=\"elementor-section elementor-inner-section elementor-element elementor-element-1addbe3f elementor-section-boxed elementor-section-height-default elementor-section-height-default\" data-id=\"1addbe3f\" data-element_type=\"section\" data-e-type=\"section\">\n\t\t\t\t\t\t<div class=\"elementor-container elementor-column-gap-default\">\n\t\t\t\t\t<div class=\"elementor-column elementor-col-33 elementor-inner-column elementor-element elementor-element-34d298a8\" data-id=\"34d298a8\" data-element_type=\"column\" data-e-type=\"column\">\n\t\t\t<div class=\"elementor-widget-wrap elementor-element-populated\">\n\t\t\t\t\t\t<div class=\"elementor-element elementor-element-68149afb elementor-widget elementor-widget-image\" data-id=\"68149afb\" data-element_type=\"widget\" data-e-type=\"widget\" data-widget_type=\"image.default\">\n\t\t\t\t<div class=\"elementor-widget-container\">\n\t\t\t\t\t\t\t\t\t\t\t\t\t\t\t<img fetchpriority=\"high\" decoding=\"async\" width=\"444\" height=\"290\" src=\"http:\/\/www.gebirgsverein-services.at\/bergsteigergruppe\/wp-content\/uploads\/2022\/11\/BG_2002-04_Schareck-Nordrinne_PeterMayer_Foto1.jpg\" class=\"attachment-large size-large wp-image-2423\" alt=\"\" srcset=\"http:\/\/www.gebirgsverein-services.at\/bergsteigergruppe\/wp-content\/uploads\/2022\/11\/BG_2002-04_Schareck-Nordrinne_PeterMayer_Foto1.jpg 444w, http:\/\/www.gebirgsverein-services.at\/bergsteigergruppe\/wp-content\/uploads\/2022\/11\/BG_2002-04_Schareck-Nordrinne_PeterMayer_Foto1-300x196.jpg 300w\" sizes=\"(max-width: 444px) 100vw, 444px\" \/>\t\t\t\t\t\t\t\t\t\t\t\t\t\t\t<\/div>\n\t\t\t\t<\/div>\n\t\t\t\t\t<\/div>\n\t\t<\/div>\n\t\t\t\t<div class=\"elementor-column elementor-col-33 elementor-inner-column elementor-element elementor-element-3b686ac\" data-id=\"3b686ac\" data-element_type=\"column\" data-e-type=\"column\">\n\t\t\t<div class=\"elementor-widget-wrap elementor-element-populated\">\n\t\t\t\t\t\t<div class=\"elementor-element elementor-element-62b6b920 elementor-widget elementor-widget-image\" data-id=\"62b6b920\" data-element_type=\"widget\" data-e-type=\"widget\" data-widget_type=\"image.default\">\n\t\t\t\t<div class=\"elementor-widget-container\">\n\t\t\t\t\t\t\t\t\t\t\t\t\t\t\t<img decoding=\"async\" width=\"439\" height=\"283\" src=\"http:\/\/www.gebirgsverein-services.at\/bergsteigergruppe\/wp-content\/uploads\/2022\/11\/BG_2002-04_Schareck-Nordrinne_PeterMayer_Foto2.jpg\" class=\"attachment-large size-large wp-image-2424\" alt=\"\" srcset=\"http:\/\/www.gebirgsverein-services.at\/bergsteigergruppe\/wp-content\/uploads\/2022\/11\/BG_2002-04_Schareck-Nordrinne_PeterMayer_Foto2.jpg 439w, http:\/\/www.gebirgsverein-services.at\/bergsteigergruppe\/wp-content\/uploads\/2022\/11\/BG_2002-04_Schareck-Nordrinne_PeterMayer_Foto2-300x193.jpg 300w\" sizes=\"(max-width: 439px) 100vw, 439px\" \/>\t\t\t\t\t\t\t\t\t\t\t\t\t\t\t<\/div>\n\t\t\t\t<\/div>\n\t\t\t\t\t<\/div>\n\t\t<\/div>\n\t\t\t\t<div class=\"elementor-column elementor-col-33 elementor-inner-column elementor-element elementor-element-0ecc8cb\" data-id=\"0ecc8cb\" data-element_type=\"column\" data-e-type=\"column\">\n\t\t\t<div class=\"elementor-widget-wrap elementor-element-populated\">\n\t\t\t\t\t\t<div class=\"elementor-element elementor-element-5c6e9eb elementor-widget elementor-widget-image\" data-id=\"5c6e9eb\" data-element_type=\"widget\" data-e-type=\"widget\" data-widget_type=\"image.default\">\n\t\t\t\t<div class=\"elementor-widget-container\">\n\t\t\t\t\t\t\t\t\t\t\t\t\t\t\t<img decoding=\"async\" width=\"207\" height=\"328\" src=\"http:\/\/www.gebirgsverein-services.at\/bergsteigergruppe\/wp-content\/uploads\/2022\/11\/BG_2002-04_Schareck-Nordrinne_PeterMayer_Foto3.jpg\" class=\"attachment-large size-large wp-image-2425\" alt=\"\" srcset=\"http:\/\/www.gebirgsverein-services.at\/bergsteigergruppe\/wp-content\/uploads\/2022\/11\/BG_2002-04_Schareck-Nordrinne_PeterMayer_Foto3.jpg 207w, http:\/\/www.gebirgsverein-services.at\/bergsteigergruppe\/wp-content\/uploads\/2022\/11\/BG_2002-04_Schareck-Nordrinne_PeterMayer_Foto3-189x300.jpg 189w\" sizes=\"(max-width: 207px) 100vw, 207px\" \/>\t\t\t\t\t\t\t\t\t\t\t\t\t\t\t<\/div>\n\t\t\t\t<\/div>\n\t\t\t\t\t<\/div>\n\t\t<\/div>\n\t\t\t\t\t<\/div>\n\t\t<\/section>\n\t\t\t\t\t<\/div>\n\t\t<\/div>\n\t\t\t\t\t<\/div>\n\t\t<\/section>\n\t\t\t\t<section class=\"elementor-section elementor-top-section elementor-element elementor-element-1ca3294 elementor-section-boxed elementor-section-height-default elementor-section-height-default\" data-id=\"1ca3294\" data-element_type=\"section\" data-e-type=\"section\">\n\t\t\t\t\t\t<div class=\"elementor-container elementor-column-gap-default\">\n\t\t\t\t\t<div class=\"elementor-column elementor-col-100 elementor-top-column elementor-element elementor-element-dc37cd8\" data-id=\"dc37cd8\" data-element_type=\"column\" data-e-type=\"column\">\n\t\t\t<div class=\"elementor-widget-wrap elementor-element-populated\">\n\t\t\t\t\t\t<div class=\"elementor-element elementor-element-c239440 elementor-widget elementor-widget-text-editor\" data-id=\"c239440\" data-element_type=\"widget\" data-e-type=\"widget\" data-widget_type=\"text-editor.default\">\n\t\t\t\t<div class=\"elementor-widget-container\">\n\t\t\t\t\t\t\t\t\t<p>Perfektes Wetter, Sonne, kalt. Nach dem Abstieg queren wir m\u00fchsam die Nordflanke. Wir sehen nun bereits den Beginn der mittleren Rinne, das GPS best\u00e4tigt unsere Orientierung fast metergenau! Nach einer l\u00e4ngeren Rast steigen wir anfangs einen Lawinenkegel hoch, \u00e4usserst griffig, seilfrei. Alex verschiesst Film um Film, h\u00e4ufige Objektiv- und Fotopositionswechsel sind das schwierigste an diesem Anstieg. Wir sind begeistert von der wilden, unber\u00fchrt scheinenden Nordflanke des Schareck &#8211; der krasse Gegensatz zum Gletscherskigebiet auf der anderen Seite.<\/p><p>Wir steigen gerade nach oben, statt dem \u00fcblichen rechten Ausstieg wollen wir direkt \u00fcber den abschliessenden Eiswulst. Der Schnee wird im oberen Teil immer pulvriger und tiefer, m\u00fchsam w\u00fchlen wir uns hoch. Wegen 10 m anseilen? &#8211; ein paar Kletterz\u00fcge im steilen Eis, Alex fotografiert von unten im Eisschollenregen und schon bin ich am Gipfelschneefeld. Rasch kommt Alex nach, mittlerweile sind wir beide ziemlich m\u00fcde und ausgelaugt. Das Schneefeld zieht sich, um 17h30 kommen wir auf den Gipfel wo bereits Georg, Dave, der Liftwart und heisser Tee auf uns warten.<\/p>\t\t\t\t\t\t\t\t<\/div>\n\t\t\t\t<\/div>\n\t\t\t\t<section class=\"elementor-section elementor-inner-section elementor-element elementor-element-697178e elementor-section-boxed elementor-section-height-default elementor-section-height-default\" data-id=\"697178e\" data-element_type=\"section\" data-e-type=\"section\">\n\t\t\t\t\t\t<div class=\"elementor-container elementor-column-gap-default\">\n\t\t\t\t\t<div class=\"elementor-column elementor-col-33 elementor-inner-column elementor-element elementor-element-4615edd\" data-id=\"4615edd\" data-element_type=\"column\" data-e-type=\"column\">\n\t\t\t<div class=\"elementor-widget-wrap elementor-element-populated\">\n\t\t\t\t\t\t<div class=\"elementor-element elementor-element-25af601 elementor-widget elementor-widget-image\" data-id=\"25af601\" data-element_type=\"widget\" data-e-type=\"widget\" data-widget_type=\"image.default\">\n\t\t\t\t<div class=\"elementor-widget-container\">\n\t\t\t\t\t\t\t\t\t\t\t\t\t\t\t<img loading=\"lazy\" decoding=\"async\" width=\"410\" height=\"266\" src=\"http:\/\/www.gebirgsverein-services.at\/bergsteigergruppe\/wp-content\/uploads\/2022\/11\/BG_2002-04_Schareck-Nordrinne_PeterMayer_Foto4.jpg\" class=\"attachment-large size-large wp-image-2426\" alt=\"\" srcset=\"http:\/\/www.gebirgsverein-services.at\/bergsteigergruppe\/wp-content\/uploads\/2022\/11\/BG_2002-04_Schareck-Nordrinne_PeterMayer_Foto4.jpg 410w, http:\/\/www.gebirgsverein-services.at\/bergsteigergruppe\/wp-content\/uploads\/2022\/11\/BG_2002-04_Schareck-Nordrinne_PeterMayer_Foto4-300x195.jpg 300w\" sizes=\"(max-width: 410px) 100vw, 410px\" \/>\t\t\t\t\t\t\t\t\t\t\t\t\t\t\t<\/div>\n\t\t\t\t<\/div>\n\t\t\t\t\t<\/div>\n\t\t<\/div>\n\t\t\t\t<div class=\"elementor-column elementor-col-33 elementor-inner-column elementor-element elementor-element-0afc30d\" data-id=\"0afc30d\" data-element_type=\"column\" data-e-type=\"column\">\n\t\t\t<div class=\"elementor-widget-wrap elementor-element-populated\">\n\t\t\t\t\t\t<div class=\"elementor-element elementor-element-3175f43 elementor-widget elementor-widget-image\" data-id=\"3175f43\" data-element_type=\"widget\" data-e-type=\"widget\" data-widget_type=\"image.default\">\n\t\t\t\t<div class=\"elementor-widget-container\">\n\t\t\t\t\t\t\t\t\t\t\t\t\t\t\t<img loading=\"lazy\" decoding=\"async\" width=\"271\" height=\"421\" src=\"http:\/\/www.gebirgsverein-services.at\/bergsteigergruppe\/wp-content\/uploads\/2022\/11\/BG_2002-04_Schareck-Nordrinne_PeterMayer_Foto5.jpg\" class=\"attachment-large size-large wp-image-2427\" alt=\"\" srcset=\"http:\/\/www.gebirgsverein-services.at\/bergsteigergruppe\/wp-content\/uploads\/2022\/11\/BG_2002-04_Schareck-Nordrinne_PeterMayer_Foto5.jpg 271w, http:\/\/www.gebirgsverein-services.at\/bergsteigergruppe\/wp-content\/uploads\/2022\/11\/BG_2002-04_Schareck-Nordrinne_PeterMayer_Foto5-193x300.jpg 193w\" sizes=\"(max-width: 271px) 100vw, 271px\" \/>\t\t\t\t\t\t\t\t\t\t\t\t\t\t\t<\/div>\n\t\t\t\t<\/div>\n\t\t\t\t\t<\/div>\n\t\t<\/div>\n\t\t\t\t<div class=\"elementor-column elementor-col-33 elementor-inner-column elementor-element elementor-element-e9a851a\" data-id=\"e9a851a\" data-element_type=\"column\" data-e-type=\"column\">\n\t\t\t<div class=\"elementor-widget-wrap elementor-element-populated\">\n\t\t\t\t\t\t<div class=\"elementor-element elementor-element-76994b9 elementor-widget elementor-widget-image\" data-id=\"76994b9\" data-element_type=\"widget\" data-e-type=\"widget\" data-widget_type=\"image.default\">\n\t\t\t\t<div class=\"elementor-widget-container\">\n\t\t\t\t\t\t\t\t\t\t\t\t\t\t\t<img loading=\"lazy\" decoding=\"async\" width=\"586\" height=\"440\" src=\"http:\/\/www.gebirgsverein-services.at\/bergsteigergruppe\/wp-content\/uploads\/2022\/11\/BG_2002-04_Schareck-Nordrinne_PeterMayer_Foto6.jpg\" class=\"attachment-large size-large wp-image-2428\" alt=\"\" srcset=\"http:\/\/www.gebirgsverein-services.at\/bergsteigergruppe\/wp-content\/uploads\/2022\/11\/BG_2002-04_Schareck-Nordrinne_PeterMayer_Foto6.jpg 586w, http:\/\/www.gebirgsverein-services.at\/bergsteigergruppe\/wp-content\/uploads\/2022\/11\/BG_2002-04_Schareck-Nordrinne_PeterMayer_Foto6-300x225.jpg 300w\" sizes=\"(max-width: 586px) 100vw, 586px\" \/>\t\t\t\t\t\t\t\t\t\t\t\t\t\t\t<\/div>\n\t\t\t\t<\/div>\n\t\t\t\t\t<\/div>\n\t\t<\/div>\n\t\t\t\t\t<\/div>\n\t\t<\/section>\n\t\t\t\t\t<\/div>\n\t\t<\/div>\n\t\t\t\t\t<\/div>\n\t\t<\/section>\n\t\t\t\t<section class=\"elementor-section elementor-top-section elementor-element elementor-element-36ce041 elementor-section-boxed elementor-section-height-default elementor-section-height-default\" data-id=\"36ce041\" data-element_type=\"section\" data-e-type=\"section\">\n\t\t\t\t\t\t<div class=\"elementor-container elementor-column-gap-default\">\n\t\t\t\t\t<div class=\"elementor-column elementor-col-100 elementor-top-column elementor-element elementor-element-a3a7382\" data-id=\"a3a7382\" data-element_type=\"column\" data-e-type=\"column\">\n\t\t\t<div class=\"elementor-widget-wrap elementor-element-populated\">\n\t\t\t\t\t\t<div class=\"elementor-element elementor-element-052b309 elementor-widget elementor-widget-text-editor\" data-id=\"052b309\" data-element_type=\"widget\" data-e-type=\"widget\" data-widget_type=\"text-editor.default\">\n\t\t\t\t<div class=\"elementor-widget-container\">\n\t\t\t\t\t\t\t\t\t<p>Text, Fotos : Peter Mayer, Alex Dobias 2002<br \/>Update Layout 11\/2022\u00a0\u00a0<a href=\"http:\/\/bg.gebirgsverein.at\/wbadr.htm\" target=\"_blank\" rel=\"noopener\">U<\/a>lli Fechter<br \/><a href=\"http:\/\/www.gebirgsverein-services.at\/Web_FA\/berichte\/2002_schareck\/\">Link zur original Webseite<\/a><\/p>\t\t\t\t\t\t\t\t<\/div>\n\t\t\t\t<\/div>\n\t\t\t\t\t<\/div>\n\t\t<\/div>\n\t\t\t\t\t<\/div>\n\t\t<\/section>\n\t\t\t\t<\/div>\n\t\t","protected":false},"excerpt":{"rendered":"<p>Schareck, mittlere Nordrinne Peter Mayer M\u00f6lltal, Ostermontag 2002 Nach einer Ski\u00fcberschreitung von Ankogel, Hochalmspitze und S\u00e4uleck reist der Grossteil unserer Gruppe ab. Nachdem Alex und ich wegen vermeintlich schlechter Verh\u00e4ltnisse [&hellip;]<\/p>\n","protected":false},"author":1,"featured_media":0,"parent":0,"menu_order":0,"comment_status":"closed","ping_status":"closed","template":"","meta":{"ocean_post_layout":"full-screen","ocean_both_sidebars_style":"","ocean_both_sidebars_content_width":0,"ocean_both_sidebars_sidebars_width":0,"ocean_sidebar":"0","ocean_second_sidebar":"0","ocean_disable_margins":"on","ocean_add_body_class":"","ocean_shortcode_before_top_bar":"","ocean_shortcode_after_top_bar":"","ocean_shortcode_before_header":"","ocean_shortcode_after_header":"","ocean_has_shortcode":"","ocean_shortcode_after_title":"","ocean_shortcode_before_footer_widgets":"","ocean_shortcode_after_footer_widgets":"","ocean_shortcode_before_footer_bottom":"","ocean_shortcode_after_footer_bottom":"","ocean_display_top_bar":"default","ocean_display_header":"default","ocean_header_style":"","ocean_center_header_left_menu":"0","ocean_custom_header_template":"0","ocean_custom_logo":0,"ocean_custom_retina_logo":0,"ocean_custom_logo_max_width":0,"ocean_custom_logo_tablet_max_width":0,"ocean_custom_logo_mobile_max_width":0,"ocean_custom_logo_max_height":0,"ocean_custom_logo_tablet_max_height":0,"ocean_custom_logo_mobile_max_height":0,"ocean_header_custom_menu":"0","ocean_menu_typo_font_family":"0","ocean_menu_typo_font_subset":"","ocean_menu_typo_font_size":0,"ocean_menu_typo_font_size_tablet":0,"ocean_menu_typo_font_size_mobile":0,"ocean_menu_typo_font_size_unit":"px","ocean_menu_typo_font_weight":"","ocean_menu_typo_font_weight_tablet":"","ocean_menu_typo_font_weight_mobile":"","ocean_menu_typo_transform":"","ocean_menu_typo_transform_tablet":"","ocean_menu_typo_transform_mobile":"","ocean_menu_typo_line_height":0,"ocean_menu_typo_line_height_tablet":0,"ocean_menu_typo_line_height_mobile":0,"ocean_menu_typo_line_height_unit":"","ocean_menu_typo_spacing":0,"ocean_menu_typo_spacing_tablet":0,"ocean_menu_typo_spacing_mobile":0,"ocean_menu_typo_spacing_unit":"","ocean_menu_link_color":"","ocean_menu_link_color_hover":"","ocean_menu_link_color_active":"","ocean_menu_link_background":"","ocean_menu_link_hover_background":"","ocean_menu_link_active_background":"","ocean_menu_social_links_bg":"","ocean_menu_social_hover_links_bg":"","ocean_menu_social_links_color":"","ocean_menu_social_hover_links_color":"","ocean_disable_title":"on","ocean_disable_heading":"default","ocean_post_title":"","ocean_post_subheading":"","ocean_post_title_style":"","ocean_post_title_background_color":"","ocean_post_title_background":0,"ocean_post_title_bg_image_position":"","ocean_post_title_bg_image_attachment":"","ocean_post_title_bg_image_repeat":"","ocean_post_title_bg_image_size":"","ocean_post_title_height":0,"ocean_post_title_bg_overlay":0.5,"ocean_post_title_bg_overlay_color":"","ocean_disable_breadcrumbs":"default","ocean_breadcrumbs_color":"","ocean_breadcrumbs_separator_color":"","ocean_breadcrumbs_links_color":"","ocean_breadcrumbs_links_hover_color":"","ocean_display_footer_widgets":"default","ocean_display_footer_bottom":"default","ocean_custom_footer_template":"0","footnotes":""},"class_list":["post-2419","page","type-page","status-publish","hentry","entry"],"_links":{"self":[{"href":"http:\/\/www.gebirgsverein-services.at\/bergsteigergruppe\/wp-json\/wp\/v2\/pages\/2419","targetHints":{"allow":["GET"]}}],"collection":[{"href":"http:\/\/www.gebirgsverein-services.at\/bergsteigergruppe\/wp-json\/wp\/v2\/pages"}],"about":[{"href":"http:\/\/www.gebirgsverein-services.at\/bergsteigergruppe\/wp-json\/wp\/v2\/types\/page"}],"author":[{"embeddable":true,"href":"http:\/\/www.gebirgsverein-services.at\/bergsteigergruppe\/wp-json\/wp\/v2\/users\/1"}],"replies":[{"embeddable":true,"href":"http:\/\/www.gebirgsverein-services.at\/bergsteigergruppe\/wp-json\/wp\/v2\/comments?post=2419"}],"version-history":[{"count":22,"href":"http:\/\/www.gebirgsverein-services.at\/bergsteigergruppe\/wp-json\/wp\/v2\/pages\/2419\/revisions"}],"predecessor-version":[{"id":2579,"href":"http:\/\/www.gebirgsverein-services.at\/bergsteigergruppe\/wp-json\/wp\/v2\/pages\/2419\/revisions\/2579"}],"wp:attachment":[{"href":"http:\/\/www.gebirgsverein-services.at\/bergsteigergruppe\/wp-json\/wp\/v2\/media?parent=2419"}],"curies":[{"name":"wp","href":"https:\/\/api.w.org\/{rel}","templated":true}]}}