{"id":2377,"date":"2022-11-16T20:26:43","date_gmt":"2022-11-16T19:26:43","guid":{"rendered":"https:\/\/www.gebirgsverein-services.at\/bergsteigergruppe\/?page_id=2377"},"modified":"2022-11-25T22:42:27","modified_gmt":"2022-11-25T21:42:27","slug":"kuchenspitze-nordwand-peter-mayer-martin-rossmann","status":"publish","type":"page","link":"http:\/\/www.gebirgsverein-services.at\/bergsteigergruppe\/kuchenspitze-nordwand-peter-mayer-martin-rossmann\/","title":{"rendered":"Kuchenspitze Nordwand, Peter Mayer, Martin Rossmann"},"content":{"rendered":"\t\t<div data-elementor-type=\"wp-page\" data-elementor-id=\"2377\" class=\"elementor elementor-2377\">\n\t\t\t\t\t\t<section class=\"elementor-section elementor-top-section elementor-element elementor-element-7005ee0 elementor-section-boxed elementor-section-height-default elementor-section-height-default\" data-id=\"7005ee0\" data-element_type=\"section\" data-e-type=\"section\">\n\t\t\t\t\t\t<div class=\"elementor-container elementor-column-gap-default\">\n\t\t\t\t\t<div class=\"elementor-column elementor-col-100 elementor-top-column elementor-element elementor-element-c505b8a\" data-id=\"c505b8a\" data-element_type=\"column\" data-e-type=\"column\">\n\t\t\t<div class=\"elementor-widget-wrap elementor-element-populated\">\n\t\t\t\t\t\t<div class=\"elementor-element elementor-element-eea336f elementor-widget elementor-widget-heading\" data-id=\"eea336f\" data-element_type=\"widget\" data-e-type=\"widget\" data-widget_type=\"heading.default\">\n\t\t\t\t<div class=\"elementor-widget-container\">\n\t\t\t\t\t<h2 class=\"elementor-heading-title elementor-size-default\">Kuchenspitze Nordwand (55\u00b0, 4-)<br><\/h2>\t\t\t\t<\/div>\n\t\t\t\t<\/div>\n\t\t\t\t<div class=\"elementor-element elementor-element-84bb9ef elementor-widget elementor-widget-heading\" data-id=\"84bb9ef\" data-element_type=\"widget\" data-e-type=\"widget\" data-widget_type=\"heading.default\">\n\t\t\t\t<div class=\"elementor-widget-container\">\n\t\t\t\t\t<h2 class=\"elementor-heading-title elementor-size-default\">Peter Mayer, Martin Rossmann <\/h2>\t\t\t\t<\/div>\n\t\t\t\t<\/div>\n\t\t\t\t\t<\/div>\n\t\t<\/div>\n\t\t\t\t\t<\/div>\n\t\t<\/section>\n\t\t\t\t<section class=\"elementor-section elementor-top-section elementor-element elementor-element-66dad1a elementor-section-boxed elementor-section-height-default elementor-section-height-default\" data-id=\"66dad1a\" data-element_type=\"section\" data-e-type=\"section\">\n\t\t\t\t\t\t<div class=\"elementor-container elementor-column-gap-default\">\n\t\t\t\t\t<div class=\"elementor-column elementor-col-100 elementor-top-column elementor-element elementor-element-527c5af\" data-id=\"527c5af\" data-element_type=\"column\" data-e-type=\"column\">\n\t\t\t<div class=\"elementor-widget-wrap elementor-element-populated\">\n\t\t\t\t\t\t<div class=\"elementor-element elementor-element-70d8ef1 elementor-widget elementor-widget-text-editor\" data-id=\"70d8ef1\" data-element_type=\"widget\" data-e-type=\"widget\" data-widget_type=\"text-editor.default\">\n\t\t\t\t<div class=\"elementor-widget-container\">\n\t\t\t\t\t\t\t\t\t<p><b>28.2.2003<\/b><br \/>Per Bahn gehts morgens nach St.Anton, mit der ersten Rendlbahn fahren wir hoch. \u00dcber den Winterklettersteig und Rossfallscharte fahren wir ins Moostal ab, als Eingehtour ziehts uns auf die Saumspitze (3048m). Nach einer sch\u00f6nen Abfahrt zur\u00fcck zum Moosboden steigen wir noch ca. 1 Std. zur Darmst\u00e4dterh\u00fctte auf, wo wir uns im Winterraum (Gaskocher, keine Heizung) gem\u00fctlich einrichten.<\/p>\t\t\t\t\t\t\t\t<\/div>\n\t\t\t\t<\/div>\n\t\t\t\t<section class=\"elementor-section elementor-inner-section elementor-element elementor-element-e1e07a8 elementor-section-boxed elementor-section-height-default elementor-section-height-default\" data-id=\"e1e07a8\" data-element_type=\"section\" data-e-type=\"section\">\n\t\t\t\t\t\t<div class=\"elementor-container elementor-column-gap-default\">\n\t\t\t\t\t<div class=\"elementor-column elementor-col-50 elementor-inner-column elementor-element elementor-element-e14782c\" data-id=\"e14782c\" data-element_type=\"column\" data-e-type=\"column\">\n\t\t\t<div class=\"elementor-widget-wrap elementor-element-populated\">\n\t\t\t\t\t\t<div class=\"elementor-element elementor-element-2e9081c elementor-widget elementor-widget-text-editor\" data-id=\"2e9081c\" data-element_type=\"widget\" data-e-type=\"widget\" data-widget_type=\"text-editor.default\">\n\t\t\t\t<div class=\"elementor-widget-container\">\n\t\t\t\t\t\t\t\t\t<p><b>29.2.2003<\/b><br \/>Im Morgengrauen gehen wir bereits am Grossen Kuchenferner Richtung Einstieg. Die Linie ist klar vorgegeben, im Ersten Eisfeld haben wir guten Trittfirn..<\/p>\t\t\t\t\t\t\t\t<\/div>\n\t\t\t\t<\/div>\n\t\t\t\t<div class=\"elementor-element elementor-element-598b160 elementor-widget elementor-widget-image\" data-id=\"598b160\" data-element_type=\"widget\" data-e-type=\"widget\" data-widget_type=\"image.default\">\n\t\t\t\t<div class=\"elementor-widget-container\">\n\t\t\t\t\t\t\t\t\t\t\t\t\t\t\t<img fetchpriority=\"high\" decoding=\"async\" width=\"302\" height=\"197\" src=\"http:\/\/www.gebirgsverein-services.at\/bergsteigergruppe\/wp-content\/uploads\/2022\/11\/BG_2002-02_Kuchenspitze-Nordwand_PeterMayer_Foto2.jpg\" class=\"attachment-large size-large wp-image-2380\" alt=\"\" srcset=\"http:\/\/www.gebirgsverein-services.at\/bergsteigergruppe\/wp-content\/uploads\/2022\/11\/BG_2002-02_Kuchenspitze-Nordwand_PeterMayer_Foto2.jpg 302w, http:\/\/www.gebirgsverein-services.at\/bergsteigergruppe\/wp-content\/uploads\/2022\/11\/BG_2002-02_Kuchenspitze-Nordwand_PeterMayer_Foto2-300x196.jpg 300w\" sizes=\"(max-width: 302px) 100vw, 302px\" \/>\t\t\t\t\t\t\t\t\t\t\t\t\t\t\t<\/div>\n\t\t\t\t<\/div>\n\t\t\t\t\t<\/div>\n\t\t<\/div>\n\t\t\t\t<div class=\"elementor-column elementor-col-50 elementor-inner-column elementor-element elementor-element-2bac909\" data-id=\"2bac909\" data-element_type=\"column\" data-e-type=\"column\">\n\t\t\t<div class=\"elementor-widget-wrap elementor-element-populated\">\n\t\t\t\t\t\t<div class=\"elementor-element elementor-element-877f988 elementor-widget elementor-widget-text-editor\" data-id=\"877f988\" data-element_type=\"widget\" data-e-type=\"widget\" data-widget_type=\"text-editor.default\">\n\t\t\t\t<div class=\"elementor-widget-container\">\n\t\t\t\t\t\t\t\t\t<p>Im Zentralen Eisfeld \u00e4ndern sich die Verh\u00e4ltnisse rasch, wir w\u00fchlen im tiefen Pulverschnee.<\/p>\t\t\t\t\t\t\t\t<\/div>\n\t\t\t\t<\/div>\n\t\t\t\t<div class=\"elementor-element elementor-element-21bb0c1 elementor-widget elementor-widget-image\" data-id=\"21bb0c1\" data-element_type=\"widget\" data-e-type=\"widget\" data-widget_type=\"image.default\">\n\t\t\t\t<div class=\"elementor-widget-container\">\n\t\t\t\t\t\t\t\t\t\t\t\t\t\t\t<img decoding=\"async\" width=\"299\" height=\"224\" src=\"http:\/\/www.gebirgsverein-services.at\/bergsteigergruppe\/wp-content\/uploads\/2022\/11\/BG_2002-02_Kuchenspitze-Nordwand_PeterMayer_Foto1.jpg\" class=\"attachment-large size-large wp-image-2379\" alt=\"\" \/>\t\t\t\t\t\t\t\t\t\t\t\t\t\t\t<\/div>\n\t\t\t\t<\/div>\n\t\t\t\t\t<\/div>\n\t\t<\/div>\n\t\t\t\t\t<\/div>\n\t\t<\/section>\n\t\t\t\t<section class=\"elementor-section elementor-inner-section elementor-element elementor-element-7f7d381 elementor-section-boxed elementor-section-height-default elementor-section-height-default\" data-id=\"7f7d381\" data-element_type=\"section\" data-e-type=\"section\">\n\t\t\t\t\t\t<div class=\"elementor-container elementor-column-gap-default\">\n\t\t\t\t\t<div class=\"elementor-column elementor-col-50 elementor-inner-column elementor-element elementor-element-b4adfb4\" data-id=\"b4adfb4\" data-element_type=\"column\" data-e-type=\"column\">\n\t\t\t<div class=\"elementor-widget-wrap elementor-element-populated\">\n\t\t\t\t\t\t<div class=\"elementor-element elementor-element-27cc2fd elementor-widget elementor-widget-text-editor\" data-id=\"27cc2fd\" data-element_type=\"widget\" data-e-type=\"widget\" data-widget_type=\"text-editor.default\">\n\t\t\t\t<div class=\"elementor-widget-container\">\n\t\t\t\t\t\t\t\t\t<p>Der \u00dcbergang zum Gipfeleisfeld (Schl\u00fcsselstelle der Tour, 1SL, 4-, 1NH) ist in gutem Zustand, an trockenem Fels klettere ich seilfrei vor und sichere Martin am Halbseil nach.<\/p>\t\t\t\t\t\t\t\t<\/div>\n\t\t\t\t<\/div>\n\t\t\t\t<div class=\"elementor-element elementor-element-17decb0 elementor-widget elementor-widget-image\" data-id=\"17decb0\" data-element_type=\"widget\" data-e-type=\"widget\" data-widget_type=\"image.default\">\n\t\t\t\t<div class=\"elementor-widget-container\">\n\t\t\t\t\t\t\t\t\t\t\t\t\t\t\t<img decoding=\"async\" width=\"300\" height=\"197\" src=\"http:\/\/www.gebirgsverein-services.at\/bergsteigergruppe\/wp-content\/uploads\/2022\/11\/BG_2002-02_Kuchenspitze-Nordwand_PeterMayer_Foto4.jpg\" class=\"attachment-large size-large wp-image-2382\" alt=\"\" \/>\t\t\t\t\t\t\t\t\t\t\t\t\t\t\t<\/div>\n\t\t\t\t<\/div>\n\t\t\t\t\t<\/div>\n\t\t<\/div>\n\t\t\t\t<div class=\"elementor-column elementor-col-50 elementor-inner-column elementor-element elementor-element-e737cda\" data-id=\"e737cda\" data-element_type=\"column\" data-e-type=\"column\">\n\t\t\t<div class=\"elementor-widget-wrap elementor-element-populated\">\n\t\t\t\t\t\t<div class=\"elementor-element elementor-element-bcf49a9 elementor-widget elementor-widget-text-editor\" data-id=\"bcf49a9\" data-element_type=\"widget\" data-e-type=\"widget\" data-widget_type=\"text-editor.default\">\n\t\t\t\t<div class=\"elementor-widget-container\">\n\t\t\t\t\t\t\t\t\t<p>Das Gipfeleisfeld (55\u00b0) beschert uns eine lange Linksquerung im Pulverschnee ohne Sicherungs-m\u00f6glichkeiten.<\/p>\t\t\t\t\t\t\t\t<\/div>\n\t\t\t\t<\/div>\n\t\t\t\t<div class=\"elementor-element elementor-element-19cadae elementor-widget elementor-widget-image\" data-id=\"19cadae\" data-element_type=\"widget\" data-e-type=\"widget\" data-widget_type=\"image.default\">\n\t\t\t\t<div class=\"elementor-widget-container\">\n\t\t\t\t\t\t\t\t\t\t\t\t\t\t\t<img loading=\"lazy\" decoding=\"async\" width=\"302\" height=\"199\" src=\"http:\/\/www.gebirgsverein-services.at\/bergsteigergruppe\/wp-content\/uploads\/2022\/11\/BG_2002-02_Kuchenspitze-Nordwand_PeterMayer_Foto3.jpg\" class=\"attachment-large size-large wp-image-2381\" alt=\"\" srcset=\"http:\/\/www.gebirgsverein-services.at\/bergsteigergruppe\/wp-content\/uploads\/2022\/11\/BG_2002-02_Kuchenspitze-Nordwand_PeterMayer_Foto3.jpg 302w, http:\/\/www.gebirgsverein-services.at\/bergsteigergruppe\/wp-content\/uploads\/2022\/11\/BG_2002-02_Kuchenspitze-Nordwand_PeterMayer_Foto3-300x198.jpg 300w\" sizes=\"(max-width: 302px) 100vw, 302px\" \/>\t\t\t\t\t\t\t\t\t\t\t\t\t\t\t<\/div>\n\t\t\t\t<\/div>\n\t\t\t\t\t<\/div>\n\t\t<\/div>\n\t\t\t\t\t<\/div>\n\t\t<\/section>\n\t\t\t\t<section class=\"elementor-section elementor-inner-section elementor-element elementor-element-31619ea elementor-section-boxed elementor-section-height-default elementor-section-height-default\" data-id=\"31619ea\" data-element_type=\"section\" data-e-type=\"section\">\n\t\t\t\t\t\t<div class=\"elementor-container elementor-column-gap-default\">\n\t\t\t\t\t<div class=\"elementor-column elementor-col-50 elementor-inner-column elementor-element elementor-element-ab0efc4\" data-id=\"ab0efc4\" data-element_type=\"column\" data-e-type=\"column\">\n\t\t\t<div class=\"elementor-widget-wrap elementor-element-populated\">\n\t\t\t\t\t\t<div class=\"elementor-element elementor-element-fe0b36c elementor-widget elementor-widget-text-editor\" data-id=\"fe0b36c\" data-element_type=\"widget\" data-e-type=\"widget\" data-widget_type=\"text-editor.default\">\n\t\t\t\t<div class=\"elementor-widget-container\">\n\t\t\t\t\t\t\t\t\t<p>Mittags erreichen wir durchs Ausstiegscolouir den Gipfelgrat und lassen uns von den ersehnten Sonnenstrahlen aufw\u00e4rmen.<\/p>\t\t\t\t\t\t\t\t<\/div>\n\t\t\t\t<\/div>\n\t\t\t\t<div class=\"elementor-element elementor-element-6ce8687 elementor-widget elementor-widget-image\" data-id=\"6ce8687\" data-element_type=\"widget\" data-e-type=\"widget\" data-widget_type=\"image.default\">\n\t\t\t\t<div class=\"elementor-widget-container\">\n\t\t\t\t\t\t\t\t\t\t\t\t\t\t\t<img loading=\"lazy\" decoding=\"async\" width=\"301\" height=\"196\" src=\"http:\/\/www.gebirgsverein-services.at\/bergsteigergruppe\/wp-content\/uploads\/2022\/11\/BG_2002-02_Kuchenspitze-Nordwand_PeterMayer_Foto6.jpg\" class=\"attachment-large size-large wp-image-2384\" alt=\"\" \/>\t\t\t\t\t\t\t\t\t\t\t\t\t\t\t<\/div>\n\t\t\t\t<\/div>\n\t\t\t\t\t<\/div>\n\t\t<\/div>\n\t\t\t\t<div class=\"elementor-column elementor-col-50 elementor-inner-column elementor-element elementor-element-7546bfc\" data-id=\"7546bfc\" data-element_type=\"column\" data-e-type=\"column\">\n\t\t\t<div class=\"elementor-widget-wrap elementor-element-populated\">\n\t\t\t\t\t\t<div class=\"elementor-element elementor-element-a097317 elementor-widget elementor-widget-text-editor\" data-id=\"a097317\" data-element_type=\"widget\" data-e-type=\"widget\" data-widget_type=\"text-editor.default\">\n\t\t\t\t<div class=\"elementor-widget-container\">\n\t\t\t\t\t\t\t\t\t<p>Da der Abstiegsgrat stark \u00fcberwechtet ist, entschliessen wir uns zum Abseilen durchs S\u00fcdcolouir. 2 Normalhaken werden f\u00fcr einen Abseilstand geopfert, dreimaliges Abseilen bringt uns auf den Kleinen Kuchenferner.<\/p>\t\t\t\t\t\t\t\t<\/div>\n\t\t\t\t<\/div>\n\t\t\t\t<div class=\"elementor-element elementor-element-4cf49f3 elementor-widget elementor-widget-image\" data-id=\"4cf49f3\" data-element_type=\"widget\" data-e-type=\"widget\" data-widget_type=\"image.default\">\n\t\t\t\t<div class=\"elementor-widget-container\">\n\t\t\t\t\t\t\t\t\t\t\t\t\t\t\t<img loading=\"lazy\" decoding=\"async\" width=\"243\" height=\"378\" src=\"http:\/\/www.gebirgsverein-services.at\/bergsteigergruppe\/wp-content\/uploads\/2022\/11\/BG_2002-02_Kuchenspitze-Nordwand_PeterMayer_Foto5.jpg\" class=\"attachment-large size-large wp-image-2383\" alt=\"\" srcset=\"http:\/\/www.gebirgsverein-services.at\/bergsteigergruppe\/wp-content\/uploads\/2022\/11\/BG_2002-02_Kuchenspitze-Nordwand_PeterMayer_Foto5.jpg 243w, http:\/\/www.gebirgsverein-services.at\/bergsteigergruppe\/wp-content\/uploads\/2022\/11\/BG_2002-02_Kuchenspitze-Nordwand_PeterMayer_Foto5-193x300.jpg 193w\" sizes=\"(max-width: 243px) 100vw, 243px\" \/>\t\t\t\t\t\t\t\t\t\t\t\t\t\t\t<\/div>\n\t\t\t\t<\/div>\n\t\t\t\t\t<\/div>\n\t\t<\/div>\n\t\t\t\t\t<\/div>\n\t\t<\/section>\n\t\t\t\t<section class=\"elementor-section elementor-inner-section elementor-element elementor-element-63c046d elementor-section-boxed elementor-section-height-default elementor-section-height-default\" data-id=\"63c046d\" data-element_type=\"section\" data-e-type=\"section\">\n\t\t\t\t\t\t<div class=\"elementor-container elementor-column-gap-default\">\n\t\t\t\t\t<div class=\"elementor-column elementor-col-50 elementor-inner-column elementor-element elementor-element-947f09c\" data-id=\"947f09c\" data-element_type=\"column\" data-e-type=\"column\">\n\t\t\t<div class=\"elementor-widget-wrap elementor-element-populated\">\n\t\t\t\t\t\t<div class=\"elementor-element elementor-element-0b03f5f elementor-widget elementor-widget-text-editor\" data-id=\"0b03f5f\" data-element_type=\"widget\" data-e-type=\"widget\" data-widget_type=\"text-editor.default\">\n\t\t\t\t<div class=\"elementor-widget-container\">\n\t\t\t\t\t\t\t\t\t<p>Der Abstieg f\u00fchrt \u00fcber eine Scharte zum K\u00fcchlferner, diesen unschwierig hinab, vorbei am Einstieg zum Ostgrat der Kuchenspitze.<br \/>Der Schnee ist bereits stark aufgeweicht, die Lawinengefahr treibt uns an. Die letzten Meter zur Darmst\u00e4dterh\u00fctte versinken wir teilweise bis zur Brust im Schnee, die Abfahrt von der Darmst\u00e4dterh\u00fctte nach St.Anton ist alles andere als ein Genuss.<br \/>Beim Bier in St.Anton sind diese M\u00fchen jedoch schnell vergessen.<br \/>Was bleibt, sind unvergessliche Eindr\u00fccke von einem aussergew\u00f6hnlichen, einsamen Unternehmen, das wohl nie zu einer Modetour verkommt.<\/p>\t\t\t\t\t\t\t\t<\/div>\n\t\t\t\t<\/div>\n\t\t\t\t<div class=\"elementor-element elementor-element-cfda92a elementor-widget elementor-widget-image\" data-id=\"cfda92a\" data-element_type=\"widget\" data-e-type=\"widget\" data-widget_type=\"image.default\">\n\t\t\t\t<div class=\"elementor-widget-container\">\n\t\t\t\t\t\t\t\t\t\t\t\t\t\t\t<img loading=\"lazy\" decoding=\"async\" width=\"298\" height=\"196\" src=\"http:\/\/www.gebirgsverein-services.at\/bergsteigergruppe\/wp-content\/uploads\/2022\/11\/BG_2002-02_Kuchenspitze-Nordwand_PeterMayer_Foto7.jpg\" class=\"attachment-large size-large wp-image-2385\" alt=\"\" \/>\t\t\t\t\t\t\t\t\t\t\t\t\t\t\t<\/div>\n\t\t\t\t<\/div>\n\t\t\t\t\t<\/div>\n\t\t<\/div>\n\t\t\t\t<div class=\"elementor-column elementor-col-50 elementor-inner-column elementor-element elementor-element-9fa536b\" data-id=\"9fa536b\" data-element_type=\"column\" data-e-type=\"column\">\n\t\t\t<div class=\"elementor-widget-wrap elementor-element-populated\">\n\t\t\t\t\t\t<div class=\"elementor-element elementor-element-452a52c elementor-widget__width-inherit elementor-widget elementor-widget-image\" data-id=\"452a52c\" data-element_type=\"widget\" data-e-type=\"widget\" data-widget_type=\"image.default\">\n\t\t\t\t<div class=\"elementor-widget-container\">\n\t\t\t\t\t\t\t\t\t\t\t\t\t\t\t<img loading=\"lazy\" decoding=\"async\" width=\"235\" height=\"361\" src=\"http:\/\/www.gebirgsverein-services.at\/bergsteigergruppe\/wp-content\/uploads\/2022\/11\/BG_2002-02_Kuchenspitze-Nordwand_PeterMayer_Foto8.jpg\" class=\"attachment-large size-large wp-image-2386\" alt=\"\" srcset=\"http:\/\/www.gebirgsverein-services.at\/bergsteigergruppe\/wp-content\/uploads\/2022\/11\/BG_2002-02_Kuchenspitze-Nordwand_PeterMayer_Foto8.jpg 235w, http:\/\/www.gebirgsverein-services.at\/bergsteigergruppe\/wp-content\/uploads\/2022\/11\/BG_2002-02_Kuchenspitze-Nordwand_PeterMayer_Foto8-195x300.jpg 195w\" sizes=\"(max-width: 235px) 100vw, 235px\" \/>\t\t\t\t\t\t\t\t\t\t\t\t\t\t\t<\/div>\n\t\t\t\t<\/div>\n\t\t\t\t\t<\/div>\n\t\t<\/div>\n\t\t\t\t\t<\/div>\n\t\t<\/section>\n\t\t\t\t\t<\/div>\n\t\t<\/div>\n\t\t\t\t\t<\/div>\n\t\t<\/section>\n\t\t\t\t<section class=\"elementor-section elementor-top-section elementor-element elementor-element-2d995e69 elementor-section-boxed elementor-section-height-default elementor-section-height-default\" data-id=\"2d995e69\" data-element_type=\"section\" data-e-type=\"section\">\n\t\t\t\t\t\t<div class=\"elementor-container elementor-column-gap-default\">\n\t\t\t\t\t<div class=\"elementor-column elementor-col-100 elementor-top-column elementor-element elementor-element-ce0ec0d\" data-id=\"ce0ec0d\" data-element_type=\"column\" data-e-type=\"column\">\n\t\t\t<div class=\"elementor-widget-wrap elementor-element-populated\">\n\t\t\t\t\t\t<div class=\"elementor-element elementor-element-70807eec elementor-widget elementor-widget-text-editor\" data-id=\"70807eec\" data-element_type=\"widget\" data-e-type=\"widget\" data-widget_type=\"text-editor.default\">\n\t\t\t\t<div class=\"elementor-widget-container\">\n\t\t\t\t\t\t\t\t\t<p>Text, Fotos : Peter Mayer, Martin Rossmann 2003<br \/>Update Layout 2022\u00a0 Ulli Fechter<br \/><span style=\"text-decoration: underline;\"><a href=\"http:\/\/www.gebirgsverein-services.at\/Web_FA\/berichte\/2002_oedsteinkante\/\">Link zur original Webseite<\/a><\/span><\/p>\t\t\t\t\t\t\t\t<\/div>\n\t\t\t\t<\/div>\n\t\t\t\t\t<\/div>\n\t\t<\/div>\n\t\t\t\t\t<\/div>\n\t\t<\/section>\n\t\t\t\t<\/div>\n\t\t","protected":false},"excerpt":{"rendered":"<p>Kuchenspitze Nordwand (55\u00b0, 4-) Peter Mayer, Martin Rossmann 28.2.2003 Per Bahn gehts morgens nach St.Anton, mit der ersten Rendlbahn fahren wir hoch. \u00dcber den Winterklettersteig und Rossfallscharte fahren wir ins [&hellip;]<\/p>\n","protected":false},"author":1,"featured_media":0,"parent":0,"menu_order":0,"comment_status":"closed","ping_status":"closed","template":"","meta":{"ocean_post_layout":"full-screen","ocean_both_sidebars_style":"","ocean_both_sidebars_content_width":0,"ocean_both_sidebars_sidebars_width":0,"ocean_sidebar":"0","ocean_second_sidebar":"0","ocean_disable_margins":"enable","ocean_add_body_class":"","ocean_shortcode_before_top_bar":"","ocean_shortcode_after_top_bar":"","ocean_shortcode_before_header":"","ocean_shortcode_after_header":"","ocean_has_shortcode":"","ocean_shortcode_after_title":"","ocean_shortcode_before_footer_widgets":"","ocean_shortcode_after_footer_widgets":"","ocean_shortcode_before_footer_bottom":"","ocean_shortcode_after_footer_bottom":"","ocean_display_top_bar":"default","ocean_display_header":"default","ocean_header_style":"","ocean_center_header_left_menu":"0","ocean_custom_header_template":"0","ocean_custom_logo":0,"ocean_custom_retina_logo":0,"ocean_custom_logo_max_width":0,"ocean_custom_logo_tablet_max_width":0,"ocean_custom_logo_mobile_max_width":0,"ocean_custom_logo_max_height":0,"ocean_custom_logo_tablet_max_height":0,"ocean_custom_logo_mobile_max_height":0,"ocean_header_custom_menu":"0","ocean_menu_typo_font_family":"0","ocean_menu_typo_font_subset":"","ocean_menu_typo_font_size":0,"ocean_menu_typo_font_size_tablet":0,"ocean_menu_typo_font_size_mobile":0,"ocean_menu_typo_font_size_unit":"px","ocean_menu_typo_font_weight":"","ocean_menu_typo_font_weight_tablet":"","ocean_menu_typo_font_weight_mobile":"","ocean_menu_typo_transform":"","ocean_menu_typo_transform_tablet":"","ocean_menu_typo_transform_mobile":"","ocean_menu_typo_line_height":0,"ocean_menu_typo_line_height_tablet":0,"ocean_menu_typo_line_height_mobile":0,"ocean_menu_typo_line_height_unit":"","ocean_menu_typo_spacing":0,"ocean_menu_typo_spacing_tablet":0,"ocean_menu_typo_spacing_mobile":0,"ocean_menu_typo_spacing_unit":"","ocean_menu_link_color":"","ocean_menu_link_color_hover":"","ocean_menu_link_color_active":"","ocean_menu_link_background":"","ocean_menu_link_hover_background":"","ocean_menu_link_active_background":"","ocean_menu_social_links_bg":"","ocean_menu_social_hover_links_bg":"","ocean_menu_social_links_color":"","ocean_menu_social_hover_links_color":"","ocean_disable_title":"on","ocean_disable_heading":"default","ocean_post_title":"","ocean_post_subheading":"","ocean_post_title_style":"","ocean_post_title_background_color":"","ocean_post_title_background":0,"ocean_post_title_bg_image_position":"","ocean_post_title_bg_image_attachment":"","ocean_post_title_bg_image_repeat":"","ocean_post_title_bg_image_size":"","ocean_post_title_height":0,"ocean_post_title_bg_overlay":0.5,"ocean_post_title_bg_overlay_color":"","ocean_disable_breadcrumbs":"default","ocean_breadcrumbs_color":"","ocean_breadcrumbs_separator_color":"","ocean_breadcrumbs_links_color":"","ocean_breadcrumbs_links_hover_color":"","ocean_display_footer_widgets":"default","ocean_display_footer_bottom":"default","ocean_custom_footer_template":"0","footnotes":""},"class_list":["post-2377","page","type-page","status-publish","hentry","entry"],"_links":{"self":[{"href":"http:\/\/www.gebirgsverein-services.at\/bergsteigergruppe\/wp-json\/wp\/v2\/pages\/2377","targetHints":{"allow":["GET"]}}],"collection":[{"href":"http:\/\/www.gebirgsverein-services.at\/bergsteigergruppe\/wp-json\/wp\/v2\/pages"}],"about":[{"href":"http:\/\/www.gebirgsverein-services.at\/bergsteigergruppe\/wp-json\/wp\/v2\/types\/page"}],"author":[{"embeddable":true,"href":"http:\/\/www.gebirgsverein-services.at\/bergsteigergruppe\/wp-json\/wp\/v2\/users\/1"}],"replies":[{"embeddable":true,"href":"http:\/\/www.gebirgsverein-services.at\/bergsteigergruppe\/wp-json\/wp\/v2\/comments?post=2377"}],"version-history":[{"count":40,"href":"http:\/\/www.gebirgsverein-services.at\/bergsteigergruppe\/wp-json\/wp\/v2\/pages\/2377\/revisions"}],"predecessor-version":[{"id":5330,"href":"http:\/\/www.gebirgsverein-services.at\/bergsteigergruppe\/wp-json\/wp\/v2\/pages\/2377\/revisions\/5330"}],"wp:attachment":[{"href":"http:\/\/www.gebirgsverein-services.at\/bergsteigergruppe\/wp-json\/wp\/v2\/media?parent=2377"}],"curies":[{"name":"wp","href":"https:\/\/api.w.org\/{rel}","templated":true}]}}