{"id":1285,"date":"2022-09-14T11:45:29","date_gmt":"2022-09-14T09:45:29","guid":{"rendered":"http:\/\/www.gebirgsverein-services.at\/bergsteigergruppe\/?page_id=1285"},"modified":"2022-09-14T12:26:15","modified_gmt":"2022-09-14T10:26:15","slug":"impressum","status":"publish","type":"page","link":"http:\/\/www.gebirgsverein-services.at\/bergsteigergruppe\/impressum\/","title":{"rendered":"Impressum"},"content":{"rendered":"\t\t<div data-elementor-type=\"wp-page\" data-elementor-id=\"1285\" class=\"elementor elementor-1285\">\n\t\t\t\t\t\t<section class=\"elementor-section elementor-top-section elementor-element elementor-element-2746026 elementor-section-boxed elementor-section-height-default elementor-section-height-default\" data-id=\"2746026\" data-element_type=\"section\" data-e-type=\"section\">\n\t\t\t\t\t\t<div class=\"elementor-container elementor-column-gap-default\">\n\t\t\t\t\t<div class=\"elementor-column elementor-col-100 elementor-top-column elementor-element elementor-element-b090fe0\" data-id=\"b090fe0\" data-element_type=\"column\" data-e-type=\"column\">\n\t\t\t<div class=\"elementor-widget-wrap elementor-element-populated\">\n\t\t\t\t\t\t<div class=\"elementor-element elementor-element-d26c1f2 elementor-widget elementor-widget-text-editor\" data-id=\"d26c1f2\" data-element_type=\"widget\" data-e-type=\"widget\" data-widget_type=\"text-editor.default\">\n\t\t\t\t<div class=\"elementor-widget-container\">\n\t\t\t\t\t\t\t\t\t<div id=\"anchor_2c3eca14_Impressum\" class=\"elementHeadline\">\n<h2 class=\"h2Class\">Impressum<\/h2>\n<\/div>\n<p>Impressum und Offenlegung gem\u00e4\u00df \u00a7\u00a7 24, 25 Mediengesetz (MedG) iVm \u00a7 5 E-Commerce-Gesetz (ECG)<\/p>\n<p><b>Medieninhaber:<\/b><br>Bergsteigergruppe des Alpenvereins Gebirgsverein<br>Lerchenfelder Stra\u00dfe 28, 1080 Wien<br><br><\/p><p>Leitungsteam:<\/p><p>Ulrike Fechter<br>Thomas Jekel<br>Matthias Hutter<\/p>\n<p>Unsere Kontaktdaten finden Sie auch in unserer Vereinszeitung sowie auf unserer Homepage.<\/p>\n<div class=\"elementLink\"><a title=\"Hinweise zum Datenschutz\" href=\"https:\/\/www.alpenverein.at\/gebirgsverein\/impressum\/datenschutz\/index.php\">Hinweise zum Datenschutz<\/a><\/div>\n<div class=\"elementStandard elementText\">\n<p><strong>Erkl\u00e4rung \u00fcber die grundlegende Richtung<\/strong><\/p>\n<p>Die Bergsteigergruppe des \u00d6sterreichischen Alpenvereins Gebirgsverein ist parteipolitisch neutral und unabh\u00e4ngig. Er verfolgt ausschlie\u00dflich und unmittelbar gemeinn\u00fctzige Zwecke, seine T\u00e4tigkeit ist nicht auf das Erzielen von Gewinnen gerichtet. Das Medium dient zur Information und Servicierung der Vereinsmitglieder sowie der interessierten \u00d6ffentlichkeit.<\/p>\n<p><strong>Vereinszweck<\/strong><br>&#8222;<em>Es ist Zweck des Vereines, das Bergsteigen, alpine Sportarten und das Wandern zu f\u00f6rdern und zu pflegen \u2013 dies in Eigenverantwortung seiner Zweigvereinsmitglieder \u2013, die Sch\u00f6nheit und Urspr\u00fcnglichkeit der Bergwelt zu erhalten, die Kenntnisse \u00fcber die Gebirge zu erweitern und zu verbreiten und dadurch auch die Liebe zur Heimat zu pflegen sowie die Wissenschaft und Forschung in diesem Bereich zu f\u00f6rdern. Er ist dem alpinen Natur- und Umweltschutz verpflichtet<\/em>&#8222;. vgl. Satzung des \u00d6sterreichischen Alpenvereins, \u00a7 2 Abs. (1)<\/p>\n<p><strong>Konzept &amp; Design:<\/strong><br>Bergsteigergruppe<\/p>\n<\/div>\n<div id=\"anchor_03eba871_Allgemeine-Informationen\" class=\"elementHeadline\">\n<h2 class=\"h3Class\">Allgemeine Informationen<\/h2>\n<\/div>\n<div class=\"elementStandard elementText\">\n<p>Alle Informationen und Erkl\u00e4rungen dieser Internetseiten sind unverbindlich. Der Alpenverein \u00fcbernimmt f\u00fcr die Richtigkeit und Vollst\u00e4ndigkeit der Inhalte keine Gew\u00e4hr. Es wird keine Garantie \u00fcbernommen und keine Zusicherung von Produkteigenschaften gemacht. Aus den Inhalten der Internetseiten ergeben sich keine Rechtsanspr\u00fcche. Fehler im Inhalt werden bei Kenntnis dar\u00fcber unverz\u00fcglich korrigiert. Die Inhalte der Internetseiten k\u00f6nnen durch zeitverz\u00f6gerte Aktualisierung nicht permanent aktuell sein. Bitte fragen Sie uns daher zu dem Stand, technischen Details und Lieferbarkeit der Produkte und Dienstleistungen. Links auf andere Internetseiten werden nicht permanent kontrolliert. Somit \u00fcbernehmen wir keine Verantwortung f\u00fcr den Inhalt verlinkter Seiten.<br><strong>&nbsp;<br>Herunterladen von Daten und Software<\/strong><br>Der Alpenverein \u00fcbernimmt keine Gew\u00e4hr f\u00fcr die Fehlerfreiheit von Daten und Software, die von den Internetseiten heruntergeladen werden k\u00f6nnen. Die Software wird von Seiten des Alpenvereins auf Virenbefall \u00fcberpr\u00fcft. Wir empfehlen dennoch, Daten und Software nach dem Herunterladen auf Virenbefall mit jeweils neuster Virensuchsoftware zu pr\u00fcfen.<\/p>\n<p><strong>Urheberrechte und sonstige Sonderschutzrechte<\/strong><br>Der Inhalt dieser Internetseiten ist urheberrechtlich gesch\u00fctzt. Es darf eine Kopie der Informationen der Internetseiten auf einem einzigen Computer f\u00fcr den nicht-kommerziellen und pers\u00f6nlichen internen Gebrauch gespeichert werden. Grafiken, Texte, Logos, Bilder usw. d\u00fcrfen nur nach schriftlicher Genehmigung durch den Alpenverein heruntergeladen, vervielf\u00e4ltigt, kopiert, ge\u00e4ndert, ver\u00f6ffentlicht, versendet, \u00fcbertragen oder in sonstiger Form genutzt werden. Bei genannten Produkt- und Firmennamen kann es sich um eingetragene Warenzeichen oder Marken handeln. Die unberechtigte Verwendung kann zu Schadensersatzanspr\u00fcchen und Unterlassungsanspr\u00fcchen f\u00fchren.<\/p>\n<p><strong>Schutz pers\u00f6nlicher Daten und Vertraulichkeit<\/strong><br>Es kann nicht garantiert werden, dass Informationen oder pers\u00f6nliche Daten, die uns \u00fcbermittelt werden, bei der \u00dcbermittlung nicht von Dritten &#8222;abgeh\u00f6rt&#8220; werden.<\/p>\n<p><strong>Haftung<\/strong><br>Die Bergsteigergruppe und der Alpenverein haftet nicht f\u00fcr Sch\u00e4den insbesondere nicht f\u00fcr unmittelbare oder mittelbare Folgesch\u00e4den, Datenverlust, entgangenen Gewinn, System- oder Produktionsausf\u00e4llen, die durch die Nutzung dieser Internetseiten oder das Herunterladen von Daten entstehen. Liegt bei einem entstandenen Schaden durch die Nutzung der Internetseiten oder das Herunterladen von Daten Vorsatz oder grobe Fahrl\u00e4ssigkeit vor, gilt der Haftungsausschluss nicht. Die durch die Nutzung der Internetseiten entstandene Rechtsbeziehung zwischen Ihnen und dem Alpenverein unterliegt dem \u00f6sterreichischen&nbsp;Recht. Bei Rechtsstreitigkeiten mit Vollkaufleuten, die aus der Nutzung dieser Internetseiten resultieren, ist der Gerichtsstand der Sitz des Alpenvereins in Innsbruck.&nbsp;<\/p>\n<p><strong>Sicherheit<\/strong><br>Der Alpenverein speichert Ihre Daten auf besonders gesch\u00fctzten Servern. Der Zugriff darauf ist nur wenigen, von des Alpenvereins befugten Personen m\u00f6glich, die mit der technischen, kaufm\u00e4nnischen oder redaktionellen Betreuung dieser Server befasst sind.<\/p>\n<\/div>\t\t\t\t\t\t\t\t<\/div>\n\t\t\t\t<\/div>\n\t\t\t\t\t<\/div>\n\t\t<\/div>\n\t\t\t\t\t<\/div>\n\t\t<\/section>\n\t\t\t\t<\/div>\n\t\t","protected":false},"excerpt":{"rendered":"<p>Impressum Impressum und Offenlegung gem\u00e4\u00df \u00a7\u00a7 24, 25 Mediengesetz (MedG) iVm \u00a7 5 E-Commerce-Gesetz (ECG) Medieninhaber: Bergsteigergruppe des Alpenvereins Gebirgsverein Lerchenfelder Stra\u00dfe 28, 1080 Wien Leitungsteam: Ulrike Fechter Thomas Jekel [&hellip;]<\/p>\n","protected":false},"author":1,"featured_media":0,"parent":0,"menu_order":0,"comment_status":"closed","ping_status":"closed","template":"","meta":{"ocean_post_layout":"","ocean_both_sidebars_style":"","ocean_both_sidebars_content_width":0,"ocean_both_sidebars_sidebars_width":0,"ocean_sidebar":"0","ocean_second_sidebar":"0","ocean_disable_margins":"enable","ocean_add_body_class":"","ocean_shortcode_before_top_bar":"","ocean_shortcode_after_top_bar":"","ocean_shortcode_before_header":"","ocean_shortcode_after_header":"","ocean_has_shortcode":"","ocean_shortcode_after_title":"","ocean_shortcode_before_footer_widgets":"","ocean_shortcode_after_footer_widgets":"","ocean_shortcode_before_footer_bottom":"","ocean_shortcode_after_footer_bottom":"","ocean_display_top_bar":"default","ocean_display_header":"default","ocean_header_style":"","ocean_center_header_left_menu":"0","ocean_custom_header_template":"0","ocean_custom_logo":0,"ocean_custom_retina_logo":0,"ocean_custom_logo_max_width":0,"ocean_custom_logo_tablet_max_width":0,"ocean_custom_logo_mobile_max_width":0,"ocean_custom_logo_max_height":0,"ocean_custom_logo_tablet_max_height":0,"ocean_custom_logo_mobile_max_height":0,"ocean_header_custom_menu":"0","ocean_menu_typo_font_family":"0","ocean_menu_typo_font_subset":"","ocean_menu_typo_font_size":0,"ocean_menu_typo_font_size_tablet":0,"ocean_menu_typo_font_size_mobile":0,"ocean_menu_typo_font_size_unit":"px","ocean_menu_typo_font_weight":"","ocean_menu_typo_font_weight_tablet":"","ocean_menu_typo_font_weight_mobile":"","ocean_menu_typo_transform":"","ocean_menu_typo_transform_tablet":"","ocean_menu_typo_transform_mobile":"","ocean_menu_typo_line_height":0,"ocean_menu_typo_line_height_tablet":0,"ocean_menu_typo_line_height_mobile":0,"ocean_menu_typo_line_height_unit":"","ocean_menu_typo_spacing":0,"ocean_menu_typo_spacing_tablet":0,"ocean_menu_typo_spacing_mobile":0,"ocean_menu_typo_spacing_unit":"","ocean_menu_link_color":"","ocean_menu_link_color_hover":"","ocean_menu_link_color_active":"","ocean_menu_link_background":"","ocean_menu_link_hover_background":"","ocean_menu_link_active_background":"","ocean_menu_social_links_bg":"","ocean_menu_social_hover_links_bg":"","ocean_menu_social_links_color":"","ocean_menu_social_hover_links_color":"","ocean_disable_title":"default","ocean_disable_heading":"default","ocean_post_title":"","ocean_post_subheading":"","ocean_post_title_style":"","ocean_post_title_background_color":"","ocean_post_title_background":0,"ocean_post_title_bg_image_position":"","ocean_post_title_bg_image_attachment":"","ocean_post_title_bg_image_repeat":"","ocean_post_title_bg_image_size":"","ocean_post_title_height":0,"ocean_post_title_bg_overlay":0.5,"ocean_post_title_bg_overlay_color":"","ocean_disable_breadcrumbs":"default","ocean_breadcrumbs_color":"","ocean_breadcrumbs_separator_color":"","ocean_breadcrumbs_links_color":"","ocean_breadcrumbs_links_hover_color":"","ocean_display_footer_widgets":"default","ocean_display_footer_bottom":"default","ocean_custom_footer_template":"0","footnotes":""},"class_list":["post-1285","page","type-page","status-publish","hentry","entry"],"_links":{"self":[{"href":"http:\/\/www.gebirgsverein-services.at\/bergsteigergruppe\/wp-json\/wp\/v2\/pages\/1285","targetHints":{"allow":["GET"]}}],"collection":[{"href":"http:\/\/www.gebirgsverein-services.at\/bergsteigergruppe\/wp-json\/wp\/v2\/pages"}],"about":[{"href":"http:\/\/www.gebirgsverein-services.at\/bergsteigergruppe\/wp-json\/wp\/v2\/types\/page"}],"author":[{"embeddable":true,"href":"http:\/\/www.gebirgsverein-services.at\/bergsteigergruppe\/wp-json\/wp\/v2\/users\/1"}],"replies":[{"embeddable":true,"href":"http:\/\/www.gebirgsverein-services.at\/bergsteigergruppe\/wp-json\/wp\/v2\/comments?post=1285"}],"version-history":[{"count":5,"href":"http:\/\/www.gebirgsverein-services.at\/bergsteigergruppe\/wp-json\/wp\/v2\/pages\/1285\/revisions"}],"predecessor-version":[{"id":1290,"href":"http:\/\/www.gebirgsverein-services.at\/bergsteigergruppe\/wp-json\/wp\/v2\/pages\/1285\/revisions\/1290"}],"wp:attachment":[{"href":"http:\/\/www.gebirgsverein-services.at\/bergsteigergruppe\/wp-json\/wp\/v2\/media?parent=1285"}],"curies":[{"name":"wp","href":"https:\/\/api.w.org\/{rel}","templated":true}]}}